{"id":219,"date":"2014-06-28T14:51:00","date_gmt":"2014-06-28T14:51:00","guid":{"rendered":"http:\/\/yachtcharter-connection.com.w01e47c6.kasserver.com\/ibiza-580\/"},"modified":"2016-10-29T18:59:51","modified_gmt":"2016-10-29T16:59:51","slug":"ibiza-1","status":"publish","type":"page","link":"https:\/\/yachtcharter-connection.com\/es\/ibiza-1\/","title":{"rendered":"Ibiza"},"content":{"rendered":"<h3> Ibiza and Formentera<\/h3>\n<p>\n<img loading=\"lazy\" class=\"content-image\"  width=\"300\" height=\"225\" src=\"https:\/\/yachtcharter-connection.com\/wp-content\/uploads\/converted_files\/33479\/33479-561d10c684852.jpg\" alt=\"Navegar_Islas_Baleares_Ibiza_Puerto\" \/>La   tercera isla de las Baleares por su tama\u00f1o es Ibiza, o Eivissa en   catal\u00e1n, aunque los griegos la llamaban Pityusa, la isla de los pinos.   Con  Formentera y Espalmador forma el Archipi\u00e9lago de las Pitiusas,   punto de mucho inter\u00e9s para el turismo de . Ibiza es la isla   blanca. Con sus casitas que recuerdan al sur de Espa\u00f1a o incluso a   \u00c1frica; pero sus otros colores son el rojo de la arcilla, el azul del   mar, el verde de los pinos, el gris de sus rocas. En el noreste y en el   este su escarpada costa desciende bastante y por todas partes   encontramos bancos de arena e islotes. A Ibiza se la conoce como la isla   de las fiestas. El turismo ha dejado fuera pocos rincones de la isla y   desde luego mirando el paisaje, la gente, las instalaciones, la moda y   las tiendas, nos transportamos a ese pasado hippi.<\/p>\n<p>Sobre todo en Ibiza Ciudad donde, como en los puertos de San Antonio y   Santa Eulalia, encontramos bases de .  Si bien los yates   ch\u00e1rter suelen salir mayormente de Mallorca para recorrer las 80 millas   que separan ambas islas. Y m\u00e1s de uno hace una parada en el fondeadero   de la Isla Tomago, donde se puede comer un pescado delicioso en los   chiringuitos de la playa, o en la cala San Vicente, ante la larga,   kilom\u00e9trica playa. <\/p>\n<p>En el sur de Ibiza nos sorprende una cala tras otra que son hermosos   lugares en los que fondear, como Cala San Galeta o Port Roig. La  Cala   Badella, en el oeste, ostenta el t\u00edtulo de cala m\u00e1s bella de la isla:   arena blanca, aguas color turquesa y a los lados, en la orilla, mucho   verde. Cala Bossa se encuentra a tan solo tres millas de San Antonio;   est\u00e1 rodeada de pinos y es un lugar muy adecuado para hacer una parada y   tomar un refrescante ba\u00f1o. Puerto de San Antonio est\u00e1 en la costa   occidental de Ibiza y es el puerto de  m\u00e1s cercano a la   pen\u00ednsula. En el antepuerto hay fondeaderos, si es que no queremos   amarrar en la marina. Y directamente al lado del puerto est\u00e1 la lonja,   donde podemos abastecernos para preparar una deliciosa cena a bordo.  <\/p>\n<p>La costa noroeste de Ibiza es muy irregular. Un lugar especialmente   encantador es Cala Portinatx, pero cuidado con las tormentas. En   cualquier caso hay muchas otras opciones: Cala Charraca, Cala Blanco,   Cala Binirras o el puerto natural de San Miguel. Todo es precioso, lo   dif\u00edcil es elegir. <br \/>\n<b><br \/>\n Formentera<\/b><\/p>\n<p><img loading=\"lazy\" class=\"content-image\"  width=\"300\" height=\"200\" alt=\"Navegar_Islas_Baleares_Formentera\" src=\"https:\/\/yachtcharter-connection.com\/wp-content\/uploads\/converted_files\/33479\/33479-561d10c7efb61.jpg\" \/>Ibiza   Ciudad suele ser punto de partida para navegar a Formentera, la  versi\u00f3n  mediterr\u00e1nea de los Mares del Sur, con sus fant\u00e1sticas playas  de  regusto y color caribe\u00f1o. Esta isla se encuentra a tan solo cinco  millas  al sur de Ibiza. Entre ellas est\u00e1 todav\u00eda  Espalmador, que tiene  una  cala muy grande donde se puede fondear, y otras islas peque\u00f1as que  en  ocasiones nos ofrecen pasos muy estrechos.  Formentera es seca y   arenosa. Su m\u00e1s bella cala es la llamada Cala Sahona, que est\u00e1 en el   oeste. Es un lugar muy bonito para fondear durante el d\u00eda.  Cala Mitjorn   est\u00e1 en el sur y es la playa m\u00e1s larga de la isla. Aqu\u00ed hay hoteles,   apartamentos y bares. El Puerto de la Sabina, en el norte de Formentera,   linda con dos lagunas. El  Estany de Peix, el estanque de los peces,    tiene acceso al mar;  Estany Pudent es  m\u00e1s grande y no cuenta con   acceso al mar. Cala Sabina ofrece un paisaje maravilloso y el  puerto es   como un delicioso pueblo con casas blancas, barcas de pescadores y   palmeras. Es muy interesante alquilar una moto y recorrer la isla para   descubrir sus mejores rincones. <\/p>\n<p><\/p>\n","protected":false},"excerpt":{"rendered":"<p>Ibiza and Formentera La tercera isla de las Baleares por su tama\u00f1o es Ibiza, o Eivissa en catal\u00e1n, aunque los griegos la llamaban Pityusa, la isla de los pinos. Con Formentera y Espalmador forma el Archipi\u00e9lago de las Pitiusas, punto de mucho inter\u00e9s para el turismo de . Ibiza es<\/p>\n","protected":false},"author":11,"featured_media":0,"parent":0,"menu_order":0,"comment_status":"open","ping_status":"open","template":"","meta":[],"aioseo_notices":[],"_links":{"self":[{"href":"https:\/\/yachtcharter-connection.com\/es\/wp-json\/wp\/v2\/pages\/219"}],"collection":[{"href":"https:\/\/yachtcharter-connection.com\/es\/wp-json\/wp\/v2\/pages"}],"about":[{"href":"https:\/\/yachtcharter-connection.com\/es\/wp-json\/wp\/v2\/types\/page"}],"author":[{"embeddable":true,"href":"https:\/\/yachtcharter-connection.com\/es\/wp-json\/wp\/v2\/users\/11"}],"replies":[{"embeddable":true,"href":"https:\/\/yachtcharter-connection.com\/es\/wp-json\/wp\/v2\/comments?post=219"}],"version-history":[{"count":1,"href":"https:\/\/yachtcharter-connection.com\/es\/wp-json\/wp\/v2\/pages\/219\/revisions"}],"predecessor-version":[{"id":13642,"href":"https:\/\/yachtcharter-connection.com\/es\/wp-json\/wp\/v2\/pages\/219\/revisions\/13642"}],"wp:attachment":[{"href":"https:\/\/yachtcharter-connection.com\/es\/wp-json\/wp\/v2\/media?parent=219"}],"curies":[{"name":"wp","href":"https:\/\/api.w.org\/{rel}","templated":true}]}}