{"id":2192,"date":"2015-08-10T05:53:53","date_gmt":"2015-08-10T05:53:53","guid":{"rendered":"http:\/\/yachtcharter-connection.com.w01e47c6.kasserver.com\/azores-faial-horta-656\/"},"modified":"2017-07-13T03:35:43","modified_gmt":"2017-07-13T01:35:43","slug":"azores-faial-horta-656","status":"publish","type":"page","link":"https:\/\/yachtcharter-connection.com\/es\/regiones\/atlantico-europa-occidental\/alquiler-barcos-azores\/azores-faial-horta-656\/","title":{"rendered":"Azores  \/ Faial \/ Horta"},"content":{"rendered":"<h3>Alquiler de barcos Azores \/ Faial &#8211; Horta<\/h3>\n<p>\n<img class=\"content-image\"  style=\"width: 300px; height: 197px;\" alt=\"Azores-Horta-Alquiler de barcos-Azores-Horta.jpg\" src=\"https:\/\/yachtcharter-connection.com\/wp-content\/uploads\/converted_files\/29782\/29782-5624e1f5ddd2e.jpg\" \/><br \/>\nEl destino de ch\u00e1rter de yates Horta en la isla de Faial de las Azores, es el centro cultural y pol\u00edtico de las Azores. La isla casi pentagonal se llama tambi\u00e9n &quot;Blue Island&quot; ( Isla Azul) , llamado as\u00ed por la abundancia de hortensias azules que florecen en verano. El paisaje de Faial est\u00e1 dominada por el elevado nivel del cr\u00e1ter Caldeira. Las erupciones volc\u00e1nicas han dado forma al imagen de la isla &#8211; desde un terremoto en los a\u00f1os cincuenta del siglo 20, por ejemplo, un faro se ve  \u00fanicamente con su planta superior. Las tierras altas son de baja densidad de poblaci\u00f3n. La costa se caracteriza principalmente por abruptos acantilados y calas. Las mejores playas se encuentran cerca del suroeste de Faial en Horta. Es tambi\u00e9n el hogar de la mayor\u00eda de los 15.000 residentes de la isla.<\/p>\n<p>La capital de la isla de Faial , Horta fue el lugar m\u00e1s hermoso en las Azores, con la arquitectura cl\u00e1sica y la historia interesante. El cable telegr\u00e1fico transatl\u00e1ntico hizo de Horta temporalmente el centro de comunicaciones global, los hidroaviones hacieron all\u00ed en la bah\u00eda una parada en sus vuelos transatl\u00e1nticos, y durante la Segunda Guerra Mundial, el puerto fue una importante base para los buques de guerra aliados. Hoy en d\u00eda, los turistas, los cruceros y tripulaciones de yates dan un flair internacional flair a la ciudad animada, se encuentran en  un mont\u00f3n de tiendas y caf\u00e9s y restaurantes con encanto.<\/p>\n<p>Para los navegantes que cruzan el Atl\u00e1ntico, Horta es un punto de referencia muy importante. El lugar de encuentro legendario es el Cafe Peter Sport en el puerto. En el muelle,  innumerables marineros han dejado sus huellas on el graffiti y sus firmas antes de continuar el viaje. El puerto deportivo de Horta es el m\u00e1s grande de las Azores y ofrece a los tripulaciones de los yates de ch\u00e1rter todos los servicios esenciales.<\/p>\n<p><strong>Yates de alquiler Azores &#8211; Faial &#8211; Horta:<\/strong><\/p>\n<p>Para navegar las Azores en yates de ch\u00e1rter , hay veleros modernos disponibles en el puerto deportivo de Horta, en Faial, principalmente los modelos Dufour.<\/p>\n<p><\/p>\n","protected":false},"excerpt":{"rendered":"<p>Alquiler de barcos Azores \/ Faial &#8211; Horta El destino de ch\u00e1rter de yates Horta en la isla de Faial de las Azores, es el centro cultural y pol\u00edtico de las Azores. La isla casi pentagonal se llama tambi\u00e9n &quot;Blue Island&quot; ( Isla Azul) , llamado as\u00ed por la abundancia<\/p>\n","protected":false},"author":11,"featured_media":0,"parent":728,"menu_order":0,"comment_status":"open","ping_status":"open","template":"","meta":[],"aioseo_notices":[],"_links":{"self":[{"href":"https:\/\/yachtcharter-connection.com\/es\/wp-json\/wp\/v2\/pages\/2192"}],"collection":[{"href":"https:\/\/yachtcharter-connection.com\/es\/wp-json\/wp\/v2\/pages"}],"about":[{"href":"https:\/\/yachtcharter-connection.com\/es\/wp-json\/wp\/v2\/types\/page"}],"author":[{"embeddable":true,"href":"https:\/\/yachtcharter-connection.com\/es\/wp-json\/wp\/v2\/users\/11"}],"replies":[{"embeddable":true,"href":"https:\/\/yachtcharter-connection.com\/es\/wp-json\/wp\/v2\/comments?post=2192"}],"version-history":[{"count":1,"href":"https:\/\/yachtcharter-connection.com\/es\/wp-json\/wp\/v2\/pages\/2192\/revisions"}],"predecessor-version":[{"id":13876,"href":"https:\/\/yachtcharter-connection.com\/es\/wp-json\/wp\/v2\/pages\/2192\/revisions\/13876"}],"up":[{"embeddable":true,"href":"https:\/\/yachtcharter-connection.com\/es\/wp-json\/wp\/v2\/pages\/728"}],"wp:attachment":[{"href":"https:\/\/yachtcharter-connection.com\/es\/wp-json\/wp\/v2\/media?parent=2192"}],"curies":[{"name":"wp","href":"https:\/\/api.w.org\/{rel}","templated":true}]}}