{"id":2193,"date":"2014-06-29T01:25:11","date_gmt":"2014-06-29T01:25:11","guid":{"rendered":"http:\/\/yachtcharter-connection.com.w01e47c6.kasserver.com\/azores-s%c3%a3o-jorge-velas-947\/"},"modified":"2016-10-29T19:03:47","modified_gmt":"2016-10-29T17:03:47","slug":"azores-s%c3%a3o-jorge-velas-947","status":"publish","type":"page","link":"https:\/\/yachtcharter-connection.com\/es\/regiones\/atlantico-europa-occidental\/alquiler-barcos-azores\/azores-s%c3%a3o-jorge-velas-947\/","title":{"rendered":"Azores \/ S\u00e3o Jorge \/ Velas"},"content":{"rendered":"<h3>Alquiler de barcos Azores &#8211; Sao Jorge \/ Velas<\/h3>\n<p>\n<img class=\"content-image\"  style=\"width: 300px; height: 199px;\" alt=\"Alquiler de barcos Azores - Sao Jorge - Velas\" src=\"https:\/\/yachtcharter-connection.com\/wp-content\/uploads\/converted_files\/29783\/29783-5624e1f765f9d.jpg\" \/>La isla de San Jorge es alargado y estrecho &#8211; se cuenta 56 kilometros de longitud, pero s\u00f3lo 8 millas de ancho . Las monta\u00f1as volc\u00e1nicas se elevan en las tierras altas, sin embargo, hasta unos 1000 metros. Velas es la capital de Sao Jorge con cerca de 2000 habitantes &#8211; aqu\u00ed la colonizaci\u00f3n de la isla comenz\u00f3. Calles pintorescas , antiguas casonas, fachadas de arte deco, muchas tiendas peque\u00f1as, varias iglesias y un jard\u00edn en el centro invitan los tripulaciones de ch\u00e1rter de yates en las Azores a pasear. <\/p>\n<p>El puerto comercial de Velas, lo suficientemente grande para los buques portacontenedores ha existido desde mediados del siglo 17 &#8211; sucumbe bajo el volc\u00e1n Morro Grande en una amplia bah\u00eda y est\u00e1 rodeada de altos acantilados. Incluso el relativamente nuevo puerto deportivo Marina Velas, ubicado cerca del lugar, ofrece una magn\u00edfica vista de la costa escarpada. La distancia entra Horta en Faial y Velas es de unos 20 kil\u00f3metros. <\/p>\n<p><\/p>\n","protected":false},"excerpt":{"rendered":"<p>Alquiler de barcos Azores &#8211; Sao Jorge \/ Velas La isla de San Jorge es alargado y estrecho &#8211; se cuenta 56 kilometros de longitud, pero s\u00f3lo 8 millas de ancho . Las monta\u00f1as volc\u00e1nicas se elevan en las tierras altas, sin embargo, hasta unos 1000 metros. Velas es la<\/p>\n","protected":false},"author":11,"featured_media":0,"parent":728,"menu_order":0,"comment_status":"open","ping_status":"open","template":"","meta":[],"aioseo_notices":[],"_links":{"self":[{"href":"https:\/\/yachtcharter-connection.com\/es\/wp-json\/wp\/v2\/pages\/2193"}],"collection":[{"href":"https:\/\/yachtcharter-connection.com\/es\/wp-json\/wp\/v2\/pages"}],"about":[{"href":"https:\/\/yachtcharter-connection.com\/es\/wp-json\/wp\/v2\/types\/page"}],"author":[{"embeddable":true,"href":"https:\/\/yachtcharter-connection.com\/es\/wp-json\/wp\/v2\/users\/11"}],"replies":[{"embeddable":true,"href":"https:\/\/yachtcharter-connection.com\/es\/wp-json\/wp\/v2\/comments?post=2193"}],"version-history":[{"count":1,"href":"https:\/\/yachtcharter-connection.com\/es\/wp-json\/wp\/v2\/pages\/2193\/revisions"}],"predecessor-version":[{"id":13879,"href":"https:\/\/yachtcharter-connection.com\/es\/wp-json\/wp\/v2\/pages\/2193\/revisions\/13879"}],"up":[{"embeddable":true,"href":"https:\/\/yachtcharter-connection.com\/es\/wp-json\/wp\/v2\/pages\/728"}],"wp:attachment":[{"href":"https:\/\/yachtcharter-connection.com\/es\/wp-json\/wp\/v2\/media?parent=2193"}],"curies":[{"name":"wp","href":"https:\/\/api.w.org\/{rel}","templated":true}]}}