{"id":2196,"date":"2014-06-28T15:09:22","date_gmt":"2014-06-28T15:09:22","guid":{"rendered":"http:\/\/yachtcharter-connection.com.w01e47c6.kasserver.com\/antigua-637\/"},"modified":"2017-08-28T10:42:19","modified_gmt":"2017-08-28T08:42:19","slug":"antigua-637","status":"publish","type":"page","link":"https:\/\/yachtcharter-connection.com\/es\/regiones\/caribe\/alquiler-barcos-leewards-y-windwards\/antigua-637\/","title":{"rendered":"Antigua"},"content":{"rendered":"<h3>Alquiler de barcos Antigua &#8211; Jolly Harbour y Falmouth Bay<\/h3>\n<p>\n<img loading=\"lazy\" class=\"content-image\"  width=\"300\" height=\"200\" src=\"https:\/\/yachtcharter-connection.com\/wp-content\/uploads\/converted_files\/29796\/29796-5624e1fa51be2.jpg\" alt=\"Antigua Bahia de Falmouth\" \/>Especialmente para la Antigua Sailing Week, la flota de yates de ch\u00e1rter est\u00e1 creciendo significativamente en Antigua: Adem\u00e1s de los barcos de regatas, de los yates de lujo, de los monocascos y catamaranes con tripulaci\u00f3n y de los yates cl\u00e1sicos y los dragones, tambi\u00e9n toda la flota de yates de ch\u00e1rter de todos los tama\u00f1os vienen a Antigua. <\/p>\n<p>La base de ch\u00e1rter de yates m\u00e1s grande de Antgiua se encuentra en Jolly Harbour. Hay veleors entre 40 y 50 pies  y catamaranes varias entre 40-44 pies de longitud. Los yates de lujo y yates de regatas se pueden por supuesto alquilar toda la temporada. Y una peque\u00f1a flota de catamaranes tipo Lagoon est\u00e1 estacionado en la Catamran Marina en el sur de Antigua, en la bah\u00eda de Falmouth.<\/p>\n","protected":false},"excerpt":{"rendered":"<p>Alquiler de barcos Antigua &#8211; Jolly Harbour y Falmouth Bay Especialmente para la Antigua Sailing Week, la flota de yates de ch\u00e1rter est\u00e1 creciendo significativamente en Antigua: Adem\u00e1s de los barcos de regatas, de los yates de lujo, de los monocascos y catamaranes con tripulaci\u00f3n y de los yates cl\u00e1sicos<\/p>\n","protected":false},"author":11,"featured_media":0,"parent":654,"menu_order":0,"comment_status":"open","ping_status":"open","template":"","meta":[],"aioseo_notices":[],"_links":{"self":[{"href":"https:\/\/yachtcharter-connection.com\/es\/wp-json\/wp\/v2\/pages\/2196"}],"collection":[{"href":"https:\/\/yachtcharter-connection.com\/es\/wp-json\/wp\/v2\/pages"}],"about":[{"href":"https:\/\/yachtcharter-connection.com\/es\/wp-json\/wp\/v2\/types\/page"}],"author":[{"embeddable":true,"href":"https:\/\/yachtcharter-connection.com\/es\/wp-json\/wp\/v2\/users\/11"}],"replies":[{"embeddable":true,"href":"https:\/\/yachtcharter-connection.com\/es\/wp-json\/wp\/v2\/comments?post=2196"}],"version-history":[{"count":1,"href":"https:\/\/yachtcharter-connection.com\/es\/wp-json\/wp\/v2\/pages\/2196\/revisions"}],"predecessor-version":[{"id":13944,"href":"https:\/\/yachtcharter-connection.com\/es\/wp-json\/wp\/v2\/pages\/2196\/revisions\/13944"}],"up":[{"embeddable":true,"href":"https:\/\/yachtcharter-connection.com\/es\/wp-json\/wp\/v2\/pages\/654"}],"wp:attachment":[{"href":"https:\/\/yachtcharter-connection.com\/es\/wp-json\/wp\/v2\/media?parent=2196"}],"curies":[{"name":"wp","href":"https:\/\/api.w.org\/{rel}","templated":true}]}}