{"id":220,"date":"2014-06-28T14:51:31","date_gmt":"2014-06-28T14:51:31","guid":{"rendered":"http:\/\/yachtcharter-connection.com.w01e47c6.kasserver.com\/menorca-868\/"},"modified":"2024-01-23T11:40:30","modified_gmt":"2024-01-23T09:40:30","slug":"menorca-1","status":"publish","type":"page","link":"https:\/\/yachtcharter-connection.com\/es\/menorca-1\/","title":{"rendered":"Menorca"},"content":{"rendered":"<p><iframe loading=\"lazy\" class=\"wbm\" src=\"https:\/\/www.booking-manager.com\/wbm2\/page.html?companyid=662&amp;setlang=es&amp;view=SmallSearchForm&amp;hidetitle=true&amp;target=_top&amp;controllerPage=https:\/\/yachtcharter-connection.com\/mmk-results-en&amp;target=_top&amp;filter_region=13&amp;filter_country=ES\" frameborder=\"0\" height=\"200\" width=\"100%\" scrolling=\"yes\" id=\"wbmResult\"><\/iframe><br \/>\n<img loading=\"lazy\" class=\"content-image\"  width=\"300\" height=\"400\" src=\"https:\/\/yachtcharter-connection.com\/wp-content\/uploads\/converted_files\/33482\/33482-561d10c9519fb.jpg\" alt=\"Bahia en Menorca\" \/><\/p>\n<h3> Menorca<\/h3>\n<p>\n<img class=\"content-image\"  src=\"https:\/\/yachtcharter-connection.com\/wp-content\/uploads\/converted_files\/33482\/33482-561d10caab52e.jpg\" alt=\"alquiler-veleros-menorca.jpg\" style=\"width: 300px; height: 200px; float: left; margin: auto 8px;\" \/>Menorca,   la hermana peque\u00f1a de Mallorca, tiene unos 700 kil\u00f3metros cuadrados y   est\u00e1 considerada como un lugar de ensue\u00f1o salvaje y muy interesante  para  el turismo de ; aunque con un tiempo algo m\u00e1s  desapacible  con vientos a menudo fr\u00edos en el norte. En esta regi\u00f3n la  isla presenta  una geograf\u00eda compuesta de peque\u00f1as elevaciones, donde la  monta\u00f1a m\u00e1s  alta de esta llamada Tramontana, el  Monte Toro, apenas  alcanza los 360  metros. Valles abiertos, casas blancas, arbustos y  rocas escarpadas  definen el paisaje. La planicie que conforma el sur de  la isla disfruta  de un clima m\u00e1s suave y una mayor densidad de  poblaci\u00f3n. Los puertos  naturales de Mah\u00f3n (con base de ) y  Ciudadela, muy bien  resguardados, han atra\u00eddo desde siempre a  conquistadores y piratas de  todo el mundo. La isla perteneci\u00f3 durante  mucho tiempo a Gran Breta\u00f1a,   hecho que se hace pantente incluso en  algunos rasgos ling\u00fc\u00edsticos.   <\/p>\n<p>En toda Menorca hay s\u00f3lo cuatro puertos. Hay bases de  en   Mah\u00f3n, aunque la muchos navegantes alquilan su barco en  Mallorca  y se deplazan despu\u00e9s hasta aqu\u00ed, a Ciudadela normalmente en  primer  lugar. Hay tambi\u00e9n quien hace simplemente un trayecto y contrata  a un  patr\u00f3n proesional de la compania de  para que devuelva  el  yate a su puerto de origen.   <\/p>\n<p><img class=\"content-image\"  src=\"https:\/\/yachtcharter-connection.com\/wp-content\/uploads\/converted_files\/33482\/33482-561d10cbb6a2d.jpg\" alt=\"charter-yates-menorca.jpg\" style=\"width: 300px; height: 200px; float: left; margin: auto 8px;\" \/>Ciudadela \/Ciutadella es un lugar absolutamente delicioso que bien   merece un paseo detenido por sus calles. Una ciudad de corte espa\u00f1ol con   elementos \u00e1rabes y godos, con callejuelas estrechas, soportales,   ojivas, una hermosa catedral y mucha vida en la zona del puerto y en la   Plaza del Borne. Junto al puerto, que se extiende largo y estrecho y se   adentra en la ciudad, encontramos un paseo natural y restaurantes. Si   tenemos suerte con el amarre, vamos a colocar el yate delante de la   mesa. Pero la verdad es que, sobre todo en verano, este puerto, que   tambi\u00e9n acoge ferris y barcos pesqueros, suele estar muy lleno. Si no   tenemos sitio, siempre podemos desplazarnos hasta Cala Degollador o    Cala Blanes.<\/p>\n<h4>Navegar las costas y bah\u00edas de Menorca<\/h4>\n<p>\nLa costa norte y noreste se caracteriza por sus acantilados rojizos y   sus cadenas rocosas. Al este de Cabo Nati encontramos calas tranquilas y   hermos\u00edsimas, con aguas cristalinas, una tras otra.  All\u00ed disfrutamos   de ese juego de colores que nos ofrece el blanco o amarillo de la arena   con el azul del mar y los tonos negros y gris\u00e1ceos de las rocas. Y hay   algunos pueblos blancos que nos recuerdan al sur de Espa\u00f1a. En el   noroeste, las calas de Fornells y Addaya, se adentran como fiordos en la   costa.  Puerto de Fornells no es solamente un puerto pesquero bonito,   sino tambi\u00e9n un buen lugar para los yates. En esta misma bah\u00eda   encontramos adem\u00e1s un buen sitio para fondear: detr\u00e1s de la Isla de la   Sargantana. Fornells tiene algo especial que encandila no s\u00f3lo a los   pintores, para los que el puerto suele ser un motivo recurrente, sino   tambi\u00e9n a los gourmets. Legendaria es la langosta y su famosa   caldereta.  Puerto de Addaya, a pocas millas, es tambi\u00e9n seguro y    econ\u00f3mico;  y situado en un marco id\u00edlico.<\/p>\n<p>Otros lugares de ensue\u00f1o para fondear los encontramos en la  Isla Colom y   en el pueblo pesquero de  Es Grao, con un paisaje de dunas y   ca\u00f1averales en la laguna de la Albufera, parque natural y h\u00e1bitat de   numerosas especies ornitol\u00f3gicas. Por detr\u00e1s de  Cala Mesquida, que   tiene una peque\u00f1a playa de arena, la costa empieza a ascender hasta el   fiordo de Mah\u00f3n donde se alcanzan los 80 metros; despu\u00e9s, llegando al   cabo m\u00e1s oriental de la costa espa\u00f1ola, la Punta del Espero, vuelve a   descender abruptamente. <\/p>\n<p>La costa sur es abrupta. Al principio se presenta m\u00e1s llana, pero va   ascendiendo seg\u00fan avanzamos en direcci\u00f3n oeste, como si fuera una pared   que oculta peque\u00f1as calas en sus entresijos. Hasta que no llegamos a   Cabo de las Penas y Punta Rubiosa no encontramos un paisaje suave. Entre   ambos salientes se encuentra la Playa de San Bou. En la regi\u00f3n   occidental de la costa sur volvemos a encontrar calas por doquier; todas   ellas se ofrecen en verano como hermosos fondeaderos desde los que   podemos ver c\u00f3mo crecen los pinos agarrados a las rocas y las numerosas   grutas que conforman el paisaje.<\/p>\n","protected":false},"excerpt":{"rendered":"<p>Menorca Menorca, la hermana peque\u00f1a de Mallorca, tiene unos 700 kil\u00f3metros cuadrados y est\u00e1 considerada como un lugar de ensue\u00f1o salvaje y muy interesante para el turismo de ; aunque con un tiempo algo m\u00e1s desapacible con vientos a menudo fr\u00edos en el norte. En esta regi\u00f3n la isla presenta<\/p>\n","protected":false},"author":11,"featured_media":0,"parent":0,"menu_order":0,"comment_status":"open","ping_status":"open","template":"","meta":[],"aioseo_notices":[],"_links":{"self":[{"href":"https:\/\/yachtcharter-connection.com\/es\/wp-json\/wp\/v2\/pages\/220"}],"collection":[{"href":"https:\/\/yachtcharter-connection.com\/es\/wp-json\/wp\/v2\/pages"}],"about":[{"href":"https:\/\/yachtcharter-connection.com\/es\/wp-json\/wp\/v2\/types\/page"}],"author":[{"embeddable":true,"href":"https:\/\/yachtcharter-connection.com\/es\/wp-json\/wp\/v2\/users\/11"}],"replies":[{"embeddable":true,"href":"https:\/\/yachtcharter-connection.com\/es\/wp-json\/wp\/v2\/comments?post=220"}],"version-history":[{"count":3,"href":"https:\/\/yachtcharter-connection.com\/es\/wp-json\/wp\/v2\/pages\/220\/revisions"}],"predecessor-version":[{"id":30974,"href":"https:\/\/yachtcharter-connection.com\/es\/wp-json\/wp\/v2\/pages\/220\/revisions\/30974"}],"wp:attachment":[{"href":"https:\/\/yachtcharter-connection.com\/es\/wp-json\/wp\/v2\/media?parent=220"}],"curies":[{"name":"wp","href":"https:\/\/api.w.org\/{rel}","templated":true}]}}