{"id":2201,"date":"2014-06-29T02:00:00","date_gmt":"2014-06-29T02:00:00","guid":{"rendered":"http:\/\/yachtcharter-connection.com.w01e47c6.kasserver.com\/izmir-teos-380\/"},"modified":"2017-07-16T06:06:37","modified_gmt":"2017-07-16T04:06:37","slug":"izmir-teos-380","status":"publish","type":"page","link":"https:\/\/yachtcharter-connection.com\/es\/regiones\/mediterraneo\/alquiler-barcos-costa-turca\/izmir-teos-380\/","title":{"rendered":"Izmir \/ Teos"},"content":{"rendered":"<h3><strong>Alquiler de barcos Izmir \/ Teos<\/strong><\/h3>\n<p>\n<img class=\"content-image\"  src=\"https:\/\/yachtcharter-connection.com\/wp-content\/uploads\/converted_files\/30234\/30234-5624e1fbbfda5.jpg\" alt=\"Turkey-Teos-yacht-charters_Teos.jpg\" style=\"width:300px; height:141px;\" \/>El destino de alquiler de yates Teos Marina in Sigacik entr\u00f3 en operaci\u00f3n en 2010. Se encuentra en la costa oeste de Turqu\u00eda, a unos 5 kil\u00f3metros de la ciudad de Seferihisar. Serefihisar es el primer &quot;Cittaslow&quot; de Turqu\u00eda &#8211; una ciudad de estilo de vida lento y tranquilo. Con el nuevo puerto deportivo, el puerto de Teos se debe resucitar despu\u00e9s de 3000 a\u00f1os: la antigua ciudad Teos fue fundada alrededor del a\u00f1o 1000 antes de Cristo. Los equipos de ch\u00e1rter de yates llegan a Teos Marina con la autopista desde el aeropuerto de Izmir. La ciudad de Izmir est\u00e1 a s\u00f3lo 35 kil\u00f3metros de distancia.<\/p>\n<p>Teos fue una de las ciudades m\u00e1s grandes e importantes del Imperio J\u00f3nico. Las tripulaciones de Alquiler de yates en Teos todav\u00eda pueden visitar las ruinas de diferentes \u00e9pocas, como los restos del famoso palacio de Dionisio, que era el m\u00e1s grande de Turqu\u00eda.<\/p>\n<p>El moderno puerto deportivo Teos Marina ofrece todas las instalaciones de servicios est\u00e1ndar para al alquiler de barcos en Teos, as\u00ed como Wi-Fi, tiendas, restaurantes, caf\u00e9s y bares, pista de tenis, piscina y centro de deportes y de salud. El antiguo puerto pesquero pintoresco en Teos se mantuvo sin cambios &#8211; especialmente atractivo para los navegantes que viajan en ch\u00e1rter son los numerosos restaurantes de mariscos.<\/p>\n<p>Otras bases de alquiler de barcos Turqu\u00eda cerca de Teos est\u00e1n en <a href=\"~\/Alquiler_barcos_turquia\/cesme_marina_alacati.html\">Marina Alacati cerca de Cesme<\/a>  en 37 millas de distancia al noroeste de Teos y en <a href=\"~\/Alquiler_barcos_turquia\/kusadasi.html\">Kusadasi<\/a>, cerca de 33 millas al sureste. Teos es un buen puerto de partida para los cruceros a vela hasta las islas de Chios y Samos &#8211; o m\u00e1s al sur hasta <a href=\"~\/Alquiler_barcos_turquia\/bodrum.html\">Bodrum<\/a>, que se encuentra a una distancia de aproximadamente 100 kil\u00f3metros.<\/p>\n<p><strong>Yates de ch\u00e1rter  Teos \/ Izmir:<\/strong> Para los equipos de ch\u00e1rter de yates Turqu\u00eda, hay veleros y catamaranes hasta 50 pies en Teos &#8211;  entre otros veleros de los astilleros de Bavaria, Dufour y Nautitech.<\/p>\n","protected":false},"excerpt":{"rendered":"<p>Alquiler de barcos Izmir \/ Teos El destino de alquiler de yates Teos Marina in Sigacik entr\u00f3 en operaci\u00f3n en 2010. Se encuentra en la costa oeste de Turqu\u00eda, a unos 5 kil\u00f3metros de la ciudad de Seferihisar. Serefihisar es el primer &quot;Cittaslow&quot; de Turqu\u00eda &#8211; una ciudad de estilo<\/p>\n","protected":false},"author":11,"featured_media":0,"parent":645,"menu_order":0,"comment_status":"open","ping_status":"open","template":"","meta":[],"aioseo_notices":[],"_links":{"self":[{"href":"https:\/\/yachtcharter-connection.com\/es\/wp-json\/wp\/v2\/pages\/2201"}],"collection":[{"href":"https:\/\/yachtcharter-connection.com\/es\/wp-json\/wp\/v2\/pages"}],"about":[{"href":"https:\/\/yachtcharter-connection.com\/es\/wp-json\/wp\/v2\/types\/page"}],"author":[{"embeddable":true,"href":"https:\/\/yachtcharter-connection.com\/es\/wp-json\/wp\/v2\/users\/11"}],"replies":[{"embeddable":true,"href":"https:\/\/yachtcharter-connection.com\/es\/wp-json\/wp\/v2\/comments?post=2201"}],"version-history":[{"count":1,"href":"https:\/\/yachtcharter-connection.com\/es\/wp-json\/wp\/v2\/pages\/2201\/revisions"}],"predecessor-version":[{"id":14271,"href":"https:\/\/yachtcharter-connection.com\/es\/wp-json\/wp\/v2\/pages\/2201\/revisions\/14271"}],"up":[{"embeddable":true,"href":"https:\/\/yachtcharter-connection.com\/es\/wp-json\/wp\/v2\/pages\/645"}],"wp:attachment":[{"href":"https:\/\/yachtcharter-connection.com\/es\/wp-json\/wp\/v2\/media?parent=2201"}],"curies":[{"name":"wp","href":"https:\/\/api.w.org\/{rel}","templated":true}]}}