{"id":2202,"date":"2015-08-10T05:53:53","date_gmt":"2015-08-10T05:53:53","guid":{"rendered":"http:\/\/yachtcharter-connection.com.w01e47c6.kasserver.com\/solta-rogac-split-613\/"},"modified":"2017-07-15T04:31:24","modified_gmt":"2017-07-15T02:31:24","slug":"solta-rogac-split-613","status":"publish","type":"page","link":"https:\/\/yachtcharter-connection.com\/es\/regiones\/mediterraneo\/alquiler-barcos-adriatico-del-sud\/solta-rogac-split-613\/","title":{"rendered":"Solta \/ Rogac (Split)"},"content":{"rendered":"<h3>Alquiler de barcos Solta \/ Rogac &#8211; Split<\/h3>\n<p>\n<img class=\"content-image\"  src=\"https:\/\/yachtcharter-connection.com\/wp-content\/uploads\/converted_files\/30318\/30318-5624e2002ce84.jpg\" alt=\"Alquiler de barcos-Split-solta-rogac.jpg\" style=\"width: 300px; height: 199px;\" \/>S\u00f3lo nueve milas de las bases de alquiler de barcos en Split en tierra firme (<a href=\"~\/Alquiler_barcos_croacia.html\">Split<\/a> y <a href=\"~\/Alquiler_barcos_croacia\/marina_kastela.html\">Marina Kastela<\/a>), separado por el canal de Split, hay una base de alquiler de barcos en Dalmacia en Rogac en la isla de Solta. Rogac es de f\u00e1cil acceso varias veces al d\u00eda en lancha y ferry. En la isla de Solta, Rogac ofrece como el principal puerto la mejor conexi\u00f3n con el continente croata. Grohote, la ciudad m\u00e1s grande y antigua de la isla, se encuentra a la vuelta de la esquina.<\/p>\n<p>Tres bah\u00edas se encuentran alrededor del puerto: En la Bah\u00eda de Rogac, hay el terminal del ferry y la base de alquiler de barcos de Rogac. La bah\u00eda de Kasjun en el suroeste est\u00e1 bien protegida por una pen\u00ednsula boscosa. La bah\u00eda Banje tiene una playa, invitando a equipos de  alquiler de yates en Solta para nadar en el agua clara.<\/p>\n<p>Los turistas de alquiler de barcos en Solta \/ Rogac pueden explorar en la isla encantadores pueblos antiguos, como Stomorska, el m\u00e1s antiguo balneario del siglo 17, o Maslinica en el oeste, con un peque\u00f1o archipi\u00e9lago de siete islas delante de la bah\u00eda protegida de Sesul.<\/p>\n<p>El puerto deportivo de alquiler de barcos en Rogac \/ Solta ofrece Wi-Fi gratuito, aparcamiento gratuito, una estaci\u00f3n de servicio y, sobre todo, un bello entorno rodeado de naturaleza.<\/p>\n<p><strong>Yates de ch\u00e1rter en Solta \/ Rogac:<\/strong> Para los equipos de alquiler de barcos en Dalmacia, hay una moderna flota de yates de vela disponibles en Solta \/ Rogac cerca de Split: Beneteau Cyclades, Oceanis, y una laguna catamar\u00e1n. Ch\u00e1rter de yates one-way desde Solta \/ Rogac est\u00e1n disponibles a petici\u00f3n!<\/p>\n","protected":false},"excerpt":{"rendered":"<p>Alquiler de barcos Solta \/ Rogac &#8211; Split S\u00f3lo nueve milas de las bases de alquiler de barcos en Split en tierra firme (Split y Marina Kastela), separado por el canal de Split, hay una base de alquiler de barcos en Dalmacia en Rogac en la isla de Solta. Rogac<\/p>\n","protected":false},"author":11,"featured_media":0,"parent":649,"menu_order":0,"comment_status":"open","ping_status":"open","template":"","meta":[],"aioseo_notices":[],"_links":{"self":[{"href":"https:\/\/yachtcharter-connection.com\/es\/wp-json\/wp\/v2\/pages\/2202"}],"collection":[{"href":"https:\/\/yachtcharter-connection.com\/es\/wp-json\/wp\/v2\/pages"}],"about":[{"href":"https:\/\/yachtcharter-connection.com\/es\/wp-json\/wp\/v2\/types\/page"}],"author":[{"embeddable":true,"href":"https:\/\/yachtcharter-connection.com\/es\/wp-json\/wp\/v2\/users\/11"}],"replies":[{"embeddable":true,"href":"https:\/\/yachtcharter-connection.com\/es\/wp-json\/wp\/v2\/comments?post=2202"}],"version-history":[{"count":1,"href":"https:\/\/yachtcharter-connection.com\/es\/wp-json\/wp\/v2\/pages\/2202\/revisions"}],"predecessor-version":[{"id":14129,"href":"https:\/\/yachtcharter-connection.com\/es\/wp-json\/wp\/v2\/pages\/2202\/revisions\/14129"}],"up":[{"embeddable":true,"href":"https:\/\/yachtcharter-connection.com\/es\/wp-json\/wp\/v2\/pages\/649"}],"wp:attachment":[{"href":"https:\/\/yachtcharter-connection.com\/es\/wp-json\/wp\/v2\/media?parent=2202"}],"curies":[{"name":"wp","href":"https:\/\/api.w.org\/{rel}","templated":true}]}}