{"id":2206,"date":"2015-08-10T05:53:53","date_gmt":"2015-08-10T05:53:53","guid":{"rendered":"http:\/\/yachtcharter-connection.com.w01e47c6.kasserver.com\/montenegro-porto-montenegro-756\/"},"modified":"2017-07-15T03:49:26","modified_gmt":"2017-07-15T01:49:26","slug":"montenegro-porto-montenegro-756","status":"publish","type":"page","link":"https:\/\/yachtcharter-connection.com\/es\/regiones\/mediterraneo\/alquiler-barcos-adriatico-del-sud\/montenegro-porto-montenegro-756\/","title":{"rendered":"Montenegro \/ Porto Montenegro"},"content":{"rendered":"<h3>Alquiler de yates  Porto Montenegro<\/h3>\n<p>\n<img class=\"content-image\"  src=\"https:\/\/yachtcharter-connection.com\/wp-content\/uploads\/converted_files\/32062\/32062-5624e204520d9.jpg\" alt=\"Alquiler de yates Porto Montenegro-Tivat-Port_Montenegro.jpg\" style=\"width: 300px; height: 200px;\" \/>Porto Montenegro es todavia relativamente nueva como destino de alquiler de barcos en Montenegro: El moderno puerto deportivo de aguas profundas est\u00e1 situado en la bah\u00eda de Kotor, la \u00fanica bah\u00eda de la costa de Montenegro Adri\u00e1tico, en la peque\u00f1a ciudad de Tivat. De un antiguo astillero de la Armada Yugoslava, Porto Montenegro ha sido creado como un puerto deportivo para hasta 650 yates &#8211; m\u00e1s de 100 amarres est\u00e1n dise\u00f1ados especialmente para super yates y mega yates de 30 a 150 metros de longitud.<\/p>\n<p>La totalidad de los alrededores y la atm\u00f3sfera fue dise\u00f1ado para un p\u00fablico sofisticado: tripulaciones de ch\u00e1rter sin patr\u00f3n, invitados, tripulaci\u00f3nes y propietarios de superyates &#8211; con residencias de lujo, tiendas de dise\u00f1o, bares y restaurantes en el paseo mar\u00edtimo, instalaciones deportivas,  la piscina de borde infinito, un campo de golf cerca el aeropuerto de Tivat, etc<\/p>\n<p><strong>Yates de ch\u00e1rter en Porto Montenegro:<\/strong> Para las vacaciones en charter desde Tivat \/ Porto Montenegro ofrecemos veleros, catamaranes y yates de lujo con tripulaci\u00f3n, especialmente yates a motor y veleros a motor de lujo.<\/p>\n<p><\/p>\n","protected":false},"excerpt":{"rendered":"<p>Alquiler de yates Porto Montenegro Porto Montenegro es todavia relativamente nueva como destino de alquiler de barcos en Montenegro: El moderno puerto deportivo de aguas profundas est\u00e1 situado en la bah\u00eda de Kotor, la \u00fanica bah\u00eda de la costa de Montenegro Adri\u00e1tico, en la peque\u00f1a ciudad de Tivat. De un<\/p>\n","protected":false},"author":11,"featured_media":0,"parent":649,"menu_order":0,"comment_status":"open","ping_status":"open","template":"","meta":[],"aioseo_notices":[],"_links":{"self":[{"href":"https:\/\/yachtcharter-connection.com\/es\/wp-json\/wp\/v2\/pages\/2206"}],"collection":[{"href":"https:\/\/yachtcharter-connection.com\/es\/wp-json\/wp\/v2\/pages"}],"about":[{"href":"https:\/\/yachtcharter-connection.com\/es\/wp-json\/wp\/v2\/types\/page"}],"author":[{"embeddable":true,"href":"https:\/\/yachtcharter-connection.com\/es\/wp-json\/wp\/v2\/users\/11"}],"replies":[{"embeddable":true,"href":"https:\/\/yachtcharter-connection.com\/es\/wp-json\/wp\/v2\/comments?post=2206"}],"version-history":[{"count":1,"href":"https:\/\/yachtcharter-connection.com\/es\/wp-json\/wp\/v2\/pages\/2206\/revisions"}],"predecessor-version":[{"id":14124,"href":"https:\/\/yachtcharter-connection.com\/es\/wp-json\/wp\/v2\/pages\/2206\/revisions\/14124"}],"up":[{"embeddable":true,"href":"https:\/\/yachtcharter-connection.com\/es\/wp-json\/wp\/v2\/pages\/649"}],"wp:attachment":[{"href":"https:\/\/yachtcharter-connection.com\/es\/wp-json\/wp\/v2\/media?parent=2206"}],"curies":[{"name":"wp","href":"https:\/\/api.w.org\/{rel}","templated":true}]}}