{"id":221,"date":"2014-07-12T16:35:30","date_gmt":"2014-07-12T16:35:30","guid":{"rendered":"http:\/\/yachtcharter-connection.com.w01e47c6.kasserver.com\/eventos-de-vela-en-mallorca-ibiza\/"},"modified":"2019-06-22T14:17:01","modified_gmt":"2019-06-22T12:17:01","slug":"eventos-de-vela-en-mallorca-ibiza","status":"publish","type":"page","link":"https:\/\/yachtcharter-connection.com\/es\/eventos-de-vela-en-mallorca-ibiza\/","title":{"rendered":"Eventos de Vela en Mallorca &#038; Ibiza"},"content":{"rendered":"<h1><strong>Eventos de Vela en Mallorca &amp; Ibiza \/ Baleares<\/strong><\/h1>\n<p><span id=\"result_box\" lang=\"es\"><strong><span title=\"For all kind of groups - companies or family &amp; friends - the best way to enjoy a day in Mallorca or Ibiza, is to spend it together is a boat excursion.\">Para todo tipo de grupos &#8211; empresas o la familia &amp; amigos &#8211; la mejor manera de disfrutar de un d\u00eda en Mallorca o Ibiza es de pasarlo juntos a bordo de un barco para una excursi\u00f3n. <\/span><\/strong><span title=\"There is no better way for colleagues to learn to know each other better, for companies to invite their best clients to an incentive tour they will enjoy and not forget, for families &amp; friends to celebrate special occasions like birthsdays, wedding days, bachelor parties etc\">No hay mejor manera, para que los colegas aprenden a conocerse mejor, para que las empresas invitan a sus mejores clientes a un viaje de incentivos, que podr\u00e1n disfrutar y no se olvide o para las familias y amigos, para celebrar ocasiones especiales, como el d\u00eda de la boda, cumpleanos, despedidas de soltero, etc <\/span><span title=\". \">.<\/span><\/span><\/p>\n<p><img class=\"content-image\" style=\"width: 300px; height: 206px; float: left; margin: auto 5px;\" src=\"https:\/\/yachtcharter-connection.com\/wp-content\/uploads\/converted_files\/33794\/33794-561d10ccd6d6e.jpg\" alt=\"Catamaran-Excursion-Mallorca\" \/><span id=\"result_box\" lang=\"es\"><span title=\"Catamaran-Excursion-MallorcaFor events on charter yachts in the Balearic Islands, usually the capacity of sailing or motor yachts is limited to a maximimum of 12 guests... so for larger groups, excursion catamarans or big classic sailing ships with licences for these events\">Eventos Catamar\u00e1n &#8211; Excursiones en Mallorca<\/span><\/span> &amp; Ibiza<\/p>\n<p><span id=\"result_box\" lang=\"es\"><span title=\"Catamaran-Excursion-MallorcaFor events on charter yachts in the Balearic Islands, usually the capacity of sailing or motor yachts is limited to a maximimum of 12 guests... so for larger groups, excursion catamarans or big classic sailing ships with licences for these events\">Para eventos con yates en las Islas Baleares, por lo general la capacidad de la vela o embarcaciones a motor se limita a un maximimum de 12 personas &#8230; por eso se recominedan, para grupos m\u00e1s grandes, los catamaranes de excursi\u00f3n o grandes veleros cl\u00e1sicos con licencias para estos eventos<\/span><span title=\"are recommended.\">. <\/span><\/span><\/p>\n<p>Excursiones en catamar\u00e1n y excursiones de vela se pueden organizar por ejemplo, desde Palma de Mallorca, Puerto de Pollensa, Puerto de Alcudia, Cala Ratjada y el Puerto de Andratx, y por supuesto en Ibiza.<\/p>\n<p><span id=\"result_box\" lang=\"es\"><span title=\"With some of the excursion boats, groups have the choice between a full day of sailing, or just a half day in the morning or the afternoon.\">Con algunos de los barcos de excursi\u00f3n, los grupos tienen la posibilidad de elegir entre un d\u00eda completo de navegaci\u00f3n, o simplemente un medio d\u00eda por la ma\u00f1ana o por la tarde. <\/span><span title=\"Some offer as well sunset cruises. \">Algunos tambien ofrecen cruceros al atardecer.<\/span><\/span><\/p>\n<p><span id=\"result_box\" lang=\"es\"><span title=\"For smaller groups, there are some sailing yachts available for day charters as well as a range of motor yachts or real luxury yachts.\">Para grupos m\u00e1s peque\u00f1os, hay algunos yates disponibles para &#8220;day charter&#8221;, as\u00ed como una gama de yates de motor y yates de un real lujo.<\/span><\/span><\/p>\n<p><strong><span id=\"result_box\" lang=\"es\"><span class=\"hps\">Existe un servicio de comidas<\/span>, por supuesto, <span class=\"hps\">hay <\/span> <span class=\"hps\">tapas espa\u00f1olas<\/span>, barbacoas <span class=\"hps\">reci\u00e9n hechos &#8211;<\/span> por lo general <span class=\"hps\">hay<\/span> <span class=\"hps\">una amplia selecci\u00f3n<\/span>. <span class=\"hps\">Igualmente se pueden ofrecer los <\/span><span class=\"hps\">watertoys,<\/span> <span class=\"hps\">como<\/span> <span class=\"hps\">equipo de snorkel,<\/span> <span class=\"hps\">kayaks<\/span>, etc. <span class=\"hps\">y si Usted<\/span> <span class=\"hps\">necesita un<\/span> <span class=\"hps\">DJ<\/span> <span class=\"hps\">o tiene<\/span> <span class=\"hps\">peticiones especiales,<\/span> <span class=\"hps\">por favor preguntenos.<\/span> <\/span><\/strong><br \/>\n<span id=\"result_box\" lang=\"es\"><br \/>\n<span class=\"hps\">Para<\/span> <span class=\"hps\">la formaci\u00f3n de equipos\/teams<\/span>, algunos <span class=\"hps\">d\u00edas juntos<\/span> <span class=\"hps\">en un yate<\/span> <span class=\"hps\">de vela<\/span> <\/span><span id=\"result_box\" lang=\"es\"><span class=\"hps\">son perfectos<\/span> <span class=\"hps\">para desarrollar un<\/span> <span class=\"hps\">verdadero esp\u00edritu de equipo<\/span>, puede ser <\/span><span id=\"result_box\" lang=\"es\"><span class=\"hps\">solo<\/span> <span class=\"hps\">en un<\/span> <span class=\"hps\">yate<\/span> para <span class=\"hps\">grupos m\u00e1s peque\u00f1os<\/span>, <span class=\"hps\">con<\/span> <span class=\"hps\">varios yates<\/span> <span class=\"hps\">formando una peque\u00f1a<\/span> <span class=\"hps\">flotilla<\/span>, <span class=\"hps\">para grupos m\u00e1s grandes. <\/span><span class=\"hps\">Esas<\/span> <span class=\"hps\">flotillas<\/span> <span class=\"hps\">se pueden organizar<\/span> <span class=\"hps\">f\u00e1cilmente<\/span> <span class=\"hps\">en la temporada<\/span> baja <span class=\"hps\">&#8211; s\u00f3lo tiene que<\/span> <span class=\"hps\">pedir<\/span> <span class=\"hps\">las ofertas<\/span>.<\/span><\/p>\n<p><span id=\"result_box\" lang=\"es\"><br \/>\n<\/span><span id=\"result_box\" lang=\"es\"><span class=\"hps\">Y si necesita<\/span> <span class=\"hps\">un programa<\/span> <span class=\"hps\">para un<\/span> <span class=\"hps\">d\u00eda en tierra<\/span> <span class=\"hps\">&#8211;<\/span> <span class=\"hps\">hay actividades como <\/span><span class=\"hps\">Jeeps<\/span> <span class=\"hps\">Safaris<\/span>, Tapas <span class=\"hps\">Tours.<\/span> <span class=\"hps\">Cata de vinos<\/span> <span class=\"hps\">o cualquier otra cosa<\/span>, podemos ofrecer una <span class=\"hps\">gama<\/span> <span class=\"hps\">completa de opciones en <\/span><span class=\"hps\">asociaci\u00f3n con otras empresas<\/span> <span class=\"hps\">con experiencia en este sector.<\/span><\/span><\/p>\n<p><iframe loading=\"lazy\" src=\"https:\/\/www.youtube.com\/embed\/D9DCpVklhtk\" width=\"560\" height=\"315\" frameborder=\"0\" allowfullscreen=\"allowfullscreen\"><\/iframe><\/p>\n<p><strong><span style=\"color: #000080;\"><a style=\"color: #000080;\" href=\"\/es\/yacht-list\/eventos-de-vela-en-mallorca-ibiza\/\" target=\"_blank\" rel=\"noopener noreferrer\"><span id=\"result_box\" lang=\"es\"><span class=\"hps\">Aqu\u00ed Usted puede<\/span> <span class=\"hps\">encontrar yates y <\/span><span class=\"hps\">barcos para su<\/span> <span class=\"hps\">evento de vela<\/span> <span class=\"hps\">o<\/span> <span class=\"hps\">de incentivos<\/span> <span class=\"hps\">en<\/span> <span class=\"hps\">Mallorca o<\/span> <span class=\"hps\">Ibiza<\/span> <span class=\"hps\">&#8211;<\/span> <span class=\"hps\">no dude en<\/span> <span class=\"hps\">pedir<\/span> <span class=\"hps\">ofertas para<\/span> <span class=\"hps\">\u00e9stos<\/span> <span class=\"hps\">y mucho<\/span> <span class=\"hps\">m\u00e1s barcos<\/span>!<\/span><\/a><\/span><\/strong><\/p>\n","protected":false},"excerpt":{"rendered":"<p>Eventos de Vela en Mallorca &amp; Ibiza \/ Baleares Para todo tipo de grupos &#8211; empresas o la familia &amp; amigos &#8211; la mejor manera de disfrutar de un d\u00eda en Mallorca o Ibiza es de pasarlo juntos a bordo de un barco para una excursi\u00f3n. No hay mejor manera,<\/p>\n","protected":false},"author":11,"featured_media":0,"parent":0,"menu_order":0,"comment_status":"open","ping_status":"open","template":"","meta":[],"aioseo_notices":[],"_links":{"self":[{"href":"https:\/\/yachtcharter-connection.com\/es\/wp-json\/wp\/v2\/pages\/221"}],"collection":[{"href":"https:\/\/yachtcharter-connection.com\/es\/wp-json\/wp\/v2\/pages"}],"about":[{"href":"https:\/\/yachtcharter-connection.com\/es\/wp-json\/wp\/v2\/types\/page"}],"author":[{"embeddable":true,"href":"https:\/\/yachtcharter-connection.com\/es\/wp-json\/wp\/v2\/users\/11"}],"replies":[{"embeddable":true,"href":"https:\/\/yachtcharter-connection.com\/es\/wp-json\/wp\/v2\/comments?post=221"}],"version-history":[{"count":7,"href":"https:\/\/yachtcharter-connection.com\/es\/wp-json\/wp\/v2\/pages\/221\/revisions"}],"predecessor-version":[{"id":28685,"href":"https:\/\/yachtcharter-connection.com\/es\/wp-json\/wp\/v2\/pages\/221\/revisions\/28685"}],"wp:attachment":[{"href":"https:\/\/yachtcharter-connection.com\/es\/wp-json\/wp\/v2\/media?parent=221"}],"curies":[{"name":"wp","href":"https:\/\/api.w.org\/{rel}","templated":true}]}}