{"id":2237,"date":"2015-08-10T05:53:55","date_gmt":"2015-08-10T05:53:55","guid":{"rendered":"http:\/\/yachtcharter-connection.com.w01e47c6.kasserver.com\/alquiler-barcos-lanzarote-arrecife\/"},"modified":"2017-07-13T00:15:39","modified_gmt":"2017-07-12T22:15:39","slug":"alquiler-barcos-lanzarote-arrecife","status":"publish","type":"page","link":"https:\/\/yachtcharter-connection.com\/es\/regiones\/atlantico-africa-occidental\/alquiler-barcos-canarias\/alquiler-barcos-lanzarote-arrecife\/","title":{"rendered":"Lanzarote \/ Arrecife"},"content":{"rendered":"<h3>Alquiler de barcos Arrecife &#8211; Lanzarote<\/h3>\n<p>\n<img class=\"content-image\"  src=\"https:\/\/yachtcharter-connection.com\/wp-content\/uploads\/converted_files\/34018\/34018-5624e20975cb8.jpg\" alt=\"Alquiler veleros en Lanzarote-Arrecife.jpg\" style=\"width: 300px; height: 199px;\" \/>Adem\u00e1s de Marina Rubic\u00f3n y Puerto Calero, ahora hay un nuevo puerto base de alquiler de barcos en la isla de Lanzarote: La nueva Marina Lanzarote se encuentra en la ciudad capital de Arrecife. La base de alquiler barcos ofrece nuevos veleros tipo Bavaria durante la temporada de invierno.<\/p>\n<p>Lanzarote, la m\u00e1s seca de las Islas Canarias, se encuentra en el borde noreste del archipi\u00e9lago de las siete mayores Islas Canarias. Lanzarote es famoso por sus playas de arena negra, la arquitectura de las casas blancas y el artista y arquitecto C\u00e9sar Manrique, quien influy\u00f3 sustancialmente la imagen de la isla.<\/p>\n<p>Arrecife, la ciudad m\u00e1s grande de la isla, est\u00e1 protegida por un arrecife volc\u00e1nico. La ciudad moderna y vibrante tiene un precioso paseo mar\u00edtimo, una zona peatonal y no a demasiado turistas. Vale la pena ver la Iglesia de San Gin\u00e9s, la iglesia m\u00e1s antigua de Lanzarote, los viejos castillos Castillo de San Gabriel y  Castillo de San Jos\u00e9, con el Museo Internacional de Arte Contempor\u00e1neo  con pinturas de artistas espa\u00f1oles desde Mir\u00f3 hasta Manrique.<\/p>\n<p>Equipos de alquiler de yates, que se toman el tiempo para una excursi\u00f3n por la isla, no deben perderse una visita a las Monta\u00f1as del Fuego en el Parque Nacional de Timanfaya y al Valle de las Mil Palmeras en Haria.<\/p>\n","protected":false},"excerpt":{"rendered":"<p>Alquiler de barcos Arrecife &#8211; Lanzarote Adem\u00e1s de Marina Rubic\u00f3n y Puerto Calero, ahora hay un nuevo puerto base de alquiler de barcos en la isla de Lanzarote: La nueva Marina Lanzarote se encuentra en la ciudad capital de Arrecife. La base de alquiler barcos ofrece nuevos veleros tipo Bavaria<\/p>\n","protected":false},"author":11,"featured_media":0,"parent":651,"menu_order":0,"comment_status":"open","ping_status":"open","template":"","meta":[],"aioseo_notices":[],"_links":{"self":[{"href":"https:\/\/yachtcharter-connection.com\/es\/wp-json\/wp\/v2\/pages\/2237"}],"collection":[{"href":"https:\/\/yachtcharter-connection.com\/es\/wp-json\/wp\/v2\/pages"}],"about":[{"href":"https:\/\/yachtcharter-connection.com\/es\/wp-json\/wp\/v2\/types\/page"}],"author":[{"embeddable":true,"href":"https:\/\/yachtcharter-connection.com\/es\/wp-json\/wp\/v2\/users\/11"}],"replies":[{"embeddable":true,"href":"https:\/\/yachtcharter-connection.com\/es\/wp-json\/wp\/v2\/comments?post=2237"}],"version-history":[{"count":1,"href":"https:\/\/yachtcharter-connection.com\/es\/wp-json\/wp\/v2\/pages\/2237\/revisions"}],"predecessor-version":[{"id":13851,"href":"https:\/\/yachtcharter-connection.com\/es\/wp-json\/wp\/v2\/pages\/2237\/revisions\/13851"}],"up":[{"embeddable":true,"href":"https:\/\/yachtcharter-connection.com\/es\/wp-json\/wp\/v2\/pages\/651"}],"wp:attachment":[{"href":"https:\/\/yachtcharter-connection.com\/es\/wp-json\/wp\/v2\/media?parent=2237"}],"curies":[{"name":"wp","href":"https:\/\/api.w.org\/{rel}","templated":true}]}}