{"id":24681,"date":"2017-09-04T12:43:09","date_gmt":"2017-09-04T10:43:09","guid":{"rendered":"http:\/\/yachtcharter-connection.com.w01e47c6.kasserver.com\/regiones\/mediterraneo\/alquiler-barcos-baleares-mallorca-menorca-ibiza\/majorca-palma-de-mallorca-calanova\/"},"modified":"2018-05-01T16:50:42","modified_gmt":"2018-05-01T14:50:42","slug":"mallorca-palma-de-mallorca-calanova","status":"publish","type":"page","link":"https:\/\/yachtcharter-connection.com\/es\/regiones\/mediterraneo\/alquiler-barcos-baleares-mallorca-menorca-ibiza\/mallorca-palma-de-mallorca-calanova\/","title":{"rendered":"Mallorca \/ Palma de Mallorca \/ Calanova"},"content":{"rendered":"<h1><strong>Alquiler de barcos Mallorca &#8211; Palma de Mallorca &#8211; Calanova<\/strong><\/h1>\n<p>&nbsp;<\/p>\n<p><a href=\"https:\/\/yachtcharter-connection.com\/wp-content\/uploads\/2017\/09\/Calanova-1.jpg\"><img loading=\"lazy\" class=\"alignleft size-full wp-image-26235\" src=\"https:\/\/yachtcharter-connection.com\/wp-content\/uploads\/2017\/09\/Calanova-1.jpg\" alt=\"Calanova-1\" width=\"500\" height=\"341\" srcset=\"https:\/\/yachtcharter-connection.com\/wp-content\/uploads\/2017\/09\/Calanova-1.jpg 500w, https:\/\/yachtcharter-connection.com\/wp-content\/uploads\/2017\/09\/Calanova-1-300x205.jpg 300w\" sizes=\"(max-width: 500px) 100vw, 500px\" \/><\/a>En la periferia oeste de Palma de Mallorca, en el barrio de San Agust\u00edn, se encuentra el puerto deportivo de Calanova. Los ni\u00f1os de la familia real espa\u00f1ola ya han aprendido a navegar aqu\u00ed, y el puerto es ahora el puerto base de varias compa\u00f1\u00edas de alquiler de yates que ofrecen veleros y catamaranes. El recientemente modernizado Port Calanova ofrece un restaurante y tambi\u00e9n una piscina.<\/p>\n<p>A poca distancia hay numerosos restaurantes, tiendas y supermercados. El servicio de autob\u00fas al centro de la ciudad de Palma es excepcional.<\/p>\n<p>&nbsp;<\/p>\n<p><a href=\"https:\/\/yachtcharter-connection.com\/wp-content\/uploads\/2017\/09\/Calanova-2.jpg\"><img loading=\"lazy\" class=\"alignleft size-full wp-image-26236\" src=\"https:\/\/yachtcharter-connection.com\/wp-content\/uploads\/2017\/09\/Calanova-2.jpg\" alt=\"Yacht charter Calanova\" width=\"500\" height=\"375\" srcset=\"https:\/\/yachtcharter-connection.com\/wp-content\/uploads\/2017\/09\/Calanova-2.jpg 500w, https:\/\/yachtcharter-connection.com\/wp-content\/uploads\/2017\/09\/Calanova-2-300x225.jpg 300w\" sizes=\"(max-width: 500px) 100vw, 500px\" \/><\/a><\/p>\n","protected":false},"excerpt":{"rendered":"<p>Alquiler de barcos Mallorca &#8211; Palma de Mallorca &#8211; Calanova &nbsp; En la periferia oeste de Palma de Mallorca, en el barrio de San Agust\u00edn, se encuentra el puerto deportivo de Calanova. Los ni\u00f1os de la familia real espa\u00f1ola ya han aprendido a navegar aqu\u00ed, y el puerto es ahora<\/p>\n","protected":false},"author":11,"featured_media":0,"parent":667,"menu_order":-1,"comment_status":"closed","ping_status":"closed","template":"","meta":[],"aioseo_notices":[],"_links":{"self":[{"href":"https:\/\/yachtcharter-connection.com\/es\/wp-json\/wp\/v2\/pages\/24681"}],"collection":[{"href":"https:\/\/yachtcharter-connection.com\/es\/wp-json\/wp\/v2\/pages"}],"about":[{"href":"https:\/\/yachtcharter-connection.com\/es\/wp-json\/wp\/v2\/types\/page"}],"author":[{"embeddable":true,"href":"https:\/\/yachtcharter-connection.com\/es\/wp-json\/wp\/v2\/users\/11"}],"replies":[{"embeddable":true,"href":"https:\/\/yachtcharter-connection.com\/es\/wp-json\/wp\/v2\/comments?post=24681"}],"version-history":[{"count":3,"href":"https:\/\/yachtcharter-connection.com\/es\/wp-json\/wp\/v2\/pages\/24681\/revisions"}],"predecessor-version":[{"id":26239,"href":"https:\/\/yachtcharter-connection.com\/es\/wp-json\/wp\/v2\/pages\/24681\/revisions\/26239"}],"up":[{"embeddable":true,"href":"https:\/\/yachtcharter-connection.com\/es\/wp-json\/wp\/v2\/pages\/667"}],"wp:attachment":[{"href":"https:\/\/yachtcharter-connection.com\/es\/wp-json\/wp\/v2\/media?parent=24681"}],"curies":[{"name":"wp","href":"https:\/\/api.w.org\/{rel}","templated":true}]}}