{"id":25588,"date":"2014-04-25T14:02:11","date_gmt":"2014-04-25T14:02:11","guid":{"rendered":"http:\/\/yachtcharter-connection.com.w01e47c6.kasserver.com\/itineraries\/"},"modified":"2017-11-06T13:50:29","modified_gmt":"2017-11-06T11:50:29","slug":"itinerarios","status":"publish","type":"page","link":"https:\/\/yachtcharter-connection.com\/es\/itinerarios\/","title":{"rendered":"Itineraries"},"content":{"rendered":"<h1><strong>Alquiler de barcos &#8211; Itinerarios<\/strong><\/h1>\n<p>Aqu\u00ed encontrar\u00e1 algunas ideas para facilitar la planificaci\u00f3n de sus itinerarios; esta secci\u00f3n crecer\u00e1 constantemente. Y siempre se puede preguntarnos por m\u00e1s sugerencias.<\/p>\n<p><a href=\"https:\/\/yachtcharter-connection.com\/croatia-kornati\/\" target=\"_blank\">&#8211; Itinerario Croacia &#8211; Kornati archipielago <\/a><\/p>\n<p><a href=\"https:\/\/yachtcharter-connection.com\/wp-content\/uploads\/2015\/08\/Mallorca-5-Itineraries.pdf\" target=\"_blank\">&#8211; Itinerarios Islas Baleares &#8211; 5 itinerarios desde Palma de Mallorca <\/a><\/p>\n<p>Encuentre aqu\u00ed sugerencias para itinerarios de vela a partir de su charter desde Palma de Mallorca &#8211; Puede adaptarlos f\u00e1cilmente para el embarque en otros puertos como Puerto Pollensa, Portocolom, Puerto de Arenal, Menorca \/ Mah\u00f3n, la ciudad de Ibiza o Ibiza San Antonio. O simplemente solicite m\u00e1s sugerencias.<\/p>\n","protected":false},"excerpt":{"rendered":"<p>Alquiler de barcos &#8211; Itinerarios Aqu\u00ed encontrar\u00e1 algunas ideas para facilitar la planificaci\u00f3n de sus itinerarios; esta secci\u00f3n crecer\u00e1 constantemente. Y siempre se puede preguntarnos por m\u00e1s sugerencias. &#8211; Itinerario Croacia &#8211; Kornati archipielago &#8211; Itinerarios Islas Baleares &#8211; 5 itinerarios desde Palma de Mallorca Encuentre aqu\u00ed sugerencias para itinerarios<\/p>\n","protected":false},"author":11,"featured_media":0,"parent":0,"menu_order":0,"comment_status":"open","ping_status":"open","template":"","meta":[],"aioseo_notices":[],"_links":{"self":[{"href":"https:\/\/yachtcharter-connection.com\/es\/wp-json\/wp\/v2\/pages\/25588"}],"collection":[{"href":"https:\/\/yachtcharter-connection.com\/es\/wp-json\/wp\/v2\/pages"}],"about":[{"href":"https:\/\/yachtcharter-connection.com\/es\/wp-json\/wp\/v2\/types\/page"}],"author":[{"embeddable":true,"href":"https:\/\/yachtcharter-connection.com\/es\/wp-json\/wp\/v2\/users\/11"}],"replies":[{"embeddable":true,"href":"https:\/\/yachtcharter-connection.com\/es\/wp-json\/wp\/v2\/comments?post=25588"}],"version-history":[{"count":2,"href":"https:\/\/yachtcharter-connection.com\/es\/wp-json\/wp\/v2\/pages\/25588\/revisions"}],"predecessor-version":[{"id":25749,"href":"https:\/\/yachtcharter-connection.com\/es\/wp-json\/wp\/v2\/pages\/25588\/revisions\/25749"}],"wp:attachment":[{"href":"https:\/\/yachtcharter-connection.com\/es\/wp-json\/wp\/v2\/media?parent=25588"}],"curies":[{"name":"wp","href":"https:\/\/api.w.org\/{rel}","templated":true}]}}