{"id":26298,"date":"2018-06-15T14:48:13","date_gmt":"2018-06-15T12:48:13","guid":{"rendered":"http:\/\/yachtcharter-connection.com.w01e47c6.kasserver.com\/?page_id=26298\/"},"modified":"2023-09-19T10:46:51","modified_gmt":"2023-09-19T08:46:51","slug":"busqueda-de-yates","status":"publish","type":"page","link":"https:\/\/yachtcharter-connection.com\/es\/busqueda-de-yates\/","title":{"rendered":"B\u00fasqueda de Yates"},"content":{"rendered":"<h1><strong>Buscar barcos y yates<\/strong><\/h1>\n<p><strong>Aqu\u00ed en la base de datos con 7500 barcos puede buscar el yate perfecto para sus vacaciones. Sin o con patr\u00f3n o con tripulaci\u00f3n completa: veleros, catamaranes, barcos y yates a motor, goletas y motoveleros, yates de lujo ..<br \/>\n\u00a1A\u00fan m\u00e1s destinos y m\u00e1s yates a consultar! \u00a1Estar\u00edamos felices de ayudarle!<br \/>\n<\/strong><br \/>\n<iframe loading=\"lazy\" src=\"https:\/\/www.booking-manager.com\/wbm2\/page.html?companyid=662&amp;setlang=es&amp;resultsPerPage=10\" width=\"100%\" height=\"750\" frameborder=\"0\" scrolling=\"yes\"><\/iframe><\/p>\n","protected":false},"excerpt":{"rendered":"<p>Buscar barcos y yates Aqu\u00ed en la base de datos con 7500 barcos puede buscar el yate perfecto para sus vacaciones. Sin o con patr\u00f3n o con tripulaci\u00f3n completa: veleros, catamaranes, barcos y yates a motor, goletas y motoveleros, yates de lujo .. \u00a1A\u00fan m\u00e1s destinos y m\u00e1s yates a<\/p>\n","protected":false},"author":11,"featured_media":0,"parent":0,"menu_order":0,"comment_status":"closed","ping_status":"closed","template":"","meta":[],"aioseo_notices":[],"_links":{"self":[{"href":"https:\/\/yachtcharter-connection.com\/es\/wp-json\/wp\/v2\/pages\/26298"}],"collection":[{"href":"https:\/\/yachtcharter-connection.com\/es\/wp-json\/wp\/v2\/pages"}],"about":[{"href":"https:\/\/yachtcharter-connection.com\/es\/wp-json\/wp\/v2\/types\/page"}],"author":[{"embeddable":true,"href":"https:\/\/yachtcharter-connection.com\/es\/wp-json\/wp\/v2\/users\/11"}],"replies":[{"embeddable":true,"href":"https:\/\/yachtcharter-connection.com\/es\/wp-json\/wp\/v2\/comments?post=26298"}],"version-history":[{"count":5,"href":"https:\/\/yachtcharter-connection.com\/es\/wp-json\/wp\/v2\/pages\/26298\/revisions"}],"predecessor-version":[{"id":30513,"href":"https:\/\/yachtcharter-connection.com\/es\/wp-json\/wp\/v2\/pages\/26298\/revisions\/30513"}],"wp:attachment":[{"href":"https:\/\/yachtcharter-connection.com\/es\/wp-json\/wp\/v2\/media?parent=26298"}],"curies":[{"name":"wp","href":"https:\/\/api.w.org\/{rel}","templated":true}]}}