{"id":26316,"date":"2018-06-18T16:10:15","date_gmt":"2018-06-18T14:10:15","guid":{"rendered":"http:\/\/yachtcharter-connection.com.w01e47c6.kasserver.com\/?page_id=26316\/"},"modified":"2018-06-18T22:12:28","modified_gmt":"2018-06-18T20:12:28","slug":"yates-con-tripulacion","status":"publish","type":"page","link":"https:\/\/yachtcharter-connection.com\/es\/yates-con-tripulacion\/","title":{"rendered":"Yates con Tripulaci\u00f3n"},"content":{"rendered":"<h1><strong>Yates con Tripulaci\u00f3n<\/strong><\/h1>\n<p><strong>Aqu\u00ed puede encontrar ayates con tripulaci\u00f3n m\u00e1s: veleros, catamaranes, yates a motor y motoveleros \/ goletas<\/strong><\/p>\n<p><iframe id=\"quickSearch\" style=\"overflow: hidden; height: 470px;\" src=\"https:\/\/www.booking-manager.com\/wbm2\/page.html?companyid=662&#038;target=result&#038;setlang=es&#038;filter_service_type=Crewed\" scrolling=\"auto\" width=\"100%\" frameborder=\"0\"><\/iframe><\/p>\n","protected":false},"excerpt":{"rendered":"<p>Yates con Tripulaci\u00f3n Aqu\u00ed puede encontrar ayates con tripulaci\u00f3n m\u00e1s: veleros, catamaranes, yates a motor y motoveleros \/ goletas<\/p>\n","protected":false},"author":11,"featured_media":0,"parent":0,"menu_order":0,"comment_status":"closed","ping_status":"closed","template":"","meta":[],"aioseo_notices":[],"_links":{"self":[{"href":"https:\/\/yachtcharter-connection.com\/es\/wp-json\/wp\/v2\/pages\/26316"}],"collection":[{"href":"https:\/\/yachtcharter-connection.com\/es\/wp-json\/wp\/v2\/pages"}],"about":[{"href":"https:\/\/yachtcharter-connection.com\/es\/wp-json\/wp\/v2\/types\/page"}],"author":[{"embeddable":true,"href":"https:\/\/yachtcharter-connection.com\/es\/wp-json\/wp\/v2\/users\/11"}],"replies":[{"embeddable":true,"href":"https:\/\/yachtcharter-connection.com\/es\/wp-json\/wp\/v2\/comments?post=26316"}],"version-history":[{"count":2,"href":"https:\/\/yachtcharter-connection.com\/es\/wp-json\/wp\/v2\/pages\/26316\/revisions"}],"predecessor-version":[{"id":26320,"href":"https:\/\/yachtcharter-connection.com\/es\/wp-json\/wp\/v2\/pages\/26316\/revisions\/26320"}],"wp:attachment":[{"href":"https:\/\/yachtcharter-connection.com\/es\/wp-json\/wp\/v2\/media?parent=26316"}],"curies":[{"name":"wp","href":"https:\/\/api.w.org\/{rel}","templated":true}]}}