{"id":30545,"date":"2023-09-19T13:38:48","date_gmt":"2023-09-19T11:38:48","guid":{"rendered":"http:\/\/yachtcharter-connection.com.w01e47c6.kasserver.com\/?page_id=30545"},"modified":"2025-02-07T19:55:03","modified_gmt":"2025-02-07T17:55:03","slug":"alquiler-de-yates","status":"publish","type":"page","link":"https:\/\/yachtcharter-connection.com\/es\/alquiler-de-yates\/","title":{"rendered":"Alquiler de yates de \u00faltima hora"},"content":{"rendered":"<h1>Alquiler de yates de \u00faltima hora<\/h1>\n<p>\u00a1El yate de sus sue\u00f1os disponible al mejor precio en tiempo real!<\/p>\n<p>Descubra las mejores ofertas de alquiler de yates y aseg\u00farese ofertas exclusivas de \u00faltima hora con ahorros de hasta el 45%. As\u00ed dispondr\u00e1 de m\u00e1s presupuesto a bordo.<\/p>\n<p>Las mejores ofertas para los viajeros de \u00faltima hora: \u00a1nuevas ofertas especiales para las zonas de navegaci\u00f3n m\u00e1s bellas del mundo todos los d\u00edas! Ya sean yates de vela en Croacia y Grecia, catamaranes desde Kos o Split, lanchas motoras desde Zadar o Pula o veleros desde Biograd o Trogir &#8211; tenemos la oferta de alquiler adecuada para cada presupuesto.<\/p>\n<p>Con m\u00e1s de 5000 ofertas de alquiler de yates en m\u00e1s de 600 destinos, le garantizamos que encontrar\u00e1 su barco perfecto. Y si no, nuestro equipo de expertos est\u00e1 siempre a su disposici\u00f3n para ayudarle. En nuestra flota mundial de m\u00e1s de 9000 yates, tenemos la soluci\u00f3n adecuada para cada deseo.<\/p>\n<p>&nbsp;<\/p>\n<p><strong>Nota:<\/strong>El tiempo de carga de los yates puede tardar un poco.<br \/>\n<iframe loading=\"lazy\" src=\"https:\/\/www.booking-manager.com\/wbm2\/page.html?companyid=662&amp;setlang=es&amp;view=Lastminute&amp;sortBy=11&amp;sortDirection=-1\" width=\"100%\" height=\"750\" frameborder=\"0\" scrolling=\"auto\"><\/iframe><\/p>\n","protected":false},"excerpt":{"rendered":"<p>Alquiler de yates de \u00faltima hora \u00a1El yate de sus sue\u00f1os disponible al mejor precio en tiempo real! Descubra las mejores ofertas de alquiler de yates y aseg\u00farese ofertas exclusivas de \u00faltima hora con ahorros de hasta el 45%. As\u00ed dispondr\u00e1 de m\u00e1s presupuesto a bordo. Las mejores ofertas para<\/p>\n","protected":false},"author":11,"featured_media":0,"parent":0,"menu_order":0,"comment_status":"closed","ping_status":"closed","template":"","meta":[],"aioseo_notices":[],"_links":{"self":[{"href":"https:\/\/yachtcharter-connection.com\/es\/wp-json\/wp\/v2\/pages\/30545"}],"collection":[{"href":"https:\/\/yachtcharter-connection.com\/es\/wp-json\/wp\/v2\/pages"}],"about":[{"href":"https:\/\/yachtcharter-connection.com\/es\/wp-json\/wp\/v2\/types\/page"}],"author":[{"embeddable":true,"href":"https:\/\/yachtcharter-connection.com\/es\/wp-json\/wp\/v2\/users\/11"}],"replies":[{"embeddable":true,"href":"https:\/\/yachtcharter-connection.com\/es\/wp-json\/wp\/v2\/comments?post=30545"}],"version-history":[{"count":6,"href":"https:\/\/yachtcharter-connection.com\/es\/wp-json\/wp\/v2\/pages\/30545\/revisions"}],"predecessor-version":[{"id":31158,"href":"https:\/\/yachtcharter-connection.com\/es\/wp-json\/wp\/v2\/pages\/30545\/revisions\/31158"}],"wp:attachment":[{"href":"https:\/\/yachtcharter-connection.com\/es\/wp-json\/wp\/v2\/media?parent=30545"}],"curies":[{"name":"wp","href":"https:\/\/api.w.org\/{rel}","templated":true}]}}