{"id":383,"date":"2014-06-28T16:40:12","date_gmt":"2014-06-28T16:40:12","guid":{"rendered":"http:\/\/yachtcharter-connection.com.w01e47c6.kasserver.com\/alquiler-barcos-australia\/"},"modified":"2017-10-16T22:18:03","modified_gmt":"2017-10-16T20:18:03","slug":"alquiler-barcos-australia","status":"publish","type":"page","link":"https:\/\/yachtcharter-connection.com\/es\/paises\/alquiler-barcos-australia\/","title":{"rendered":"Australia"},"content":{"rendered":"<h1><strong>Alquiler de barcos Australia<\/strong><\/h1>\n<p><img loading=\"lazy\" class=\"content-image\" src=\"https:\/\/yachtcharter-connection.com\/wp-content\/uploads\/converted_files\/18943\/18943-562229b25bff1.jpg\" alt=\"\" width=\"300\" height=\"225\" \/>\u00c9sta es el \u00e1rea de navegaci\u00f3n de ensue\u00f1o que encontramos en el quinto continente. Cuando termin\u00f3 la Edad Glaciar y en consecuencia ascendi\u00f3 el nivel del mar, en el este de Australia, en la zona que hoy es Queensland, una cordillera se separ\u00f3 del continente. Las cumbres de estos montes volc\u00e1nicos son ahora las Islas Whitsunday. Fueron bautizadas por James Cook que atraves\u00f3 la zona en Pentecost\u00e9s del a\u00f1o 1770 y eligi\u00f3 este nombre en honor de la fiesta cristiana del \u201cDomingo Blanco\u201c. Se trata de un archipi\u00e9lago maravilloso formado por 74 islas. La m\u00e1s importante, Whitsunday Island, se ha convertido en un para\u00edso para la navegaci\u00f3n a vela. Se encuentra al abrigo del Great Barrier Reef, el arrecife m\u00e1s grande del mundo, que tiene unos 2.000 kil\u00f3metros de largo y miles de peque\u00f1os arrecifes que se extienden hasta 260 kil\u00f3metros m\u00e1s all\u00e1 de la costa.<\/p>\n<p>Y la gran barrera de coral de los arrecifes resguarda la zona. As\u00ed que es un \u00e1rea adecuada tambi\u00e9n para principiantes o novatos. Sus aguas tranquilas y sin marejadas no suelen presentar problemas; pero de todas maneras es importante saber un poco sobre c\u00f3mo navegar en zona de mareas. Para el navegante es un placer ir saltando relajadamente de isla en isla. S\u00f3lo 17 de ellas est\u00e1n habitadas. Es una zona muy abarcable, las distancias son cortas y los trayectos no resultan complicados. Todo est\u00e1 siempre al alcance de la vista, y continuamente encontramos deliciosas playas de arenas blancas situadas delante de verdes vergeles, innumerables calas y rincones en los que fondear en aguas de color turquesa. Nombres como el de la playa Whitehaven Beach, situada en Whitsunday, lo dicen todo. El Great Barrier Reef est\u00e1 a unas 35 millas; pero tambi\u00e9n las islas est\u00e1n rodeadas de arrecifes: un aut\u00e9ntico para\u00edso submarino fascinante y variopinto para los amantes del buceo y los deportes submarinos. La mayor\u00eda de las islas son parte del Parque Nacional de Whitsunday Island y todo ello es parte de la gran barrera de coral, zona de protecci\u00f3n natural y patrimonio de la humanidad, \u201cGreat Barrier Reef World Heritage Area\u201d, que incluye un parque marino de unos 35.000 kil\u00f3metros cuadrados. A veces los navegantes tienen la oportunidad de ver ballenas jorobadas (yubartas) y desde luego en la Bird Island anidan las m\u00e1s variadas especies de aves. El clima tropical nos invita a navegar en ch\u00e1rter durante todo el a\u00f1o; pero cuidado, porque de enero a abril es \u00e9poca de lluvias y hay chubascos frecuentes.<\/p>\n<p>Los yates ch\u00e1rter se pueden alquilar en <a href=\"~\/Alquiler_barcos_australia\/airlie_beach.html\">Airlie Beach<\/a>, en el continente. Pero tambi\u00e9n en la isla Hamilton hay un puerto base. Complejos hoteleros encontramos en las islas Daydream Island, Hamilton Island, Lindeman Island, Long Island, South Mole Island, Hayman Island y Hook Island. Cada uno de ellos, as\u00ed como las islas, ofrecen variedad para todos los gustos; desde el ambiente m\u00e1s familiar hasta el lujo pasando por la elegancia y el buen gusto. Y si nos interesa m\u00e1s conocer la regi\u00f3n situada en el norte del Great Barrier Reef, con sus aguas protegidas por los arrecifes de coral, entonces podemos tomar el ch\u00e1rter en Cardwell o en Townsville. Para llegar en avi\u00f3n a las Islas Whitsunday podemos ir v\u00eda Sydney o desde Brisbane.<\/p>\n<p>En el sur hay bases para Alquiler de barcos por ejemplo en Sydney Harbout o a Pittwater, capital del condado del mismo nombre.<\/p>\n<p>&nbsp;<\/p>\n<p><strong>Hay importantes flotas de alquiler de veleros y catamaranes en Australia que no se encuantran en nuestro Yachtfinder: por favor preg\u00fantenos por\u00a0 ofertas. Y, por supuesto, estaremos encantados de enviarle tambi\u00e9n ofertas para los yates de lujo con tripulaci\u00f3n m\u00e1s hermosos en esta \u00e1rea.<\/strong><\/p>\n<p>&nbsp;<\/p>\n<table class=\"RegionsAndSubregions\" style=\"border-collapse: collapse;\" border=\"0\" cellspacing=\"0\">\n<tbody>\n<tr>\n<td>\n<div class=\"SubregionRepeaterTitle\">\n<h2><a href=\"https:\/\/yachtcharter-connection.com\/alquiler-barcos-great-barrier-reef-whitsunday-islands\"> Great Barrier Reef \/ Whitsunday Islands <\/a><\/h2>\n<\/div>\n<div class=\"SmallLinks\">\n<ul>\n<li><a class=\"SmallLinks\" title=\"\" href=\"https:\/\/yachtcharter-connection.com\/airlie-beach-918\"> Airlie Beach <\/a><\/li>\n<li><a class=\"SmallLinks\" title=\"\" href=\"https:\/\/yachtcharter-connection.com\/cairns-204\"> Cairns <\/a><\/li>\n<li><a class=\"SmallLinks\" title=\"\" href=\"https:\/\/yachtcharter-connection.com\/cardwell-422\"> Cardwell <\/a><\/li>\n<li><a class=\"SmallLinks\" title=\"\" href=\"https:\/\/yachtcharter-connection.com\/tin-can-bay-458\"> Tin Can Bay <\/a><\/li>\n<li><a class=\"SmallLinks\" title=\"\" href=\"https:\/\/yachtcharter-connection.com\/townsville-142\"> Townsville <\/a><\/li>\n<\/ul>\n<\/div>\n<\/td>\n<td>\n<div class=\"SubregionRepeaterTitle\">\n<h2><a href=\"https:\/\/yachtcharter-connection.com\/alquiler-barcos-sydney-and-sourroundings\"> Sydney and Sourroundings <\/a><\/h2>\n<\/div>\n<div class=\"SmallLinks\">\n<ul>\n<li><a class=\"SmallLinks\" title=\"\" href=\"https:\/\/yachtcharter-connection.com\/pittwater-890\"> Pittwater <\/a><\/li>\n<li><a class=\"SmallLinks\" title=\"\" href=\"https:\/\/yachtcharter-connection.com\/sydney-harbour-987\"> Sydney Harbour <\/a><\/li>\n<\/ul>\n<\/div>\n<\/td>\n<\/tr>\n<tr>\n<td>\n<div class=\"SubregionRepeaterTitle\">\n<h2><a href=\"https:\/\/yachtcharter-connection.com\/alquiler-barcos-tasmania\"> Tasmania <\/a><\/h2>\n<\/div>\n<div class=\"SmallLinks\">\n<ul>\n<li><a class=\"SmallLinks\" title=\"\" href=\"https:\/\/yachtcharter-connection.com\/hobart-382\"> Hobart <\/a><\/li>\n<\/ul>\n<\/div>\n<\/td>\n<td>\n<div class=\"SubregionRepeaterTitle\">\n<h2><a href=\"https:\/\/yachtcharter-connection.com\/alquiler-barcos-victoria\"> Victoria <\/a><\/h2>\n<\/div>\n<div class=\"SmallLinks\">\n<ul>\n<li><a class=\"SmallLinks\" title=\"\" href=\"https:\/\/yachtcharter-connection.com\/melbourne-547\"> Melbourne <\/a><\/li>\n<\/ul>\n<\/div>\n<\/td>\n<\/tr>\n<\/tbody>\n<\/table>\n","protected":false},"excerpt":{"rendered":"<p>Alquiler de barcos Australia \u00c9sta es el \u00e1rea de navegaci\u00f3n de ensue\u00f1o que encontramos en el quinto continente. Cuando termin\u00f3 la Edad Glaciar y en consecuencia ascendi\u00f3 el nivel del mar, en el este de Australia, en la zona que hoy es Queensland, una cordillera se separ\u00f3 del continente. Las<\/p>\n","protected":false},"author":11,"featured_media":0,"parent":182,"menu_order":0,"comment_status":"open","ping_status":"open","template":"","meta":[],"aioseo_notices":[],"_links":{"self":[{"href":"https:\/\/yachtcharter-connection.com\/es\/wp-json\/wp\/v2\/pages\/383"}],"collection":[{"href":"https:\/\/yachtcharter-connection.com\/es\/wp-json\/wp\/v2\/pages"}],"about":[{"href":"https:\/\/yachtcharter-connection.com\/es\/wp-json\/wp\/v2\/types\/page"}],"author":[{"embeddable":true,"href":"https:\/\/yachtcharter-connection.com\/es\/wp-json\/wp\/v2\/users\/11"}],"replies":[{"embeddable":true,"href":"https:\/\/yachtcharter-connection.com\/es\/wp-json\/wp\/v2\/comments?post=383"}],"version-history":[{"count":2,"href":"https:\/\/yachtcharter-connection.com\/es\/wp-json\/wp\/v2\/pages\/383\/revisions"}],"predecessor-version":[{"id":25270,"href":"https:\/\/yachtcharter-connection.com\/es\/wp-json\/wp\/v2\/pages\/383\/revisions\/25270"}],"up":[{"embeddable":true,"href":"https:\/\/yachtcharter-connection.com\/es\/wp-json\/wp\/v2\/pages\/182"}],"wp:attachment":[{"href":"https:\/\/yachtcharter-connection.com\/es\/wp-json\/wp\/v2\/media?parent=383"}],"curies":[{"name":"wp","href":"https:\/\/api.w.org\/{rel}","templated":true}]}}