{"id":384,"date":"2015-08-10T05:53:32","date_gmt":"2015-08-10T05:53:32","guid":{"rendered":"http:\/\/yachtcharter-connection.com.w01e47c6.kasserver.com\/alquiler-barcos-brasil\/"},"modified":"2016-10-29T19:00:01","modified_gmt":"2016-10-29T17:00:01","slug":"alquiler-barcos-brasil","status":"publish","type":"page","link":"https:\/\/yachtcharter-connection.com\/es\/paises\/alquiler-barcos-brasil\/","title":{"rendered":"Brasil"},"content":{"rendered":"<h3>Alquiler de barcos Brasil<\/h3>\n<p>\n<img loading=\"lazy\" class=\"content-image\"  width=\"300\" height=\"200\" src=\"https:\/\/yachtcharter-connection.com\/wp-content\/uploads\/converted_files\/18944\/18944-562229b9e76c3.jpg\" alt=\"Brasil_ilha_grande_angra_dos_reis\" \/>Un para\u00edso escondido para los amantes de la vela. Este pa\u00eds situado en el hemisferio sur todav\u00eda no se ha convertido en un destino cl\u00e1sico para los ch\u00e1rteres. Pero si quiere descubrir nuevas aguas, navegar en invierno con un maravilloso tiempo veraniego y descubrir naturaleza en estado virgen, puede emprender sus vacaciones en yate ch\u00e1rter en el Atl\u00e1ntico Sur partiendo de Angra dos Reis. Esta ciudad portuaria se encuentra a unos 150 kil\u00f3metros de R\u00edo de Janeiro. Podemos volar a R\u00edo o a Sao Paulo y despu\u00e9s ir hasta Angra dos Reis  en taxi tr\u00e1nsfer. Es la llamada   Costa Verde marcada por la imagen de la selva h\u00fameda, las monta\u00f1as de la Sierra do Mar, el verde que llega hasta el mismo mar. <\/p>\n<p>Hay otras bases de Alquiler de barcos en Rio de Janeiro, San Salvador de Bahia y Ubutuba.<\/p>\n<p><\/p>\n<table  class=\"RegionsAndSubregions\" cellspacing=\"0\" border=\"0\" style=\"border-collapse:collapse;\">\n<tbody>\n<tr>\n<td>\n<div class=\"SubregionRepeaterTitle\">\n<h2><a href=\"https:\/\/yachtcharter-connection.com\/alquiler-barcos-brasil-bahia\"> Brasil &#8211; Bah\u00eda <\/h2>\n<\/div>\n<div class=\"SmallLinks\">\n<ul>\n<li><a class=\"SmallLinks\" href=\"https:\/\/yachtcharter-connection.com\/salvador-da-bahia-982\" title=\"\"> Salvador da Bahia <\/a><\/li>\n<\/ul>\n<\/div>\n<\/td>\n<td>\n<div class=\"SubregionRepeaterTitle\">\n<h2><a href=\"https:\/\/yachtcharter-connection.com\/alquiler-barcos-brasil-costa-verde\"> Brasil &#8211; Costa Verde <\/h2>\n<\/div>\n<div class=\"SmallLinks\">\n<ul>\n<li><a class=\"SmallLinks\" href=\"https:\/\/yachtcharter-connection.com\/angra-dos-reis-150\" title=\"\"> Angra dos Reis <\/a><\/li>\n<li><a class=\"SmallLinks\" href=\"https:\/\/yachtcharter-connection.com\/rio-de-janeiro-240\" title=\"\"> Rio de Janeiro <\/a><\/li>\n<li><a class=\"SmallLinks\" href=\"https:\/\/yachtcharter-connection.com\/ubatuba-445\" title=\"\"> Ubatuba <\/a><\/li>\n<\/ul>\n<\/div>\n<\/td>\n<\/tr>\n<tr><\/tr>\n<\/tbody>\n<\/table>\n","protected":false},"excerpt":{"rendered":"<p>Alquiler de barcos Brasil Un para\u00edso escondido para los amantes de la vela. Este pa\u00eds situado en el hemisferio sur todav\u00eda no se ha convertido en un destino cl\u00e1sico para los ch\u00e1rteres. Pero si quiere descubrir nuevas aguas, navegar en invierno con un maravilloso tiempo veraniego y descubrir naturaleza en<\/p>\n","protected":false},"author":11,"featured_media":0,"parent":182,"menu_order":0,"comment_status":"open","ping_status":"open","template":"","meta":[],"aioseo_notices":[],"_links":{"self":[{"href":"https:\/\/yachtcharter-connection.com\/es\/wp-json\/wp\/v2\/pages\/384"}],"collection":[{"href":"https:\/\/yachtcharter-connection.com\/es\/wp-json\/wp\/v2\/pages"}],"about":[{"href":"https:\/\/yachtcharter-connection.com\/es\/wp-json\/wp\/v2\/types\/page"}],"author":[{"embeddable":true,"href":"https:\/\/yachtcharter-connection.com\/es\/wp-json\/wp\/v2\/users\/11"}],"replies":[{"embeddable":true,"href":"https:\/\/yachtcharter-connection.com\/es\/wp-json\/wp\/v2\/comments?post=384"}],"version-history":[{"count":1,"href":"https:\/\/yachtcharter-connection.com\/es\/wp-json\/wp\/v2\/pages\/384\/revisions"}],"predecessor-version":[{"id":12310,"href":"https:\/\/yachtcharter-connection.com\/es\/wp-json\/wp\/v2\/pages\/384\/revisions\/12310"}],"up":[{"embeddable":true,"href":"https:\/\/yachtcharter-connection.com\/es\/wp-json\/wp\/v2\/pages\/182"}],"wp:attachment":[{"href":"https:\/\/yachtcharter-connection.com\/es\/wp-json\/wp\/v2\/media?parent=384"}],"curies":[{"name":"wp","href":"https:\/\/api.w.org\/{rel}","templated":true}]}}