{"id":385,"date":"2014-06-27T16:13:02","date_gmt":"2014-06-27T16:13:02","guid":{"rendered":"http:\/\/yachtcharter-connection.com.w01e47c6.kasserver.com\/alquiler-barcos-belize\/"},"modified":"2016-10-29T19:00:00","modified_gmt":"2016-10-29T17:00:00","slug":"alquiler-barcos-belize","status":"publish","type":"page","link":"https:\/\/yachtcharter-connection.com\/es\/paises\/alquiler-barcos-belize\/","title":{"rendered":"Belize"},"content":{"rendered":"<h3>Alquiler de barcos Belize &#8211; Belice<\/h3>\n<p>\n<img loading=\"lazy\" class=\"content-image\"  width=\"300\" height=\"225\" src=\"https:\/\/yachtcharter-connection.com\/wp-content\/uploads\/converted_files\/18945\/18945-562229bbd2c25.jpg\" alt=\"Belice_playa_con_palmeras\" \/>Ante la costa de Belice en el Caribe encontramos un \u00e1rea de navegaci\u00f3n de primera categor\u00eda que sin embargo exige cierta experiencia para saber detectar por su color la profundidad del agua. En cualquier caso la zona es m\u00e1s apropiada para navegar en catamar\u00e1n. El Belize Barrier Reef, el arrecife m\u00e1s largo del continente americano, se extiende a trav\u00e9s de m\u00e1s de 160 millas n\u00e1uticas. Es un lugar especialmente apropiado para navegantes a los que les gusta el buceo o el esn\u00f3rquel, debido a la gran variedad de vida submarina que encontramos en sus claras aguas. Un mundo fascinante en el que habitan m\u00e1s de 350 especies de peces. Algunos parques nacionales y reservas marinas de la zona han sido declarados por la UNESCO Patrimonio Natural de la Humanidad, como es el caso del South Water Caye, los Sapodilla Cayes o el Glovers Reef. Half Moon Caye y Great Blue Hole se consideran monumentos nacionales. Pero hay muchos otros peque\u00f1os cayos que nos atraen aunque s\u00f3lo sea por sus prometedores nombres: Laughing Bird Caye, Pelican Caye, Cocoa Caye, Lime Caye,  Seal Caye&hellip;<\/p>\n<p>La basede Alquiler de barcos de Placencia se puede llegar en avi\u00f3n desde Ciudad de Belice.<\/p>\n<p><\/p>\n<table  class=\"RegionsAndSubregions\" cellspacing=\"0\" border=\"0\" style=\"border-collapse:collapse;\">\n<tbody>\n<tr>\n<td>\n<div class=\"SubregionRepeaterTitle\">\n<h2><a href=\"https:\/\/yachtcharter-connection.com\/alquiler-barcos-central-america\"> Central-America <\/h2>\n<\/div>\n<div class=\"SmallLinks\">\n<ul>\n<li><a class=\"SmallLinks\" href=\"https:\/\/yachtcharter-connection.com\/belize-moho-caye-717\" title=\"\"> Belize \/ Moho Caye <\/a><\/li>\n<li><a class=\"SmallLinks\" href=\"https:\/\/yachtcharter-connection.com\/belize-placencia-324\" title=\"\"> Belize \/ Placencia <\/a><\/li>\n<li><a class=\"SmallLinks\" href=\"https:\/\/yachtcharter-connection.com\/belize-puerto-cortes-218\" title=\"\"> Belize \/ Puerto Cortes <\/a><\/li>\n<\/ul>\n<\/div>\n<\/td>\n<\/tr>\n<\/tbody>\n<\/table>\n","protected":false},"excerpt":{"rendered":"<p>Alquiler de barcos Belize &#8211; Belice Ante la costa de Belice en el Caribe encontramos un \u00e1rea de navegaci\u00f3n de primera categor\u00eda que sin embargo exige cierta experiencia para saber detectar por su color la profundidad del agua. En cualquier caso la zona es m\u00e1s apropiada para navegar en catamar\u00e1n.<\/p>\n","protected":false},"author":11,"featured_media":0,"parent":182,"menu_order":0,"comment_status":"open","ping_status":"open","template":"","meta":[],"aioseo_notices":[],"_links":{"self":[{"href":"https:\/\/yachtcharter-connection.com\/es\/wp-json\/wp\/v2\/pages\/385"}],"collection":[{"href":"https:\/\/yachtcharter-connection.com\/es\/wp-json\/wp\/v2\/pages"}],"about":[{"href":"https:\/\/yachtcharter-connection.com\/es\/wp-json\/wp\/v2\/types\/page"}],"author":[{"embeddable":true,"href":"https:\/\/yachtcharter-connection.com\/es\/wp-json\/wp\/v2\/users\/11"}],"replies":[{"embeddable":true,"href":"https:\/\/yachtcharter-connection.com\/es\/wp-json\/wp\/v2\/comments?post=385"}],"version-history":[{"count":1,"href":"https:\/\/yachtcharter-connection.com\/es\/wp-json\/wp\/v2\/pages\/385\/revisions"}],"predecessor-version":[{"id":12308,"href":"https:\/\/yachtcharter-connection.com\/es\/wp-json\/wp\/v2\/pages\/385\/revisions\/12308"}],"up":[{"embeddable":true,"href":"https:\/\/yachtcharter-connection.com\/es\/wp-json\/wp\/v2\/pages\/182"}],"wp:attachment":[{"href":"https:\/\/yachtcharter-connection.com\/es\/wp-json\/wp\/v2\/media?parent=385"}],"curies":[{"name":"wp","href":"https:\/\/api.w.org\/{rel}","templated":true}]}}