{"id":386,"date":"2015-02-09T05:34:45","date_gmt":"2015-02-09T05:34:45","guid":{"rendered":"http:\/\/yachtcharter-connection.com.w01e47c6.kasserver.com\/alquiler-barcos-canada\/"},"modified":"2016-10-29T19:00:02","modified_gmt":"2016-10-29T17:00:02","slug":"alquiler-barcos-canada","status":"publish","type":"page","link":"https:\/\/yachtcharter-connection.com\/es\/paises\/alquiler-barcos-canada\/","title":{"rendered":"Canada"},"content":{"rendered":"<h3>Alquiler de barcos Canad\u00e1<\/h3>\n<p>\n<img loading=\"lazy\" class=\"content-image\"  width=\"300\" height=\"199\" alt=\"\" src=\"https:\/\/yachtcharter-connection.com\/wp-content\/uploads\/converted_files\/18946\/18946-562229bd65a38.jpg\" \/>Todos conocemos las extensas praderas de Canad\u00e1, las Rocky Mountains, sus solitarios lagos, los grandes r\u00edos como el Saint Lawrence, metr\u00f3polis como  Toronto o Montreal; pero pocos saben que la costa oeste canadiense es un \u00e1rea de navegaci\u00f3n fascinante tanto para veleros como para embarcaciones a motor. Estamos hablando de la costa del Pac\u00edfico, concretamente de la regi\u00f3n  British Columbia (la Colombia Brit\u00e1nica). <\/p>\n<p>La verdad es que para viajar en yate la mejor ciudad del mundo es Vancouver. Tenemos amarres en los mejores lugares de la ciudad. Hay quien vive tranquilamente en su barco y por la ma\u00f1ana aparece vestido de traje en el pantal\u00e1n para dirigirse a su oficina en el banco y regresa para disfrutar el fin de semana de la vida en el mar. Y quien no posee su propio yate, seguro que encuentra la embarcaci\u00f3n de sus sue\u00f1os en la ciudad o en la base de Alquiler de barcos en Granville Island. <\/p>\n<p>La costa es irregular, con numerosas calas y bah\u00edas, islas e islotes, fiordos, y encantadoras ciudades portuarias que invitan  a quedarse all\u00ed para siempre. Visualmente podemos disfrutar de un paisaje de un intenso color verde que en ese veranillo de San Mart\u00edn que los canadienses denominan Indian Summer se transforma en una explosi\u00f3n de colorido, de rojos y ocres. Mezclado con el azul profundo del agua y, de fondo, monta\u00f1as como el Whistler Mountain con sus cumbres blancas que en invierno se transforman en pistas de esqu\u00ed, obtenemos la imagen de un sue\u00f1o.   El clima en la regi\u00f3n del Pac\u00edfico es suave. Incluso en invierno no hay verdaderos hielos; pero s\u00ed mucha humedad. Para navegar se recomiendan los meses m\u00e1s secos, entre mayo y septiembre. <\/p>\n<p>El estrecho de Georgia, que separa la costa continental de la isla es un \u00e1rea de navegaci\u00f3n bien abrigada y de aguas tranquilas que invita a navegar relajadamente. Los canadienses distinguen cuatro zonas de  navegaci\u00f3n: la de las Islas  San Juan al sur de Vancouver con el  Friday Harbour, poco antes de  Seattle y la frontera con Estados Unidos, las Islas del Golfo, justo delante de la capital, la  Sunshine Coast m\u00e1s al norte y, detr\u00e1s, Desolation Sound. <\/p>\n<p>Si no encuentra el yate de sus sue\u00f1os entre los que nosotros le ofrecemos, cons\u00faltenos. Estaremos encantados de ampliar nuestra oferta con otros yates que podr\u00e1 tomar directamente en la base de Alquiler de barcos Comox (Desolation Sound) o en Nanaimo en la Isla de  Vancouver.<\/p>\n<p>La segunda \u00e1rea de navegaci\u00f3n m\u00e1s interesante de Canad\u00e1 se encuentra en la costa este, en la regi\u00f3n de Nueva Escocia y su capital Halifax. Hay que decir que no es uno de los mejores lugares ni de los m\u00e1s habituales del turismo ch\u00e1rter, pero es una zona interesante que ofrece cierta variedad. Aqu\u00ed encontramos numeroso clubes de vela y una costa salvaje muy interesante similar  a la de Nueva Inglaterra. Si quiere navegar en esta regi\u00f3n, p\u00f3ngase directamente en contacto con nosotros y le ampliaremos informaci\u00f3n.<br \/>\n<\/p>\n<table  class=\"RegionsAndSubregions\" cellspacing=\"0\" border=\"0\" style=\"border-collapse:collapse;\">\n<tbody>\n<tr>\n<td>\n<div class=\"SubregionRepeaterTitle\">\n<h2><a href=\"https:\/\/yachtcharter-connection.com\/alquiler-barcos-british-columbia\"> British Columbia <\/h2>\n<\/div>\n<div class=\"SmallLinks\">\n<ul>\n<li><a class=\"SmallLinks\" href=\"https:\/\/yachtcharter-connection.com\/desolation-sound-powell-river-120\" title=\"\"> Desolation Sound \/ Powell River <\/a><\/li>\n<li><a class=\"SmallLinks\" href=\"https:\/\/yachtcharter-connection.com\/vancouver-642\" title=\"\"> Vancouver <\/a><\/li>\n<li><a class=\"SmallLinks\" href=\"https:\/\/yachtcharter-connection.com\/vancouver-island-nanaimo-672\" title=\"\"> Vancouver Island \/ Nanaimo <\/a><\/li>\n<li><a class=\"SmallLinks\" href=\"https:\/\/yachtcharter-connection.com\/vancouver-island-sidney-480\" title=\"\"> Vancouver Island \/ Sidney <\/a><\/li>\n<\/ul>\n<\/div>\n<\/td>\n<\/tr>\n<\/tbody>\n<\/table>\n","protected":false},"excerpt":{"rendered":"<p>Alquiler de barcos Canad\u00e1 Todos conocemos las extensas praderas de Canad\u00e1, las Rocky Mountains, sus solitarios lagos, los grandes r\u00edos como el Saint Lawrence, metr\u00f3polis como Toronto o Montreal; pero pocos saben que la costa oeste canadiense es un \u00e1rea de navegaci\u00f3n fascinante tanto para veleros como para embarcaciones a<\/p>\n","protected":false},"author":11,"featured_media":0,"parent":182,"menu_order":0,"comment_status":"open","ping_status":"open","template":"","meta":[],"aioseo_notices":[],"_links":{"self":[{"href":"https:\/\/yachtcharter-connection.com\/es\/wp-json\/wp\/v2\/pages\/386"}],"collection":[{"href":"https:\/\/yachtcharter-connection.com\/es\/wp-json\/wp\/v2\/pages"}],"about":[{"href":"https:\/\/yachtcharter-connection.com\/es\/wp-json\/wp\/v2\/types\/page"}],"author":[{"embeddable":true,"href":"https:\/\/yachtcharter-connection.com\/es\/wp-json\/wp\/v2\/users\/11"}],"replies":[{"embeddable":true,"href":"https:\/\/yachtcharter-connection.com\/es\/wp-json\/wp\/v2\/comments?post=386"}],"version-history":[{"count":1,"href":"https:\/\/yachtcharter-connection.com\/es\/wp-json\/wp\/v2\/pages\/386\/revisions"}],"predecessor-version":[{"id":12345,"href":"https:\/\/yachtcharter-connection.com\/es\/wp-json\/wp\/v2\/pages\/386\/revisions\/12345"}],"up":[{"embeddable":true,"href":"https:\/\/yachtcharter-connection.com\/es\/wp-json\/wp\/v2\/pages\/182"}],"wp:attachment":[{"href":"https:\/\/yachtcharter-connection.com\/es\/wp-json\/wp\/v2\/media?parent=386"}],"curies":[{"name":"wp","href":"https:\/\/api.w.org\/{rel}","templated":true}]}}