{"id":387,"date":"2015-08-10T05:53:32","date_gmt":"2015-08-10T05:53:32","guid":{"rendered":"http:\/\/yachtcharter-connection.com.w01e47c6.kasserver.com\/alquiler-barcos-cuba\/"},"modified":"2018-11-29T18:05:19","modified_gmt":"2018-11-29T16:05:19","slug":"alquiler-barcos-cuba","status":"publish","type":"page","link":"https:\/\/yachtcharter-connection.com\/es\/paises\/alquiler-barcos-cuba\/","title":{"rendered":"Cuba"},"content":{"rendered":"<h1><strong>Alquiler de barcos Cuba<\/strong><\/h1>\n<p><img loading=\"lazy\" class=\"content-image\" src=\"https:\/\/yachtcharter-connection.com\/wp-content\/uploads\/converted_files\/18947\/18947-562229bee6cc1.jpg\" alt=\"\" width=\"300\" height=\"200\" \/>Alquiler de barcos Cuba a menudo comienza con una visita en la Ciudad de La Habana antes de viajar a la base de Alquiler de barcos Cuba en Cienfuegos: Coches oldtimer de mil colores que resisten desde los a\u00f1os 50, impresionantes edificios coloniales que han aguantado el paso del tiempo junto a otros que se han venido abajo, m\u00fasica por doquier, como la del Buena Vista Social Club, la imagen de Fidel y de los viejos revolucionarios como el ch\u00e9 presente en todas partes, largas playas de arena blanca, la frondoda naturaleza caribe\u00f1a, el aroma de los puros habanos, un buen Havanna Club, una estatua de Hemingway a tama\u00f1o natural en los que fueron sus bares favoritos, La Floridita y La Bodeguita del Medio. \u00c9sta es la imagen de Cuba, una regi\u00f3n muy hermosa para Alquiler de barcos. Y es cierta hasta el \u00faltimo detalle.<\/p>\n<p><img loading=\"lazy\" class=\"content-image\" src=\"https:\/\/yachtcharter-connection.com\/wp-content\/uploads\/converted_files\/18947\/18947-562229c0b9f29.jpg\" alt=\"cuba_hemingway\" width=\"300\" height=\"450\" \/>Si queremos navegar por la costa cubana del sur, la r\u00e9gion m\u00e1s importante para el turismo de Alquiler de barcos en Cuba, deber\u00edamos reservar como m\u00ednimo dos d\u00edas para La Habana y alguna excursi\u00f3n. Despu\u00e9s el viaje nos llevar\u00e1 a lo largo del pa\u00eds en direcci\u00f3n sur hasta la base de {#Keyword#} Cuba en Cienfuegos, donde la Corporaci\u00f3n de Turismo Cubanacan ha construido una marina realmente perfecta para el turismo de Alquiler de barcos Cuba. Y Cienfuegos es un lugar precioso; la ciudad ha sido declarada Patrimonio de la Humanidad por la UNESCO.<\/p>\n<p>Un \u00e1rea de navegaci\u00f3n para los equipos de ch\u00e1rter de yates en Cuba es la costa sur y las islas que se encuentran frente a ella, las Cayo Largo, donde encontramos unas calas de ensue\u00f1o. La famosa Playa Gir\u00f3n de la Bah\u00eda de Cochinos, invadida en los a\u00f1os 60, tiene prohibido el acceso; pero en la zona tenemos adem\u00e1s de playas muchos manglares v\u00edrgenes. No hay en esta \u00e1rea ninguna marina para el turismo de Alquiler de barcos Cuba en la que amarrar, aunque s\u00ed muchos lugares maravillosos en los que fondear y naturaleza pura. Tambi\u00e9n son escasos los restaurantes; as\u00ed que es recomendable planear bien las comidas a bordo y partir con la despensa repleta al crucero de alquiler de barcos Cuba. En casi todas las ciudades vamos a ver los restos de su historia colonial. Tambi\u00e9n merece la pena una visita la peque\u00f1a ciudad de Trinidad que, adem\u00e1s de mucha historia, ofrece a los visitante y los que viajan en ch\u00e1rter muchos bares y caf\u00e9s. Y hay que comprar ron y unos puros para llevar a los amigos.<\/p>\n<p>Ahora hay varias bases de ch\u00e1rter Cuba en Cienfuegos &#8211; y otra nueva base de ch\u00e1rter en Cuba en la Marina Playa Ancon muy cerca de Trinidad que ofrece varios catamaranes. Desde all\u00ed, la zona del este de navegar en ch\u00e1rter Cuba, los jardines de la Reina, pero tambi\u00e9n se puede explorar el Canarreos Archipi\u00e9lago en el suroeste.<\/p>\n<h3><strong>Yates, catamaranes y veleros de alquiler en Cuba:<\/strong><\/h3>\n<p><strong>Hay importantes flotas de alquiler de veleros y catamaranes en Cuba que no se encuantran en nuestro Yachtfinder: por favor preg\u00fantenos por\u00a0 ofertas. Y, por supuesto, estaremos encantados de enviarle tambi\u00e9n ofertas para los yates de lujo con tripulaci\u00f3n m\u00e1s hermosos en esta \u00e1rea.<\/strong><\/p>\n<p><strong><a href=\"https:\/\/yachtcharter-connection.com\/es\/alquiler-de-yates-de-lujo-cuba\/\">Alquiler de Yates de Lujo Cuba<\/a><\/strong><\/p>\n<p>Alquiler de barcos Cuba &#8211; navegaci\u00f3n: Aqu\u00ed se encuentra una lista de los puntos de referenica para el viaje en ch\u00e1rter: <a href=\"https:\/\/yachtcharter-connection.com\/wp-content\/uploads\/converted_files\/18947\/18947-562229c234449.pdf\" target=\"_blank\" rel=\"noopener\"><u><b>Waypoints Cuba<\/b><\/u><\/a>.<\/p>\n<h3>Alquiler de barcos Cuba &#8211; Informaci\u00f3n general:<\/h3>\n<p>Idioma: Castellano \/ Espanol<br \/>\nCapital: Havanna (Ciudad de La Habana)<\/p>\n<p>Moneda: oficialmente el Peso Cubano (Cub$, CUP)<br \/>\nPara turistas y el turismo de Alquiler de barcos: Peso Convertible<\/p>\n<p>Hora: MEZ &#8211; 6 h UTC \/ GMT -5 h,<br \/>\nen verano MESZ &#8211; 5 h<\/p>\n<p>Electricidad: 110 \/ 120 V &#8211; se necesita adaptador<\/p>\n<p>Importante: llegando en Cuba, hay que presentar una poliza de seguro de salud de viaje<\/p>\n<p><strong>Los aeropuertos m\u00e1s importantes para Alquiler de barcos en Cuba:<\/strong><br \/>\n&#8211; Havanna &#8211; HAV<br \/>\n&#8211; Cienfuegos &#8211; CFG<br \/>\n&#8211; Cayo Coco &#8211; CCC<br \/>\n&#8211; Cayo Largo &#8211; CYO<\/p>\n<table class=\"RegionsAndSubregions\" style=\"border-collapse: collapse;\" border=\"0\" cellspacing=\"0\">\n<tbody>\n<tr>\n<td>\n<div class=\"SubregionRepeaterTitle\">\n<h2><a href=\"https:\/\/yachtcharter-connection.com\/alquiler-barcos-cuba-cayo-largo\"> Cuba &#8211; Cayo Largo <\/a><\/h2>\n<\/div>\n<div class=\"SmallLinks\">\n<ul>\n<li><a class=\"SmallLinks\" title=\"\" href=\"https:\/\/yachtcharter-connection.com\/cayo-largo-229\"> Cayo Largo <\/a><\/li>\n<li><a class=\"SmallLinks\" title=\"\" href=\"https:\/\/yachtcharter-connection.com\/cienfuegos-332\"> Cienfuegos <\/a><\/li>\n<li><a class=\"SmallLinks\" title=\"\" href=\"https:\/\/yachtcharter-connection.com\/isla-juventud-622\"> Isla Juventud <\/a><\/li>\n<\/ul>\n<\/div>\n<\/td>\n<\/tr>\n<\/tbody>\n<\/table>\n","protected":false},"excerpt":{"rendered":"<p>Alquiler de barcos Cuba Alquiler de barcos Cuba a menudo comienza con una visita en la Ciudad de La Habana antes de viajar a la base de Alquiler de barcos Cuba en Cienfuegos: Coches oldtimer de mil colores que resisten desde los a\u00f1os 50, impresionantes edificios coloniales que han aguantado<\/p>\n","protected":false},"author":11,"featured_media":0,"parent":182,"menu_order":0,"comment_status":"open","ping_status":"open","template":"","meta":[],"aioseo_notices":[],"_links":{"self":[{"href":"https:\/\/yachtcharter-connection.com\/es\/wp-json\/wp\/v2\/pages\/387"}],"collection":[{"href":"https:\/\/yachtcharter-connection.com\/es\/wp-json\/wp\/v2\/pages"}],"about":[{"href":"https:\/\/yachtcharter-connection.com\/es\/wp-json\/wp\/v2\/types\/page"}],"author":[{"embeddable":true,"href":"https:\/\/yachtcharter-connection.com\/es\/wp-json\/wp\/v2\/users\/11"}],"replies":[{"embeddable":true,"href":"https:\/\/yachtcharter-connection.com\/es\/wp-json\/wp\/v2\/comments?post=387"}],"version-history":[{"count":4,"href":"https:\/\/yachtcharter-connection.com\/es\/wp-json\/wp\/v2\/pages\/387\/revisions"}],"predecessor-version":[{"id":26930,"href":"https:\/\/yachtcharter-connection.com\/es\/wp-json\/wp\/v2\/pages\/387\/revisions\/26930"}],"up":[{"embeddable":true,"href":"https:\/\/yachtcharter-connection.com\/es\/wp-json\/wp\/v2\/pages\/182"}],"wp:attachment":[{"href":"https:\/\/yachtcharter-connection.com\/es\/wp-json\/wp\/v2\/media?parent=387"}],"curies":[{"name":"wp","href":"https:\/\/api.w.org\/{rel}","templated":true}]}}