{"id":388,"date":"2015-08-10T05:53:32","date_gmt":"2015-08-10T05:53:32","guid":{"rendered":"http:\/\/yachtcharter-connection.com.w01e47c6.kasserver.com\/alquiler-barcos-cabo-verde\/"},"modified":"2017-10-16T23:03:34","modified_gmt":"2017-10-16T21:03:34","slug":"alquiler-barcos-cabo-verde","status":"publish","type":"page","link":"https:\/\/yachtcharter-connection.com\/es\/paises\/alquiler-barcos-cabo-verde\/","title":{"rendered":"Cabo Verde"},"content":{"rendered":"<h1><strong>Alquiler de barcos Islas de Cabo Verde<\/strong><\/h1>\n<p><a href=\"https:\/\/yachtcharter-connection.com\/wp-content\/uploads\/2015\/08\/Cape-Verde-Islands-Sailing-yachts800.jpg\"><img loading=\"lazy\" class=\"alignleft size-full wp-image-25026\" src=\"https:\/\/yachtcharter-connection.com\/wp-content\/uploads\/2015\/08\/Cape-Verde-Islands-Sailing-yachts800.jpg\" alt=\"Cape-Verde-Islands-Sailing yachts800\" width=\"600\" height=\"380\" srcset=\"https:\/\/yachtcharter-connection.com\/wp-content\/uploads\/2015\/08\/Cape-Verde-Islands-Sailing-yachts800.jpg 600w, https:\/\/yachtcharter-connection.com\/wp-content\/uploads\/2015\/08\/Cape-Verde-Islands-Sailing-yachts800-300x190.jpg 300w\" sizes=\"(max-width: 600px) 100vw, 600px\" \/><\/a>La regi\u00f3n de alquiler de barcos de las Islas de Cabo Verde era hace algunos cientos de a\u00f1os uno de los m\u00e1s importantes puntos de maniobra de los traficantes de esclavos. La poblaci\u00f3n actual desciende de negros africanos, portugueses y otros europeos. Las islas son pobres, los j\u00f3venes que ans\u00edan progresar emigran a Portugal. Mujeres, ni\u00f1os y ancianos se quedan atr\u00e1s. El bienestar econ\u00f3mico dista mucho de llegar a Cabo Verde, aunque progresivamente van produci\u00e9ndose mejoras en la infraestructura tambien para el turismo de Alquiler de barcos.<\/p>\n<p>A la base de Alquiler de barcos en Mindelo en la Isla Sao Vicente se accede pasando por Sal. La llana Isla de Sal es la \u00fanica que, dotada de varios grandes hoteles, explota el turismo. En ella se encuentra el aeropuerto internacional. El trayecto en avi\u00f3n a la base de Alquiler de barcos en Mindelo desde all\u00ed es s\u00f3lo un peque\u00f1o \u201csalto\u201d. En cuanto al aprovisionamiento, conviene adquirir aquello que se necesita en el acto ya que es posible que el pr\u00f3ximo supermercado que encontremos tenga sus estanter\u00edas pr\u00e1cticamente vac\u00edas. Las mejores provisiones nos las proporcionan directamente y nos las traen a bordo los pescadores: at\u00fan fresco, gallineta y otros animales marinos.<\/p>\n<p>A veces hay ofertas especiales de Alquiler de barcos oneway entre la base de Alquiler de barcos en Mindelo y Sal.<\/p>\n<h3>Alquiler de barcos Cabo verde &#8211; islas muy diferentes<\/h3>\n<p><img loading=\"lazy\" class=\"content-image\" src=\"https:\/\/yachtcharter-connection.com\/wp-content\/uploads\/converted_files\/18948\/18948-562229c5a7ba1.jpg\" alt=\"ch\u00e1rter de yates cabo verde - ninos a la playa\" width=\"300\" height=\"225\" \/>La mayor\u00eda de navegantes se mueven casi exclusivamente en el norte del archipi\u00e9lago. San Ant\u00f3n, al noroeste de San Vicente, es la isla de mayor tama\u00f1o. En la playa de Tarafal juegan los ni\u00f1os y observan a los turistas de Alquiler de barcos, a menudo bellezas de ojos azules en rostros oscuros. Los pescadores reparan sus redes, las mujeres a\u00fan lavan la ropa en barre\u00f1os, y al final de la playa hay incluso una pensi\u00f3n alemana.<\/p>\n<p>El maestro del pueblo, uno de los pocos que adem\u00e1s del criollo y el portugu\u00e9s domina el franc\u00e9s, act\u00faa como m\u00e1xima autoridad de la playa, el puerto y la localidad, y da la bienvenida a visitantes y los turistas de Alquiler de barcos interesados, a quienes ense\u00f1a a veces su domicilio particular.<\/p>\n<p>Para practicar el senderismo: visitas guiadas a un cr\u00e1ter con maravillosas vistas a San Ant\u00f3n, picos escarpados, barrancos, valles, bosque y vegetaci\u00f3n tropical.<\/p>\n<p>Santa Luc\u00eda no est\u00e1 habitada, es peque\u00f1a aunque su paisaje es muy bello y apta para una parada de camino hacia San Nicol\u00e1s. Macizos monta\u00f1osos, negras playas y mucha vegetaci\u00f3n verde dominan San Nicol\u00e1s. Aqu\u00ed se practica intensamente la agricultura.<\/p>\n<p>Hermosa y completamente distinta del resto de islas se presenta Boavista: sugestivos paisajes des\u00e9rticos con dunas para hacer senderismo, infinitas playas v\u00edrgenes (junto a una de ellas yace un enorme barco naufragado). Aqu\u00ed se percibe con especial fuerza la cercan\u00eda de \u00c1frica.<\/p>\n<p>&nbsp;<\/p>\n<h2><strong>Barcos de alquiler en Cabo Verde:<\/strong><\/h2>\n<p><strong>Hay bases de ch\u00e1rter de barcos en Mindelo en la isla Sao Vicente y en la isla Sal que alquilan veleros y catamaranes &#8211; por favor preg\u00fantenos por ofertas.<\/strong><\/p>\n<p>&nbsp;<\/p>\n<h3>Alquiler de barcos Rep\u00fablica do Cabo Verde &#8211; Informaci\u00f3n general:<\/h3>\n<p>Idioma: Portuguesa, Creolo (Crioulo)<br \/>\nCapital: Praia<\/p>\n<p>Se necesita pasaporte y visa de la embajada (si se viaja con TACV a veces se puede comprar las visas en el aeropuerto)<\/p>\n<p>Moneda: Escudo de Cabo Verde (CVE)<\/p>\n<p>Hora: MEZ &#8211; 2 horas \/ UTC \/ GMT -1 hora<\/p>\n<p>Electricidad: 220 V<\/p>\n<p>Los aeropuertos m\u00e1s importantes para Alquiler de barcos en Cabo Verde:<\/p>\n<p>&#8211; Sal Amilcar Cabral &#8211; SID &#8211; aeropuerto internacional en la isla de Sal<br \/>\n&#8211; Sao Vicente San Pedro &#8211; VXE &#8211; cerca de la base de Alquiler de barcos in Mindelo<\/p>\n<table class=\"RegionsAndSubregions\" style=\"border-collapse: collapse;\" border=\"0\" cellspacing=\"0\">\n<tbody>\n<tr>\n<td>\n<div class=\"SubregionRepeaterTitle\">\n<h2><a href=\"https:\/\/yachtcharter-connection.com\/alquiler-barcos-cape-verdean-islands\"> Cape Verdean Islands <\/a><\/h2>\n<\/div>\n<div class=\"SmallLinks\">\n<ul>\n<li><a class=\"SmallLinks\" title=\"\" href=\"https:\/\/yachtcharter-connection.com\/alquiler-barcos-sal-palmeira\"> Sal \/ Palmeira <\/a><\/li>\n<li><a class=\"SmallLinks\" title=\"\" href=\"https:\/\/yachtcharter-connection.com\/sao-vincente-316\"> Sao Vincente <\/a><\/li>\n<\/ul>\n<\/div>\n<\/td>\n<\/tr>\n<\/tbody>\n<\/table>\n","protected":false},"excerpt":{"rendered":"<p>Alquiler de barcos Islas de Cabo Verde La regi\u00f3n de alquiler de barcos de las Islas de Cabo Verde era hace algunos cientos de a\u00f1os uno de los m\u00e1s importantes puntos de maniobra de los traficantes de esclavos. La poblaci\u00f3n actual desciende de negros africanos, portugueses y otros europeos. Las<\/p>\n","protected":false},"author":11,"featured_media":0,"parent":182,"menu_order":0,"comment_status":"open","ping_status":"open","template":"","meta":[],"aioseo_notices":[],"_links":{"self":[{"href":"https:\/\/yachtcharter-connection.com\/es\/wp-json\/wp\/v2\/pages\/388"}],"collection":[{"href":"https:\/\/yachtcharter-connection.com\/es\/wp-json\/wp\/v2\/pages"}],"about":[{"href":"https:\/\/yachtcharter-connection.com\/es\/wp-json\/wp\/v2\/types\/page"}],"author":[{"embeddable":true,"href":"https:\/\/yachtcharter-connection.com\/es\/wp-json\/wp\/v2\/users\/11"}],"replies":[{"embeddable":true,"href":"https:\/\/yachtcharter-connection.com\/es\/wp-json\/wp\/v2\/comments?post=388"}],"version-history":[{"count":4,"href":"https:\/\/yachtcharter-connection.com\/es\/wp-json\/wp\/v2\/pages\/388\/revisions"}],"predecessor-version":[{"id":25298,"href":"https:\/\/yachtcharter-connection.com\/es\/wp-json\/wp\/v2\/pages\/388\/revisions\/25298"}],"up":[{"embeddable":true,"href":"https:\/\/yachtcharter-connection.com\/es\/wp-json\/wp\/v2\/pages\/182"}],"wp:attachment":[{"href":"https:\/\/yachtcharter-connection.com\/es\/wp-json\/wp\/v2\/media?parent=388"}],"curies":[{"name":"wp","href":"https:\/\/api.w.org\/{rel}","templated":true}]}}