{"id":389,"date":"2015-08-10T05:53:32","date_gmt":"2015-08-10T05:53:32","guid":{"rendered":"http:\/\/yachtcharter-connection.com.w01e47c6.kasserver.com\/alquiler-barcos-alemania\/"},"modified":"2017-07-11T02:15:54","modified_gmt":"2017-07-11T00:15:54","slug":"alquiler-barcos-alemania","status":"publish","type":"page","link":"https:\/\/yachtcharter-connection.com\/es\/paises\/alquiler-barcos-alemania\/","title":{"rendered":"Alemania"},"content":{"rendered":"<h3>Alquiler de barcos Alemania<\/h3>\n<h4>\nAlquiler de barcos Mar B\u00e1ltico Aleman<\/h4>\n<p>\n<img loading=\"lazy\" class=\"content-image\"  width=\"300\" height=\"200\" alt=\"Mar Baltico Aleman - Warnem\u00fcnde\" src=\"https:\/\/yachtcharter-connection.com\/wp-content\/uploads\/converted_files\/18949\/18949-562229c71d714.jpg\" \/>En el Mar B\u00e1ltico, destino  muy interesante para Alquiler de barcos, los alemanes pueden navegar sin salir de casa. Es un \u00e1rea muy apreciada tanto por los propietarios de yates como por los que navegan en ch\u00e1rter. Tanto el Alquiler de barcos como los amarres tienen precios moderados, llegar a la zona no es ning\u00fan problema, y las rutas para viajes en ch\u00e1rter son variadas y relativamente sencillas ya que no tenemos que tener en cuenta ni declinaciones magn\u00e9ticas ni mareas. <\/p>\n<p>El \u00fanico problema es el tiempo, que incluso en pleno verano es bastante inseguro. Siempre hay que estar atento a las predicciones meteorol\u00f3gicas. Y  es aconsejable que el patr\u00f3n tenga experiencia. Por un lado las condiciones meteorol\u00f3gicas no son siempre las m\u00e1s adecuadas y el tiempo es inestable, pero adem\u00e1s la zona est\u00e1 bastante concurrida y tiene muchas rutas de tr\u00e1fico marino marcadas con balizas por las que navegan profesionales. <br \/>\nAdem\u00e1s los puertos son estrechos y suelen estar llenos, por lo que se requiere cierta rutina y precisi\u00f3n en la realizaci\u00f3n de maniobras, sobre todo en d\u00edas en los que soplan vientos fuertes.<\/p>\n<p>Encontramos bases de Alquiler de barcos en toda la costa alemana; casi tantas como puertos, por ejemplo hay companias de Alquiler de barcos en Eckernf\u00f6rde, Fehmarn, Flensburgo, Heiligenhafen, Kappeln an der Schlei, Kiel, Lubeck, Neustadt, Marina Minde, Greifswald, Rostock, Warnemunde, Wismar, Stralsund y, por supuesto, en la isla R\u00fcgen.<\/p>\n<p>La costa de  Schleswig-Holstein est\u00e1 salpicada de bah\u00edas como la Schlei, la r\u00eda de Flensburgo y la Rada de Kiel, o la bah\u00eda de Lubeck, una zona muy abrigada. En la parte este encontramos las mejores \u00e1reas de navegaci\u00f3n alrededor de la isla de R\u00fcgen, que atrae a los ch\u00e1rteres por su encanto paisaj\u00edstico. La costa alemana del Mar B\u00e1ltico es adem\u00e1s un buen punto de partida para navegar por Dinamarca, sobre todo en la zona sur del pa\u00eds, o por Suecia. Y cada vez son m\u00e1s los navegantes que descubren los encantos de Polonia y su costa b\u00e1ltica. El atractivo de la zona lo completan eventos de gran inter\u00e9s como la semana de regatas de Kiel (Kieler Woche) o la Travem\u00fcnder Woche de Lubeck y la Hansesail.  <\/p>\n<h3>Alquiler de barcos Lagos Alemanes<\/h3>\n<p>\n<img loading=\"lazy\" class=\"content-image\"  width=\"300\" height=\"218\" alt=\"Yate en el lago aleman Chiemsee\" src=\"..\/..\/..\/..\/Regions\/Images\/Germany_Chiemsee_Sunset.jpg_1.html\" \/>Hay algunos lagos Alemanes que son bastante atrativos para navegar y para Alquiler de barcos &#8211; los lagos del sur como el Lago de Constanza (Bodensee) y Chiemsee o los regiones llenas de lagos en el este del pa\u00eds.<\/p>\n<table  class=\"RegionsAndSubregions\" cellspacing=\"0\" border=\"0\" style=\"border-collapse:collapse;\">\n<tbody>\n<tr>\n<td>\n<div class=\"SubregionRepeaterTitle\">\n<h2><a href=\"https:\/\/yachtcharter-connection.com\/alquiler-barcos-baltico-del-sudoeste\"> B\u00e1ltico \/ del sudoeste <\/h2>\n<\/div>\n<div class=\"SmallLinks\">\n<ul>\n<li><a class=\"SmallLinks\" href=\"https:\/\/yachtcharter-connection.com\/eckernf%c3%b6rde-162\" title=\"\"> Eckernf\u00f6rde <\/a><\/li>\n<li><a class=\"SmallLinks\" href=\"https:\/\/yachtcharter-connection.com\/fehmarn-burgtiefe-432\" title=\"\"> Fehmarn \/ Burgtiefe <\/a><\/li>\n<li><a class=\"SmallLinks\" href=\"https:\/\/yachtcharter-connection.com\/flensburg-275\" title=\"\"> Flensburg <\/a><\/li>\n<li><a class=\"SmallLinks\" href=\"https:\/\/yachtcharter-connection.com\/greifswald-194\" title=\"\"> Greifswald <\/a><\/li>\n<li><a class=\"SmallLinks\" href=\"https:\/\/yachtcharter-connection.com\/alquiler-barcos-gro%c3%9fenbrode-heiligenhafen\" title=\"\"> Gro\u00dfenbrode (Heiligenhafen) <\/a><\/li>\n<li><a class=\"SmallLinks\" href=\"https:\/\/yachtcharter-connection.com\/heiligenhafen-148\" title=\"\"> Heiligenhafen <\/a><\/li>\n<li><a class=\"SmallLinks\" href=\"https:\/\/yachtcharter-connection.com\/kappeln-771\" title=\"\"> Kappeln <\/a><\/li>\n<li><a class=\"SmallLinks\" href=\"https:\/\/yachtcharter-connection.com\/kiel-184\" title=\"\"> Kiel <\/a><\/li>\n<li><a class=\"SmallLinks\" href=\"https:\/\/yachtcharter-connection.com\/l%c3%bcbeck-528\" title=\"\"> L\u00fcbeck <\/a><\/li>\n<li><a class=\"SmallLinks\" href=\"https:\/\/yachtcharter-connection.com\/marina-minde-502\" title=\"\"> Marina Minde <\/a><\/li>\n<li><a class=\"SmallLinks\" href=\"https:\/\/yachtcharter-connection.com\/neustadt-681\" title=\"\"> Neustadt <\/a><\/li>\n<li><a class=\"SmallLinks\" href=\"https:\/\/yachtcharter-connection.com\/rostock-948\" title=\"\"> Rostock <\/a><\/li>\n<li><a class=\"SmallLinks\" href=\"https:\/\/yachtcharter-connection.com\/r%c3%bcgen-glowe-749\" title=\"\"> R\u00fcgen \/ Glowe <\/a><\/li>\n<li><a class=\"SmallLinks\" href=\"https:\/\/yachtcharter-connection.com\/r%c3%bcgen-lauterbach-436\" title=\"\"> R\u00fcgen \/ Lauterbach <\/a><\/li>\n<li><a class=\"SmallLinks\" href=\"https:\/\/yachtcharter-connection.com\/r%c3%bcgen-schaprode-352\" title=\"\"> R\u00fcgen \/ Schaprode <\/a><\/li>\n<li><a class=\"SmallLinks\" href=\"https:\/\/yachtcharter-connection.com\/r%c3%bcgen-breege-828\" title=\"\"> R\u00fcgen\/Breege <\/a><\/li>\n<li><a class=\"SmallLinks\" href=\"https:\/\/yachtcharter-connection.com\/stralsund-136\" title=\"\"> Stralsund <\/a><\/li>\n<li><a class=\"SmallLinks\" href=\"https:\/\/yachtcharter-connection.com\/wismar-375\" title=\"\"> Wismar <\/a><\/li>\n<\/ul>\n<\/div>\n<\/td>\n<td>\n<div class=\"SubregionRepeaterTitle\">\n<h2><a href=\"https:\/\/yachtcharter-connection.com\/alquiler-barcos-chiemsee\"> Chiemsee <\/h2>\n<\/div>\n<div class=\"SmallLinks\">\n<ul>\n<li><a class=\"SmallLinks\" href=\"https:\/\/yachtcharter-connection.com\/gollenshausen-am-chiemsee-816\" title=\"\"> Gollenshausen am Chiemsee <\/a><\/li>\n<\/ul>\n<\/div>\n<\/td>\n<\/tr>\n<tr>\n<td>\n<div class=\"SubregionRepeaterTitle\">\n<h2><a href=\"https:\/\/yachtcharter-connection.com\/alquiler-barcos-havelland-berlin\"> Havelland &#8211; Berlin <\/h2>\n<\/div>\n<div class=\"SmallLinks\">\n<ul>\n<li><a class=\"SmallLinks\" href=\"https:\/\/yachtcharter-connection.com\/alquiler-barcos-berlin-k%c3%b6penick\" title=\"\"> Berlin \/ K\u00f6penick <\/a><\/li>\n<li><a class=\"SmallLinks\" href=\"https:\/\/yachtcharter-connection.com\/brandenburg-807\" title=\"\"> Brandenburg <\/a><\/li>\n<li><a class=\"SmallLinks\" href=\"https:\/\/yachtcharter-connection.com\/potsdam-241\" title=\"\"> Potsdam <\/a><\/li>\n<li><a class=\"SmallLinks\" href=\"https:\/\/yachtcharter-connection.com\/spandau-467\" title=\"\"> Spandau <\/a><\/li>\n<li><a class=\"SmallLinks\" href=\"https:\/\/yachtcharter-connection.com\/alquiler-barcos-werder-havel\" title=\"\"> Werder Havel <\/a><\/li>\n<\/ul>\n<\/div>\n<\/td>\n<td>\n<div class=\"SubregionRepeaterTitle\">\n<h2><a href=\"https:\/\/yachtcharter-connection.com\/alquiler-barcos-lago-de-constanza\"> Lago de Constanza <\/h2>\n<\/div>\n<div class=\"SmallLinks\">\n<ul>\n<li><a class=\"SmallLinks\" href=\"https:\/\/yachtcharter-connection.com\/konstanz-715\" title=\"\"> Konstanz <\/a><\/li>\n<li><a class=\"SmallLinks\" href=\"https:\/\/yachtcharter-connection.com\/kressbronn-913\" title=\"\"> Kressbronn <\/a><\/li>\n<li><a class=\"SmallLinks\" href=\"https:\/\/yachtcharter-connection.com\/langenargen-866\" title=\"\"> Langenargen <\/a><\/li>\n<li><a class=\"SmallLinks\" href=\"https:\/\/yachtcharter-connection.com\/lindau-113\" title=\"\"> Lindau <\/a><\/li>\n<li><a class=\"SmallLinks\" href=\"https:\/\/yachtcharter-connection.com\/ludwigshafen-a-bodensee-957\" title=\"\"> Ludwigshafen a. Bodensee <\/a><\/li>\n<li><a class=\"SmallLinks\" href=\"https:\/\/yachtcharter-connection.com\/sipplingen-956\" title=\"\"> Sipplingen <\/a><\/li>\n<li><a class=\"SmallLinks\" href=\"https:\/\/yachtcharter-connection.com\/%c3%bcberlingen-717\" title=\"\"> \u00dcberlingen <\/a><\/li>\n<\/ul>\n<\/div>\n<\/td>\n<\/tr>\n<tr>\n<td>\n<div class=\"SubregionRepeaterTitle\">\n<h2><a href=\"https:\/\/yachtcharter-connection.com\/alquiler-barcos-mecklenburgische-seenplatte-brandenburgo\"> Mecklenburgische Seenplatte \/ Brandenburgo <\/h2>\n<\/div>\n<div class=\"SmallLinks\">\n<ul>\n<li><a class=\"SmallLinks\" href=\"https:\/\/yachtcharter-connection.com\/f%c3%bcrstenberg-an-der-havel-801\" title=\"\"> F\u00fcrstenberg an der Havel <\/a><\/li>\n<li><a class=\"SmallLinks\" href=\"https:\/\/yachtcharter-connection.com\/alquiler-barcos-lenzer-hafen\" title=\"\"> Lenzer Hafen <\/a><\/li>\n<li><a class=\"SmallLinks\" href=\"https:\/\/yachtcharter-connection.com\/l%c3%bcbz-391\" title=\"\"> L\u00fcbz <\/a><\/li>\n<li><a class=\"SmallLinks\" href=\"https:\/\/yachtcharter-connection.com\/m%c3%bcritz-malchow-216\" title=\"\"> Malchow <\/a><\/li>\n<li><a class=\"SmallLinks\" href=\"https:\/\/yachtcharter-connection.com\/marina-wolfsbruch-144\" title=\"\"> Marina Wolfsbruch <\/a><\/li>\n<li><a class=\"SmallLinks\" href=\"https:\/\/yachtcharter-connection.com\/alquiler-barcos-m%c3%bcritz-buchholz\" title=\"\"> M\u00fcritz \/ Buchholz <\/a><\/li>\n<li><a class=\"SmallLinks\" href=\"https:\/\/yachtcharter-connection.com\/m%c3%bcritz-hafendorf-m%c3%bcritz-990\" title=\"\"> M\u00fcritz \/ Hafendorf M\u00fcritz <\/a><\/li>\n<li><a class=\"SmallLinks\" href=\"https:\/\/yachtcharter-connection.com\/m%c3%bcritz-jabel-132\" title=\"\"> M\u00fcritz \/ Jabel <\/a><\/li>\n<li><a class=\"SmallLinks\" href=\"https:\/\/yachtcharter-connection.com\/m%c3%bcritz-marina-claassee-910\" title=\"\"> M\u00fcritz \/ Marina Claassee <\/a><\/li>\n<li><a class=\"SmallLinks\" href=\"https:\/\/yachtcharter-connection.com\/m%c3%bcritz-waren-483\" title=\"\"> M\u00fcritz \/ Waren <\/a><\/li>\n<li><a class=\"SmallLinks\" href=\"https:\/\/yachtcharter-connection.com\/rheinsberg-381\" title=\"\"> Rheinsberg <\/a><\/li>\n<li><a class=\"SmallLinks\" href=\"https:\/\/yachtcharter-connection.com\/alquiler-barcos-zehdenick\" title=\"\"> Zehdenick <\/a><\/li>\n<\/ul>\n<\/div>\n<\/td>\n<td>\n<div class=\"SubregionRepeaterTitle\">\n<h2><a href=\"https:\/\/yachtcharter-connection.com\/alquiler-barcos-neckar\"> Neckar <\/h2>\n<\/div>\n<div class=\"SmallLinks\">\n<ul>\n<li><a class=\"SmallLinks\" href=\"https:\/\/yachtcharter-connection.com\/hassmersheim-639\" title=\"\"> Hassmersheim <\/a><\/li>\n<li><a class=\"SmallLinks\" href=\"https:\/\/yachtcharter-connection.com\/zzz-test-only-380\" title=\"\"> ZZZ-Test_only <\/a><\/li>\n<\/ul>\n<\/div>\n<\/td>\n<\/tr>\n<tr>\n<td>\n<div class=\"SubregionRepeaterTitle\">\n<h2><a href=\"https:\/\/yachtcharter-connection.com\/alquiler-barcos-north-baltic-sea-channel\"> North-Baltic-Sea-Channel <\/h2>\n<\/div>\n<div class=\"SmallLinks\">\n<ul>\n<li><a class=\"SmallLinks\" href=\"https:\/\/yachtcharter-connection.com\/alquiler-barcos-hamburg\" title=\"\"> Hamburg <\/a><\/li>\n<li><a class=\"SmallLinks\" href=\"https:\/\/yachtcharter-connection.com\/rendsburg-145\" title=\"\"> Rendsburg <\/a><\/li>\n<\/ul>\n<\/div>\n<\/td>\n<td>\n<div class=\"SubregionRepeaterTitle\">\n<h2><a href=\"https:\/\/yachtcharter-connection.com\/alquiler-barcos-saarland\"> Saar \/ Mosel <\/h2>\n<\/div>\n<div class=\"SmallLinks\">\n<ul>\n<li><a class=\"SmallLinks\" href=\"https:\/\/yachtcharter-connection.com\/alquiler-barcos-saar-merzig\" title=\"\"> Saar \/ Merzig <\/a><\/li>\n<li><a class=\"SmallLinks\" href=\"https:\/\/yachtcharter-connection.com\/saarbr%c3%bccken-268\" title=\"\"> Saarbr\u00fccken <\/a><\/li>\n<\/ul>\n<\/div>\n<\/td>\n<\/tr>\n<tr><\/tr>\n<\/tbody>\n<\/table>\n","protected":false},"excerpt":{"rendered":"<p>Alquiler de barcos Alemania Alquiler de barcos Mar B\u00e1ltico Aleman En el Mar B\u00e1ltico, destino muy interesante para Alquiler de barcos, los alemanes pueden navegar sin salir de casa. Es un \u00e1rea muy apreciada tanto por los propietarios de yates como por los que navegan en ch\u00e1rter. Tanto el Alquiler<\/p>\n","protected":false},"author":11,"featured_media":0,"parent":182,"menu_order":0,"comment_status":"open","ping_status":"open","template":"","meta":[],"aioseo_notices":[],"_links":{"self":[{"href":"https:\/\/yachtcharter-connection.com\/es\/wp-json\/wp\/v2\/pages\/389"}],"collection":[{"href":"https:\/\/yachtcharter-connection.com\/es\/wp-json\/wp\/v2\/pages"}],"about":[{"href":"https:\/\/yachtcharter-connection.com\/es\/wp-json\/wp\/v2\/types\/page"}],"author":[{"embeddable":true,"href":"https:\/\/yachtcharter-connection.com\/es\/wp-json\/wp\/v2\/users\/11"}],"replies":[{"embeddable":true,"href":"https:\/\/yachtcharter-connection.com\/es\/wp-json\/wp\/v2\/comments?post=389"}],"version-history":[{"count":1,"href":"https:\/\/yachtcharter-connection.com\/es\/wp-json\/wp\/v2\/pages\/389\/revisions"}],"predecessor-version":[{"id":12316,"href":"https:\/\/yachtcharter-connection.com\/es\/wp-json\/wp\/v2\/pages\/389\/revisions\/12316"}],"up":[{"embeddable":true,"href":"https:\/\/yachtcharter-connection.com\/es\/wp-json\/wp\/v2\/pages\/182"}],"wp:attachment":[{"href":"https:\/\/yachtcharter-connection.com\/es\/wp-json\/wp\/v2\/media?parent=389"}],"curies":[{"name":"wp","href":"https:\/\/api.w.org\/{rel}","templated":true}]}}