{"id":390,"date":"2015-08-10T05:53:32","date_gmt":"2015-08-10T05:53:32","guid":{"rendered":"http:\/\/yachtcharter-connection.com.w01e47c6.kasserver.com\/alquiler-barcos-espana\/"},"modified":"2024-01-28T13:15:03","modified_gmt":"2024-01-28T11:15:03","slug":"alquiler-barcos-espana","status":"publish","type":"page","link":"https:\/\/yachtcharter-connection.com\/es\/paises\/alquiler-barcos-espana\/","title":{"rendered":"Espa\u00f1a"},"content":{"rendered":"<h1><strong>Alquiler de barcos Espa\u00f1a<\/strong><\/h1>\n<p><iframe loading=\"lazy\" class=\"wbm\" src=\"https:\/\/www.booking-manager.com\/wbm2\/page.html?companyid=662&amp;setlang=es&amp;view=SmallSearchForm&amp;hidetitle=true&amp;target=_top&amp;controllerPage=https:\/\/yachtcharter-connection.com\/mmk-results-en&amp;target=_top&amp;filter_country=ES\" frameborder=\"0\" height=\"200\" width=\"100%\" scrolling=\"yes\" id=\"wbmResult\"><\/iframe><\/p>\n<p><a href=\"https:\/\/yachtcharter-connection.com\/wp-content\/uploads\/2015\/08\/Spain-yacht-charters.jpg\"><img loading=\"lazy\" class=\"alignleft size-full wp-image-25474\" src=\"https:\/\/yachtcharter-connection.com\/wp-content\/uploads\/2015\/08\/Spain-yacht-charters.jpg\" alt=\"alquiler de barcos espa\u00f1a baleares\" width=\"501\" height=\"333\" srcset=\"https:\/\/yachtcharter-connection.com\/wp-content\/uploads\/2015\/08\/Spain-yacht-charters.jpg 501w, https:\/\/yachtcharter-connection.com\/wp-content\/uploads\/2015\/08\/Spain-yacht-charters-300x199.jpg 300w\" sizes=\"(max-width: 501px) 100vw, 501px\" \/><\/a>Para navegar y alquiler de barcos en Espa\u00f1a encontramos varias regiones atractivas y diferentes perfecamente equipadas. Como destino ch\u00e1rter tenemos en primer lugar las <a href=\"https:\/\/yachtcharter-connection.com\/es\/regiones\/mediterraneo\/alquiler-barcos-baleares-mallorca-menorca-ibiza\/\">Islas Baleares<\/a>, la regi\u00f3n mas importante para el turismo de Alquiler de barcos; pero tambi\u00e9n est\u00e1 la zona que va de la <a href=\"https:\/\/yachtcharter-connection.com\/es\/regiones\/mediterraneo\/alquiler-barcos-costa-espanola-barcelona\/\">Costa Brava<\/a> en el norte hasta la <a href=\"https:\/\/yachtcharter-connection.com\/es\/regiones\/mediterraneo\/alquiler-barcos-andalucia-costa-del-sol\/\">Costa del Sol <\/a>en el sur, en el Mediterr\u00e1neo; y en el Atl\u00e1ntico las <a href=\"https:\/\/yachtcharter-connection.com\/es\/regiones\/atlantico-africa-occidental\/alquiler-barcos-canarias\/\">Canarias<\/a> para navegar con viento fuerte. En principio en todas las regiones se puede navegar durante todo el a\u00f1o; pero las Canarias se adecuan m\u00e1s para el invierno, la Costa Brava se prefiere en verano, y en las Baleares se navega sobre todo en la temporada que empieza en abril y avanza hasta bien entrado noviembre. El sur de Espa\u00f1a tambi\u00e9n es muy agradable para Alquiler de barcos en invierno, pero el agua est\u00e1 entonces demasiado fr\u00eda como para ba\u00f1arse.<\/p>\n<p>Las Baleares, que comprenden Mallorca, Menorca, Ibiza, Formentera , Espalmador y el Archipi\u00e9lago de Cabrera, ofrecen vientos suaves y una navegaci\u00f3n nada dif\u00edcil que se adapta perfectamente a las necesidades de los que todav\u00eda est\u00e1n empezando. Y adem\u00e1s aqu\u00ed encontramos la que es, con diferencia, la mayor oferta de Alquiler de barcos del pa\u00eds. Sobre todo en la costa este de Mallorca tenemos cada dos o m\u00e1ximo cinco millas una bah\u00eda o un puerto, por lo que esta \u00e1rea es muy interesante tambi\u00e9n para familias que navegan con ni\u00f1os. En las Canarias es diferente: las distancias son m\u00e1s largas, hay m\u00e1s marejada y vientos m\u00e1s fuertes.<\/p>\n<p>&nbsp;<\/p>\n<h2><strong>Yates de alquiler Espa\u00f1a:<\/strong><\/h2>\n<p><strong><img loading=\"lazy\" class=\"content-image\" src=\"https:\/\/yachtcharter-connection.com\/wp-content\/uploads\/converted_files\/18950\/18950-562229c8c94d7.jpg\" alt=\"Navegar las Islas Baleares - Bahia en Mallorca\" width=\"300\" height=\"200\" \/>Hay muchas grandes flotas de ch\u00e1rter de yates con veleros, catamaranes y motoras para charter sin tripulaci\u00f3n en Espa\u00f1a, los dem\u00e1s en las islas Baleares y en la islas Canarias &#8211; puede buscar en nuestro Yachtfinder o preguntar por ofertas! Y, por supuesto, estaremos encantados de enviarle ofertas para los yates de alquiler de lujo m\u00e1s bellos con tripulaci\u00f3n en Mallorca, Ibiza y Formentera, Menorca y adem\u00e1s en la costa Espa\u00f1ola.<\/strong><\/p>\n<p>&nbsp;<\/p>\n<h2><\/h2>\n<h2><\/h2>\n<h2><strong>Alquiler de yates de lujo Espa\u00f1a:<\/strong><\/h2>\n<p>&nbsp;<\/p>\n<p><strong>Espa\u00f1a, especialmente las Islas Baleares, es un destino muy popular para las vacaciones en ch\u00e1rter a bordo de yates de lujo, superyates o catamaranes con tripulaci\u00f3n. Aqu\u00ed puede encontrar m\u00e1s informaci\u00f3n sobre<a href=\"https:\/\/yachtcharter-connection.com\/es\/yates-de-lujo-mallorca-ibiza-baleares\/\" target=\"_blank\" rel=\"noopener\"> ch\u00e1rter de yates de lujo en Baleares<\/a>. Estaremos encantados de organizar su charter de yate de lujo en Espa\u00f1a &#8211; \u00a1solicite ofertas!<\/strong><\/p>\n<p>&nbsp;<\/p>\n<p>&nbsp;<\/p>\n<table class=\"RegionsAndSubregions\" style=\"border-collapse: collapse;\" border=\"0\" cellspacing=\"0\">\n<tbody>\n<tr>\n<td>\n<div class=\"SubregionRepeaterTitle\">\n<h2><a href=\"https:\/\/yachtcharter-connection.com\/alquiler-barcos-algarve-costa-de-la-luz\"> Algarve &#8211; Costa de la Luz <\/a><\/h2>\n<\/div>\n<div class=\"SmallLinks\">\n<ul>\n<li><a class=\"SmallLinks\" title=\"\" href=\"https:\/\/yachtcharter-connection.com\/huelva-690\"> Huelva <\/a><\/li>\n<li><a class=\"SmallLinks\" title=\"\" href=\"https:\/\/yachtcharter-connection.com\/mazagon-656\"> Mazag\u00f3n <\/a><\/li>\n<li><a class=\"SmallLinks\" title=\"\" href=\"https:\/\/yachtcharter-connection.com\/punta-umbria-629\"> Punta Umbr\u00eda <\/a><\/li>\n<\/ul>\n<\/div>\n<\/td>\n<td>\n<div class=\"SubregionRepeaterTitle\">\n<h2><a href=\"https:\/\/yachtcharter-connection.com\/alquiler-barcos-andalucia-costa-del-sol\"> Andaluc\u00eda \/ Costa del Sol <\/a><\/h2>\n<\/div>\n<div class=\"SmallLinks\">\n<ul>\n<li><a class=\"SmallLinks\" title=\"\" href=\"https:\/\/yachtcharter-connection.com\/estepona-878\"> Estepona <\/a><\/li>\n<li><a class=\"SmallLinks\" title=\"\" href=\"https:\/\/yachtcharter-connection.com\/malaga-382\"> Malaga <\/a><\/li>\n<li><a class=\"SmallLinks\" title=\"\" href=\"https:\/\/yachtcharter-connection.com\/alquiler-barcos-marbella\"> Marbella <\/a><\/li>\n<\/ul>\n<\/div>\n<\/td>\n<\/tr>\n<tr>\n<td>\n<div class=\"SubregionRepeaterTitle\">\n<h2><a href=\"https:\/\/yachtcharter-connection.com\/alquiler-barcos-baleares-mallorca-menorca-ibiza\"> Baleares (Mallorca &#8211; Menorca &#8211; Ibiza) <\/a><\/h2>\n<\/div>\n<div class=\"SmallLinks\">\n<ul>\n<li><a class=\"SmallLinks\" title=\"\" href=\"https:\/\/yachtcharter-connection.com\/cala-dor\"> Cala D\u00b4Or <\/a><\/li>\n<li><a class=\"SmallLinks\" title=\"\" href=\"https:\/\/yachtcharter-connection.com\/ibiza-eivissa-646\"> Ibiza \/ Eivissa <\/a><\/li>\n<li><a class=\"SmallLinks\" title=\"\" href=\"https:\/\/yachtcharter-connection.com\/ibiza-san-antonio-590\"> Ibiza \/ San Antonio <\/a><\/li>\n<li><a class=\"SmallLinks\" title=\"\" href=\"https:\/\/yachtcharter-connection.com\/ibiza-st-eularia-789\"> Ibiza \/ St. Eularia <\/a><\/li>\n<li><a class=\"SmallLinks\" title=\"\" href=\"https:\/\/yachtcharter-connection.com\/mallorca-cala-d-or\"> Mallorca \/ Cala d&#8217; Or <\/a><\/li>\n<li><a class=\"SmallLinks\" title=\"\" href=\"https:\/\/yachtcharter-connection.com\/mallorca-ca-n-pastilla\"> Mallorca \/ Ca\u2019 n Pastilla <\/a><\/li>\n<li><a class=\"SmallLinks\" title=\"\" href=\"https:\/\/yachtcharter-connection.com\/mallorca-el-arenal\"> Mallorca \/ El Arenal <\/a><\/li>\n<li><a class=\"SmallLinks\" title=\"\" href=\"https:\/\/yachtcharter-connection.com\/mallorca-palma-de-mallorca\"> Mallorca \/ Palma de Mallorca <\/a><\/li>\n<li><a class=\"SmallLinks\" title=\"\" href=\"https:\/\/yachtcharter-connection.com\/mallorca-port-d-andratx\"> Mallorca \/ Port d&#8217; Andratx <\/a><\/li>\n<li><a class=\"SmallLinks\" title=\"\" href=\"https:\/\/yachtcharter-connection.com\/mallorca-porto-cristo\"> Mallorca \/ Porto Cristo <\/a><\/li>\n<li><a class=\"SmallLinks\" title=\"\" href=\"https:\/\/yachtcharter-connection.com\/mallorca-porto-petro\"> Mallorca \/ Porto Petro <\/a><\/li>\n<li><a class=\"SmallLinks\" title=\"\" href=\"https:\/\/yachtcharter-connection.com\/mallorca-portocolom\"> Mallorca \/ Portocolom <\/a><\/li>\n<li><a class=\"SmallLinks\" title=\"\" href=\"https:\/\/yachtcharter-connection.com\/mallorca-puerto-adriano\"> Mallorca \/ Puerto Adriano <\/a><\/li>\n<li><a class=\"SmallLinks\" title=\"\" href=\"https:\/\/yachtcharter-connection.com\/mallorca-puerto-de-alcudia\"> Mallorca \/ Puerto de Alc\u00fadia <\/a><\/li>\n<li><a class=\"SmallLinks\" title=\"\" href=\"https:\/\/yachtcharter-connection.com\/mallorca-puerto-pollensa\"> Mallorca \/ Puerto Pollensa <\/a><\/li>\n<li><a class=\"SmallLinks\" title=\"\" href=\"https:\/\/yachtcharter-connection.com\/mallorca-puerto-portals\"> Mallorca \/ Puerto Portals <\/a><\/li>\n<li><a class=\"SmallLinks\" title=\"\" href=\"https:\/\/yachtcharter-connection.com\/alquiler-barcos-mallorca-sestanyol-de-migjorn\"> Mallorca \/ S\u2019Estanyol de Migjorn <\/a><\/li>\n<li><a class=\"SmallLinks\" title=\"\" href=\"https:\/\/yachtcharter-connection.com\/alquiler-barcos-menorca-ciutadella\"> Menorca \/ Ciutadella <\/a><\/li>\n<li><a class=\"SmallLinks\" title=\"\" href=\"https:\/\/yachtcharter-connection.com\/menorca-mahon\"> Menorca \/ Mah\u00f3n <\/a><\/li>\n<\/ul>\n<\/div>\n<\/td>\n<td>\n<div class=\"SubregionRepeaterTitle\">\n<h2><a href=\"https:\/\/yachtcharter-connection.com\/alquiler-barcos-canarias\"> Canarias <\/a><\/h2>\n<\/div>\n<div class=\"SmallLinks\">\n<ul>\n<li><a class=\"SmallLinks\" title=\"\" href=\"https:\/\/yachtcharter-connection.com\/gran-canaria-las-palmas-de-gran-canaria-271\"> Gran Canaria \/ Las Palmas de Gran Canaria <\/a><\/li>\n<li><a class=\"SmallLinks\" title=\"\" href=\"https:\/\/yachtcharter-connection.com\/gran-canaria-puerto-de-mogan-993\"> Gran Canaria \/ Puerto de Mogan <\/a><\/li>\n<li><a class=\"SmallLinks\" title=\"\" href=\"https:\/\/yachtcharter-connection.com\/gran-canaria-puerto-rico-549\"> Gran Canaria \/ Puerto Rico <\/a><\/li>\n<li><a class=\"SmallLinks\" title=\"\" href=\"https:\/\/yachtcharter-connection.com\/la-gomera-san-sebastian-506\"> La Gomera \/ San Sebasti\u00e0n <\/a><\/li>\n<li><a class=\"SmallLinks\" title=\"\" href=\"https:\/\/yachtcharter-connection.com\/alquiler-barcos-lanzarote-arrecife\"> Lanzarote \/ Arrecife <\/a><\/li>\n<li><a class=\"SmallLinks\" title=\"\" href=\"https:\/\/yachtcharter-connection.com\/alquiler-barcos-lanzarote-isla-graciosa-caleta-de-sebo\"> Lanzarote \/ Isla Graciosa \/ Caleta de Sebo <\/a><\/li>\n<li><a class=\"SmallLinks\" title=\"\" href=\"https:\/\/yachtcharter-connection.com\/lanzarote-marina-rubicon-576\"> Lanzarote \/ Marina Rubicon <\/a><\/li>\n<li><a class=\"SmallLinks\" title=\"\" href=\"https:\/\/yachtcharter-connection.com\/lanzarote-puerto-calero-125\"> Lanzarote \/ Puerto Calero <\/a><\/li>\n<li><a class=\"SmallLinks\" title=\"\" href=\"https:\/\/yachtcharter-connection.com\/las-palmas-251\"> Las Palmas <\/a><\/li>\n<li><a class=\"SmallLinks\" title=\"\" href=\"https:\/\/yachtcharter-connection.com\/puerto-deportivo-radazul\"> Puerto Deportivo Radazul <\/a><\/li>\n<li><a class=\"SmallLinks\" title=\"\" href=\"https:\/\/yachtcharter-connection.com\/tenerife-arona-las-galletas-562\"> Tenerife \/ Las Galletas <\/a><\/li>\n<li><a class=\"SmallLinks\" title=\"\" href=\"https:\/\/yachtcharter-connection.com\/tenerife-puerto-colon-541\"> Tenerife \/ Puerto Colon <\/a><\/li>\n<li><a class=\"SmallLinks\" title=\"\" href=\"https:\/\/yachtcharter-connection.com\/tenerife-san-miguel-535\"> Tenerife \/ San Miguel <\/a><\/li>\n<li><a class=\"SmallLinks\" title=\"\" href=\"https:\/\/yachtcharter-connection.com\/tenerife-santa-cruz-de-tenerife-997\"> Tenerife \/ Santa Cruz de Tenerife <\/a><\/li>\n<\/ul>\n<\/div>\n<\/td>\n<\/tr>\n<tr>\n<td>\n<div class=\"SubregionRepeaterTitle\">\n<h2><a href=\"https:\/\/yachtcharter-connection.com\/alquiler-barcos-costa-espanola-barcelona\"> Costa Espa\u00f1ola &#8211; Barcelona <\/a><\/h2>\n<\/div>\n<div class=\"SmallLinks\">\n<ul>\n<li><a class=\"SmallLinks\" title=\"\" href=\"https:\/\/yachtcharter-connection.com\/altea-puerto-deportivo-campomanes-263\"> Altea \/ Puerto Deportivo Campomanes <\/a><\/li>\n<li><a class=\"SmallLinks\" title=\"\" href=\"https:\/\/yachtcharter-connection.com\/barcelona-614\"> Barcelona <\/a><\/li>\n<li><a class=\"SmallLinks\" title=\"\" href=\"https:\/\/yachtcharter-connection.com\/barcelona-masnou-105\"> Barcelona \/ Masnou <\/a><\/li>\n<li><a class=\"SmallLinks\" title=\"\" href=\"https:\/\/yachtcharter-connection.com\/benalmadena-828\"> Benalmadena <\/a><\/li>\n<li><a class=\"SmallLinks\" title=\"\" href=\"https:\/\/yachtcharter-connection.com\/castellon-portcastello-819\"> Castell\u00f2n \/ Portcastell\u00f3 <\/a><\/li>\n<li><a class=\"SmallLinks\" title=\"\" href=\"https:\/\/yachtcharter-connection.com\/costa-brava-palamos-726\"> Costa Brava \/ Palam\u00f3s <\/a><\/li>\n<li><a class=\"SmallLinks\" title=\"\" href=\"https:\/\/yachtcharter-connection.com\/costa-brava-port-lescala-256\"> Costa Brava \/ Port L&#8217;Escala <\/a><\/li>\n<li><a class=\"SmallLinks\" title=\"\" href=\"https:\/\/yachtcharter-connection.com\/costa-brava-port-lestartit-465\"> Costa Brava \/ Port L&#8217;Estartit <\/a><\/li>\n<li><a class=\"SmallLinks\" title=\"\" href=\"https:\/\/yachtcharter-connection.com\/costa-brava-port-palamos-775\"> Costa Brava \/ Port Palam\u00f3s <\/a><\/li>\n<li><a class=\"SmallLinks\" title=\"\" href=\"https:\/\/yachtcharter-connection.com\/costa-brava-sant-feliu-de-guixols-567\"> Costa Brava \/ Sant Feliu de Gu\u00edxols <\/a><\/li>\n<li><a class=\"SmallLinks\" title=\"\" href=\"https:\/\/yachtcharter-connection.com\/denia-964\"> Denia <\/a><\/li>\n<li><a class=\"SmallLinks\" title=\"\" href=\"https:\/\/yachtcharter-connection.com\/playo-daro-764\"> Playo d&#8217;aro <\/a><\/li>\n<li><a class=\"SmallLinks\" title=\"\" href=\"https:\/\/yachtcharter-connection.com\/port-mataro-771\"> Port Matar\u00f3 <\/a><\/li>\n<li><a class=\"SmallLinks\" title=\"\" href=\"https:\/\/yachtcharter-connection.com\/valencia-727\"> Valencia <\/a><\/li>\n<\/ul>\n<\/div>\n<\/td>\n<td>\n<div class=\"SubregionRepeaterTitle\">\n<h2><a href=\"https:\/\/yachtcharter-connection.com\/alquiler-barcos-galicia-costa-cantabrica\"> Galicia \/ Costa Cant\u00e1brica <\/a><\/h2>\n<\/div>\n<div class=\"SmallLinks\">\n<ul>\n<li><a class=\"SmallLinks\" title=\"\" href=\"https:\/\/yachtcharter-connection.com\/alquiler-barcos-porto\"> Porto <\/a><\/li>\n<li><a class=\"SmallLinks\" title=\"\" href=\"https:\/\/yachtcharter-connection.com\/vigo-540\"> Vigo <\/a><\/li>\n<\/ul>\n<\/div>\n<\/td>\n<\/tr>\n<\/tbody>\n<\/table>\n","protected":false},"excerpt":{"rendered":"<p>Alquiler de barcos Espa\u00f1a Para navegar y alquiler de barcos en Espa\u00f1a encontramos varias regiones atractivas y diferentes perfecamente equipadas. Como destino ch\u00e1rter tenemos en primer lugar las Islas Baleares, la regi\u00f3n mas importante para el turismo de Alquiler de barcos; pero tambi\u00e9n est\u00e1 la zona que va de la<\/p>\n","protected":false},"author":11,"featured_media":0,"parent":182,"menu_order":0,"comment_status":"open","ping_status":"open","template":"","meta":[],"aioseo_notices":[],"_links":{"self":[{"href":"https:\/\/yachtcharter-connection.com\/es\/wp-json\/wp\/v2\/pages\/390"}],"collection":[{"href":"https:\/\/yachtcharter-connection.com\/es\/wp-json\/wp\/v2\/pages"}],"about":[{"href":"https:\/\/yachtcharter-connection.com\/es\/wp-json\/wp\/v2\/types\/page"}],"author":[{"embeddable":true,"href":"https:\/\/yachtcharter-connection.com\/es\/wp-json\/wp\/v2\/users\/11"}],"replies":[{"embeddable":true,"href":"https:\/\/yachtcharter-connection.com\/es\/wp-json\/wp\/v2\/comments?post=390"}],"version-history":[{"count":5,"href":"https:\/\/yachtcharter-connection.com\/es\/wp-json\/wp\/v2\/pages\/390\/revisions"}],"predecessor-version":[{"id":30995,"href":"https:\/\/yachtcharter-connection.com\/es\/wp-json\/wp\/v2\/pages\/390\/revisions\/30995"}],"up":[{"embeddable":true,"href":"https:\/\/yachtcharter-connection.com\/es\/wp-json\/wp\/v2\/pages\/182"}],"wp:attachment":[{"href":"https:\/\/yachtcharter-connection.com\/es\/wp-json\/wp\/v2\/media?parent=390"}],"curies":[{"name":"wp","href":"https:\/\/api.w.org\/{rel}","templated":true}]}}