{"id":391,"date":"2014-06-28T17:31:27","date_gmt":"2014-06-28T17:31:27","guid":{"rendered":"http:\/\/yachtcharter-connection.com.w01e47c6.kasserver.com\/alquiler-barcos-finlandia\/"},"modified":"2017-07-11T04:30:04","modified_gmt":"2017-07-11T02:30:04","slug":"alquiler-barcos-finlandia","status":"publish","type":"page","link":"https:\/\/yachtcharter-connection.com\/es\/paises\/alquiler-barcos-finlandia\/","title":{"rendered":"Finlandia"},"content":{"rendered":"<h3>Alquiler de barcos Finlandia<\/h3>\n<p>\n<img loading=\"lazy\" class=\"content-image\"  height=\"424\" width=\"283\" src=\"https:\/\/yachtcharter-connection.com\/wp-content\/uploads\/converted_files\/18951\/18951-562229d19ff02.jpg\" alt=\"Finlandia\" \/>Finlandia en verano: agua azul clara, bosque verde profundo, extensas campi\u00f1as, numerosas islas e islotes, pe\u00f1ascos, escolleras, viejos pueblos, peque\u00f1os muelles, y un mont\u00f3n de puertos deportivos perfectamente equipados.  La zona del norte del Mar B\u00e1ltico es un gran archipi\u00e9lago;  est\u00e1 plagada de islas e islotes y  es un lugar maravilloso que atrae a muchos navegantes. Pero hay que desplazarse con mucho cuidado. La belleza del paisaje es incomparable, encontramos peque\u00f1os  puertos diseminados a corta distancia unos de otros, pero la zona est\u00e1 llena de arrecifes y escollos y navegar por la noche es realmente imposible. A esta regi\u00f3n  pertenecen m\u00e1s de 100.000 islas. Las calas y bah\u00edas son en muchas ocasiones alargadas y estrechas y  penetran hacia el interior. En las aguas interiores encontramos mucho verdor, mientras la zona exterior es m\u00e1s rocosa.  <\/p>\n<p>En esta regi\u00f3n hay muchos grupos de islas de los cuales las m\u00e1s famosas son las Islas Aland y el archipi\u00e9lago de Turku. Las Islas Aland son una comunidad aut\u00f3noma finlandesa situada entre Suecia y Finlandia, a la entrada del Golfo de Botnia. S\u00f3lo el Archipi\u00e9lago de Aland se compone de m\u00e1s de 6.500 islas e islotes. La lengua oficial es el sueco y la fuente de ingresos m\u00e1s importante para sus habitantes son la navegaci\u00f3n y el turismo. Estas islas se encuentran a una distancia de entre quince y cien kil\u00f3metros del continente. <\/p>\n<p>Las rutas ch\u00e1rter, si no proceden de Estocolmo, suelen iniciarse en <a href=\"~\/Alquiler_barcos_finlandia\/helsinki.html\">Helsinki<\/a>, en la costa del Golfo de Finlandia. O bien en <a href=\"~\/Alquiler_barcos_finlandia\/turku.html\">Turku<\/a>, con su archipi\u00e9lago que comprende m\u00e1s de 20.000 islas, en <a href=\"~\/Alquiler_barcos_finlandia\/airisto.html\">Airisto<\/a> en la zona del Archipi\u00e9lago de Turku, o en  <a href=\"~\/Alquiler_barcos_finlandia\/taalintehdas.html\">Taalintehdas<\/a> en la costa suroeste. Si lo que nos interesa es conocer bien  las Islas  Aland, tambi\u00e9n podemos tomar la embarcaci\u00f3n ch\u00e1rter en <a href=\"~\/Alquiler_barcos_finlandia\/mariehamn.html\">Marianhamn<\/a>. Gullkrona, una islita de ensue\u00f1o situada entre Turku y Aland tiene fama de ser un lugar especialmente bello. <\/p>\n<p>La mejor \u00e9poca para navegar es el verano, desde junio hasta mitades de agosto, cuando sopla viento suave. A partir de estas fechas empiezan las rachas de fuertes vientos de oto\u00f1o. La temporada de vela en Finlandia abarca oficialmente de mayo a finales de septiembre. Las posibilidades para reponer provisiones en las ciudades m\u00e1s grandes son muy buenas y desde luego, cuando estemos en mitad de ese planeta de islas e islotes, es importante tener la despensa bien llena. Las especialidades culinarias de la regi\u00f3n: la carne de reno y el pescado. <\/p>\n<p><\/p>\n<table  class=\"RegionsAndSubregions\" cellspacing=\"0\" border=\"0\" style=\"border-collapse:collapse;\">\n<tbody>\n<tr>\n<td>\n<div class=\"SubregionRepeaterTitle\">\n<h2><a href=\"https:\/\/yachtcharter-connection.com\/alquiler-barcos-baltico-del-noreste\"> B\u00e1ltico del noreste <\/h2>\n<\/div>\n<div class=\"SmallLinks\">\n<ul>\n<li><a class=\"SmallLinks\" href=\"https:\/\/yachtcharter-connection.com\/airisto-810\" title=\"\"> Airisto <\/a><\/li>\n<li><a class=\"SmallLinks\" href=\"https:\/\/yachtcharter-connection.com\/helsinki-630\" title=\"\"> Helsinki <\/a><\/li>\n<li><a class=\"SmallLinks\" href=\"https:\/\/yachtcharter-connection.com\/helsinki-turku-kasn%c3%a4s-832\" title=\"\"> Helsinki \/ Turku \/ Kasn\u00e4s <\/a><\/li>\n<li><a class=\"SmallLinks\" href=\"https:\/\/yachtcharter-connection.com\/mariehamn-925\" title=\"\"> Mariehamn <\/a><\/li>\n<li><a class=\"SmallLinks\" href=\"https:\/\/yachtcharter-connection.com\/taalintehdas-134\" title=\"\"> Taalintehdas <\/a><\/li>\n<li><a class=\"SmallLinks\" href=\"https:\/\/yachtcharter-connection.com\/turku-482\" title=\"\"> Turku <\/a><\/li>\n<\/ul>\n<\/div>\n<\/td>\n<td>\n<div class=\"SubregionRepeaterTitle\">\n<h2><a href=\"https:\/\/yachtcharter-connection.com\/alquiler-barcos-finland-mikkeli\"> Finland \/ Mikkeli <\/h2>\n<\/div>\n<div class=\"SmallLinks\">\n<ul>\n<li><a class=\"SmallLinks\" href=\"https:\/\/yachtcharter-connection.com\/savolinna-939\" title=\"\"> Savolinna <\/a><\/li>\n<\/ul>\n<\/div>\n<\/td>\n<\/tr>\n<tr>\n<td>\n<div class=\"SubregionRepeaterTitle\">\n<h2><a href=\"https:\/\/yachtcharter-connection.com\/alquiler-barcos-finland-saimaa-lake-district\"> Finland \/ Saimaa Lake District <\/h2>\n<\/div>\n<div class=\"SmallLinks\">\n<ul>\n<li><a class=\"SmallLinks\" href=\"https:\/\/yachtcharter-connection.com\/varparanta-897\" title=\"\"> Varparanta <\/a><\/li>\n<\/ul>\n<\/div>\n<\/td>\n<\/tr>\n<\/tbody>\n<\/table>\n","protected":false},"excerpt":{"rendered":"<p>Alquiler de barcos Finlandia Finlandia en verano: agua azul clara, bosque verde profundo, extensas campi\u00f1as, numerosas islas e islotes, pe\u00f1ascos, escolleras, viejos pueblos, peque\u00f1os muelles, y un mont\u00f3n de puertos deportivos perfectamente equipados. La zona del norte del Mar B\u00e1ltico es un gran archipi\u00e9lago; est\u00e1 plagada de islas e islotes<\/p>\n","protected":false},"author":11,"featured_media":0,"parent":182,"menu_order":0,"comment_status":"open","ping_status":"open","template":"","meta":[],"aioseo_notices":[],"_links":{"self":[{"href":"https:\/\/yachtcharter-connection.com\/es\/wp-json\/wp\/v2\/pages\/391"}],"collection":[{"href":"https:\/\/yachtcharter-connection.com\/es\/wp-json\/wp\/v2\/pages"}],"about":[{"href":"https:\/\/yachtcharter-connection.com\/es\/wp-json\/wp\/v2\/types\/page"}],"author":[{"embeddable":true,"href":"https:\/\/yachtcharter-connection.com\/es\/wp-json\/wp\/v2\/users\/11"}],"replies":[{"embeddable":true,"href":"https:\/\/yachtcharter-connection.com\/es\/wp-json\/wp\/v2\/comments?post=391"}],"version-history":[{"count":1,"href":"https:\/\/yachtcharter-connection.com\/es\/wp-json\/wp\/v2\/pages\/391\/revisions"}],"predecessor-version":[{"id":12325,"href":"https:\/\/yachtcharter-connection.com\/es\/wp-json\/wp\/v2\/pages\/391\/revisions\/12325"}],"up":[{"embeddable":true,"href":"https:\/\/yachtcharter-connection.com\/es\/wp-json\/wp\/v2\/pages\/182"}],"wp:attachment":[{"href":"https:\/\/yachtcharter-connection.com\/es\/wp-json\/wp\/v2\/media?parent=391"}],"curies":[{"name":"wp","href":"https:\/\/api.w.org\/{rel}","templated":true}]}}