{"id":392,"date":"2014-06-28T01:22:14","date_gmt":"2014-06-28T01:22:14","guid":{"rendered":"http:\/\/yachtcharter-connection.com.w01e47c6.kasserver.com\/alquiler-barcos-fiji\/"},"modified":"2016-10-29T19:00:06","modified_gmt":"2016-10-29T17:00:06","slug":"alquiler-barcos-fiji","status":"publish","type":"page","link":"https:\/\/yachtcharter-connection.com\/es\/paises\/alquiler-barcos-fiji\/","title":{"rendered":"Fiji"},"content":{"rendered":"<h3>Alquiler de barcos Fiji<\/h3>\n<p>\n<img loading=\"lazy\" class=\"content-image\"  height=\"199\" width=\"300\" src=\"https:\/\/yachtcharter-connection.com\/wp-content\/uploads\/converted_files\/18952\/18952-562229da2bb93.jpg\" alt=\"Las islas Fiji\" \/>Fiji es uno de los puntos m\u00e1s interesantes del turismo en el Pac\u00edfico meridional &#8211; con las islas, las playas y las lagunas maravillosas. Las Islas Fiji son un estado independiente, situado en la parte al sudoeste del Oc\u00e9ano Pac\u00edfico, al norte de Nueva Zelandia y al este de Australia. La capital es Suva en la isla Viti Levu. En 110 islas hay inhabitantes, m\u00e1s de 330 islas son parte del archipi\u00e9lago, con una costa total de m\u00e1s de 1100 kil\u00f3metros. El clima tropical lleva mucha lluvia a partir de noviembre hasta abril, con posibilidades de ciclones, as\u00ed que la mejor \u00e9poca para la navegaci\u00f3n es a partir de mayo a octubre. <\/p>\n<p>Hay flotas de yates de ch\u00e1rter sin patr\u00f3n y tambi\u00e9n algunos yates para &quot;Crewed Charter&quot; &#8211; estaremos alegres ofrecerle el mejor yate para sus vacaciones en ch\u00e1rter en Fiji. <\/p>\n<table  class=\"RegionsAndSubregions\" cellspacing=\"0\" border=\"0\" style=\"border-collapse:collapse;\">\n<tbody>\n<tr>\n<td>\n<div class=\"SubregionRepeaterTitle\">\n<h2><a href=\"https:\/\/yachtcharter-connection.com\/alquiler-barcos-islas-fiji\"> Islas Fiji <\/h2>\n<\/div>\n<div class=\"SmallLinks\">\n<ul>\n<li><a class=\"SmallLinks\" href=\"https:\/\/yachtcharter-connection.com\/viti-levu\" title=\"\"> Viti Levu <\/a><\/li>\n<\/ul>\n<\/div>\n<\/td>\n<\/tr>\n<\/tbody>\n<\/table>\n","protected":false},"excerpt":{"rendered":"<p>Alquiler de barcos Fiji Fiji es uno de los puntos m\u00e1s interesantes del turismo en el Pac\u00edfico meridional &#8211; con las islas, las playas y las lagunas maravillosas. Las Islas Fiji son un estado independiente, situado en la parte al sudoeste del Oc\u00e9ano Pac\u00edfico, al norte de Nueva Zelandia y<\/p>\n","protected":false},"author":11,"featured_media":0,"parent":182,"menu_order":0,"comment_status":"open","ping_status":"open","template":"","meta":[],"aioseo_notices":[],"_links":{"self":[{"href":"https:\/\/yachtcharter-connection.com\/es\/wp-json\/wp\/v2\/pages\/392"}],"collection":[{"href":"https:\/\/yachtcharter-connection.com\/es\/wp-json\/wp\/v2\/pages"}],"about":[{"href":"https:\/\/yachtcharter-connection.com\/es\/wp-json\/wp\/v2\/types\/page"}],"author":[{"embeddable":true,"href":"https:\/\/yachtcharter-connection.com\/es\/wp-json\/wp\/v2\/users\/11"}],"replies":[{"embeddable":true,"href":"https:\/\/yachtcharter-connection.com\/es\/wp-json\/wp\/v2\/comments?post=392"}],"version-history":[{"count":1,"href":"https:\/\/yachtcharter-connection.com\/es\/wp-json\/wp\/v2\/pages\/392\/revisions"}],"predecessor-version":[{"id":12323,"href":"https:\/\/yachtcharter-connection.com\/es\/wp-json\/wp\/v2\/pages\/392\/revisions\/12323"}],"up":[{"embeddable":true,"href":"https:\/\/yachtcharter-connection.com\/es\/wp-json\/wp\/v2\/pages\/182"}],"wp:attachment":[{"href":"https:\/\/yachtcharter-connection.com\/es\/wp-json\/wp\/v2\/media?parent=392"}],"curies":[{"name":"wp","href":"https:\/\/api.w.org\/{rel}","templated":true}]}}