{"id":394,"date":"2015-08-10T05:53:32","date_gmt":"2015-08-10T05:53:32","guid":{"rendered":"http:\/\/yachtcharter-connection.com.w01e47c6.kasserver.com\/alquiler-barcos-grecia\/"},"modified":"2025-03-02T16:21:33","modified_gmt":"2025-03-02T14:21:33","slug":"alquiler-barcos-grecia","status":"publish","type":"page","link":"https:\/\/yachtcharter-connection.com\/es\/paises\/alquiler-barcos-grecia\/","title":{"rendered":"Grecia"},"content":{"rendered":"<h1><strong>Alquiler de barcos Grecia Yates de lujo, veleros, catamaranes <\/strong><br \/>\n<strong>golfo Sar\u00f3nico, Ciclades, Dodecaneso, Mar J\u00f3nico y Esporadas<\/strong><\/h1>\n<p>&nbsp;<\/p>\n<p><iframe loading=\"lazy\" src=\"https:\/\/www.booking-manager.com\/wbm2\/page.html?companyid=662&amp;setlang=es&amp;bm_view=SearchResult&amp;filter_flexibility=in_year&amp;sortBy=11&amp;sortDirection=-1&amp;filter_country=GR\" width=\"100%\" height=\"750\" frameborder=\"0\" scrolling=\"auto\"><\/iframe><\/p>\n<p>&nbsp;<\/p>\n<p><img loading=\"lazy\" class=\"content-image\" src=\"https:\/\/yachtcharter-connection.com\/wp-content\/uploads\/converted_files\/18954\/18954-562229ea25c2c.jpg\" alt=\"Grecia Ciclades\" width=\"300\" height=\"225\" \/>En Grecia, esta bonita regi\u00f3n de alquiler de barcos, la Edad Antigua se hace presente por todas partes. Una tradici\u00f3n n\u00e1utica milenaria, la sabidur\u00eda de los antiguos fil\u00f3sofos, numerosas tabernas en las que disfrutar de una noche animada&#8230;todas las regiones de navegaci\u00f3n de Grecia, uno de los centros del turismo de Alquiler de barcos tienen algo en com\u00fan. Bah\u00edas hermosas y muchos lugares interesantes culturales que atraen los que viajan en ch\u00e1rter a excursiones de pa\u00eds.<\/p>\n<p>Las diferentes zonas de Alquiler de barcos son muy distintas. En el <strong><a href=\"https:\/\/yachtcharter-connection.com\/es\/regiones\/mediterraneo\/alquiler-barcos-egeo-cicladas\/\" target=\"_blank\" rel=\"noopener\">Golfo Sar\u00f3nico y el Golfo Arg\u00f3lico<\/a><\/strong>, cerca de la capital de Atenas con una enorme oferta de bases de Alquiler de barcos y en Atenas y Kalamaki, as\u00ed como en la regi\u00f3n todo alrededor del Peloponeso las distancias son cortas, los vientos bajos predominando. El <strong><a href=\"https:\/\/yachtcharter-connection.com\/es\/regiones\/mediterraneo\/alquiler-barcos-mar-jonico\/\" target=\"_blank\" rel=\"noopener\">Mar J\u00f3nico<\/a><\/strong> con vientos bajos y numerosas islas es ideal para familias con ni\u00f1os y para los que no tienen mucha experiencia con el Alquiler de barcos. Los bases de Alquiler de barcos est\u00e1n en la Isla Corf\u00fa y Lefka. Tambi\u00e9n en la zona de Alquiler de barcos de las islas <strong><a href=\"https:\/\/yachtcharter-connection.com\/es\/regiones\/mediterraneo\/alquiler-barcos-egeo-esporadas\/\" target=\"_blank\" rel=\"noopener\">Esporadas<\/a><\/strong> en el noroeste de Mar Egeo donde hay playas m\u00e1s arenosas y muchas vegetaciones verdes navegar es f\u00e1cil.<\/p>\n<p>Las <strong><a href=\"https:\/\/yachtcharter-connection.com\/es\/regiones\/mediterraneo\/alquiler-barcos-egeo-cicladas\/\">Ciclades<\/a><\/strong> al contrario exigen m\u00e1s debido al viento fuerte llamado Meltemi predominante en el verano &#8211; hay bases de Alquiler de barcos en Syros o Santorin. Sin embargo este \u00e1rea est\u00e1 tambi\u00e9n bien alcanzable de Atenas. A las tripulaciones con experiencia en Alquiler de barcos les gustar\u00e1 tambien el archipi\u00e9lago <strong><a href=\"https:\/\/yachtcharter-connection.com\/es\/regiones\/mediterraneo\/alquiler-barcos-egeo-dodecaneso\/\" target=\"_blank\" rel=\"noopener\">Dodecaneso<\/a><\/strong>, doce islas en el este de Mar Egeo cerca de Turqu\u00eda, con bases de Alquiler de barcos en Kos, Samos o Rodas.<\/p>\n<h2><strong>Aqu\u00ed hay m\u00e1s informaci\u00f3n sobre las zonas de Alquiler de barcos en Grecia:<\/strong><\/h2>\n<p>&#8211; <a href=\"https:\/\/yachtcharter-connection.com\/es\/regiones\/mediterraneo\/alquiler-barcos-egeo-cicladas\/\" target=\"_blank\" rel=\"noopener\">Alquiler de barcos Egeo &#8211; Golfo Saronico \/ Ciclades<\/a><br \/>\n&#8211; <a href=\"https:\/\/yachtcharter-connection.com\/es\/regiones\/mediterraneo\/alquiler-barcos-mar-jonico\/\" target=\"_blank\" rel=\"noopener\">Alquiler de barcos Mar J\u00f3nico<\/a><br \/>\n&#8211; <a href=\"https:\/\/yachtcharter-connection.com\/es\/regiones\/mediterraneo\/alquiler-barcos-egeo-esporadas\/\">Alquiler de barcos Egeo \/Esporadas<\/a><br \/>\n&#8211; <a href=\"https:\/\/yachtcharter-connection.com\/es\/regiones\/mediterraneo\/alquiler-barcos-egeo-dodecaneso\/\" target=\"_blank\" rel=\"noopener\">Alquiler de barcos Egeo \/ Dodecaneso<\/a><\/p>\n<p>En general, en todas partes hay m\u00e1s puertos pesqueros tradicionales que marinas modernas. La ventaja es que solemos atracar en el coraz\u00f3n de las ciudades. El amarre es habitualmente barato, pero no siempre encontramos servicios como pueden ser duchas o corriente el\u00e9ctrica. Pero no faltan calas donde darse un buen ba\u00f1o, y en casi todas partes tenemos bares y tabernas para pasar una noche agradable en sociedad en tierra.<\/p>\n<p>&nbsp;<\/p>\n<h2><strong>Yates de alquiler Grecia:<\/strong><\/h2>\n<p><strong>Existen muchas flotas ch\u00e1rter de yates con veleros y catamaranes para charter sin tripulaci\u00f3n en Grecia &#8211; a algunos no\u00a0 figuran en nuestro Yachtfinder. Solicite ofertas. Y, por supuesto, estaremos encantados de enviarle ofertas para los yates de alquiler de lujo m\u00e1s bellos con tripulaci\u00f3n en esta \u00e1rea tambi\u00e9n.<\/strong><\/p>\n<h2><strong>Alquiler de yates de lujo Grecia:<\/strong><\/h2>\n<p><strong><a href=\"https:\/\/yachtcharter-connection.com\/wp-content\/uploads\/2015\/08\/Crewed-charter-catamarans-in-Greece.jpg\"><img loading=\"lazy\" class=\"alignleft size-medium wp-image-25460\" src=\"https:\/\/yachtcharter-connection.com\/wp-content\/uploads\/2015\/08\/Crewed-charter-catamarans-in-Greece-300x195.jpg\" alt=\"alquiler catamanes de lujo Grecia\" width=\"300\" height=\"195\" srcset=\"https:\/\/yachtcharter-connection.com\/wp-content\/uploads\/2015\/08\/Crewed-charter-catamarans-in-Greece-300x195.jpg 300w, https:\/\/yachtcharter-connection.com\/wp-content\/uploads\/2015\/08\/Crewed-charter-catamarans-in-Greece-768x500.jpg 768w, https:\/\/yachtcharter-connection.com\/wp-content\/uploads\/2015\/08\/Crewed-charter-catamarans-in-Greece.jpg 992w\" sizes=\"(max-width: 300px) 100vw, 300px\" \/><\/a>Grecia tambi\u00e9n es un destino muy popular para las vacaciones en ch\u00e1rter a bordo de yates de lujo, superyates, goletas o catamaranes con tripulaci\u00f3n. Aqu\u00ed puede encontrar m\u00e1s <a href=\"https:\/\/yachtcharter-connection.com\/es\/yates-de-lujo\/\" target=\"_blank\" rel=\"noopener\">informaci\u00f3n sobre charters de yates de lujo<\/a>. Estaremos encantados de organizar su charter de yate de lujo en Grecia &#8211; \u00a1por favor, preg\u00fantenos por ofertas!<\/strong><\/p>\n<p><strong> <a href=\"https:\/\/yachtcharter-connection.com\/es\/yates-de-motor-en-grecia\/\">Yates de Motor en Grecia<\/a><\/strong><\/p>\n<p><strong><a href=\"https:\/\/yachtcharter-connection.com\/es\/catamaranes-con-tripulacion-en-grecia\/\">Catamaranes con Tripulaci\u00f3n en Grecia<\/a><\/strong><\/p>\n<p>&nbsp;<\/p>\n<p><strong>Alquiler de barcos Grecia &#8211; Informaci\u00f3n general<\/strong><\/p>\n<p>Idioma: Griego<br \/>\nCapital: Atenas<br \/>\nMoneda: Euro (EUR)<br \/>\nHora: EET Eastern European Time (GMT \/ UTC +2) &#8211; en verano EEST (GMT \/ UTC +3)<br \/>\nElectricidad: 220 V &#8211; se recomienda un adaptador<\/p>\n<p>A\u00e9ropuertos importantes para Alquiler de barcos:<br \/>\n&#8211; Atenas (Hellenikon) &#8211; ATH &#8211; de aqu\u00ed hay tambi\u00e9n muchos vuelos de conexi\u00f3n a todas las islas<br \/>\nAlquiler de barcos Cicladas<br \/>\n&#8211; Syros &#8211; JSY<br \/>\n&#8211; Santorini &#8211; JTR<br \/>\nAlquiler de barcos Mar I\u00f3nico<br \/>\n&#8211; Corf\u00fa (Kerkyra) &#8211; CFU<br \/>\n&#8211; Preveza \/ Lefkas &#8211; PVK<br \/>\nAlquiler de barcos Esporadas<br \/>\n&#8211; Skiathos &#8211; JSI<br \/>\n&#8211; Sal\u00f3nica &#8211; SKG<br \/>\n&#8211; Volos &#8211; VOL<br \/>\nAlquiler de barcos Islas del Dodecaneso<br \/>\n&#8211; Samos &#8211; SMI<br \/>\n&#8211; Rodas &#8211; RHO<br \/>\n&#8211; Kos &#8211; KGS<\/p>\n<p><strong>Alquiler de barcos Grecia &#8211; previsi\u00f3n de tiempo local:<\/strong><br \/>\nEstaci\u00f3n costera Ol\u00edmpicos en el Canal 16 a las 6.00, 10.00, 16.00 y las 22.00 horas en Ingl\u00e9s y en Griego<\/p>\n<p><strong>Nota importante para Alquiler de barcos en Grecia:<\/strong><br \/>\nPara Alquiler de barcos en Grecia, no s\u00f3lo el patr\u00f3n necesita su licencia sino otro miembro de la tripulaci\u00f3n necesita un documento de experiencia de navegaci\u00f3n.<\/p>\n<table class=\"RegionsAndSubregions\" style=\"border-collapse: collapse;\" border=\"0\" cellspacing=\"0\">\n<tbody>\n<tr>\n<td>\n<div class=\"SubregionRepeaterTitle\">\n<h2><a href=\"https:\/\/yachtcharter-connection.com\/alquiler-barcos-egeo-cicladas\"> Egeo \/ C\u00edcladas <\/a><\/h2>\n<\/div>\n<div class=\"SmallLinks\">\n<ul>\n<li><a class=\"SmallLinks\" title=\"\" href=\"https:\/\/yachtcharter-connection.com\/aegina-618\"> Aegina <\/a><\/li>\n<li><a class=\"SmallLinks\" title=\"\" href=\"https:\/\/yachtcharter-connection.com\/athens-city-no-port-119\"> Athens (City, no port) <\/a><\/li>\n<li><a class=\"SmallLinks\" title=\"\" href=\"https:\/\/yachtcharter-connection.com\/finikas-822\"> Finikas <\/a><\/li>\n<li><a class=\"SmallLinks\" title=\"\" href=\"https:\/\/yachtcharter-connection.com\/glyphada-382\"> Glyphada <\/a><\/li>\n<li><a class=\"SmallLinks\" title=\"\" href=\"https:\/\/yachtcharter-connection.com\/heraclion-580\"> Heraclion <\/a><\/li>\n<li><a class=\"SmallLinks\" title=\"\" href=\"https:\/\/yachtcharter-connection.com\/alquiler-barcos-ios\"> Ios <\/a><\/li>\n<li><a class=\"SmallLinks\" title=\"\" href=\"https:\/\/yachtcharter-connection.com\/kalamaki-athen\"> Kalamaki (Athen) <\/a><\/li>\n<li><a class=\"SmallLinks\" title=\"\" href=\"https:\/\/yachtcharter-connection.com\/lavrion-553\"> Lavrion <\/a><\/li>\n<li><a class=\"SmallLinks\" title=\"\" href=\"https:\/\/yachtcharter-connection.com\/mykonos-511\"> Mykonos <\/a><\/li>\n<li><a class=\"SmallLinks\" title=\"\" href=\"https:\/\/yachtcharter-connection.com\/naxos-716\"> Naxos <\/a><\/li>\n<li><a class=\"SmallLinks\" title=\"\" href=\"https:\/\/yachtcharter-connection.com\/paros-957\"> Paros <\/a><\/li>\n<li><a class=\"SmallLinks\" title=\"\" href=\"https:\/\/yachtcharter-connection.com\/pireus-768\"> Pireus <\/a><\/li>\n<li><a class=\"SmallLinks\" title=\"\" href=\"https:\/\/yachtcharter-connection.com\/poros-218\"> Poros <\/a><\/li>\n<li><a class=\"SmallLinks\" title=\"\" href=\"https:\/\/yachtcharter-connection.com\/porto-heli-923\"> Porto Heli <\/a><\/li>\n<li><a class=\"SmallLinks\" title=\"\" href=\"https:\/\/yachtcharter-connection.com\/portochelion-707\"> Portochelion <\/a><\/li>\n<li><a class=\"SmallLinks\" title=\"\" href=\"https:\/\/yachtcharter-connection.com\/santorin-606\"> Santorini <\/a><\/li>\n<li><a class=\"SmallLinks\" title=\"\" href=\"https:\/\/yachtcharter-connection.com\/serifos-278\"> Serifos <\/a><\/li>\n<li><a class=\"SmallLinks\" title=\"\" href=\"https:\/\/yachtcharter-connection.com\/syros-612\"> Syros <\/a><\/li>\n<\/ul>\n<\/div>\n<\/td>\n<td>\n<div class=\"SubregionRepeaterTitle\">\n<h2><a href=\"https:\/\/yachtcharter-connection.com\/es\/regiones\/mediterraneo\/alquiler-barcos-egeo-dodecaneso\/\" target=\"_blank\" rel=\"noopener\"> Egeo \/ Dodecaneso <\/a><\/h2>\n<\/div>\n<div class=\"SmallLinks\">\n<ul>\n<li><a class=\"SmallLinks\" title=\"\" href=\"https:\/\/yachtcharter-connection.com\/chios-844\"> Chios <\/a><\/li>\n<li><a class=\"SmallLinks\" title=\"\" href=\"https:\/\/yachtcharter-connection.com\/kalymnos-545\"> Kalymnos <\/a><\/li>\n<li><a class=\"SmallLinks\" title=\"\" href=\"https:\/\/yachtcharter-connection.com\/kos-989\"> Kos <\/a><\/li>\n<li><a class=\"SmallLinks\" title=\"\" href=\"https:\/\/yachtcharter-connection.com\/alquiler-barcos-kos-kardamaina-village\"> Kos \/ Kardamaina Village <\/a><\/li>\n<li><a class=\"SmallLinks\" title=\"\" href=\"https:\/\/yachtcharter-connection.com\/rhodos\"> Rhodos <\/a><\/li>\n<li><a class=\"SmallLinks\" title=\"\" href=\"https:\/\/yachtcharter-connection.com\/samos-621\"> Samos <\/a><\/li>\n<\/ul>\n<\/div>\n<\/td>\n<\/tr>\n<tr>\n<td>\n<div class=\"SubregionRepeaterTitle\">\n<h2><a href=\"https:\/\/yachtcharter-connection.com\/alquiler-barcos-egeo-esporadas\"> Egeo \/ Esporadas <\/a><\/h2>\n<\/div>\n<div class=\"SmallLinks\">\n<ul>\n<li><a class=\"SmallLinks\" title=\"\" href=\"https:\/\/yachtcharter-connection.com\/alquiler-barcos-chalkidiki-nea-moudania\"> Chalkidiki \/ Nea Moudania <\/a><\/li>\n<li><a class=\"SmallLinks\" title=\"\" href=\"https:\/\/yachtcharter-connection.com\/chalkidiki-porto-carras-150\"> Chalkidiki \/ Porto Carras <\/a><\/li>\n<li><a class=\"SmallLinks\" title=\"\" href=\"https:\/\/yachtcharter-connection.com\/chalkidiki-porto-koufo-569\"> Chalkidiki \/ Porto Koufo <\/a><\/li>\n<li><a class=\"SmallLinks\" title=\"\" href=\"https:\/\/yachtcharter-connection.com\/nea-marmara-444\"> Nea Marmara <\/a><\/li>\n<li><a class=\"SmallLinks\" title=\"\" href=\"https:\/\/yachtcharter-connection.com\/porto-koufo\"> Porto Koufo <\/a><\/li>\n<li><a class=\"SmallLinks\" title=\"\" href=\"https:\/\/yachtcharter-connection.com\/skiathos-798\"> Skiathos <\/a><\/li>\n<li><a class=\"SmallLinks\" title=\"\" href=\"https:\/\/yachtcharter-connection.com\/thessaloniki-kalamaria-911\"> Thessaloniki \/ Kalamaria <\/a><\/li>\n<li><a class=\"SmallLinks\" title=\"\" href=\"https:\/\/yachtcharter-connection.com\/volos-116\"> Volos <\/a><\/li>\n<\/ul>\n<\/div>\n<\/td>\n<td>\n<div class=\"SubregionRepeaterTitle\">\n<h2><a href=\"https:\/\/yachtcharter-connection.com\/es\/regiones\/mediterraneo\/alquiler-barcos-mar-jonico\/\" target=\"_blank\" rel=\"noopener\">Mar J\u00f3nico<\/a><\/h2>\n<\/div>\n<div class=\"SmallLinks\">\n<ul>\n<li><a class=\"SmallLinks\" title=\"\" href=\"https:\/\/yachtcharter-connection.com\/cephalonia-546\"> Cephalonia <\/a><\/li>\n<li><a class=\"SmallLinks\" title=\"\" href=\"https:\/\/yachtcharter-connection.com\/corfu-marina-gouvia-269\"> Corfu \/ Marina Gouvia <\/a><\/li>\n<li><a class=\"SmallLinks\" title=\"\" href=\"https:\/\/yachtcharter-connection.com\/corfu-noak-yacht-club-324\"> Corfu \/ Noak Yacht Club <\/a><\/li>\n<li><a class=\"SmallLinks\" title=\"\" href=\"https:\/\/yachtcharter-connection.com\/gouvia-426\"> Gouvia <\/a><\/li>\n<li><a class=\"SmallLinks\" title=\"\" href=\"https:\/\/yachtcharter-connection.com\/kalamata-216\"> Kalamata <\/a><\/li>\n<li><a class=\"SmallLinks\" title=\"\" href=\"https:\/\/yachtcharter-connection.com\/lefkas-572\"> Lefkas <\/a><\/li>\n<li><a class=\"SmallLinks\" title=\"\" href=\"https:\/\/yachtcharter-connection.com\/lefkas-nidri-139\"> Lefkas \/ Nidri <\/a><\/li>\n<li><a class=\"SmallLinks\" title=\"\" href=\"https:\/\/yachtcharter-connection.com\/nydri-783\"> Nydri <\/a><\/li>\n<li><a class=\"SmallLinks\" title=\"\" href=\"https:\/\/yachtcharter-connection.com\/paleros-338\"> Paleros <\/a><\/li>\n<li><a class=\"SmallLinks\" title=\"\" href=\"https:\/\/yachtcharter-connection.com\/patras-207\"> Patras <\/a><\/li>\n<li><a class=\"SmallLinks\" title=\"\" href=\"https:\/\/yachtcharter-connection.com\/preveza-809\"> Preveza <\/a><\/li>\n<\/ul>\n<\/div>\n<\/td>\n<\/tr>\n<\/tbody>\n<\/table>\n","protected":false},"excerpt":{"rendered":"<p>Alquiler de barcos Grecia Yates de lujo, veleros, catamaranes golfo Sar\u00f3nico, Ciclades, Dodecaneso, Mar J\u00f3nico y Esporadas &nbsp; &nbsp; En Grecia, esta bonita regi\u00f3n de alquiler de barcos, la Edad Antigua se hace presente por todas partes. Una tradici\u00f3n n\u00e1utica milenaria, la sabidur\u00eda de los antiguos fil\u00f3sofos, numerosas tabernas en<\/p>\n","protected":false},"author":11,"featured_media":0,"parent":182,"menu_order":0,"comment_status":"open","ping_status":"open","template":"","meta":[],"aioseo_notices":[],"_links":{"self":[{"href":"https:\/\/yachtcharter-connection.com\/es\/wp-json\/wp\/v2\/pages\/394"}],"collection":[{"href":"https:\/\/yachtcharter-connection.com\/es\/wp-json\/wp\/v2\/pages"}],"about":[{"href":"https:\/\/yachtcharter-connection.com\/es\/wp-json\/wp\/v2\/types\/page"}],"author":[{"embeddable":true,"href":"https:\/\/yachtcharter-connection.com\/es\/wp-json\/wp\/v2\/users\/11"}],"replies":[{"embeddable":true,"href":"https:\/\/yachtcharter-connection.com\/es\/wp-json\/wp\/v2\/comments?post=394"}],"version-history":[{"count":11,"href":"https:\/\/yachtcharter-connection.com\/es\/wp-json\/wp\/v2\/pages\/394\/revisions"}],"predecessor-version":[{"id":31288,"href":"https:\/\/yachtcharter-connection.com\/es\/wp-json\/wp\/v2\/pages\/394\/revisions\/31288"}],"up":[{"embeddable":true,"href":"https:\/\/yachtcharter-connection.com\/es\/wp-json\/wp\/v2\/pages\/182"}],"wp:attachment":[{"href":"https:\/\/yachtcharter-connection.com\/es\/wp-json\/wp\/v2\/media?parent=394"}],"curies":[{"name":"wp","href":"https:\/\/api.w.org\/{rel}","templated":true}]}}