{"id":395,"date":"2015-08-10T05:53:32","date_gmt":"2015-08-10T05:53:32","guid":{"rendered":"http:\/\/yachtcharter-connection.com.w01e47c6.kasserver.com\/alquiler-barcos-croacia\/"},"modified":"2025-03-02T16:17:01","modified_gmt":"2025-03-02T14:17:01","slug":"alquiler-barcos-croacia","status":"publish","type":"page","link":"https:\/\/yachtcharter-connection.com\/es\/paises\/alquiler-barcos-croacia\/","title":{"rendered":"Croacia"},"content":{"rendered":"<h1><strong>Alquiler de barcos Croacia<\/strong><\/h1>\n<p>&nbsp;<\/p>\n<p><iframe loading=\"lazy\" src=\"https:\/\/www.booking-manager.com\/wbm2\/page.html?companyid=662&amp;setlang=es&amp;bm_view=SearchResult&amp;filter_flexibility=in_year&amp;sortBy=11&amp;sortDirection=-1&amp;filter_country=HR\" width=\"100%\" height=\"750\" frameborder=\"0\" scrolling=\"auto\"><\/iframe><\/p>\n<p>&nbsp;<\/p>\n<p><a href=\"https:\/\/yachtcharter-connection.com\/wp-content\/uploads\/2015\/08\/Croatia-Hvar.jpg\"><img loading=\"lazy\" class=\"alignleft size-full wp-image-25453\" src=\"https:\/\/yachtcharter-connection.com\/wp-content\/uploads\/2015\/08\/Croatia-Hvar.jpg\" alt=\"Yacht charters Croatia\" width=\"567\" height=\"374\" srcset=\"https:\/\/yachtcharter-connection.com\/wp-content\/uploads\/2015\/08\/Croatia-Hvar.jpg 567w, https:\/\/yachtcharter-connection.com\/wp-content\/uploads\/2015\/08\/Croatia-Hvar-300x198.jpg 300w\" sizes=\"(max-width: 567px) 100vw, 567px\" \/><\/a>Alquiler de barcos Croacia: Un destino perfecto para navegar en ch\u00e1rter: Aguas cristalinas, numerosas islas, calas y playas, puertos marinos y pesqueros, ciudades medievales&#8230; en Croacia se pueden apreciar las huellas que dejaron los venecianos, y la vegetaci\u00f3n mediterr\u00e1nea. S\u00f3lo la l\u00ednea de la costa continental mide ya 1.777 kil\u00f3metros. Y ante ella, numerosas islas e islotes, conforman un total de m\u00e1s de 4.000 kil\u00f3metros de costa. Una costa que adem\u00e1s es perfecta para ch\u00e1rter de yates Croacia, navegar en velero, dotada de una infraestructura mar\u00edtima impresionante y que se adapta a todas las necesidades del turismo de alquiler de yates Croacia. Los yates ch\u00e1rter juegan un papel fundamental en el desarrollo de Croacia como destino tur\u00edstico. Adem\u00e1s de numerosos veleros, en las bases de Alquiler de barcos Croacia de la regi\u00f3n se ofrecen tambi\u00e9n gran cantidad de yates ch\u00e1rter a motor.<\/p>\n<p>En toda la costa hay repartidas numerosas marinas con bases de Alquiler de barcos Croacia, que ofrecen un est\u00e1ndar muy alto, precios elevados, y que se encuentran entre las mejores de Europa. S\u00f3lo el Adriatic Croatia International Club ACI regenta 21 puertos de yates, todos con el sobrenombre ACI-Marina. Este club ya organizaba el deporte n\u00e1utico en la zona en los a\u00f1os 80, aunque entonces lo hac\u00eda para la administraci\u00f3n p\u00fablica. En los \u00faltimos a\u00f1os se han empezado a financiar desde la iniciativa privada numerosas marinas equipadas para Alquiler de barcos Croacia. Adem\u00e1s, existen muchos puertos peque\u00f1os y asequibles en las ciudades en los que tambi\u00e9n hay lugar para yates.<\/p>\n<p>En todas partes encontramos restaurantes para las turistas de ch\u00e1rter de yates en Croacia, sobre todo las t\u00edpicas konobas, pero en mayor n\u00famero en las Kornati. Y una cosa que mucha gente no sabe: la cocina croata se compone, al menos en la costa de algo m\u00e1s que Raznici y Cevapcici; preparan unos platos deliciosos con pescado, marisco y pasta que podemos regar con unos estupendos vinos croatas.<\/p>\n<h3><strong>Alquiler de barcos Croacia en Istria &#8211; Golfo de Kvarner<\/strong><\/h3>\n<p><img class=\"content-image\" style=\"width: 300px; height: 200px;\" src=\"https:\/\/yachtcharter-connection.com\/wp-content\/uploads\/converted_files\/18955\/18955-562229f9e3ae4.jpg\" alt=\"Alquiler de barcos Croacia Istria-Pula.jpg\" \/>Las zonas de navegaci\u00f3n importantes para Alquiler de barcos en Croacia se reparten entre Istria al norte, el golfo de Kvarner, y el grupo de islas Kornati y las D\u00e1lmatas en el sur. Istria es la pen\u00ednsula m\u00e1s grande del Adri\u00e1tico. Limita al norte con Eslovenia y al oeste con Italia, por lo que en la zona se respira cierto ambiente italiano. No hay que olvidar que esta parte de Croacia perteneci\u00f3 durante mucho tiempo a Italia. En <a href=\"https:\/\/yachtcharter-connection.com\/es\/regiones\/mediterraneo\/alquiler-barcos-adriatico-norte\/pula-288\/\">Pula <\/a>se encuentran las bases de Alquiler de barcos Croacia m\u00e1s grandes, tambi\u00e9n hay bases de Alquiler de barcos Istria en Medulin, Umag y en <a href=\"https:\/\/yachtcharter-connection.com\/es\/regiones\/mediterraneo\/alquiler-barcos-adriatico-norte\/rovinj-783\/\">Rovinj<\/a>. Istria es el punto de partida de muchas rutas de viajar en ch\u00e1rter que llevan al golfo de Kvarner. Por supuesto aqu\u00ed tambi\u00e9n se puede tomar un yate ch\u00e1rter, directamente en <a href=\"~\/Alquiler_barcos_croacia\/punat_a.html\">Punat<\/a> o en <a href=\"~\/Alquiler_barcos_croacia\/mali_losinj.html\">Mali Losinj<\/a> hay bases de alquiler de yates en Istria \/ Croacia. La costa oriental de Istria, la Riviera Opatija, limita el golfo de Kvarner por el oeste.<\/p>\n<p>Es en esta regi\u00f3n donde, ya en el siglo XIX, aparecieron los primeros balnearios. Todav\u00eda podemos ver esos edificios se\u00f1oriales engalanando los paseos. Merece la pena emprender la ruta que va a Opatija y la costa de la \u201criviera\u201d, aunque a los navegantes suelen interesarles m\u00e1s las islas. Si es as\u00ed, la m\u00e1s grande es Krk, y es aqu\u00ed donde se encuentran los puertos para yates y equipados para Alquiler de barcos en la Bahia del Kvarner m\u00e1s importantes. Existe un puente que la comunica con el continente. La playa m\u00e1s bella est\u00e1 en el golfo de Baka; Rab es de un hermoso color verde y ofrece adem\u00e1s actividades culturales; en Pag, lo que hay son buenas playas por los que viajan en ch\u00e1rter en Croacia &#8211; Istria. Cres y Losinj rememoran todav\u00eda la vieja tradici\u00f3n marina. Y el que consigue un amarre en el pintoresco puerto de Mali Losinj, ser\u00e1 testigo de la Historia. En la mayor\u00eda de las islas el paisaje es m\u00e1s bien rocoso y la vegetaci\u00f3n pobre, pero se respira el olor de las hierbas arom\u00e1ticas y el bosque \u201cmacchia\u201c. Y si nos desviamos hasta la isla Ilovic, podremos pasear por los fabulosos jardines de la isla de las flores. En Ilovic el puerto es peque\u00f1o, pero los que viajan en ch\u00e1rter en Croacia encontran boyas de amarre buenas y seguras entre Ilovic y Sveti Petar.<\/p>\n<h3><strong>Alquiler de barcos Croacia en Dalmacia Norte &#8211; Islas Kornati<\/strong><\/h3>\n<p>Las Kornati, situadas en la parte norte de la regi\u00f3n de Dalmacia, son el destino de numerosos veleros de ch\u00e1rter en Croacia. Se suelen tomar los barcos en los puntos base de Alquiler de barcos Croacia de <a href=\"https:\/\/yachtcharter-connection.com\/es\/regiones\/mediterraneo\/alquiler-barcos-adriatico-norte\/zadar-904\/\">Zadar<\/a>, <a href=\"https:\/\/yachtcharter-connection.com\/es\/regiones\/mediterraneo\/alquiler-barcos-adriatico-norte\/biograd-488\/\">Biogrado<\/a>, <a href=\"https:\/\/yachtcharter-connection.com\/es\/regiones\/mediterraneo\/alquiler-barcos-adriatico-norte\/sukosan-957\/\">Sukosan<\/a>,<a href=\"https:\/\/yachtcharter-connection.com\/es\/regiones\/mediterraneo\/alquiler-barcos-adriatico-norte\/sibenik-598\/\"> Sibenik<\/a>, <a href=\"https:\/\/yachtcharter-connection.com\/es\/regiones\/mediterraneo\/alquiler-barcos-adriatico-del-sud\/primosten-marina-kremik-172\/\">Primosten en la Marina Kremik<\/a> o en <a href=\"https:\/\/yachtcharter-connection.com\/es\/regiones\/mediterraneo\/alquiler-barcos-adriatico-norte\/murter-127\/\">Murter<\/a>, o algunos navegan desde la zona de Split en direcci\u00f3n noroeste. La zona de navegacii\u00f3n de las islas Kornati, un grupo de m\u00e1s de cien islas es un parque nacional protegido. Para los principiantes el lugar ideal es la regi\u00f3n central de la costa, entre Zadar y Split. Al ser una regi\u00f3n plagada de islas, con numerosas bah\u00edas donde fondear, apenas encontramos marejada. La zona es tambi\u00e9n perfecta si viajamos con ni\u00f1os.<\/p>\n<p>En las Kornati encontramos muchas calas solitarias para ancelar durante el viaje en ch\u00e1rter en Croacia, peque\u00f1os puertos, konobas con embarcaderos propios, sobre todo en Kornat, algunas marinas nuevas, por ejemplo en Zut o en Piskera, y naturaleza, mucha naturaleza. Son famosos los paisajes rocosos con grutas, cuevas, calas y curiosas formaciones rocosas.<\/p>\n<h3><strong><br \/>\nAlquiler de barcos Croacia en Dalmacia &#8211; parte media<\/strong>:<strong> Las islas de Dalmacia<br \/>\n<\/strong><\/h3>\n<p>Los puntos bases para Alquiler de barcos Croacia m\u00e1s grandes de Dalmacia se encuentran en <a href=\"https:\/\/yachtcharter-connection.com\/es\/regiones\/mediterraneo\/alquiler-barcos-adriatico-del-sud\/split-964\/\">Split<\/a>, directamante en la ciudad en la ACI-marina on en la <a href=\"https:\/\/yachtcharter-connection.com\/es\/regiones\/mediterraneo\/alquiler-barcos-adriatico-del-sud\/marina-kastela-762\/\">Marina Kastela<\/a> muy cerca del aeropuerto, en <a href=\"https:\/\/yachtcharter-connection.com\/es\/regiones\/mediterraneo\/alquiler-barcos-adriatico-del-sud\/trogir-185\/\">Trogir<\/a>, a cinco kil\u00f3metros del aeropuerto de Split, en <a href=\"https:\/\/yachtcharter-connection.com\/es\/regiones\/mediterraneo\/alquiler-barcos-adriatico-del-sud\/solta-rogac-split-613\/\">Rogac en la isla de Solta,<\/a> nueve mila de distancia de Split, en la supermoderna <a href=\"https:\/\/yachtcharter-connection.com\/es\/regiones\/mediterraneo\/alquiler-barcos-adriatico-del-sud\/rogoznica-827\/\">Marina Rogoznica<\/a>, en la <a href=\"https:\/\/yachtcharter-connection.com\/es\/regiones\/mediterraneo\/alquiler-barcos-adriatico-del-sud\/marinaana-240\/\">Marina Agana<\/a>, y en Vinisce. Es casi imposible que no encuentre en esta zona de ch\u00e1rter en Croacia el yate que est\u00e1 buscando. Para realizar un viaje en ch\u00e1rter en Croacia, ya sea en velero o a motor, los navegantes suelen preferir las islas de la regi\u00f3n de Dalmacia: Vis, Lastovo, Hvar o Brac.<\/p>\n<p>Vis, que tambi\u00e9n se conoce con su nombre italiano, Lissa, y la isla vecina de Bisevo, son las m\u00e1s alejadas de la costa. Partiendo de Hvar tenemos unas diez millas marinas en direcci\u00f3n oeste. Esta isla no empez\u00f3 a ser accesible para el turismo de Alquiler de barcos Croacia hasta el a\u00f1o 1989; antes era una zona militar restringida. Sus habitantes viven esencialmente de la pesca y la viticultura. Es un buen lugar para reponer la despensa. Se puede comprar vino de la zona muy barato, directamente de la cuba. Los turistas de Alquiler de barcos Croacia que quieren alquilar una moto y hacer una excursi\u00f3n, pueden pasear por el monte Hum y subir a la \u201ccueva de Tito\u201d, lugar desde el cual organiz\u00f3 Tito la resistencia contra el ej\u00e9rcito alem\u00e1n en 1944. Se encuentra cerca de Komiza. Tambi\u00e9n es muy interesante la gruta azul, en la isla vecina de Bisevo. Los turistas de ch\u00e1rter Croacia se pueden echar el ancla en sus cercan\u00edas y despu\u00e9s ir en dinghy hasta su interior.<\/p>\n<p>En el puerto de Vis hay algunos atracaderos con cuerdas de amarre para las turistas de Alquiler de barcos Croacia, agua y electricidad, pero no hay instalaciones sanitarias. A pocos metros est\u00e1 la lonja. Tambi\u00e9n en Kut hay un muelle que dispone de agua y electricidad. Otro puerto muy bonito y bien equipado es el de Komiza. Aqu\u00ed se encuentra, en lo que era una antigua torre de defensa, un museo pesquero.<\/p>\n<p>Tanto en Vis como en Hvar hubo en otro tiempo colonizadores griegos. En Hvar, en la poblaci\u00f3n de Starigrad (antes Pharos) encontramos todav\u00eda una colonia j\u00f3nica. La ciudad actualmente dispone de amarraderos en el muro del muelle, gran oferta gastron\u00f3mica, y un rom\u00e1ntico encanto.<\/p>\n<p>Muy solicitado de parte de los turistas de Alquiler de barcos Croacia es el puerto de Hvar, as\u00ed que siempre se queda peque\u00f1o. Tiene un hermoso paseo y unas callejuelas encantadoras. Puede ser el punto de partida para realizar compras o emprender el programa nocturno; pero dispone de pocos amarres. Si los turistas de Alquiler de barcos Croacia se desvian, pueden llegar a la moderna Marina Palmizana, situada enfrente, en la isla de Sv. Klement. Para acceder despu\u00e9s a Hvar los turistas de Alquiler de barcos Croacia pueden tomar un shuttleboot o un dinghy. Desde luego es un lugar muy tranquilo y la marina adem\u00e1s parece un jard\u00edn tropical, con muchas especies bot\u00e1nicas de una gran belleza.<\/p>\n<p>En Brac lo que m\u00e1s llama la atenci\u00f3n es el cuerno de oro, probablemente la playa de arena m\u00e1s bella de Croacia. Y muy cerquita, en Bol, encontramos el centro tur\u00edstico de la isla. Pero Brac tiene mucho m\u00e1s que ofrecer a los turistas de Alquiler de barcos Croacia: es famosa por sus blancas rocas calc\u00e1reas y por sus impresionantes vi\u00f1edos. Estas piedras calizas no s\u00f3lo se han utilizado para construir palacios, templos y anfiteatros en lugares como Split o Torgir, sino tambi\u00e9n en la corte vienesa y en Washington, en la Casa Blanca.<\/p>\n<h3><strong>Alquiler de barcos Croacia en Dalmacia del Sur &#8211; navegar las Islas Elafitas<br \/>\n<\/strong><\/h3>\n<p><img class=\"content-image\" style=\"width: 300px; height: 201px;\" src=\"https:\/\/yachtcharter-connection.com\/wp-content\/uploads\/converted_files\/18955\/18955-56222a1d1ae59.jpg\" alt=\"Alquiler de barcos Croacia Dalmacia-Dubrovnik.jpg\" \/>Otros puertos de embarque entre la zona de Split y Dubrovnik son por ejemlo\u00a0 <a href=\"~\/Alquiler_barcos_croacia\/baska_voda.html\">Baska Voda o\u00a0<\/a> <a href=\"https:\/\/yachtcharter-connection.com\/es\/regiones\/mediterraneo\/alquiler-barcos-adriatico-del-sud\/krvavica-858\/\">Krvavica<\/a>. Delante de <a href=\"https:\/\/yachtcharter-connection.com\/es\/regiones\/mediterraneo\/alquiler-barcos-adriatico-del-sud\/dubrovnik-172\/\">Dubrovnik<\/a> con la base de Alquiler de barcos Croacia mas importante del sur del Dalmacia, se encuentra el grupo de las Islas Elafitas, un total de quince islotes, unas habitadas y otras no.<\/p>\n<p>Despu\u00e9s de haber paseado por las pintorescas callejuelas de Dubrovik, aqu\u00ed los turistas de Alquiler de barcos Croacia encuentran jardines y parques que pertenecen a posesiones del siglo XVI, olivos, limoneros y palmeras, conventos y fortalezas. En Lopud, Kolocep y Sipan viven unas mil personas. Lopud, dotado de un gran puerto, fue en otro tiempo una aut\u00e9ntica base para la gente de mar, adem\u00e1s de ser el lugar de residencia vacacional de ricos comerciantes. Pero tambi\u00e9n en Sipan, en las inmediaciones de Lopud, encontramos casas se\u00f1oriales con grandes parques. Aqu\u00ed tenemos adem\u00e1s un nuevo embarcadero para yates de ch\u00e1rter Croacia, en el puerto de Sudurat. En toda la zona hay muchas calas id\u00edlicas ante las cuales se puede fondear y pasar la noche. Y el continente est\u00e1 muy cerca; se puede alcanzar con facilidad partiendo de las Elafitas. Otro atractivo, Kotor: una cala de ensue\u00f1o que forma en la pen\u00ednsula de Peljesac un largo fiordo. Y si queremos hacer un trayecto m\u00e1s largo, la isla Mljet, con sus grandes bosques de pino aleppo y un parque nacional, se encuentra a pocas millas al oeste de las Elafitas.<\/p>\n<p>&nbsp;<\/p>\n<h2><strong>Yates de alquiler Croacia:<\/strong><\/h2>\n<p><strong>Hay flotas ch\u00e1rter de yates con veleros,\u00a0 catamaranes y motoras para charter sin tripulaci\u00f3n en Croacia que no figuran en nuestro Yachtfinder. Solicite ofertas. Y, por supuesto, estaremos encantados de enviarle ofertas para los yates de alquiler de lujo m\u00e1s bellos con tripulaci\u00f3n en esta \u00e1rea tambi\u00e9n.<\/strong><\/p>\n<p>&nbsp;<\/p>\n<p><strong>Pedido de provisiones &#8211; en todos puertos de Croacia<\/strong><\/p>\n<p><a href=\"http:\/\/www.jamyachtsupply.com\/?af=Achterspring\"><img loading=\"lazy\" class=\"alignnone size-medium wp-image-15319\" src=\"https:\/\/yachtcharter-connection.com\/wp-content\/uploads\/2015\/08\/Jam-Yacht-Supply-Croatia-provision-300x40.jpg\" alt=\"Jam-Yacht-Supply-Croatia-provision\" width=\"300\" height=\"40\" srcset=\"https:\/\/yachtcharter-connection.com\/wp-content\/uploads\/2015\/08\/Jam-Yacht-Supply-Croatia-provision-300x40.jpg 300w, https:\/\/yachtcharter-connection.com\/wp-content\/uploads\/2015\/08\/Jam-Yacht-Supply-Croatia-provision.jpg 468w\" sizes=\"(max-width: 300px) 100vw, 300px\" \/><\/a><\/p>\n<p>En todos puertos de Croacia, se puede pedir alimentos, bebidas y m\u00e1s para la entrega al barco en linea: <a href=\"http:\/\/www.jamyachtsupply.com\/?af=Achterspring\" target=\"_blank\" rel=\"noopener\">Pedido de Provisiones Croacia<\/a><\/p>\n<h4><strong>Alquiler de barcos Croacia &#8211; Informaci\u00f3n General:<\/strong><\/h4>\n<p>Idioma: Croata &#8211; en algunas partes tambi\u00e9n Italiano (Istria)<br \/>\nCapital: Zagreb<\/p>\n<p>Moneda: Croatian Kuna (HRK)<\/p>\n<p>Hora: MEZ &#8211; UTC\/GMT +1 &#8211; en verano MESZ (horario de verano) &#8211; UTC \/ GMT +2<br \/>\nElectricidad: 220 V<\/p>\n<p><strong>Los aeropuertos m\u00e1s importantes para Alquiler de barcos en Croacia:<\/strong><\/p>\n<p>&#8211; Dubrovnik &#8211; DBV<br \/>\n&#8211; Pula &#8211; PUY<br \/>\n&#8211; Rijeka &#8211; RJK<br \/>\n&#8211; Split &#8211; SPU<br \/>\n&#8211; Zadar &#8211; ZAD<br \/>\n&#8211; Zagreb &#8211; ZAG<br \/>\n&#8211; Bra\u010d \/ Bol &#8211; BWK<\/p>\n<p><strong>Alquiler de barcos Croacia &#8211; previsi\u00f3n del tiempo<\/strong><\/p>\n<p>Las horas asignadas para el informe del tiempo en las regi\u00f3nes de Alquiler de barcos en Croacia han cambiado en 2010. Las estaciones costeras Rijeka, Split y Dubrovnik lo transmiten ahora de manera homog\u00e9nea a las 5,45, 12,45 y 19,45 horas UTC \/ GMT. Las horas en MESZ: 7,45, 14,45 y 21,45 h. Los canales de VHF se quedan sin cambios: Rijeka transmite en los canales 04, 20,24 y 81, Split en 07, 21, 23, 28 y 81, Dubrovnik en 04, 07 y 85.<\/p>\n<table class=\"RegionsAndSubregions\" style=\"border-collapse: collapse;\" border=\"0\" cellspacing=\"0\">\n<tbody>\n<tr>\n<td>\n<div class=\"SubregionRepeaterTitle\">\n<h2><a href=\"https:\/\/yachtcharter-connection.com\/alquiler-barcos-adriatico-del-sud\"> Adri\u00e1tico \/ del sud <\/a><\/h2>\n<\/div>\n<div class=\"SmallLinks\">\n<ul>\n<li><a class=\"SmallLinks\" title=\"\" href=\"https:\/\/yachtcharter-connection.com\/baska-voda-397\"> Baska Voda <\/a><\/li>\n<li><a class=\"SmallLinks\" title=\"\" href=\"https:\/\/yachtcharter-connection.com\/alquiler-barcos-brac-milna-split\"> Brac \/ Milna (Split) <\/a><\/li>\n<li><a class=\"SmallLinks\" title=\"\" href=\"https:\/\/yachtcharter-connection.com\/dubrovnik-172\"> Dubrovnik <\/a><\/li>\n<li><a class=\"SmallLinks\" title=\"\" href=\"https:\/\/yachtcharter-connection.com\/alquiler-barcos-korcula\"> Korcula <\/a><\/li>\n<li><a class=\"SmallLinks\" title=\"\" href=\"https:\/\/yachtcharter-connection.com\/krvavica-858\"> Krvavica <\/a><\/li>\n<li><a class=\"SmallLinks\" title=\"\" href=\"https:\/\/yachtcharter-connection.com\/marinaana-240\"> Marina Agana <\/a><\/li>\n<li><a class=\"SmallLinks\" title=\"\" href=\"https:\/\/yachtcharter-connection.com\/marina-kastela-762\"> Marina Kastela <\/a><\/li>\n<li><a class=\"SmallLinks\" title=\"\" href=\"https:\/\/yachtcharter-connection.com\/marina-tu%c4%8depi-253\"> Marina Tu\u010depi <\/a><\/li>\n<li><a class=\"SmallLinks\" title=\"\" href=\"https:\/\/yachtcharter-connection.com\/primosten-marina-kremik-172\"> Primosten \/ Marina Kremik <\/a><\/li>\n<li><a class=\"SmallLinks\" title=\"\" href=\"https:\/\/yachtcharter-connection.com\/rogoznica-827\"> Rogoznica <\/a><\/li>\n<li><a class=\"SmallLinks\" title=\"\" href=\"https:\/\/yachtcharter-connection.com\/skradin-334\"> Skradin <\/a><\/li>\n<li><a class=\"SmallLinks\" title=\"\" href=\"https:\/\/yachtcharter-connection.com\/solin-922\"> Solin <\/a><\/li>\n<li><a class=\"SmallLinks\" title=\"\" href=\"https:\/\/yachtcharter-connection.com\/solta-rogac-split-613\"> Solta \/ Rogac (Split) <\/a><\/li>\n<li><a class=\"SmallLinks\" title=\"\" href=\"https:\/\/yachtcharter-connection.com\/split-964\"> Split <\/a><\/li>\n<li><a class=\"SmallLinks\" title=\"\" href=\"https:\/\/yachtcharter-connection.com\/trogir-185\"> Trogir <\/a><\/li>\n<li><a class=\"SmallLinks\" title=\"\" href=\"https:\/\/yachtcharter-connection.com\/vinisce-937\"> Vinisce <\/a><\/li>\n<\/ul>\n<\/div>\n<\/td>\n<td>\n<div class=\"SubregionRepeaterTitle\">\n<h2><a href=\"https:\/\/yachtcharter-connection.com\/alquiler-barcos-adriatico-norte\"> Adri\u00e1tico \/ Norte <\/a><\/h2>\n<\/div>\n<div class=\"SmallLinks\">\n<ul>\n<li><a class=\"SmallLinks\" title=\"\" href=\"https:\/\/yachtcharter-connection.com\/biograd-488\"> Biograd <\/a><\/li>\n<li><a class=\"SmallLinks\" title=\"\" href=\"https:\/\/yachtcharter-connection.com\/cres-100\"> Cres <\/a><\/li>\n<li><a class=\"SmallLinks\" title=\"\" href=\"https:\/\/yachtcharter-connection.com\/crikvenica-464\"> Crikvenica <\/a><\/li>\n<li><a class=\"SmallLinks\" title=\"\" href=\"https:\/\/yachtcharter-connection.com\/jezera-638\"> Jezera <\/a><\/li>\n<li><a class=\"SmallLinks\" title=\"\" href=\"https:\/\/yachtcharter-connection.com\/punat-a-753\"> Krk \/ Punat <\/a><\/li>\n<li><a class=\"SmallLinks\" title=\"\" href=\"https:\/\/yachtcharter-connection.com\/mali-losinj\"> Mali Losinj <\/a><\/li>\n<li><a class=\"SmallLinks\" title=\"\" href=\"https:\/\/yachtcharter-connection.com\/medulin-970\"> Medulin <\/a><\/li>\n<li><a class=\"SmallLinks\" title=\"\" href=\"https:\/\/yachtcharter-connection.com\/murter-127\"> Murter <\/a><\/li>\n<li><a class=\"SmallLinks\" title=\"\" href=\"https:\/\/yachtcharter-connection.com\/opatija-201\"> Opatija <\/a><\/li>\n<li><a class=\"SmallLinks\" title=\"\" href=\"https:\/\/yachtcharter-connection.com\/simuni-682\"> Pag \/ Simuni <\/a><\/li>\n<li><a class=\"SmallLinks\" title=\"\" href=\"https:\/\/yachtcharter-connection.com\/porec-654\"> Porec <\/a><\/li>\n<li><a class=\"SmallLinks\" title=\"\" href=\"https:\/\/yachtcharter-connection.com\/primosten-785\"> Primosten <\/a><\/li>\n<li><a class=\"SmallLinks\" title=\"\" href=\"https:\/\/yachtcharter-connection.com\/pula-288\"> Pula <\/a><\/li>\n<li><a class=\"SmallLinks\" title=\"\" href=\"https:\/\/yachtcharter-connection.com\/punat-b-508\"> Punat &#8211; B <\/a><\/li>\n<li><a class=\"SmallLinks\" title=\"\" href=\"https:\/\/yachtcharter-connection.com\/rab-607\"> Rab <\/a><\/li>\n<li><a class=\"SmallLinks\" title=\"\" href=\"https:\/\/yachtcharter-connection.com\/rijeka-473\"> Rijeka <\/a><\/li>\n<li><a class=\"SmallLinks\" title=\"\" href=\"https:\/\/yachtcharter-connection.com\/rovinj-783\"> Rovinj <\/a><\/li>\n<li><a class=\"SmallLinks\" title=\"\" href=\"https:\/\/yachtcharter-connection.com\/sibenik-598\"> Sibenik <\/a><\/li>\n<li><a class=\"SmallLinks\" title=\"\" href=\"https:\/\/yachtcharter-connection.com\/sukosan-957\"> Sukosan <\/a><\/li>\n<li><a class=\"SmallLinks\" title=\"\" href=\"https:\/\/yachtcharter-connection.com\/tribunj-262\"> Tribunj <\/a><\/li>\n<li><a class=\"SmallLinks\" title=\"\" href=\"https:\/\/yachtcharter-connection.com\/ugljan-marina-preko-611\"> Ugljan \/ Marina Preko <\/a><\/li>\n<li><a class=\"SmallLinks\" title=\"\" href=\"https:\/\/yachtcharter-connection.com\/umag-754\"> Umag <\/a><\/li>\n<li><a class=\"SmallLinks\" title=\"\" href=\"https:\/\/yachtcharter-connection.com\/vodice-804\"> Vodice <\/a><\/li>\n<li><a class=\"SmallLinks\" title=\"\" href=\"https:\/\/yachtcharter-connection.com\/vrsar-513\"> Vrsar <\/a><\/li>\n<li><a class=\"SmallLinks\" title=\"\" href=\"https:\/\/yachtcharter-connection.com\/zadar-904\"> Zadar <\/a><\/li>\n<li><a class=\"SmallLinks\" title=\"\" href=\"https:\/\/yachtcharter-connection.com\/zlatna-luka-325\"> Zlatna Luka <\/a><\/li>\n<\/ul>\n<\/div>\n<\/td>\n<\/tr>\n<\/tbody>\n<\/table>\n","protected":false},"excerpt":{"rendered":"<p>Alquiler de barcos Croacia &nbsp; &nbsp; Alquiler de barcos Croacia: Un destino perfecto para navegar en ch\u00e1rter: Aguas cristalinas, numerosas islas, calas y playas, puertos marinos y pesqueros, ciudades medievales&#8230; en Croacia se pueden apreciar las huellas que dejaron los venecianos, y la vegetaci\u00f3n mediterr\u00e1nea. S\u00f3lo la l\u00ednea de la<\/p>\n","protected":false},"author":11,"featured_media":0,"parent":182,"menu_order":0,"comment_status":"open","ping_status":"open","template":"","meta":[],"aioseo_notices":[],"_links":{"self":[{"href":"https:\/\/yachtcharter-connection.com\/es\/wp-json\/wp\/v2\/pages\/395"}],"collection":[{"href":"https:\/\/yachtcharter-connection.com\/es\/wp-json\/wp\/v2\/pages"}],"about":[{"href":"https:\/\/yachtcharter-connection.com\/es\/wp-json\/wp\/v2\/types\/page"}],"author":[{"embeddable":true,"href":"https:\/\/yachtcharter-connection.com\/es\/wp-json\/wp\/v2\/users\/11"}],"replies":[{"embeddable":true,"href":"https:\/\/yachtcharter-connection.com\/es\/wp-json\/wp\/v2\/comments?post=395"}],"version-history":[{"count":12,"href":"https:\/\/yachtcharter-connection.com\/es\/wp-json\/wp\/v2\/pages\/395\/revisions"}],"predecessor-version":[{"id":31286,"href":"https:\/\/yachtcharter-connection.com\/es\/wp-json\/wp\/v2\/pages\/395\/revisions\/31286"}],"up":[{"embeddable":true,"href":"https:\/\/yachtcharter-connection.com\/es\/wp-json\/wp\/v2\/pages\/182"}],"wp:attachment":[{"href":"https:\/\/yachtcharter-connection.com\/es\/wp-json\/wp\/v2\/media?parent=395"}],"curies":[{"name":"wp","href":"https:\/\/api.w.org\/{rel}","templated":true}]}}