{"id":397,"date":"2012-06-10T05:49:40","date_gmt":"2012-06-10T05:49:40","guid":{"rendered":"http:\/\/yachtcharter-connection.com.w01e47c6.kasserver.com\/alquiler-barcos-madagascar\/"},"modified":"2017-07-11T05:37:49","modified_gmt":"2017-07-11T03:37:49","slug":"alquiler-barcos-madagascar","status":"publish","type":"page","link":"https:\/\/yachtcharter-connection.com\/es\/paises\/alquiler-barcos-madagascar\/","title":{"rendered":"Madagascar"},"content":{"rendered":"<h3>Alquiler de barcos Madagascar<\/h3>\n<p>\n<img loading=\"lazy\" class=\"content-image\"  height=\"200\" width=\"300\" src=\"https:\/\/yachtcharter-connection.com\/wp-content\/uploads\/converted_files\/18957\/18957-56222a319b9c8.jpg\" alt=\"Madagascar-barcos-de-pesqueros\" \/>Madagascar no es muy conocido como destino para Alquiler de barcos &#8211; pero estas aguas tropicales de la navegaci\u00f3n en el Oc\u00e9ano \u00cdndico delante de la costa africana representan el segundo mayor estado de islas del mundo con casi 3.100 millas de costa. La isla a menudo tambi\u00e9n se refiere como el sexto continente.<\/p>\n<p>El centro tur\u00edstico es la isla de Nosy B\u00e9, situada en la costa de nordeste en el canal de Mozambique &#8211; con la playa muy blanca &ldquo;Charity Beach&rdquo;. Great Island, la &ldquo;gran isla&rdquo;, tambi\u00e9n nombrada &ldquo;isla del perfume&rdquo; a causa de las muchas hierbas que crecen all\u00ed, es la isla principal del archipi\u00e9lago a el cual pertenecen tambien las islas de Nosy Tanikeli, de Nosy Mitsio y de Nosy Komba, la isla de los lemurs. Los aproximadamente 10.000 habitantes de Hell-Ville (Andoany), ciudad principal de la isla, viven del turismo, del comercio y de la pesca. <\/p>\n<p><br type=\"_moz\" \/><br \/>\n<\/p>\n<table  class=\"RegionsAndSubregions\" cellspacing=\"0\" border=\"0\" style=\"border-collapse:collapse;\">\n<tbody>\n<tr>\n<td>\n<div class=\"SubregionRepeaterTitle\">\n<h2><a href=\"https:\/\/yachtcharter-connection.com\/alquiler-barcos-isla-madagascar\"> Isla Madagascar <\/h2>\n<\/div>\n<div class=\"SmallLinks\">\n<ul>\n<li><a class=\"SmallLinks\" href=\"https:\/\/yachtcharter-connection.com\/nosy-be-237\" title=\"\"> Nosy Be <\/a><\/li>\n<\/ul>\n<\/div>\n<\/td>\n<\/tr>\n<\/tbody>\n<\/table>\n","protected":false},"excerpt":{"rendered":"<p>Alquiler de barcos Madagascar Madagascar no es muy conocido como destino para Alquiler de barcos &#8211; pero estas aguas tropicales de la navegaci\u00f3n en el Oc\u00e9ano \u00cdndico delante de la costa africana representan el segundo mayor estado de islas del mundo con casi 3.100 millas de costa. La isla a<\/p>\n","protected":false},"author":11,"featured_media":0,"parent":182,"menu_order":0,"comment_status":"open","ping_status":"open","template":"","meta":[],"aioseo_notices":[],"_links":{"self":[{"href":"https:\/\/yachtcharter-connection.com\/es\/wp-json\/wp\/v2\/pages\/397"}],"collection":[{"href":"https:\/\/yachtcharter-connection.com\/es\/wp-json\/wp\/v2\/pages"}],"about":[{"href":"https:\/\/yachtcharter-connection.com\/es\/wp-json\/wp\/v2\/types\/page"}],"author":[{"embeddable":true,"href":"https:\/\/yachtcharter-connection.com\/es\/wp-json\/wp\/v2\/users\/11"}],"replies":[{"embeddable":true,"href":"https:\/\/yachtcharter-connection.com\/es\/wp-json\/wp\/v2\/comments?post=397"}],"version-history":[{"count":1,"href":"https:\/\/yachtcharter-connection.com\/es\/wp-json\/wp\/v2\/pages\/397\/revisions"}],"predecessor-version":[{"id":12355,"href":"https:\/\/yachtcharter-connection.com\/es\/wp-json\/wp\/v2\/pages\/397\/revisions\/12355"}],"up":[{"embeddable":true,"href":"https:\/\/yachtcharter-connection.com\/es\/wp-json\/wp\/v2\/pages\/182"}],"wp:attachment":[{"href":"https:\/\/yachtcharter-connection.com\/es\/wp-json\/wp\/v2\/media?parent=397"}],"curies":[{"name":"wp","href":"https:\/\/api.w.org\/{rel}","templated":true}]}}