{"id":398,"date":"2015-08-10T05:53:32","date_gmt":"2015-08-10T05:53:32","guid":{"rendered":"http:\/\/yachtcharter-connection.com.w01e47c6.kasserver.com\/alquiler-barcos-malta\/"},"modified":"2017-09-04T13:56:56","modified_gmt":"2017-09-04T11:56:56","slug":"alquiler-barcos-malta","status":"publish","type":"page","link":"https:\/\/yachtcharter-connection.com\/es\/paises\/alquiler-barcos-malta\/","title":{"rendered":"Malta"},"content":{"rendered":"<h3>Alquiler de barcos Malta<\/h3>\n<p><a href=\"https:\/\/yachtcharter-connection.com\/wp-content\/uploads\/2015\/08\/Malta-yacht-charterswh-600.jpg\"><img loading=\"lazy\" class=\"alignleft size-full wp-image-24696\" src=\"https:\/\/yachtcharter-connection.com\/wp-content\/uploads\/2015\/08\/Malta-yacht-charterswh-600.jpg\" alt=\"Yacht charters Malta\" width=\"600\" height=\"364\" srcset=\"https:\/\/yachtcharter-connection.com\/wp-content\/uploads\/2015\/08\/Malta-yacht-charterswh-600.jpg 600w, https:\/\/yachtcharter-connection.com\/wp-content\/uploads\/2015\/08\/Malta-yacht-charterswh-600-300x182.jpg 300w\" sizes=\"(max-width: 600px) 100vw, 600px\" \/><\/a>El destino de Alquiler de barcos Malta est\u00e1 situada a tan s\u00f3lo 50 millas de Sicilia y fue un punto estrat\u00e9gico en la \u00e9poca de las cruzadas. Para el turismo de Alquiler de barcos la hemos descubierto bastante m\u00e1s tarde. Comprende todo un archipi\u00e9lago que se extiende entre Europa y \u00c1frica y que cuenta adem\u00e1s de con la isla principal de Malta con otras como la Isla del Gozo y la peque\u00f1a isla de Comino. La base de Alquiler de barcos est\u00e1 directamente en Valetta. Las distancias no son largas; si emprendemos por ejemplo un viaje en ch\u00e1rter de una semana partiendo de la base de Alquiler de barcos en la capital, podemos explorar con facilidad todo el grupo de islas. El trayecto alrededor de la Isla de Malta tiene s\u00f3lo 40 millas; de Valetta a Comino hay 12 millas; y desde aqu\u00ed hasta la Isla del Gozo s\u00f3lo cuatro. Para dar la vuelta a la Isla del Gozo recorremos 25 millas que se pueden adaptar tranquilamente a una excursi\u00f3n de un d\u00eda. Para un viaje de dos semanas los equipos de Alquiler de barcos pueden incluir en su ruta Sicilia y Lampedusa. Mientras que la isla principal de Malta es m\u00e1s bien rocosa, Gozo es mucho m\u00e1s verde y en ella podemos encontrar unas playas maravillosas.<\/p>\n<p>Malta se encuentra muy cerca de \u00c1frica, esta zona es perfecta para el turismo de Alquiler de barcos todo el a\u00f1o con un clima suave y agradable. En esta isla han dejado sus huellas a lo largo de la historia no s\u00f3lo los caballeros de las cruzadas, sino tambi\u00e9n los \u00e1rabes, brit\u00e1nicos e italianos, atra\u00eddos por su situaci\u00f3n geogr\u00e1fica. Los restos de estas culturas podemos encontrarlos tambi\u00e9n en el idioma. No obstante, la herencia inglesa est\u00e1 patente y todos hablan adem\u00e1s de malt\u00e9s un perfecto ingl\u00e9s &#8211; muy pr\u00e1ctico para el turismo de Alquiler de barcos. La moneda oficial es el euro, el car\u00e1cter relajado lo han heredado de los italianos y la cultura de los pubs de los brit\u00e1nicos, aunque tambi\u00e9n disfrutan de los caf\u00e9s con acento mediterr\u00e1neo\u2026 y hay que tener cuidado con el tr\u00e1fico, vayamos en coche o a pie, porque en Malta se conduce por la izquierda y, a veces, por mitad de la calle. Las huellas de los cruzados y los caballeros de San Juan se encuentran esencialmente en Valetta, la capital: Fort Elmo se puede divisar ya desde lejos antes de iniciar la entrada en el puerto de Grand Harbour. Y en la antigua capital de Medina percibimos el pasado \u00e1rabe. Algo que no nos podemos perder: el puerto pesquero de Marsaxlokk, un rinc\u00f3n encantador, con un mercado lleno de color y un sitio de fondeo delante del puerto.<\/p>\n<p>En la base de Alquiler de barcos hay veleros de todos tamanos para su crucero.<\/p>\n<p><strong>Alquiler de barcos Malta &#8211; Informaci\u00f3n general:<\/strong><\/p>\n<p>Idioma: malt\u00e9s,ingl\u00e9s,italiano<br \/>\nCapital: Valetta<br \/>\nMoneda: Euro (EUR)<br \/>\nHora: MEZ (GMT \/ UTC +1) &#8211; en verano MESZ (GMT\/UTC +2)<br \/>\nElectricidad: 240 V &#8211; se necesita adaptador<\/p>\n<p>El a\u00e9ropuerto m\u00e1s importante para Alquiler de barcos:<br \/>\n&#8211; Malta Luqa &#8211; MLA<\/p>\n<table class=\"RegionsAndSubregions\" style=\"border-collapse: collapse;\" border=\"0\" cellspacing=\"0\">\n<tbody>\n<tr>\n<td>\n<div class=\"SubregionRepeaterTitle\">\n<h2><a href=\"https:\/\/yachtcharter-connection.com\/alquiler-barcos-sicilia-eolicas-calabria\"> Sicilia -E\u00f3licas &#8211; Calabria <\/a><\/h2>\n<\/div>\n<div class=\"SmallLinks\">\n<ul>\n<li><a class=\"SmallLinks\" title=\"\" href=\"https:\/\/yachtcharter-connection.com\/malta-126\"> Malta <\/a><\/li>\n<\/ul>\n<\/div>\n<\/td>\n<\/tr>\n<\/tbody>\n<\/table>\n","protected":false},"excerpt":{"rendered":"<p>Alquiler de barcos Malta El destino de Alquiler de barcos Malta est\u00e1 situada a tan s\u00f3lo 50 millas de Sicilia y fue un punto estrat\u00e9gico en la \u00e9poca de las cruzadas. Para el turismo de Alquiler de barcos la hemos descubierto bastante m\u00e1s tarde. Comprende todo un archipi\u00e9lago que se<\/p>\n","protected":false},"author":11,"featured_media":0,"parent":182,"menu_order":0,"comment_status":"open","ping_status":"open","template":"","meta":[],"aioseo_notices":[],"_links":{"self":[{"href":"https:\/\/yachtcharter-connection.com\/es\/wp-json\/wp\/v2\/pages\/398"}],"collection":[{"href":"https:\/\/yachtcharter-connection.com\/es\/wp-json\/wp\/v2\/pages"}],"about":[{"href":"https:\/\/yachtcharter-connection.com\/es\/wp-json\/wp\/v2\/types\/page"}],"author":[{"embeddable":true,"href":"https:\/\/yachtcharter-connection.com\/es\/wp-json\/wp\/v2\/users\/11"}],"replies":[{"embeddable":true,"href":"https:\/\/yachtcharter-connection.com\/es\/wp-json\/wp\/v2\/comments?post=398"}],"version-history":[{"count":3,"href":"https:\/\/yachtcharter-connection.com\/es\/wp-json\/wp\/v2\/pages\/398\/revisions"}],"predecessor-version":[{"id":24698,"href":"https:\/\/yachtcharter-connection.com\/es\/wp-json\/wp\/v2\/pages\/398\/revisions\/24698"}],"up":[{"embeddable":true,"href":"https:\/\/yachtcharter-connection.com\/es\/wp-json\/wp\/v2\/pages\/182"}],"wp:attachment":[{"href":"https:\/\/yachtcharter-connection.com\/es\/wp-json\/wp\/v2\/media?parent=398"}],"curies":[{"name":"wp","href":"https:\/\/api.w.org\/{rel}","templated":true}]}}