{"id":399,"date":"2011-03-14T05:08:25","date_gmt":"2011-03-14T05:08:25","guid":{"rendered":"http:\/\/yachtcharter-connection.com.w01e47c6.kasserver.com\/alquiler-barcos-maldivas\/"},"modified":"2017-07-11T05:57:35","modified_gmt":"2017-07-11T03:57:35","slug":"alquiler-barcos-maldivas","status":"publish","type":"page","link":"https:\/\/yachtcharter-connection.com\/es\/paises\/alquiler-barcos-maldivas\/","title":{"rendered":"Maldivas"},"content":{"rendered":"<h3>Alquiler de barcos Maldivas<\/h3>\n<p>\n<img loading=\"lazy\" class=\"content-image\"  height=\"200\" width=\"300\" src=\"https:\/\/yachtcharter-connection.com\/wp-content\/uploads\/converted_files\/18959\/18959-56222a3474361.jpg\" alt=\"Maldivas\" \/>19 archipi\u00e9lagos, 26 atolones, y totalmente 1190 islas &#8211; aquellos son las Maldivas, situadas en medio del Oc\u00e9ano \u00cdndico el sudoeste de India. El archipi\u00e9lago estira m\u00e1s de 500 millas del norte al sur. Los vecinos viven a 220 islas, m\u00e1s de 80 son reservados para turistas &#8211; el 99 por ciento del \u00e1rea total del estado insular es cubierto del mar. Playas arenosas, palmeras y lagunas forman el paisaje de este destino de sue\u00f1o.  <\/p>\n<p>Hay coches s\u00f3lo en la capital de Mal\u00e9 y dos islas adicionales; los barcos, hidroaviones o bicicletas y ciclomotores son el medio preferido de transporte. El \u00fanico aeropuerto internacional est\u00e1 sobre Mal\u00e9, donde se incontra catamaranes de ch\u00e1rter.  <\/p>\n<p>El Kaafu-atol\u00f3n es dividido en el North-Mal\u00e9-Atoll y el South-Mal\u00e9-Atoll con totalmente 125 islas. Desde Mal\u00e9 se puede por ejemplo navegar a las islas de Hengeli, Madivaru o Kandooma.  <\/p>\n<p>A causa del clima tropical siempre hace un calor agradable; los meses de noviembre a abril &#8211; el tiempo del monz\u00f3n de noreste &#8211; son los mejores para viajar en esta regi\u00f3n. El monz\u00f3n del sudoeste sin embargo, que se cae al mediados del verano europeo, a menudo viene con la lluvia intensiva.  <\/p>\n<p>En las Maldivas se puede alquiler yates de lujo para un <a href=\"https:\/\/yachtcharter-connection.com\/wp-content\/uploads\/converted_files\/18959\/18959-56222a35d15f4.jpg\">&quot;safari de buceo&quot;<\/a>!<\/p>\n<p>\n<br type=\"_moz\" \/><br \/>\n<\/p>\n<table  class=\"RegionsAndSubregions\" cellspacing=\"0\" border=\"0\" style=\"border-collapse:collapse;\">\n<tbody>\n<tr>\n<td>\n<div class=\"SubregionRepeaterTitle\">\n<h2><a href=\"https:\/\/yachtcharter-connection.com\/alquiler-barcos-maldives-archipel\"> Maldives Archipel <\/h2>\n<\/div>\n<div class=\"SmallLinks\">\n<ul>\n<li><a class=\"SmallLinks\" href=\"https:\/\/yachtcharter-connection.com\/maldives-heligili-marina-hululu\" title=\"\"> Maldives \/ Heligili \/ Marina Hululu <\/a><\/li>\n<\/ul>\n<\/div>\n<\/td>\n<\/tr>\n<\/tbody>\n<\/table>\n","protected":false},"excerpt":{"rendered":"<p>Alquiler de barcos Maldivas 19 archipi\u00e9lagos, 26 atolones, y totalmente 1190 islas &#8211; aquellos son las Maldivas, situadas en medio del Oc\u00e9ano \u00cdndico el sudoeste de India. El archipi\u00e9lago estira m\u00e1s de 500 millas del norte al sur. Los vecinos viven a 220 islas, m\u00e1s de 80 son reservados para<\/p>\n","protected":false},"author":11,"featured_media":0,"parent":182,"menu_order":0,"comment_status":"open","ping_status":"open","template":"","meta":[],"aioseo_notices":[],"_links":{"self":[{"href":"https:\/\/yachtcharter-connection.com\/es\/wp-json\/wp\/v2\/pages\/399"}],"collection":[{"href":"https:\/\/yachtcharter-connection.com\/es\/wp-json\/wp\/v2\/pages"}],"about":[{"href":"https:\/\/yachtcharter-connection.com\/es\/wp-json\/wp\/v2\/types\/page"}],"author":[{"embeddable":true,"href":"https:\/\/yachtcharter-connection.com\/es\/wp-json\/wp\/v2\/users\/11"}],"replies":[{"embeddable":true,"href":"https:\/\/yachtcharter-connection.com\/es\/wp-json\/wp\/v2\/comments?post=399"}],"version-history":[{"count":1,"href":"https:\/\/yachtcharter-connection.com\/es\/wp-json\/wp\/v2\/pages\/399\/revisions"}],"predecessor-version":[{"id":12359,"href":"https:\/\/yachtcharter-connection.com\/es\/wp-json\/wp\/v2\/pages\/399\/revisions\/12359"}],"up":[{"embeddable":true,"href":"https:\/\/yachtcharter-connection.com\/es\/wp-json\/wp\/v2\/pages\/182"}],"wp:attachment":[{"href":"https:\/\/yachtcharter-connection.com\/es\/wp-json\/wp\/v2\/media?parent=399"}],"curies":[{"name":"wp","href":"https:\/\/api.w.org\/{rel}","templated":true}]}}