{"id":400,"date":"2014-06-29T01:08:50","date_gmt":"2014-06-29T01:08:50","guid":{"rendered":"http:\/\/yachtcharter-connection.com.w01e47c6.kasserver.com\/alquiler-barcos-nueva-caledonia\/"},"modified":"2017-10-14T17:40:39","modified_gmt":"2017-10-14T15:40:39","slug":"alquiler-barcos-nueva-caledonia","status":"publish","type":"page","link":"https:\/\/yachtcharter-connection.com\/es\/paises\/alquiler-barcos-nueva-caledonia\/","title":{"rendered":"Nueva Caledonia"},"content":{"rendered":"<h1>Alquiler de barcos Nueva Caledonia<\/h1>\n<p><img loading=\"lazy\" class=\"content-image\" src=\"https:\/\/yachtcharter-connection.com\/wp-content\/uploads\/converted_files\/18960\/18960-56222a3702258.jpg\" alt=\"Nueva Caledonia Laguna Noumea\" width=\"300\" height=\"196\" \/>Naturaleza intacta en la que es una de las m\u00e1s grandes y m\u00e1s bellas lagunas de coral del mundo. Quien ya ha navegado con un yate de ch\u00e1rter por la zona no para de contar las maravillas del lugar &#8211; que es perfecto para el turismo de Alquiler de barcos en Nueva Caledonia. Este grupo de islas del Pac\u00edfico, situado delante de la costa norte australiana pertenece geogr\u00e1ficamente a Melanesia, y pol\u00edticamente a Francia. Grande Terre es la isla mayor, pero adem\u00e1s est\u00e1n las Islas de la Lealtad, la isla de los Pinos, las Islas Chesterfield y las Belep. La barrera de coral de Nueva Caledonia es la segunda m\u00e1s grande del mundo. Aparte de las playas y bah\u00edas y los cocoteros los amantes de la naturaleza y las tripulaciones de Alquiler de barcos en Nueva Caledonia podr\u00e1n disfrutar de lagunas, selva virgen, arroyos, r\u00edos y cataratas, animales y plantas aut\u00f3ctonos y un impresionante mundo submarino donde habitan 2.000 especies de peces y ballenas jorobadas. Rutas submarinas y una reserva animal, Tenia, en el que encontramos numerosos delfines. En realidad muchas regiones han sido declaradas parque nacional o reserva marina. Aqu\u00ed se protege la naturaleza aunque el turismo de Alquiler de barcos en Nueva Caledonia est\u00e1 bien arraigado y organizado. Para los navegantes en ch\u00e1rter, no s\u00f3lo hay hermosas bah\u00edas para fondear, sino tambi\u00e9n modernas marinas equipado para el turismo de Alquiler de barcos en Nueva Caledonia.<\/p>\n<p>S\u00f3lo en la capital, Noumea, encontramos ya tres puertos deportivos para Alquiler de barcos en Nueva Caledonia que son lo suficientemente grandes como para alojar superyates: el Cercle Nautique Cal\u00e9donien, Port Moselle y Port du Sud. Todos tienen cerca el mercado, tiendas y restaurantes. Adem\u00e1s est\u00e1n la Capitainerie de Pandop en Koumac, la Marina de Hiengh\u00e8ne, la Marina de W\u00e9 en Lifou y la Marina de Touho, que ofrecen las mejores opciones para reponer a bordo.<\/p>\n<p>Aparte de naturaleza y bases de Alquiler de barcos en Nueva Caledonia tambi\u00e9n hay cultura y una cocina excelente. Ambas cosas han nacido de la mezcla de elementos de Kanaky, Ocean\u00eda, Asia y Francia. Tenemos desde templos antiguos hasta un faro de Eiffel en la peque\u00f1a isla Am\u00e9d\u00e9e pasando por monumentos franceses y todo lo que uno quiera descubrir. Y la gente del lugar es amable y hospitalaria, abierta y encantada de recibir visita de los turistas de Alquiler de barcos en Nueva Caledonia.<\/p>\n<p>La mejor \u00e9poca para viajar en ch\u00e1rter a estas islas tropicales es la que va de noviembre a mayo, con vientos predominantemente alisios del sureste, m\u00e1s suave por la ma\u00f1ana llegando a alcanzar porla tarde una velocidad de hasta 30 nudos.<\/p>\n<p><strong><br \/>\nAlquiler de barcos Nueva Caledonia &#8211; Informaci\u00f3n general:<\/strong><\/p>\n<p>Idioma: franc\u00e9s &#8211; tambi\u00e9n se habla ingl\u00e9s y las idiomas de Polinesia y Melanesia<br \/>\nCapital: Noumea<\/p>\n<p>Moneda: CFP-Franc (XPF)<\/p>\n<p>Hora: MEZ + 10 horas &#8211; UTC \/ GMT + 11 Horas<\/p>\n<p>Electricidad: 220 V<\/p>\n<p>Los aeropuertos m\u00e1s importantes para Alquiler de barcos en Nueva Caledonia:<\/p>\n<p>&#8211; Noumea &#8211; NOU<\/p>\n<p>&nbsp;<\/p>\n<h2>Ofertas alquiler de barcos en Nueva Caledonia<\/h2>\n<p><strong>Hay importantes flotas de alquiler de veleros y catamaranes en Nueva Caledonia a que no se encuantran en nuestro Yachtfinder: por favor preg\u00fantenos por\u00a0 ofertas. Y, por supuesto, estaremos encantados de enviarle tambi\u00e9n ofertas para los yates de lujo con tripulaci\u00f3n m\u00e1s hermosos en esta zona.<\/strong><\/p>\n<table class=\"RegionsAndSubregions\" style=\"border-collapse: collapse;\" border=\"0\" cellspacing=\"0\">\n<tbody>\n<tr>\n<td>\n<div class=\"SubregionRepeaterTitle\">\n<h2><a href=\"https:\/\/yachtcharter-connection.com\/alquiler-barcos-isla-nueva-caledonia\"> Isla Nueva Caledonia <\/a><\/h2>\n<\/div>\n<div class=\"SmallLinks\">\n<ul>\n<li><a class=\"SmallLinks\" title=\"\" href=\"https:\/\/yachtcharter-connection.com\/new-caledonia-noumea-451\"> New Caledonia \/ Noumea <\/a><\/li>\n<li><a class=\"SmallLinks\" title=\"\" href=\"https:\/\/yachtcharter-connection.com\/port-moselle-381\"> Port Moselle <\/a><\/li>\n<\/ul>\n<\/div>\n<\/td>\n<\/tr>\n<\/tbody>\n<\/table>\n","protected":false},"excerpt":{"rendered":"<p>Alquiler de barcos Nueva Caledonia Naturaleza intacta en la que es una de las m\u00e1s grandes y m\u00e1s bellas lagunas de coral del mundo. Quien ya ha navegado con un yate de ch\u00e1rter por la zona no para de contar las maravillas del lugar &#8211; que es perfecto para el<\/p>\n","protected":false},"author":11,"featured_media":0,"parent":182,"menu_order":0,"comment_status":"open","ping_status":"open","template":"","meta":[],"aioseo_notices":[],"_links":{"self":[{"href":"https:\/\/yachtcharter-connection.com\/es\/wp-json\/wp\/v2\/pages\/400"}],"collection":[{"href":"https:\/\/yachtcharter-connection.com\/es\/wp-json\/wp\/v2\/pages"}],"about":[{"href":"https:\/\/yachtcharter-connection.com\/es\/wp-json\/wp\/v2\/types\/page"}],"author":[{"embeddable":true,"href":"https:\/\/yachtcharter-connection.com\/es\/wp-json\/wp\/v2\/users\/11"}],"replies":[{"embeddable":true,"href":"https:\/\/yachtcharter-connection.com\/es\/wp-json\/wp\/v2\/comments?post=400"}],"version-history":[{"count":3,"href":"https:\/\/yachtcharter-connection.com\/es\/wp-json\/wp\/v2\/pages\/400\/revisions"}],"predecessor-version":[{"id":25197,"href":"https:\/\/yachtcharter-connection.com\/es\/wp-json\/wp\/v2\/pages\/400\/revisions\/25197"}],"up":[{"embeddable":true,"href":"https:\/\/yachtcharter-connection.com\/es\/wp-json\/wp\/v2\/pages\/182"}],"wp:attachment":[{"href":"https:\/\/yachtcharter-connection.com\/es\/wp-json\/wp\/v2\/media?parent=400"}],"curies":[{"name":"wp","href":"https:\/\/api.w.org\/{rel}","templated":true}]}}