{"id":401,"date":"2015-08-10T05:53:32","date_gmt":"2015-08-10T05:53:32","guid":{"rendered":"http:\/\/yachtcharter-connection.com.w01e47c6.kasserver.com\/alquiler-barcos-holanda\/"},"modified":"2017-07-11T19:46:40","modified_gmt":"2017-07-11T17:46:40","slug":"alquiler-barcos-holanda","status":"publish","type":"page","link":"https:\/\/yachtcharter-connection.com\/es\/paises\/alquiler-barcos-holanda\/","title":{"rendered":"Holanda"},"content":{"rendered":"<h3>Alquiler de barcos Pa\u00edses Bajos<\/h3>\n<p>\n<img loading=\"lazy\" class=\"content-image\"  height=\"199\" width=\"300\" alt=\"Molinos en Paises Bajos\" src=\"https:\/\/yachtcharter-connection.com\/wp-content\/uploads\/converted_files\/18961\/18961-56222a3842104.jpg\" \/>Los Pa\u00edses Bajos han sido tradicionalmente una naci\u00f3n de navegantes; un pa\u00eds que en parte se encuentra situado bajo el nivel del mar y que dispone de una infraestructura mar\u00edtima excelente. En muchas ocasiones en los puentes basculantes los barcos tienen prioridad sobre el tr\u00e1fico vial. Por eso se han ido construyendo tambi\u00e9n   &ldquo;acueductos&rdquo; en los que barcos y coches pueden circular por diferentes niveles sin tener que cruzarse. Esta situaci\u00f3n de confluencia se plasma incluso en la lengua: lo que en neerland\u00e9s se llama &ldquo;meer&rdquo; no es el mar, sino los lagos interiores; al mar lo llaman &ldquo;zee&rdquo;. <\/p>\n<p>El \u00e1rea de navegaci\u00f3n m\u00e1s importante para practicar la vela o viajar en ch\u00e1rter en los Pa\u00edses Bajos es el Lago Ijssel (Ijsselmeer). Los bases de Alquiler de barcos se encuentran estacionados sobre todo en Lemmer. El mar interior holand\u00e9s es una zona muy bien resguardada y perfectamente adecuada para principiantes y para tripulaciones con ni\u00f1os.  Mientras en el exterior, en las aguas bajas  del Mar  del Norte, la navegaci\u00f3n se ve afectada a diario por las mareas, aqu\u00ed apenas encontramos diferencias en el estado del mar. Y adem\u00e1s hay amarres tanto en las marinas como en los puertos de las ciudades, todas ellas encantadoras con sus casitas t\u00edpicas, sus canales y puentes ferroviarios  y llenas de historia por doquier.  En general encontramos pantalanes con pilotes aunque con frecuencia tambi\u00e9n hay que abarloar. No se suele fondear ya que no hay muchas calas o bah\u00edas y el fondo no es bueno. Los holandeses son un pueblo aficionado al mar y no nos debe sorprender  que entre mayo y septiembre los fines de semana los puertos est\u00e9n abarrotados. Entre semana, incluso en temporada alta, no suele haber problemas. En tierra tenemos por todas partes bares y restaurantes y muchos  puestos donde venden pescadito. Y si hace mal tiempo no faltan museos de la pesca, museos n\u00e1uticos u otros lugares de inter\u00e9s donde pasar el rato. <\/p>\n<p>Si viajamos en una embarcaci\u00f3n peque\u00f1a podemos atravesar tambi\u00e9n el Mar de Frisia, la regi\u00f3n que conecta  al noreste con el Lago  Ijssel. Se trata de una planicie mareal con  muchos lagos y canales, islotes y lugares id\u00edlicos como Sneek en el Sneekermeer o Heeg junto al Heegermeer. Otra regi\u00f3n de Holanda por la que podemos navegar con nuestro yate ch\u00e1rter es Zeeland (Zelanda), una provincia del suroeste de los Pa\u00edses Bajos situada en la frontera con B\u00e9lgica, en la que encontramos numerosas islas y pen\u00ednsulas. Tenemos una base ch\u00e1rter en  Willemstad. Para llegar al sur de esta provincia por tierra s\u00f3lo podemos hacerlo v\u00eda B\u00e9lgica. <\/p>\n<table  class=\"RegionsAndSubregions\" cellspacing=\"0\" border=\"0\" style=\"border-collapse:collapse;\">\n<tbody>\n<tr>\n<td>\n<div class=\"SubregionRepeaterTitle\">\n<h2><a href=\"https:\/\/yachtcharter-connection.com\/alquiler-barcos-holanda-friesland-oeste\"> Holanda \/ Friesland <\/h2>\n<\/div>\n<div class=\"SmallLinks\">\n<ul>\n<li><a class=\"SmallLinks\" href=\"https:\/\/yachtcharter-connection.com\/sneek-565\" title=\"\"> Sneek <\/a><\/li>\n<\/ul>\n<\/div>\n<\/td>\n<td>\n<div class=\"SubregionRepeaterTitle\">\n<h2><a href=\"https:\/\/yachtcharter-connection.com\/alquiler-barcos-holanda-haarlemmermeer\"> Holanda \/ Haarlemmermeer <\/h2>\n<\/div>\n<div class=\"SmallLinks\">\n<ul>\n<li><a class=\"SmallLinks\" href=\"https:\/\/yachtcharter-connection.com\/alquiler-barcos-aalsmeer-leimuiden\" title=\"\"> Aalsmeer \/ Leimuiden <\/a><\/li>\n<\/ul>\n<\/div>\n<\/td>\n<\/tr>\n<tr>\n<td>\n<div class=\"SubregionRepeaterTitle\">\n<h2><a href=\"https:\/\/yachtcharter-connection.com\/alquiler-barcos-holanda-ijsselmeer\"> Holanda \/ Ijsselmeer <\/h2>\n<\/div>\n<div class=\"SmallLinks\">\n<ul>\n<li><a class=\"SmallLinks\" href=\"https:\/\/yachtcharter-connection.com\/amsterdam-875\" title=\"\"> Amsterdam <\/a><\/li>\n<li><a class=\"SmallLinks\" href=\"https:\/\/yachtcharter-connection.com\/enkhuizen-858\" title=\"\"> Enkhuizen <\/a><\/li>\n<li><a class=\"SmallLinks\" href=\"https:\/\/yachtcharter-connection.com\/franeker-830\" title=\"\"> Franeker <\/a><\/li>\n<li><a class=\"SmallLinks\" href=\"https:\/\/yachtcharter-connection.com\/giethoorn-750\" title=\"\"> Giethoorn <\/a><\/li>\n<li><a class=\"SmallLinks\" href=\"https:\/\/yachtcharter-connection.com\/harlingen-173\" title=\"\"> Harlingen <\/a><\/li>\n<li><a class=\"SmallLinks\" href=\"https:\/\/yachtcharter-connection.com\/hoorn-173\" title=\"\"> Hoorn <\/a><\/li>\n<li><a class=\"SmallLinks\" href=\"https:\/\/yachtcharter-connection.com\/ijsselmeer-monnickendam-581\" title=\"\"> Ijsselmeer \/ Monnickendam <\/a><\/li>\n<li><a class=\"SmallLinks\" href=\"https:\/\/yachtcharter-connection.com\/koudum-375\" title=\"\"> Koudum <\/a><\/li>\n<li><a class=\"SmallLinks\" href=\"https:\/\/yachtcharter-connection.com\/lemmer-707\" title=\"\"> Lemmer <\/a><\/li>\n<li><a class=\"SmallLinks\" href=\"https:\/\/yachtcharter-connection.com\/makkum-106\" title=\"\"> Makkum <\/a><\/li>\n<li><a class=\"SmallLinks\" href=\"https:\/\/yachtcharter-connection.com\/medemblik-888\" title=\"\"> Medemblik <\/a><\/li>\n<li><a class=\"SmallLinks\" href=\"https:\/\/yachtcharter-connection.com\/muiden-557\" title=\"\"> Muiden <\/a><\/li>\n<li><a class=\"SmallLinks\" href=\"https:\/\/yachtcharter-connection.com\/muiderzand-820\" title=\"\"> Muiderzand <\/a><\/li>\n<li><a class=\"SmallLinks\" href=\"https:\/\/yachtcharter-connection.com\/staveren\" title=\"\"> Staveren <\/a><\/li>\n<li><a class=\"SmallLinks\" href=\"https:\/\/yachtcharter-connection.com\/veluwemeer-harderwijk-995\" title=\"\"> Veluwemeer \/ Harderwijk <\/a><\/li>\n<li><a class=\"SmallLinks\" href=\"https:\/\/yachtcharter-connection.com\/vlagtvedde-223\" title=\"\"> Vlagtvedde <\/a><\/li>\n<li><a class=\"SmallLinks\" href=\"https:\/\/yachtcharter-connection.com\/wanneperveen-400\" title=\"\"> Wanneperveen <\/a><\/li>\n<li><a class=\"SmallLinks\" href=\"https:\/\/yachtcharter-connection.com\/workum-313\" title=\"\"> Workum <\/a><\/li>\n<\/ul>\n<\/div>\n<\/td>\n<td>\n<div class=\"SubregionRepeaterTitle\">\n<h2><a href=\"https:\/\/yachtcharter-connection.com\/alquiler-barcos-holanda-ijsselmeer-markermeer\"> Holanda \/ Ijsselmeer (Markermeer) <\/h2>\n<\/div>\n<div class=\"SmallLinks\">\n<ul>\n<li><a class=\"SmallLinks\" href=\"https:\/\/yachtcharter-connection.com\/lelystad-883\" title=\"\"> Lelystad <\/a><\/li>\n<\/ul>\n<\/div>\n<\/td>\n<\/tr>\n<tr>\n<td>\n<div class=\"SubregionRepeaterTitle\">\n<h2><a href=\"https:\/\/yachtcharter-connection.com\/alquiler-barcos-holanda-lauwersmeer\"> Holanda \/ Lauwersmeer <\/h2>\n<\/div>\n<div class=\"SmallLinks\">\n<ul>\n<li><a class=\"SmallLinks\" href=\"https:\/\/yachtcharter-connection.com\/alquiler-barcos-oostmahorn\" title=\"\"> Oostmahorn <\/a><\/li>\n<\/ul>\n<\/div>\n<\/td>\n<td>\n<div class=\"SubregionRepeaterTitle\">\n<h2><a href=\"https:\/\/yachtcharter-connection.com\/alquiler-barcos-holland-seeland\"> Holanda \/ Seeland <\/h2>\n<\/div>\n<div class=\"SmallLinks\">\n<ul>\n<li><a class=\"SmallLinks\" href=\"https:\/\/yachtcharter-connection.com\/bruinisse-584\" title=\"\"> Bruinisse <\/a><\/li>\n<li><a class=\"SmallLinks\" href=\"https:\/\/yachtcharter-connection.com\/hellevoetsluis-545\" title=\"\"> Hellevoetsluis <\/a><\/li>\n<li><a class=\"SmallLinks\" href=\"https:\/\/yachtcharter-connection.com\/alquiler-barcos-kortgene\" title=\"\"> Kortgene <\/a><\/li>\n<li><a class=\"SmallLinks\" href=\"https:\/\/yachtcharter-connection.com\/marina-port-zelande-566\" title=\"\"> Marina Port Z\u00e9lande <\/a><\/li>\n<li><a class=\"SmallLinks\" href=\"https:\/\/yachtcharter-connection.com\/sint-annaland-410\" title=\"\"> Sint Annaland <\/a><\/li>\n<li><a class=\"SmallLinks\" href=\"https:\/\/yachtcharter-connection.com\/willemstad-869\" title=\"\"> Willemstad <\/a><\/li>\n<\/ul>\n<\/div>\n<\/td>\n<\/tr>\n<tr>\n<td>\n<div class=\"SubregionRepeaterTitle\">\n<h2><a href=\"https:\/\/yachtcharter-connection.com\/alquiler-barcos-holland-loosdrechtsche-plassen\"> Holland \/ Loosdrechtsche Plassen <\/h2>\n<\/div>\n<div class=\"SmallLinks\">\n<ul>\n<li><a class=\"SmallLinks\" href=\"https:\/\/yachtcharter-connection.com\/loosdrecht-687\" title=\"\"> Loosdrecht <\/a><\/li>\n<\/ul>\n<\/div>\n<\/td>\n<td>\n<div class=\"SubregionRepeaterTitle\">\n<h2><a href=\"https:\/\/yachtcharter-connection.com\/alquiler-barcos-holland-sneekermeer\"> Holland \/ Sneekermeer <\/h2>\n<\/div>\n<div class=\"SmallLinks\">\n<ul>\n<li><a class=\"SmallLinks\" href=\"https:\/\/yachtcharter-connection.com\/terherne-894\" title=\"\"> Terherne <\/a><\/li>\n<\/ul>\n<\/div>\n<\/td>\n<\/tr>\n<tr><\/tr>\n<\/tbody>\n<\/table>\n","protected":false},"excerpt":{"rendered":"<p>Alquiler de barcos Pa\u00edses Bajos Los Pa\u00edses Bajos han sido tradicionalmente una naci\u00f3n de navegantes; un pa\u00eds que en parte se encuentra situado bajo el nivel del mar y que dispone de una infraestructura mar\u00edtima excelente. En muchas ocasiones en los puentes basculantes los barcos tienen prioridad sobre el tr\u00e1fico<\/p>\n","protected":false},"author":11,"featured_media":0,"parent":182,"menu_order":0,"comment_status":"open","ping_status":"open","template":"","meta":[],"aioseo_notices":[],"_links":{"self":[{"href":"https:\/\/yachtcharter-connection.com\/es\/wp-json\/wp\/v2\/pages\/401"}],"collection":[{"href":"https:\/\/yachtcharter-connection.com\/es\/wp-json\/wp\/v2\/pages"}],"about":[{"href":"https:\/\/yachtcharter-connection.com\/es\/wp-json\/wp\/v2\/types\/page"}],"author":[{"embeddable":true,"href":"https:\/\/yachtcharter-connection.com\/es\/wp-json\/wp\/v2\/users\/11"}],"replies":[{"embeddable":true,"href":"https:\/\/yachtcharter-connection.com\/es\/wp-json\/wp\/v2\/comments?post=401"}],"version-history":[{"count":2,"href":"https:\/\/yachtcharter-connection.com\/es\/wp-json\/wp\/v2\/pages\/401\/revisions"}],"predecessor-version":[{"id":24264,"href":"https:\/\/yachtcharter-connection.com\/es\/wp-json\/wp\/v2\/pages\/401\/revisions\/24264"}],"up":[{"embeddable":true,"href":"https:\/\/yachtcharter-connection.com\/es\/wp-json\/wp\/v2\/pages\/182"}],"wp:attachment":[{"href":"https:\/\/yachtcharter-connection.com\/es\/wp-json\/wp\/v2\/media?parent=401"}],"curies":[{"name":"wp","href":"https:\/\/api.w.org\/{rel}","templated":true}]}}