{"id":402,"date":"2015-08-10T05:53:32","date_gmt":"2015-08-10T05:53:32","guid":{"rendered":"http:\/\/yachtcharter-connection.com.w01e47c6.kasserver.com\/alquiler-barcos-noruega\/"},"modified":"2017-07-11T20:02:00","modified_gmt":"2017-07-11T18:02:00","slug":"alquiler-barcos-noruega","status":"publish","type":"page","link":"https:\/\/yachtcharter-connection.com\/es\/paises\/alquiler-barcos-noruega\/","title":{"rendered":"Noruega"},"content":{"rendered":"<h3>Alquiler de barcos Noruega<\/h3>\n<p>\n<img loading=\"lazy\" class=\"content-image\"  width=\"300\" height=\"200\" alt=\"Noruega_puerto_de_oslo\" src=\"https:\/\/yachtcharter-connection.com\/wp-content\/uploads\/converted_files\/18962\/18962-56222a39d3279.jpg\" \/>La regi\u00f3n de Alquiler de barcos de Noruega es famosa por sus impresionantes fiordos. Los lugares favoritos de los que viajan en yate ch\u00e1rter por este pa\u00eds son el fiordo de Oslo, la costa del Atl\u00e1ntico Norte o el grupo de islas situadas enfrente, las Lofoten.<\/p>\n<p>La capital de Noruega, Oslo, est\u00e1 en el Norte del fiordo del mismo nombre, que se extiende a lo largo de casi 100 kil\u00f3metros hacia el sur, hasta el Skagerrak. Con sus numerosos puertos, islas, canales y bah\u00edas, este fiordo en un \u00e1rea de navegaci\u00f3n muy apreciada.  Nosotros podemos conseguirle yates ch\u00e1rter en diferentes puntos del Fiordo de Oslo. <\/p>\n<p>A las <a href=\"~\/Alquiler_barcos_noruega\/lofoten.html\">Lofoten<\/a> pertenecen alrededor de 80 islas. A la costa del Atl\u00e1ntico hay bases de Alquiler de barcos por ejemplo en <a href=\"~\/Alquiler_barcos_noruega\/bodoe.html\">Bodoe<\/a>, <a href=\"~\/Alquiler_barcos_noruega\/tromso.html\">Tromso<\/a>, las islas de las Lofoten y Bergen.<\/p>\n<p>Especialmente en la zona de Alquiler de barcos en la <a href=\"~\/mar_de_noruega\/Alquiler_barcos_norway_atlantic_coast.html\">costa atl\u00e1ntica de Noruega<\/a> en el extremo norte, que es tan diferente de los distritos de ch\u00e1rter de yates en el mar B\u00e1ltico o el Mediterr\u00e1neo puede ser interesante para los navegantes.<\/p>\n<p><img loading=\"lazy\" class=\"content-image\"  width=\"300\" height=\"225\" alt=\"Noruega-navegando-bandera\" src=\"https:\/\/yachtcharter-connection.com\/wp-content\/uploads\/converted_files\/18962\/18962-56222a40dd9b5.jpg\" \/>No hay puertos deportivos en esta \u00e1rea de Alquiler de barcos en el norte de Noruega, pero esto no es una desventaja: en los puertos pesqueros hay un mont\u00f3n de espacio para yates. En algunos lugares hay clubes de yates, pero estos son en su mayor\u00eda asociaciones de pescadores. No hay duchas o otro tipo de infraestructura t\u00edpica deAlquiler de barcos en estos puerto en Noruega &#8211; pero los precios para amarres, agua y electricidad incluido, son de ocho a diez Euros por noche. <\/p>\n<p>Debido a la marea de hasta 3,50 metros, hay pantalanes flotantes casi en todas partes &#8211; si no, amarrar es por supuesto un poco m\u00e1s complicada. En cada isla hay un peque\u00f1o supermercado,  abierta entre las 10.00 y 16.00 h, a veces tambi\u00e9n las 18 a\u00f1os h. Las ofertas especialmente para las ensaladas y verduras son muy limitadas. La cerveza se vende s\u00f3lo de 10.00 a 16.00 \u00f3 18.00 horas, despu\u00e9s est\u00e1 prohibido! Los vinos y licores s\u00f3lo se venden en tiendas especiales, que a menudo se esconden m\u00e1s lejos.<\/p>\n<p>No hay restaurantes, ni los mercados de pescado, nada puede salvar el barco natural encanto ch\u00e1rter n\u00e1utico a un puerto en la noche para abandonar el barco en absoluto. Si los turistas de Alquiler de barcos necesitan combustible o agua las f\u00e1bricas de pescado van a ayudar.<\/p>\n<h3>Alquiler de barcos Noruega &#8211; Informaci\u00f3n general:<\/h3>\n<p>\nIdioma: Noruego<br \/>\nCapital: Oslo<\/p>\n<p>Moneda: Corona Noruega (NOK)<\/p>\n<p>Hora: MEZ &#8211; UTC \/ GMT + 1 Hora<br \/>\nen verano MESZ  <\/p>\n<p>Electricidad: 220 \/ 230 V <\/p>\n<p>Los aeropuertos m\u00e1s importantes para Alquiler de barcos en Noruega:<\/p>\n<p>&#8211; Oslo &#8211; OSL<br \/>\n&#8211; Troms\u00f6 &#8211; TOS<br \/>\n&#8211; Bodoe &#8211; BOD<br \/>\n&#8211; Bergen &#8211; BGO<\/p>\n<p>\n<img loading=\"lazy\" class=\"content-image\"  width=\"300\" height=\"244\" alt=\"Noruega - velero de ch\u00e1rter en el fiordo\" src=\"https:\/\/yachtcharter-connection.com\/wp-content\/uploads\/converted_files\/18962\/18962-56222a425191f.jpg\" \/><\/p>\n<table  class=\"RegionsAndSubregions\" cellspacing=\"0\" border=\"0\" style=\"border-collapse:collapse;\">\n<tbody>\n<tr>\n<td>\n<div class=\"SubregionRepeaterTitle\">\n<h2><a href=\"https:\/\/yachtcharter-connection.com\/alquiler-barcos-norway-atlantic-coast\"> Norway \/ Atlantic Coast <\/h2>\n<\/div>\n<div class=\"SmallLinks\">\n<ul>\n<li><a class=\"SmallLinks\" href=\"https:\/\/yachtcharter-connection.com\/alquiler-barcos-bergen\" title=\"\"> Bergen <\/a><\/li>\n<li><a class=\"SmallLinks\" href=\"https:\/\/yachtcharter-connection.com\/bergen-hjellsted-marina-865\" title=\"\"> Bergen \/ Hjellsted Marina <\/a><\/li>\n<li><a class=\"SmallLinks\" href=\"https:\/\/yachtcharter-connection.com\/bodoe-269\" title=\"\"> Bodoe <\/a><\/li>\n<li><a class=\"SmallLinks\" href=\"https:\/\/yachtcharter-connection.com\/kristiansand-480\" title=\"\"> Kristiansand <\/a><\/li>\n<li><a class=\"SmallLinks\" href=\"https:\/\/yachtcharter-connection.com\/lofoten-727\" title=\"\"> Lofoten <\/a><\/li>\n<li><a class=\"SmallLinks\" href=\"https:\/\/yachtcharter-connection.com\/senja-stonglandseidet-177\" title=\"\"> Senja \/ Stonglandseidet <\/a><\/li>\n<li><a class=\"SmallLinks\" href=\"https:\/\/yachtcharter-connection.com\/tromso-155\" title=\"\"> Tromso <\/a><\/li>\n<\/ul>\n<\/div>\n<\/td>\n<td>\n<div class=\"SubregionRepeaterTitle\">\n<h2><a href=\"https:\/\/yachtcharter-connection.com\/alquiler-barcos-svalbard-archipielago-spitzbergen\"> Svalbard Archipi\u00e9lago \/ Spitzbergen <\/h2>\n<\/div>\n<div class=\"SmallLinks\">\n<ul>\n<li><a class=\"SmallLinks\" href=\"https:\/\/yachtcharter-connection.com\/longyearbyen-101\" title=\"\"> Longyearbyen <\/a><\/li>\n<\/ul>\n<\/div>\n<\/td>\n<\/tr>\n<tr>\n<td>\n<div class=\"SubregionRepeaterTitle\">\n<h2><a href=\"https:\/\/yachtcharter-connection.com\/alquiler-barcos-western-sweden-bohuslan\"> Western Sweden \/ Bohuslan <\/h2>\n<\/div>\n<div class=\"SmallLinks\">\n<ul>\n<li><a class=\"SmallLinks\" href=\"https:\/\/yachtcharter-connection.com\/halden-729\" title=\"\"> Halden <\/a><\/li>\n<\/ul>\n<\/div>\n<\/td>\n<\/tr>\n<\/tbody>\n<\/table>\n","protected":false},"excerpt":{"rendered":"<p>Alquiler de barcos Noruega La regi\u00f3n de Alquiler de barcos de Noruega es famosa por sus impresionantes fiordos. Los lugares favoritos de los que viajan en yate ch\u00e1rter por este pa\u00eds son el fiordo de Oslo, la costa del Atl\u00e1ntico Norte o el grupo de islas situadas enfrente, las Lofoten.<\/p>\n","protected":false},"author":11,"featured_media":0,"parent":182,"menu_order":0,"comment_status":"open","ping_status":"open","template":"","meta":[],"aioseo_notices":[],"_links":{"self":[{"href":"https:\/\/yachtcharter-connection.com\/es\/wp-json\/wp\/v2\/pages\/402"}],"collection":[{"href":"https:\/\/yachtcharter-connection.com\/es\/wp-json\/wp\/v2\/pages"}],"about":[{"href":"https:\/\/yachtcharter-connection.com\/es\/wp-json\/wp\/v2\/types\/page"}],"author":[{"embeddable":true,"href":"https:\/\/yachtcharter-connection.com\/es\/wp-json\/wp\/v2\/users\/11"}],"replies":[{"embeddable":true,"href":"https:\/\/yachtcharter-connection.com\/es\/wp-json\/wp\/v2\/comments?post=402"}],"version-history":[{"count":1,"href":"https:\/\/yachtcharter-connection.com\/es\/wp-json\/wp\/v2\/pages\/402\/revisions"}],"predecessor-version":[{"id":12371,"href":"https:\/\/yachtcharter-connection.com\/es\/wp-json\/wp\/v2\/pages\/402\/revisions\/12371"}],"up":[{"embeddable":true,"href":"https:\/\/yachtcharter-connection.com\/es\/wp-json\/wp\/v2\/pages\/182"}],"wp:attachment":[{"href":"https:\/\/yachtcharter-connection.com\/es\/wp-json\/wp\/v2\/media?parent=402"}],"curies":[{"name":"wp","href":"https:\/\/api.w.org\/{rel}","templated":true}]}}