{"id":403,"date":"2014-06-29T01:05:45","date_gmt":"2014-06-29T01:05:45","guid":{"rendered":"http:\/\/yachtcharter-connection.com.w01e47c6.kasserver.com\/alquiler-barcos-panama\/"},"modified":"2018-02-23T17:19:02","modified_gmt":"2018-02-23T15:19:02","slug":"alquiler-barcos-panama","status":"publish","type":"page","link":"https:\/\/yachtcharter-connection.com\/es\/paises\/alquiler-barcos-panama\/","title":{"rendered":"Panama"},"content":{"rendered":"<h1><strong>Alquiler de yates Panam\u00e1<\/strong><\/h1>\n<p>Entre los navegantes, el pa\u00eds de Panam\u00e1 en Am\u00e9rica Central es m\u00e1s conocido por el Canal de Panam\u00e1 que conecta el Mar Caribe \/ Oc\u00e9ano Atl\u00e1ntico con el Pac\u00edfico. Panam\u00e1 cuenta tambi\u00e9n con \u00e1reas de crucero muy interesantes: para ch\u00e1rter de yates a motor de lujo, incluso el \u00e1rea alrededor de la ciudad de Panam\u00e1 vale la pena el viaje &#8211;\u00a0 y para navegar, a vela, tanto el Archipi\u00e9lago de San Blas en la costa caribe\u00f1a como el archipi\u00e9lago de Las Perlas en el lado Pac\u00edfico son excelentes y ex\u00f3ticos destinos de navegaci\u00f3n.<\/p>\n<p>&nbsp;<\/p>\n<h2><strong>Alquiler de barcos Archipi\u00e9lago de San Blas &#8211; catamaranes con tripulaci\u00f3n y yates de vela<\/strong><\/h2>\n<p><a href=\"https:\/\/yachtcharter-connection.com\/wp-content\/uploads\/2014\/05\/2018San-Blas-Islands-Cat-Air-800.jpg\"><img loading=\"lazy\" class=\"alignleft size-full wp-image-26023\" src=\"https:\/\/yachtcharter-connection.com\/wp-content\/uploads\/2014\/05\/2018San-Blas-Islands-Cat-Air-800.jpg\" alt=\"Alquiler barcos Islas San Blas\" width=\"600\" height=\"445\" srcset=\"https:\/\/yachtcharter-connection.com\/wp-content\/uploads\/2014\/05\/2018San-Blas-Islands-Cat-Air-800.jpg 600w, https:\/\/yachtcharter-connection.com\/wp-content\/uploads\/2014\/05\/2018San-Blas-Islands-Cat-Air-800-300x223.jpg 300w\" sizes=\"(max-width: 600px) 100vw, 600px\" \/><\/a>La zona de navegaci\u00f3n m\u00e1s popular y espectacular son las Islas de San Blas: alrededor de 365 hermosas islas en aguas turquesas, con playas de arena blanca y cocoteros. El alquiler de barcos sin patr\u00f3n no est\u00e1 permitido en esta \u00e1rea protegida. Para las vacaciones en ch\u00e1rter a bordo, los catamaranes tripulados y los yates de vela est\u00e1n disponibles para disfrutar de un crucero de ensue\u00f1o sinti\u00e9ndose como en el para\u00edso.<\/p>\n<p>El archipi\u00e9lago est\u00e1 gobernado aut\u00f3nomamente por los Guna (indios Kuna) para proteger su modo de vida tradicional y para preservar la hermosa naturaleza. Durante muchos siglos han vivido en &#8220;Guna Yala&#8221; como llaman al archipi\u00e9lago en su propio idioma. Desde 1938, despu\u00e9s de la revoluci\u00f3n Guna contra los intentos del gobierno paname\u00f1o de introducir la civilizaci\u00f3n occidental, incluyendo la prohibici\u00f3n del idioma y las tradiciones locales, han ganado casi la plena autonom\u00eda y gobiernan su propio territorio.<\/p>\n<p>En esta \u00e1rea protegida, la naturaleza pr\u00edstina pod\u00eda estar bien conservada. La cordillera de San Blas circundante todav\u00eda cuenta con bosques primarios, r\u00edos como R\u00edo Diablo y R\u00edo Manglar son ideales para practicar kayak. Puedes ver tucanes, \u00e1guilas marinas o garzas, monos ara\u00f1a y m\u00e1s animales salvajes durante tu estancia. Solo alrededor del 10 por ciento de las islas est\u00e1n habitadas, en los dem\u00e1s, solo hay unas pocas familias que viven bastante aisladas.<\/p>\n<p>Los hu\u00e9spedes a bordo de los catamaranes o veleros alquilados pueden experimentar la cultura de los indios Kuna, disfrutar de la nataci\u00f3n y practicar deportes acu\u00e1ticos como snorkel, pesca, buceo, probar kayaks o tablas de paddle, explorar las islas, conocer otros barcos en un campo de boyas o relajarse en tranquilos fondeaderos. Disfrutar\u00e1n de deliciosas comidas a bordo con mariscos como la pesca del d\u00eda con diferentes pescados, langosta fresca o cangrejos gigantes, frutas tropicales o carne excelente importada de la ciudad de Panam\u00e1.<\/p>\n<p>&nbsp;<\/p>\n<h2><strong>Zonas de navegaci\u00f3n en el Archipi\u00e9lago de San Blas <\/strong><\/h2>\n<p><a href=\"https:\/\/yachtcharter-connection.com\/wp-content\/uploads\/2014\/05\/2018San-Blas-Kuna-boat-800.jpg\"><img loading=\"lazy\" class=\"alignleft size-full wp-image-26024\" src=\"https:\/\/yachtcharter-connection.com\/wp-content\/uploads\/2014\/05\/2018San-Blas-Kuna-boat-800.jpg\" alt=\"San Blas alquiler barcos - kuna\" width=\"600\" height=\"444\" srcset=\"https:\/\/yachtcharter-connection.com\/wp-content\/uploads\/2014\/05\/2018San-Blas-Kuna-boat-800.jpg 600w, https:\/\/yachtcharter-connection.com\/wp-content\/uploads\/2014\/05\/2018San-Blas-Kuna-boat-800-300x222.jpg 300w\" sizes=\"(max-width: 600px) 100vw, 600px\" \/><\/a>La mejor zona para cruceros se encuentra entre Porvenir y Rio Diablo (Coraz\u00f3n de Jes\u00fas) con aguas tranquilas, protegidas por arrecifes.<\/p>\n<p>Los Cayos Chichime se encuentran al norte de Carti, donde comienza San Blas, ideal para unas cortas vacaciones de varios d\u00edas. Los Cayos Coco Bandero consisten en islas muy peque\u00f1as e id\u00edlicas ubicadas al noroeste de Isla Verde. Ofrecen uno de los mejores fondeaderos, protegido por una barrera externa de coral que tiene aproximadamente 4 millas de largo.<\/p>\n<p>En la parte norte del archipi\u00e9lago de San Blas, los Cayos Holandes, un grupo de 21 islas deshabitadas, est\u00e1n incluso protegidos por un arrecife de coral de 7 millas. M\u00e1s bien lejos de la costa del continente, las aguas aqu\u00ed son incre\u00edblemente claras.<\/p>\n<p>Los itinerarios de las vacaciones ch\u00e1rter de yates son, por supuesto, flexibles: los detalles se discutir\u00e1n con el capit\u00e1n y depender\u00e1n de la duraci\u00f3n del crucero y las preferencias de los hu\u00e9spedes.<\/p>\n<p>Hay <a href=\"https:\/\/yachtcharter-connection.com\/es\/navegar-islas-san-blas-impresiones\/\"><span style=\"color: #003366;\"><strong>m\u00e1s fotos aqu\u00ed en la galeria<\/strong><\/span>.<\/a><\/p>\n<h3><strong>Navegando en las Islas San Blas &#8211; el clima<\/strong><\/h3>\n<p>Panam\u00e1 est\u00e1 protegido de huracanes, los barcos de alquiler est\u00e1n disponibles durante todo el a\u00f1o. La temporada alta en el Archipi\u00e9lago de San Blas es de diciembre a abril: con vientos regulares y poca o ninguna lluvia, la temporada ideal para los navegantes apasionados. En la temporada de mayo a noviembre, usualmente los vientos son m\u00e1s suaves y hay algunas lluvias: la visibilidad bajo el agua es mucho mejor. Los buzos tienen la posibilidad de explorar el &#8220;exterior&#8221; de los arrecifes, los arrecifes de coral y la fauna marina. Las temperaturas son ideales durante todo el a\u00f1o, entre 27 y 35 grados durante el d\u00eda, con una temperatura del mar de cerca de 26 grados.<\/p>\n<h2><strong>Barcos de alquiler\u00a0 Panam\u00e1 &#8211; Archipi\u00e9lago de San Blas &#8211; Las Perlas<\/strong><\/h2>\n<p>Para alquiler de yates en Panam\u00e1, ofrecemos algunos yates a motor de lujo y una excelente selecci\u00f3n de catamaranes y veleros con tripulaci\u00f3n. \u00a1Solicite ofertas!<\/p>\n<p><a href=\"https:\/\/yachtcharter-connection.com\/wp-content\/uploads\/2014\/05\/Panama-sailing-areas.jpg\"><img loading=\"lazy\" class=\"alignleft size-full wp-image-26025\" src=\"https:\/\/yachtcharter-connection.com\/wp-content\/uploads\/2014\/05\/Panama-sailing-areas.jpg\" alt=\"Panama zonas de navegaci\u00f3n\" width=\"490\" height=\"359\" srcset=\"https:\/\/yachtcharter-connection.com\/wp-content\/uploads\/2014\/05\/Panama-sailing-areas.jpg 490w, https:\/\/yachtcharter-connection.com\/wp-content\/uploads\/2014\/05\/Panama-sailing-areas-300x220.jpg 300w\" sizes=\"(max-width: 490px) 100vw, 490px\" \/><\/a><\/p>\n<table class=\"RegionsAndSubregions\" style=\"border-collapse: collapse;\" border=\"0\" cellspacing=\"0\">\n<tbody>\n<tr>\n<td>\n<div class=\"SubregionRepeaterTitle\">\n<h2><a href=\"https:\/\/yachtcharter-connection.com\/alquiler-barcos-central-america\"> Central-America <\/a><\/h2>\n<\/div>\n<div class=\"SmallLinks\">\n<ul>\n<li><a class=\"SmallLinks\" title=\"\" href=\"https:\/\/yachtcharter-connection.com\/san-blas-el-porvenir-188\"> San Blas \/ El Porvenir <\/a><\/li>\n<\/ul>\n<\/div>\n<\/td>\n<\/tr>\n<\/tbody>\n<\/table>\n","protected":false},"excerpt":{"rendered":"<p>Alquiler de yates Panam\u00e1 Entre los navegantes, el pa\u00eds de Panam\u00e1 en Am\u00e9rica Central es m\u00e1s conocido por el Canal de Panam\u00e1 que conecta el Mar Caribe \/ Oc\u00e9ano Atl\u00e1ntico con el Pac\u00edfico. Panam\u00e1 cuenta tambi\u00e9n con \u00e1reas de crucero muy interesantes: para ch\u00e1rter de yates a motor de lujo,<\/p>\n","protected":false},"author":11,"featured_media":0,"parent":182,"menu_order":0,"comment_status":"open","ping_status":"open","template":"","meta":[],"aioseo_notices":[],"_links":{"self":[{"href":"https:\/\/yachtcharter-connection.com\/es\/wp-json\/wp\/v2\/pages\/403"}],"collection":[{"href":"https:\/\/yachtcharter-connection.com\/es\/wp-json\/wp\/v2\/pages"}],"about":[{"href":"https:\/\/yachtcharter-connection.com\/es\/wp-json\/wp\/v2\/types\/page"}],"author":[{"embeddable":true,"href":"https:\/\/yachtcharter-connection.com\/es\/wp-json\/wp\/v2\/users\/11"}],"replies":[{"embeddable":true,"href":"https:\/\/yachtcharter-connection.com\/es\/wp-json\/wp\/v2\/comments?post=403"}],"version-history":[{"count":7,"href":"https:\/\/yachtcharter-connection.com\/es\/wp-json\/wp\/v2\/pages\/403\/revisions"}],"predecessor-version":[{"id":26077,"href":"https:\/\/yachtcharter-connection.com\/es\/wp-json\/wp\/v2\/pages\/403\/revisions\/26077"}],"up":[{"embeddable":true,"href":"https:\/\/yachtcharter-connection.com\/es\/wp-json\/wp\/v2\/pages\/182"}],"wp:attachment":[{"href":"https:\/\/yachtcharter-connection.com\/es\/wp-json\/wp\/v2\/media?parent=403"}],"curies":[{"name":"wp","href":"https:\/\/api.w.org\/{rel}","templated":true}]}}