{"id":404,"date":"2015-08-10T05:53:32","date_gmt":"2015-08-10T05:53:32","guid":{"rendered":"http:\/\/yachtcharter-connection.com.w01e47c6.kasserver.com\/alquiler-barcos-polinesia\/"},"modified":"2025-03-02T16:02:43","modified_gmt":"2025-03-02T14:02:43","slug":"alquiler-barcos-polinesia","status":"publish","type":"page","link":"https:\/\/yachtcharter-connection.com\/es\/paises\/alquiler-barcos-polinesia\/","title":{"rendered":"Polinesia"},"content":{"rendered":"<h1>Alquiler de barcos Polinesia<\/h1>\n<p>&nbsp;<\/p>\n<p><iframe loading=\"lazy\" width=\"100%\" height=\"1000\" frameborder=\"0\" scrolling=\"auto\" src=\"https:\/\/www.booking-manager.com\/wbm2\/page.html?companyid=662&amp;setlang=es&amp;bm_view=SearchResult&amp;filter_flexibility=in_year&amp;sortBy=11&amp;sortDirection=-1&amp;filter_country=PF\"><\/iframe><\/p>\n<p>&nbsp;<\/p>\n<p><img loading=\"lazy\" class=\"content-image\" src=\"https:\/\/yachtcharter-connection.com\/wp-content\/uploads\/converted_files\/18964\/18964-56222a43d364f.jpg\" alt=\"Polinesia_velero\" width=\"300\" height=\"225\" \/>Es el para\u00edso de los Mares del Sur y probablemente no haya ning\u00fan navegante que no sue\u00f1e con viajar en velero por la zona. Tahit\u00ed, Bora Bora, Raiatea; s\u00f3lo con o\u00edr estos nombre tan sonoros ya los asociamos con islas maravillosas, azules lagunas, hojas de palmera ondeando al viento, playas inmaculadas, gente llena de alegr\u00eda, y el sonido de los Mares del Sur.<\/p>\n<p>Conocemos oficialmente como Mares del Sur a la zona del Pac\u00edfico Sur que comprende Melanesia, Micronesia y Polinesia. Pero en muchas ocasiones se utiliza el t\u00e9rmino como sin\u00f3nimo de Polinesia, una regi\u00f3n gigantesca del Pac\u00edfico en la que se encuentran m\u00e1s de 1.000 islas y grupos de islas que se extienden desde Haw\u00e1i en el norte hasta la Isla de Pascua, que pertenece a Chile, y Nueva Zelanda. Como zona de navegaci\u00f3n ch\u00e1rter las rutas preferidas en los Mares del Sur se encuentran en los grupos de islas que pertenecen a la Polinesia Francesa, (con las llamadas Islas de la Sociedad, Tahit\u00ed y Bora Bora) y Tonga. Son \u00e1reas de navegaci\u00f3n que requieren cierta experiencia, sobre todo la regi\u00f3n de Tonga. Por un lado porque sopla mayormente alisio del norte con fuerza de hasta cuatro y seis y con su correspondiente marejada; por otro porque, sobre todo en la zona de Tonga, encontramos muchas lagunas que, como corresponde a su naturaleza, est\u00e1n rodeadas por arrecifes de coral que no est\u00e1n se\u00f1alados con balizamiento. Puertos y marinas no vamos a encontrar muchos, pero s\u00ed innumerables calas solitarias para fondear: naturaleza en estado puro.<\/p>\n<p><strong>Cuando los navegantes hablan de los Mares del Sur como un \u00e1rea de navegaci\u00f3n de ensue\u00f1o que tambi\u00e9n se adapta a los viajes en ch\u00e1rter, suelen referirse realmente a la Polinesia Francesa con el archipi\u00e9lago de las Islas de la Sociedad. De las Islas del Viento (Iles du Vent) la m\u00e1s importante es Tahit\u00ed con su capital Papeete, que se encuentra a barlovento (sur le Vent); pero las tripulaciones ch\u00e1rter suelen explorar m\u00e1s bien la zona de las Iles-sous-le-Vent, de sotavento, con islas como Raiatea, Bora Bora, Huahine, Tahaa, Maupiti, o Tupai. Raiatea es la segunda isla m\u00e1s grande de las Islas de la Sociedad y la base de {keyword#} m\u00e1s importante de la zona. Si programamos un recorrido de dos semanas podemos incluir tambi\u00e9n la zona de barlovento y Tahit\u00ed.<\/strong><\/p>\n<p>Para los que les gusta bucear con esn\u00f3rquel Tahaa es un para\u00edso. Se une a la base de Raiatea a trav\u00e9s de una laguna. Delfines blancos y bancos de peces de los m\u00e1s variados y estridentes colores. Maupiti, una t\u00edpica isla atol\u00f3n, nos ofrece esencialmente naturaleza en estado virgen.<\/p>\n<p>Bora Bora tiene alrededor de 9.000 habitantes y es seguramente la isla m\u00e1s bella de todas; junto con Tahit\u00ed tambi\u00e9n la que m\u00e1s ha explotado el turismo. Su gran laguna nos fascina por el incre\u00edble mundo submarino que acoge, con jardines de coral y una impresionante variedad de especies marinas. Y en el interior podemos hacer una excursi\u00f3n a las monta\u00f1as o explorar la selva h\u00fameda; en bicicleta, autob\u00fas o coche el\u00e9ctrico. La mejor vista panor\u00e1mica la obtenemos desde el Monte Otemanu. En una gruta junto al monte anidan p\u00e1jaros fragata. En el sureste de la isla hay un parque natural submarino en Coral Garden, y Haamaire Bay es un para\u00edso para practicar el esn\u00f3rquel. La capital, Vaitape, situada en el oeste de la isla, tiene unos 4.000 habitantes. En el Passe Teavanui, el paso m\u00e1s importante hacia la laguna, se encuentran fondeados los cruceros. Poofai y Faanui son las bah\u00edas que nos ofrecen las m\u00e1s hermosas playas, y el bar m\u00e1s famoso es el Bloody Mary\u2019s.<\/p>\n<p>El atol\u00f3n de Huahine est\u00e1 formado por dos islas de origen volc\u00e1nico alrededor de un estrecho canal y algunos motus, que es como denominan aqu\u00ed a las peque\u00f1as islas de arrecife, y en \u00e9l habitan unas 6.000 personas. En la ciudad de Fare encontramos todo el encanto colonial.<\/p>\n<p>Para llegar a la Polinesia francesa viajamos v\u00eda Papeete. La mejor \u00e9poca para navegar en esta zona de clima subtropical y tropical va de diciembre a abril. Casi todo se importa de Francia, por lo que la vida en el lugar es bastante cara. De hecho Bora Bora est\u00e1 considerado como el destino tur\u00edstico m\u00e1s caro del mundo.<\/p>\n<p><strong><a href=\"https:\/\/yachtcharter-connection.com\/es\/alquiler-de-yates-de-lujo-polinesia-francesa\/\">Alquiler de Yates de Lujo Polinesia Francesa<\/a><\/strong><\/p>\n<p>&nbsp;<\/p>\n<h2><strong>Ofertas alquiler de barcos en Polinesia<\/strong><\/h2>\n<p><strong>Hay importantes flotas de alquiler de veleros y catamaranes en la Polinesia Francesa que no se encuantran en nuestro Yachtfinder: por favor preg\u00fantenos por\u00a0 ofertas. Y, por supuesto, estaremos encantados de enviarle tambi\u00e9n ofertas para los yates de lujo con tripulaci\u00f3n m\u00e1s hermosos en esta \u00e1rea.<\/strong><\/p>\n<table class=\"RegionsAndSubregions\" style=\"border-collapse: collapse;\" border=\"0\" cellspacing=\"0\">\n<tbody>\n<tr>\n<td>\n<div class=\"SubregionRepeaterTitle\">\n<h2><a href=\"https:\/\/yachtcharter-connection.com\/alquiler-barcos-polinesia-258\"> Polinesia <\/a><\/h2>\n<\/div>\n<div class=\"SmallLinks\">\n<ul>\n<li><a class=\"SmallLinks\" title=\"\" href=\"https:\/\/yachtcharter-connection.com\/polynesia-raiatea-893\"> Polynesia \/ Raiatea <\/a><\/li>\n<\/ul>\n<\/div>\n<\/td>\n<\/tr>\n<\/tbody>\n<\/table>\n","protected":false},"excerpt":{"rendered":"<p>Alquiler de barcos Polinesia &nbsp; &nbsp; Es el para\u00edso de los Mares del Sur y probablemente no haya ning\u00fan navegante que no sue\u00f1e con viajar en velero por la zona. Tahit\u00ed, Bora Bora, Raiatea; s\u00f3lo con o\u00edr estos nombre tan sonoros ya los asociamos con islas maravillosas, azules lagunas, hojas<\/p>\n","protected":false},"author":11,"featured_media":0,"parent":182,"menu_order":0,"comment_status":"open","ping_status":"open","template":"","meta":[],"aioseo_notices":[],"_links":{"self":[{"href":"https:\/\/yachtcharter-connection.com\/es\/wp-json\/wp\/v2\/pages\/404"}],"collection":[{"href":"https:\/\/yachtcharter-connection.com\/es\/wp-json\/wp\/v2\/pages"}],"about":[{"href":"https:\/\/yachtcharter-connection.com\/es\/wp-json\/wp\/v2\/types\/page"}],"author":[{"embeddable":true,"href":"https:\/\/yachtcharter-connection.com\/es\/wp-json\/wp\/v2\/users\/11"}],"replies":[{"embeddable":true,"href":"https:\/\/yachtcharter-connection.com\/es\/wp-json\/wp\/v2\/comments?post=404"}],"version-history":[{"count":6,"href":"https:\/\/yachtcharter-connection.com\/es\/wp-json\/wp\/v2\/pages\/404\/revisions"}],"predecessor-version":[{"id":31275,"href":"https:\/\/yachtcharter-connection.com\/es\/wp-json\/wp\/v2\/pages\/404\/revisions\/31275"}],"up":[{"embeddable":true,"href":"https:\/\/yachtcharter-connection.com\/es\/wp-json\/wp\/v2\/pages\/182"}],"wp:attachment":[{"href":"https:\/\/yachtcharter-connection.com\/es\/wp-json\/wp\/v2\/media?parent=404"}],"curies":[{"name":"wp","href":"https:\/\/api.w.org\/{rel}","templated":true}]}}