{"id":406,"date":"2015-08-10T05:53:32","date_gmt":"2015-08-10T05:53:32","guid":{"rendered":"http:\/\/yachtcharter-connection.com.w01e47c6.kasserver.com\/alquiler-barcos-portugal\/"},"modified":"2017-07-12T03:47:22","modified_gmt":"2017-07-12T01:47:22","slug":"alquiler-barcos-portugal","status":"publish","type":"page","link":"https:\/\/yachtcharter-connection.com\/es\/paises\/alquiler-barcos-portugal\/","title":{"rendered":"Portugal"},"content":{"rendered":"<h3>Alquiler de barcos Portugal<\/h3>\n<p>\n<img loading=\"lazy\" class=\"content-image\"  height=\"200\" width=\"300\" alt=\"Portugal - Yates al torre de Belem\" src=\"https:\/\/yachtcharter-connection.com\/wp-content\/uploads\/converted_files\/18966\/18966-56222a45c324e.jpg\" \/>Los portugueses fueron en otro tiempo grandes navegantes; si bien Col\u00f3n descubri\u00f3 Am\u00e9rica para la corona espa\u00f1ola despu\u00e9s de que el rey de Portugal se negara a financiar su viaje en busca de una ruta occidental hacia las Indias. En la actualidad este pa\u00eds, que cuenta con 850 kil\u00f3metros de costa atl\u00e1ntica, refuerza d\u00eda a d\u00eda su importancia en el mundo de la vela. Para la America&rsquo;s Cup 2007 se propuso en primer lugar Cascais y los Campeonatos Mundiales  de la Federaci\u00f3n Internacional de Vela  ISAF ya se han celebrado aqu\u00ed. <\/p>\n<p>Partiendo de  Cascais podemos descubrir en yate ch\u00e1rter toda la costa que rodea Lisboa. Es una zona que ofrece mucha variedad y en la que podemos encontrar elegantes puertos deportivos al ritmo melanc\u00f3lico de los fados. Pero el \u00e1rea de Alquiler de barcos m\u00e1s cotizada es la del Algarve: por sus 3.000 horas de sol al a\u00f1o y su clima suave incluso en invierno, cuando el term\u00f3metro no suele bajar de los 15&ordm;C.  Al norte del Algarve se encuentran las monta\u00f1as del Alto Algarve que frenan el paso de los vientos fr\u00edos procedentes del norte y permiten que en la costa s\u00f3lo sople de sotavento. Temperaturas o situaciones meteorol\u00f3gicas extremas no suelen darse. Tambi\u00e9n el Atl\u00e1ntico nos muestra aqu\u00ed su cara m\u00e1s dulce, con pocas marejadas. La zona es practicable tambi\u00e9n para principiantes o para familias. En ella encontramos playas de arena blanca, calas de ensue\u00f1o, extra\u00f1as formaciones rocosas y cuevas que marcan la imagen de la costa, mientras el paisaje del interior se caracteriza por su verdor y sus limoneros.  <\/p>\n<p>Hay bases de Alquiler de barcos en Faro, Vilamoura y Portimao. Todas las bases ch\u00e1rter est\u00e1n bien conectadas con el aeropuerto de Faro. La infraestructura mar\u00edtima y las posibilidades que encontramos para reponer provisiones son impecables. Y si lo \u00fanico que queremos es ir tranquilamente de cala en cala, en esta zona podemos programar peque\u00f1os recorridos en los que disfrutar relajadamente del deporte n\u00e1utico. Por ejemplo de Faro a Vilamoura, o a Albufera, Portimao  y Lagos o incluso hasta el extremo suroeste del  Cabo de San Vicente.  Otros destinos partiendo de Faro pueden ser rincones de la costa espa\u00f1ola como Huelva, C\u00e1diz o Tarifa, que no se encuentran muy distantes de la costa portuguesa; podemos llegar sin problemas hasta el Pe\u00f1\u00f3n de Gibraltar.  <\/p>\n<p><\/p>\n<table  class=\"RegionsAndSubregions\" cellspacing=\"0\" border=\"0\" style=\"border-collapse:collapse;\">\n<tbody>\n<tr>\n<td>\n<div class=\"SubregionRepeaterTitle\">\n<h2><a href=\"https:\/\/yachtcharter-connection.com\/alquiler-barcos-algarve-costa-de-la-luz\"> Algarve &#8211; Costa de la Luz <\/h2>\n<\/div>\n<div class=\"SmallLinks\">\n<ul>\n<li><a class=\"SmallLinks\" href=\"https:\/\/yachtcharter-connection.com\/faro-marina-vilamoura-537\" title=\"\"> Faro \/ Marina Vilamoura <\/a><\/li>\n<li><a class=\"SmallLinks\" href=\"https:\/\/yachtcharter-connection.com\/lagos-645\" title=\"\"> Lagos <\/a><\/li>\n<li><a class=\"SmallLinks\" href=\"https:\/\/yachtcharter-connection.com\/lisbon-marina-cascais-821\" title=\"\"> Lisbon \/ Marina Cascais <\/a><\/li>\n<li><a class=\"SmallLinks\" href=\"https:\/\/yachtcharter-connection.com\/lisbon-oeiras-409\" title=\"\"> Lisbon \/ Oeiras <\/a><\/li>\n<li><a class=\"SmallLinks\" href=\"https:\/\/yachtcharter-connection.com\/portimao-544\" title=\"\"> Portimao <\/a><\/li>\n<li><a class=\"SmallLinks\" href=\"https:\/\/yachtcharter-connection.com\/alquiler-barcos-troia\" title=\"\"> Tr\u00f3ia <\/a><\/li>\n<\/ul>\n<\/div>\n<\/td>\n<td>\n<div class=\"SubregionRepeaterTitle\">\n<h2><a href=\"https:\/\/yachtcharter-connection.com\/alquiler-barcos-azores\"> Azores <\/h2>\n<\/div>\n<div class=\"SmallLinks\">\n<ul>\n<li><a class=\"SmallLinks\" href=\"https:\/\/yachtcharter-connection.com\/azores-faial-horta-656\" title=\"\"> Azores  \/ Faial \/ Horta <\/a><\/li>\n<li><a class=\"SmallLinks\" href=\"https:\/\/yachtcharter-connection.com\/alquiler-barcos-azores-s%c3%a3o-miguel-ponta-delgada\" title=\"\"> Azores  \/ S\u00e3o Miguel \/ Ponta Delgada <\/a><\/li>\n<li><a class=\"SmallLinks\" href=\"https:\/\/yachtcharter-connection.com\/alquiler-barcos-azores-santa-maria-vila-do-porto\" title=\"\"> Azores \/ Santa Maria \/ Vila do Porto <\/a><\/li>\n<li><a class=\"SmallLinks\" href=\"https:\/\/yachtcharter-connection.com\/azores-s%c3%a3o-jorge-velas-947\" title=\"\"> Azores \/ S\u00e3o Jorge \/ Velas <\/a><\/li>\n<\/ul>\n<\/div>\n<\/td>\n<\/tr>\n<tr>\n<td>\n<div class=\"SubregionRepeaterTitle\">\n<h2><a href=\"https:\/\/yachtcharter-connection.com\/alquiler-barcos-canarias\"> Canarias <\/h2>\n<\/div>\n<div class=\"SmallLinks\">\n<ul>\n<li><a class=\"SmallLinks\" href=\"https:\/\/yachtcharter-connection.com\/azores-isla-del-pico\" title=\"\"> Azores \/ Isla del Pico <\/a><\/li>\n<li><a class=\"SmallLinks\" href=\"https:\/\/yachtcharter-connection.com\/azores-st-miguel-724\" title=\"\"> Azores \/ St. Miguel <\/a><\/li>\n<li><a class=\"SmallLinks\" href=\"https:\/\/yachtcharter-connection.com\/alquiler-barcos-madeira-funchal\" title=\"\"> Madeira \/ Funchal <\/a><\/li>\n<\/ul>\n<\/div>\n<\/td>\n<td>\n<div class=\"SubregionRepeaterTitle\">\n<h2><a href=\"https:\/\/yachtcharter-connection.com\/alquiler-barcos-portugal-rio-duero\"> Portugal \/ Rio Duero <\/h2>\n<\/div>\n<div class=\"SmallLinks\">\n<ul>\n<li><a class=\"SmallLinks\" href=\"https:\/\/yachtcharter-connection.com\/alquiler-barcos-vila-nova-de-gaia\" title=\"\"> Porto \/ Vila Nova de Gaia <\/a><\/li>\n<\/ul>\n<\/div>\n<\/td>\n<\/tr>\n<tr><\/tr>\n<\/tbody>\n<\/table>\n","protected":false},"excerpt":{"rendered":"<p>Alquiler de barcos Portugal Los portugueses fueron en otro tiempo grandes navegantes; si bien Col\u00f3n descubri\u00f3 Am\u00e9rica para la corona espa\u00f1ola despu\u00e9s de que el rey de Portugal se negara a financiar su viaje en busca de una ruta occidental hacia las Indias. En la actualidad este pa\u00eds, que cuenta<\/p>\n","protected":false},"author":11,"featured_media":0,"parent":182,"menu_order":0,"comment_status":"open","ping_status":"open","template":"","meta":[],"aioseo_notices":[],"_links":{"self":[{"href":"https:\/\/yachtcharter-connection.com\/es\/wp-json\/wp\/v2\/pages\/406"}],"collection":[{"href":"https:\/\/yachtcharter-connection.com\/es\/wp-json\/wp\/v2\/pages"}],"about":[{"href":"https:\/\/yachtcharter-connection.com\/es\/wp-json\/wp\/v2\/types\/page"}],"author":[{"embeddable":true,"href":"https:\/\/yachtcharter-connection.com\/es\/wp-json\/wp\/v2\/users\/11"}],"replies":[{"embeddable":true,"href":"https:\/\/yachtcharter-connection.com\/es\/wp-json\/wp\/v2\/comments?post=406"}],"version-history":[{"count":1,"href":"https:\/\/yachtcharter-connection.com\/es\/wp-json\/wp\/v2\/pages\/406\/revisions"}],"predecessor-version":[{"id":12297,"href":"https:\/\/yachtcharter-connection.com\/es\/wp-json\/wp\/v2\/pages\/406\/revisions\/12297"}],"up":[{"embeddable":true,"href":"https:\/\/yachtcharter-connection.com\/es\/wp-json\/wp\/v2\/pages\/182"}],"wp:attachment":[{"href":"https:\/\/yachtcharter-connection.com\/es\/wp-json\/wp\/v2\/media?parent=406"}],"curies":[{"name":"wp","href":"https:\/\/api.w.org\/{rel}","templated":true}]}}