{"id":407,"date":"2015-08-10T05:53:32","date_gmt":"2015-08-10T05:53:32","guid":{"rendered":"http:\/\/yachtcharter-connection.com.w01e47c6.kasserver.com\/alquiler-barcos-seychelles\/"},"modified":"2025-03-02T16:03:34","modified_gmt":"2025-03-02T14:03:34","slug":"alquiler-barcos-seychelles","status":"publish","type":"page","link":"https:\/\/yachtcharter-connection.com\/es\/paises\/alquiler-barcos-seychelles\/","title":{"rendered":"Seychelles"},"content":{"rendered":"<h1><strong>Alquiler de barcos Islas Seychelles<\/strong><\/h1>\n<p>&nbsp;<\/p>\n<p><iframe loading=\"lazy\" width=\"100%\" height=\"1000\" frameborder=\"0\" scrolling=\"auto\" src=\"https:\/\/www.booking-manager.com\/wbm2\/page.html?companyid=662&amp;setlang=es&amp;bm_view=SearchResult&amp;filter_flexibility=in_year&amp;sortBy=11&amp;sortDirection=-1&amp;filter_country=SC\"><\/iframe><\/p>\n<p>&nbsp;<\/p>\n<p><a href=\"https:\/\/yachtcharter-connection.com\/wp-content\/uploads\/2015\/08\/Seychelles-Sailing.jpg\"><img loading=\"lazy\" class=\"alignleft size-full wp-image-25447\" src=\"https:\/\/yachtcharter-connection.com\/wp-content\/uploads\/2015\/08\/Seychelles-Sailing.jpg\" alt=\"Alquiler de barcos Islas Seychelles\" width=\"600\" height=\"399\" srcset=\"https:\/\/yachtcharter-connection.com\/wp-content\/uploads\/2015\/08\/Seychelles-Sailing.jpg 600w, https:\/\/yachtcharter-connection.com\/wp-content\/uploads\/2015\/08\/Seychelles-Sailing-300x200.jpg 300w\" sizes=\"(max-width: 600px) 100vw, 600px\" \/><\/a>Aguas cristalinas que adem\u00e1s tienen una temperatura ideal para tomar un buen ba\u00f1o, playas de arena blanca como la nieve, vegetaci\u00f3n tropical selv\u00e1tica, arrecifes de coral intactos, monz\u00f3n constante, distancias cortas, calas paradisiacas, ni huracanes, ni animales peligrosos, ni enfermedades tropicales, ni pobreza, ni criminalidad: las Seychelles son el \u00e1rea de Alquiler de barcos perfecta. Podemos disfrutarlas todo el a\u00f1o y son lo m\u00e1s parecido al Para\u00edso.<\/p>\n<p>En el este de \u00c1frica, al norte de Madagascar y la Isla Mauricio, s\u00f3lo un poco m\u00e1s al sur del ecuador, se encuentra esta rep\u00fablica independiente que est\u00e1 formada entre otras esencialmente por 32 islas m\u00e1s grandes con sus monta\u00f1as de granito. Alrededor de ellas se encuentran dispersas numerosas islas de coral en una superficie de m\u00e1s de 400.000 kil\u00f3metros cuadrados, las Outer Islands. La mayor parte de la poblaci\u00f3n, que en su conjunto no llega a alcanzar los 100.000 habitantes, se concentra en las Inner Islands: en Mah\u00e9, con su capital Victoria, que es adem\u00e1s el punto de partida de los yates ch\u00e1rter, en Praslin y en La Digue. Juntas forman el n\u00facleo central de las Seychelles Bank, a las que pertenecen tambi\u00e9n las islas Ile Denis, Ile aux Vache, Cousin, Cousine, la isla hotel Fr\u00e9gate, la Ile du Nord y Silhouette. Las Outer Islands las conforman el grupo de las Islas Almirante con 24 islas de coral (como St. Joseph, Poivre y African Banks), el gigantesco atol\u00f3n de Aldabra (con Providence, Aldabra, Cosmoldeo y Farquhar) y las islas Plate y Coetivy.<\/p>\n<p>La principal fuente de ingresos es el turismo. En esta zona se ha invertido mucho en el turismo de lujo, pero para no depender exclusivamente de los visitantes, tambi\u00e9n se explota en las Seychelles la pesca y la agricultura. La principal baza en relaci\u00f3n con la industria tur\u00edstica es el estado intacto de la naturaleza: casi la mitad de su superficie, tanto terrestre como marina, est\u00e1 considerada zona natural protegida. Hay dos regiones que han sido declaradas Patrimonio Natural de la Humanidad por la UNESCO. Y numerosas especies de animales y plantas que s\u00f3lo se pueden encontrar en este lugar del planeta.<\/p>\n<p><img loading=\"lazy\" class=\"content-image\" src=\"https:\/\/yachtcharter-connection.com\/wp-content\/uploads\/converted_files\/18967\/18967-56222a479023e.jpg\" alt=\"Islas_Seychelles_fondeadero\" width=\"300\" height=\"202\" \/>Navegando en ch\u00e1rter por las islas encontramos por doquier amabilidad y alegr\u00eda. Y una infraestructura gastron\u00f3mica excelente que nos permite disfrutar de la cocina india, \u00e1rabe, francesa y china. En el ambiente se respira el olor de la canela y la vainilla. La mayor\u00eda de los navegantes exploran con su catamar\u00e1n las numerosas calas de aguas bajas en las que se puede descubrir con el esn\u00f3rquel un fascinante mundo submarino. Lo habitual es pasar la noche fondeados, pero en Mah\u00e9, aparte del Port Victoria, encontramos otras marinas. Si queremos repostar agua y diesel podemos hacerlo tambi\u00e9n en Praslin, en la Bay St. Anne y en La Digue. En esta \u00faltima isla encontramos lugares de inter\u00e9s como el museo al aire libre La Digue Estate, una plantaci\u00f3n de cocos tras las huellas del pasado. Y si quieren saber m\u00e1s sobre la historia y la cultura de las islas siempre pueden visitar el Museo Nacional de Victoria.<\/p>\n<p>&nbsp;<\/p>\n<h2><strong>Yates de alquiler Islas Seychelles:<\/strong><\/h2>\n<p><strong>Existen importantes flotas ch\u00e1rter de yates con veleros y catamaranes para charter sin tripulaci\u00f3n en lsa islas Seychelles que no figuran en nuestro Yachtfinder. Solicite ofertas. Y, por supuesto, estaremos encantados de enviarle ofertas para los yates de alquiler de lujo m\u00e1s bellos con tripulaci\u00f3n en esta \u00e1rea tambi\u00e9n.<\/strong><\/p>\n<h2><strong>Alquiler de yates de lujo Islas Seychelles:<\/strong><\/h2>\n<p><strong>Las Islas Seychelles tambi\u00e9n son un destino muy popular para las vacaciones en ch\u00e1rter a bordo de yates de lujo, superyates o catamaranes con tripulaci\u00f3n. Aqu\u00ed puede encontrar m\u00e1s <a href=\"https:\/\/yachtcharter-connection.com\/es\/yates-de-lujo\/\">informaci\u00f3n sobre ch\u00e1rter de yates de lujo<\/a>. Estaremos encantados de organizar su ch\u00e1rter de yate de lujo en las Islas Seychelles &#8211; \u00a1solicite ofertas!<\/strong><\/p>\n<p><strong><a href=\"https:\/\/yachtcharter-connection.com\/es\/yates-de-lujo-oceano-indico\/\">Yates de Lujo Oc\u00e9ano Indico<\/a><\/strong><\/p>\n<p>&nbsp;<\/p>\n<table class=\"RegionsAndSubregions\" style=\"border-collapse: collapse;\" border=\"0\" cellspacing=\"0\">\n<tbody>\n<tr>\n<td>\n<div class=\"SubregionRepeaterTitle\">\n<h2><a href=\"https:\/\/yachtcharter-connection.com\/alquiler-barcos-seychelles-archipielago\"> Seychelles Archipi\u00e9lago <\/a><\/h2>\n<\/div>\n<div class=\"SmallLinks\">\n<ul>\n<li><a class=\"SmallLinks\" title=\"\" href=\"https:\/\/yachtcharter-connection.com\/roche-caiman-victoria-295\"> Roche Caiman \/ Victoria <\/a><\/li>\n<li><a class=\"SmallLinks\" title=\"\" href=\"https:\/\/yachtcharter-connection.com\/seychelles-mahe-881\"> Seychelles \/ Mahe <\/a><\/li>\n<li><a class=\"SmallLinks\" title=\"\" href=\"https:\/\/yachtcharter-connection.com\/seychelles-praslin-525\"> Seychelles \/ Praslin <\/a><\/li>\n<\/ul>\n<\/div>\n<\/td>\n<\/tr>\n<\/tbody>\n<\/table>\n","protected":false},"excerpt":{"rendered":"<p>Alquiler de barcos Islas Seychelles &nbsp; &nbsp; Aguas cristalinas que adem\u00e1s tienen una temperatura ideal para tomar un buen ba\u00f1o, playas de arena blanca como la nieve, vegetaci\u00f3n tropical selv\u00e1tica, arrecifes de coral intactos, monz\u00f3n constante, distancias cortas, calas paradisiacas, ni huracanes, ni animales peligrosos, ni enfermedades tropicales, ni pobreza,<\/p>\n","protected":false},"author":11,"featured_media":0,"parent":182,"menu_order":0,"comment_status":"open","ping_status":"open","template":"","meta":[],"aioseo_notices":[],"_links":{"self":[{"href":"https:\/\/yachtcharter-connection.com\/es\/wp-json\/wp\/v2\/pages\/407"}],"collection":[{"href":"https:\/\/yachtcharter-connection.com\/es\/wp-json\/wp\/v2\/pages"}],"about":[{"href":"https:\/\/yachtcharter-connection.com\/es\/wp-json\/wp\/v2\/types\/page"}],"author":[{"embeddable":true,"href":"https:\/\/yachtcharter-connection.com\/es\/wp-json\/wp\/v2\/users\/11"}],"replies":[{"embeddable":true,"href":"https:\/\/yachtcharter-connection.com\/es\/wp-json\/wp\/v2\/comments?post=407"}],"version-history":[{"count":8,"href":"https:\/\/yachtcharter-connection.com\/es\/wp-json\/wp\/v2\/pages\/407\/revisions"}],"predecessor-version":[{"id":31277,"href":"https:\/\/yachtcharter-connection.com\/es\/wp-json\/wp\/v2\/pages\/407\/revisions\/31277"}],"up":[{"embeddable":true,"href":"https:\/\/yachtcharter-connection.com\/es\/wp-json\/wp\/v2\/pages\/182"}],"wp:attachment":[{"href":"https:\/\/yachtcharter-connection.com\/es\/wp-json\/wp\/v2\/media?parent=407"}],"curies":[{"name":"wp","href":"https:\/\/api.w.org\/{rel}","templated":true}]}}