{"id":408,"date":"2015-08-10T05:53:32","date_gmt":"2015-08-10T05:53:32","guid":{"rendered":"http:\/\/yachtcharter-connection.com.w01e47c6.kasserver.com\/alquiler-barcos-suecia\/"},"modified":"2016-10-29T19:00:23","modified_gmt":"2016-10-29T17:00:23","slug":"alquiler-barcos-suecia","status":"publish","type":"page","link":"https:\/\/yachtcharter-connection.com\/es\/paises\/alquiler-barcos-suecia\/","title":{"rendered":"Suecia"},"content":{"rendered":"<h3>Alquiler de barcos Suecia<\/h3>\n<p>\n<img loading=\"lazy\" class=\"content-image\"  width=\"300\" height=\"200\" src=\"https:\/\/yachtcharter-connection.com\/wp-content\/uploads\/converted_files\/18968\/18968-56222a49a05eb.jpg\" alt=\"Suecia_Mar_Baltico_Angermanland\" \/>Un laberinto de islas, islotes y pe\u00f1ascos que apenas sobresalen o se hunden en el nivel del mar.  Paisaje verde y costa escarpada, naturaleza en estado puro, casitas de madera pintadas de colores, peque\u00f1os embarcaderos&#8230; Las islas son el \u00e1rea de navegaci\u00f3n m\u00e1s apreciada de la costa sueca. S\u00f3lo alrededor de la capital, Estocolmo, encontramos ya m\u00e1s de  24.000 islas e islotes y promontorios, muchas de ellas deshabitadas. Los yates ch\u00e1rter los tenemos en la costa occidental, en el estrecho de Kattegat cerca de Gotemburgo, y en  Marstrand. Tambi\u00e9n en el sur, en la zona de Karlshamm, Karlskrona y en la isla de \u00d6land. Y en la isla  Gotland. Partiendo de Estocolmo muchas tripulaciones navegan rumbo a las Islas Aland en Finlandia o hacia la Isla danesa de Bornholm.<\/p>\n<p>Las distancias en general son cortas, pero no se puede decir que Suecia sea un buen lugar para los principiantes de Alquiler de barcos. La navegaci\u00f3n presenta dificultades, hay que conocer bien las cartas, disponer de una gu\u00eda de navegaci\u00f3n de la zona y de un GPS y usarlos conjuntamente para evitar chocar contra las rocas. En muchas ocasiones se amarra en pantalanes peque\u00f1os en los puertos de los pueblos y, para fondear, suele ser necesaria ancla de apoyo y amarrar con cuerda de proa. <br \/>\n<br type=\"_moz\" \/><br \/>\n<\/p>\n<table  class=\"RegionsAndSubregions\" cellspacing=\"0\" border=\"0\" style=\"border-collapse:collapse;\">\n<tbody>\n<tr>\n<td>\n<div class=\"SubregionRepeaterTitle\">\n<h2><a href=\"https:\/\/yachtcharter-connection.com\/alquiler-barcos-baltico-del-noreste\"> B\u00e1ltico del noreste <\/h2>\n<\/div>\n<div class=\"SmallLinks\">\n<ul>\n<li><a class=\"SmallLinks\" href=\"https:\/\/yachtcharter-connection.com\/loftahammar-v%c3%a4stervik-437\" title=\"\"> Loftahammar \/ V\u00e4stervik <\/a><\/li>\n<li><a class=\"SmallLinks\" href=\"https:\/\/yachtcharter-connection.com\/lulea-202\" title=\"\"> Lulea <\/a><\/li>\n<li><a class=\"SmallLinks\" href=\"https:\/\/yachtcharter-connection.com\/stockholm-988\" title=\"\"> Stockholm <\/a><\/li>\n<li><a class=\"SmallLinks\" href=\"https:\/\/yachtcharter-connection.com\/stockholm-biskopsudden-536\" title=\"\"> Stockholm \/ Biskopsudden <\/a><\/li>\n<li><a class=\"SmallLinks\" href=\"https:\/\/yachtcharter-connection.com\/stockholm-bulland%c3%b6-622\" title=\"\"> Stockholm \/ Bulland\u00f6 <\/a><\/li>\n<li><a class=\"SmallLinks\" href=\"https:\/\/yachtcharter-connection.com\/stockholm-dalar%c3%b6-198\" title=\"\"> Stockholm \/ Dalar\u00f6 <\/a><\/li>\n<li><a class=\"SmallLinks\" href=\"https:\/\/yachtcharter-connection.com\/stockholm-gustavsberg-232\" title=\"\"> Stockholm \/ Gustavsberg <\/a><\/li>\n<li><a class=\"SmallLinks\" href=\"https:\/\/yachtcharter-connection.com\/stockholm-karlslund-219\" title=\"\"> Stockholm \/ Karlslund <\/a><\/li>\n<li><a class=\"SmallLinks\" href=\"https:\/\/yachtcharter-connection.com\/stockholm-liding%c3%b6-216\" title=\"\"> Stockholm \/ Liding\u00f6 <\/a><\/li>\n<li><a class=\"SmallLinks\" href=\"https:\/\/yachtcharter-connection.com\/stockholm-nyk%c3%b6ping-974\" title=\"\"> Stockholm \/ Nyk\u00f6ping <\/a><\/li>\n<li><a class=\"SmallLinks\" href=\"https:\/\/yachtcharter-connection.com\/stockholm-%c3%b6stersk%c3%a4r-492\" title=\"\"> Stockholm \/ \u00d6stersk\u00e4r <\/a><\/li>\n<li><a class=\"SmallLinks\" href=\"https:\/\/yachtcharter-connection.com\/stockholm-oxel%c3%b6sund-207\" title=\"\"> Stockholm \/ Oxel\u00f6sund <\/a><\/li>\n<li><a class=\"SmallLinks\" href=\"https:\/\/yachtcharter-connection.com\/stockholm-saltsj%c3%b6-duvn%c3%a4s-761\" title=\"\"> Stockholm \/ Saltsj\u00f6-Duvn\u00e4s <\/a><\/li>\n<li><a class=\"SmallLinks\" href=\"https:\/\/yachtcharter-connection.com\/stockholm-saltsj%c3%b6baden-436\" title=\"\"> Stockholm \/ Saltsj\u00f6baden <\/a><\/li>\n<li><a class=\"SmallLinks\" href=\"https:\/\/yachtcharter-connection.com\/stockholm-svinninge-838\" title=\"\"> Stockholm \/ Svinninge <\/a><\/li>\n<li><a class=\"SmallLinks\" href=\"https:\/\/yachtcharter-connection.com\/stockholm-vaxholm-741\" title=\"\"> Stockholm \/ Vaxholm <\/a><\/li>\n<li><a class=\"SmallLinks\" href=\"https:\/\/yachtcharter-connection.com\/uppsala-379\" title=\"\"> Uppsala <\/a><\/li>\n<\/ul>\n<\/div>\n<\/td>\n<td>\n<div class=\"SubregionRepeaterTitle\">\n<h2><a href=\"https:\/\/yachtcharter-connection.com\/alquiler-barcos-western-sweden-bohuslan\"> Western Sweden \/ Bohuslan <\/h2>\n<\/div>\n<div class=\"SmallLinks\">\n<ul>\n<li><a class=\"SmallLinks\" href=\"https:\/\/yachtcharter-connection.com\/fiskeb%c3%a4ckskil-252\" title=\"\"> Fiskeb\u00e4ckskil <\/a><\/li>\n<li><a class=\"SmallLinks\" href=\"https:\/\/yachtcharter-connection.com\/fj%c3%a4llbacka-394\" title=\"\"> Fj\u00e4llbacka <\/a><\/li>\n<li><a class=\"SmallLinks\" href=\"https:\/\/yachtcharter-connection.com\/g%c3%b6teborg\" title=\"\"> G\u00f6teborg <\/a><\/li>\n<li><a class=\"SmallLinks\" href=\"https:\/\/yachtcharter-connection.com\/g%c3%b6teborg-ahlstr%c3%b6ms-pir\" title=\"\"> G\u00f6teborg \/ Ahlstr\u00f6ms Pir <\/a><\/li>\n<li><a class=\"SmallLinks\" href=\"https:\/\/yachtcharter-connection.com\/g%c3%b6teborg-amund%c3%b6n\" title=\"\"> G\u00f6teborg \/ Amund\u00f6n <\/a><\/li>\n<li><a class=\"SmallLinks\" href=\"https:\/\/yachtcharter-connection.com\/g%c3%b6teborg-bj%c3%b6rland-kile\" title=\"\"> G\u00f6teborg \/ Bj\u00f6rland Kile <\/a><\/li>\n<li><a class=\"SmallLinks\" href=\"https:\/\/yachtcharter-connection.com\/alquiler-barcos-g%c3%b6teborg-city-marina\" title=\"\"> G\u00f6teborg \/ City Marina <\/a><\/li>\n<li><a class=\"SmallLinks\" href=\"https:\/\/yachtcharter-connection.com\/g%c3%b6teborg-fiskeb%c3%a4ck\" title=\"\"> G\u00f6teborg \/ Fiskeb\u00e4ck <\/a><\/li>\n<li><a class=\"SmallLinks\" href=\"https:\/\/yachtcharter-connection.com\/g%c3%b6teborg-h%c3%a4ls%c3%b6\" title=\"\"> G\u00f6teborg \/ H\u00e4ls\u00f6 <\/a><\/li>\n<li><a class=\"SmallLinks\" href=\"https:\/\/yachtcharter-connection.com\/g%c3%b6teborg-hinsholmen\" title=\"\"> G\u00f6teborg \/ Hinsholmen <\/a><\/li>\n<li><a class=\"SmallLinks\" href=\"https:\/\/yachtcharter-connection.com\/g%c3%b6teborg-h%c3%b6n%c3%b6-r%c3%b6d\" title=\"\"> G\u00f6teborg \/ H\u00f6n\u00f6 R\u00f6d <\/a><\/li>\n<li><a class=\"SmallLinks\" href=\"https:\/\/yachtcharter-connection.com\/g%c3%b6teborg-hovas\" title=\"\"> G\u00f6teborg \/ Hovas <\/a><\/li>\n<li><a class=\"SmallLinks\" href=\"https:\/\/yachtcharter-connection.com\/g%c3%b6teborg-klippan\" title=\"\"> G\u00f6teborg \/ Klippan <\/a><\/li>\n<li><a class=\"SmallLinks\" href=\"https:\/\/yachtcharter-connection.com\/g%c3%b6teborg-kullavik\" title=\"\"> G\u00f6teborg \/ Kullavik <\/a><\/li>\n<li><a class=\"SmallLinks\" href=\"https:\/\/yachtcharter-connection.com\/g%c3%b6teborg-langedrag\" title=\"\"> G\u00f6teborg \/ L\u00e5ngedrag <\/a><\/li>\n<li><a class=\"SmallLinks\" href=\"https:\/\/yachtcharter-connection.com\/g%c3%b6teborg-lerkil\" title=\"\"> G\u00f6teborg \/ Lerkil <\/a><\/li>\n<li><a class=\"SmallLinks\" href=\"https:\/\/yachtcharter-connection.com\/g%c3%b6teborg-lindholmen\" title=\"\"> G\u00f6teborg \/ Lindholmen <\/a><\/li>\n<li><a class=\"SmallLinks\" href=\"https:\/\/yachtcharter-connection.com\/g%c3%b6teborg-malevik\" title=\"\"> G\u00f6teborg \/ Malevik <\/a><\/li>\n<li><a class=\"SmallLinks\" href=\"https:\/\/yachtcharter-connection.com\/g%c3%b6teborg-marina-eriksberg\" title=\"\"> G\u00f6teborg \/ Marina Eriksberg <\/a><\/li>\n<li><a class=\"SmallLinks\" href=\"https:\/\/yachtcharter-connection.com\/g%c3%b6teborg-n%c3%a4set\" title=\"\"> G\u00f6teborg \/ N\u00e4set <\/a><\/li>\n<li><a class=\"SmallLinks\" href=\"https:\/\/yachtcharter-connection.com\/g%c3%b6teborg-%c3%b6nnered\" title=\"\"> G\u00f6teborg \/ \u00d6nnered <\/a><\/li>\n<li><a class=\"SmallLinks\" href=\"https:\/\/yachtcharter-connection.com\/g%c3%b6teborg-saltholmen\" title=\"\"> G\u00f6teborg \/ Saltholmen <\/a><\/li>\n<li><a class=\"SmallLinks\" href=\"https:\/\/yachtcharter-connection.com\/g%c3%b6teborg-tangudden\" title=\"\"> G\u00f6teborg \/ Tangudden <\/a><\/li>\n<li><a class=\"SmallLinks\" href=\"https:\/\/yachtcharter-connection.com\/g%c3%b6teborg-tj%c3%b6rn\" title=\"\"> G\u00f6teborg \/ Tj\u00f6rn <\/a><\/li>\n<li><a class=\"SmallLinks\" href=\"https:\/\/yachtcharter-connection.com\/g%c3%b6teborg-yttre-saltholmen\" title=\"\"> G\u00f6teborg \/ Yttre Saltholmen <\/a><\/li>\n<li><a class=\"SmallLinks\" href=\"https:\/\/yachtcharter-connection.com\/grebbestad-717\" title=\"\"> Grebbestad <\/a><\/li>\n<li><a class=\"SmallLinks\" href=\"https:\/\/yachtcharter-connection.com\/helsingborg-896\" title=\"\"> Helsingborg <\/a><\/li>\n<li><a class=\"SmallLinks\" href=\"https:\/\/yachtcharter-connection.com\/k%c3%a4llviken-978\" title=\"\"> K\u00e4llviken <\/a><\/li>\n<li><a class=\"SmallLinks\" href=\"https:\/\/yachtcharter-connection.com\/karlshamn-437\" title=\"\"> Karlshamn <\/a><\/li>\n<li><a class=\"SmallLinks\" href=\"https:\/\/yachtcharter-connection.com\/karlskrona-941\" title=\"\"> Karlskrona <\/a><\/li>\n<li><a class=\"SmallLinks\" href=\"https:\/\/yachtcharter-connection.com\/kl%c3%a4desholmen-131\" title=\"\"> Kl\u00e4desholmen <\/a><\/li>\n<li><a class=\"SmallLinks\" href=\"https:\/\/yachtcharter-connection.com\/kungshamn-944\" title=\"\"> Kungshamn <\/a><\/li>\n<li><a class=\"SmallLinks\" href=\"https:\/\/yachtcharter-connection.com\/lysekil-243\" title=\"\"> Lysekil <\/a><\/li>\n<li><a class=\"SmallLinks\" href=\"https:\/\/yachtcharter-connection.com\/lysekil-ormestad-699\" title=\"\"> Lysekil \/ Ormestad <\/a><\/li>\n<li><a class=\"SmallLinks\" href=\"https:\/\/yachtcharter-connection.com\/marstrand-925\" title=\"\"> Marstrand <\/a><\/li>\n<li><a class=\"SmallLinks\" href=\"https:\/\/yachtcharter-connection.com\/moll%c3%b6sund-118\" title=\"\"> Moll\u00f6sund <\/a><\/li>\n<li><a class=\"SmallLinks\" href=\"https:\/\/yachtcharter-connection.com\/orust-allmag-534\" title=\"\"> Orust \/ Allmag <\/a><\/li>\n<li><a class=\"SmallLinks\" href=\"https:\/\/yachtcharter-connection.com\/orust-ell%c3%b6s-332\" title=\"\"> Orust \/ Ell\u00f6s <\/a><\/li>\n<li><a class=\"SmallLinks\" href=\"https:\/\/yachtcharter-connection.com\/sk%c3%a4rhamn-367\" title=\"\"> Sk\u00e4rhamn <\/a><\/li>\n<li><a class=\"SmallLinks\" href=\"https:\/\/yachtcharter-connection.com\/stenungssund-498\" title=\"\"> Stenungssund <\/a><\/li>\n<li><a class=\"SmallLinks\" href=\"https:\/\/yachtcharter-connection.com\/stenungsund-asker%c3%b6n-128\" title=\"\"> Stenungsund \/ Asker\u00f6n <\/a><\/li>\n<li><a class=\"SmallLinks\" href=\"https:\/\/yachtcharter-connection.com\/tj%c3%b6rn-bj%c3%b6rholmen-163\" title=\"\"> Tj\u00f6rn \/ Bj\u00f6rholmen <\/a><\/li>\n<li><a class=\"SmallLinks\" href=\"https:\/\/yachtcharter-connection.com\/tj%c3%b6rn-mossholmen-221\" title=\"\"> Tj\u00f6rn \/ Mossholmen <\/a><\/li>\n<li><a class=\"SmallLinks\" href=\"https:\/\/yachtcharter-connection.com\/tj%c3%b6rn-myggen%c3%a4s-110\" title=\"\"> Tj\u00f6rn \/ Myggen\u00e4s <\/a><\/li>\n<li><a class=\"SmallLinks\" href=\"https:\/\/yachtcharter-connection.com\/tj%c3%b6rn-r%c3%b6nn%c3%a4ng-817\" title=\"\"> Tj\u00f6rn \/ R\u00f6nn\u00e4ng <\/a><\/li>\n<li><a class=\"SmallLinks\" href=\"https:\/\/yachtcharter-connection.com\/tj%c3%b6rn-sk%c3%a4rhamn-568\" title=\"\"> Tj\u00f6rn \/ Sk\u00e4rhamn <\/a><\/li>\n<li><a class=\"SmallLinks\" href=\"https:\/\/yachtcharter-connection.com\/uddevalla-k%c3%a4llviken-970\" title=\"\"> Uddevalla \/ K\u00e4llviken <\/a><\/li>\n<li><a class=\"SmallLinks\" href=\"https:\/\/yachtcharter-connection.com\/wallhamn-marina-748\" title=\"\"> Wallhamn Marina <\/a><\/li>\n<\/ul>\n<\/div>\n<\/td>\n<\/tr>\n<tr><\/tr>\n<\/tbody>\n<\/table>\n","protected":false},"excerpt":{"rendered":"<p>Alquiler de barcos Suecia Un laberinto de islas, islotes y pe\u00f1ascos que apenas sobresalen o se hunden en el nivel del mar. Paisaje verde y costa escarpada, naturaleza en estado puro, casitas de madera pintadas de colores, peque\u00f1os embarcaderos&#8230; Las islas son el \u00e1rea de navegaci\u00f3n m\u00e1s apreciada de la<\/p>\n","protected":false},"author":11,"featured_media":0,"parent":182,"menu_order":0,"comment_status":"open","ping_status":"open","template":"","meta":[],"aioseo_notices":[],"_links":{"self":[{"href":"https:\/\/yachtcharter-connection.com\/es\/wp-json\/wp\/v2\/pages\/408"}],"collection":[{"href":"https:\/\/yachtcharter-connection.com\/es\/wp-json\/wp\/v2\/pages"}],"about":[{"href":"https:\/\/yachtcharter-connection.com\/es\/wp-json\/wp\/v2\/types\/page"}],"author":[{"embeddable":true,"href":"https:\/\/yachtcharter-connection.com\/es\/wp-json\/wp\/v2\/users\/11"}],"replies":[{"embeddable":true,"href":"https:\/\/yachtcharter-connection.com\/es\/wp-json\/wp\/v2\/comments?post=408"}],"version-history":[{"count":1,"href":"https:\/\/yachtcharter-connection.com\/es\/wp-json\/wp\/v2\/pages\/408\/revisions"}],"predecessor-version":[{"id":12389,"href":"https:\/\/yachtcharter-connection.com\/es\/wp-json\/wp\/v2\/pages\/408\/revisions\/12389"}],"up":[{"embeddable":true,"href":"https:\/\/yachtcharter-connection.com\/es\/wp-json\/wp\/v2\/pages\/182"}],"wp:attachment":[{"href":"https:\/\/yachtcharter-connection.com\/es\/wp-json\/wp\/v2\/media?parent=408"}],"curies":[{"name":"wp","href":"https:\/\/api.w.org\/{rel}","templated":true}]}}