{"id":409,"date":"2015-08-10T05:53:32","date_gmt":"2015-08-10T05:53:32","guid":{"rendered":"http:\/\/yachtcharter-connection.com.w01e47c6.kasserver.com\/alquiler-barcos-tailandia\/"},"modified":"2025-03-02T16:04:47","modified_gmt":"2025-03-02T14:04:47","slug":"alquiler-barcos-tailandia","status":"publish","type":"page","link":"https:\/\/yachtcharter-connection.com\/es\/paises\/alquiler-barcos-tailandia\/","title":{"rendered":"Tailandia"},"content":{"rendered":"<h1><strong>Alquiler de barcos Tailandia<\/strong><\/h1>\n<p>&nbsp;<\/p>\n<p><iframe loading=\"lazy\" width=\"100%\" height=\"1000\" frameborder=\"0\" scrolling=\"auto\" src=\"https:\/\/www.booking-manager.com\/wbm2\/page.html?companyid=662&amp;setlang=es&amp;bm_view=SearchResult&amp;filter_flexibility=in_year&amp;sortBy=11&amp;sortDirection=-1&amp;filter_country=TH\"><\/iframe><\/p>\n<p>&nbsp;<\/p>\n<p><a href=\"https:\/\/yachtcharter-connection.com\/wp-content\/uploads\/2015\/08\/Thailand-yacht-charters.jpg\"><img loading=\"lazy\" class=\"alignleft size-full wp-image-25430\" src=\"https:\/\/yachtcharter-connection.com\/wp-content\/uploads\/2015\/08\/Thailand-yacht-charters.jpg\" alt=\"Alquiler de barcos Tailandia\" width=\"600\" height=\"373\" srcset=\"https:\/\/yachtcharter-connection.com\/wp-content\/uploads\/2015\/08\/Thailand-yacht-charters.jpg 600w, https:\/\/yachtcharter-connection.com\/wp-content\/uploads\/2015\/08\/Thailand-yacht-charters-300x187.jpg 300w\" sizes=\"(max-width: 600px) 100vw, 600px\" \/><\/a>Tailandia se ha convertido en los \u00faltimos a\u00f1os en un \u00e1rea de navegaci\u00f3n muy apreciada para hacer traves\u00edas en ch\u00e1rter. All\u00ed se han construido muchas marinas y esto ha hecho que se tenga en cuenta tambi\u00e9n como lugar de regatas. Cada a\u00f1o se celebra aqu\u00ed por ejemplo la King\u2019s Cup que re\u00fane a mucha gente del mundo de la vela en Phuket. Las zonas para Alquiler de barcos en Tailandia son el Mar de Andam\u00e1n, la bah\u00eda de Phang Na y el Golfo de Tailandia. Phuket en el Mar de Andam\u00e1n, Ko Chang en la bah\u00eda de Tailandia y Ko Samui son las bases ch\u00e1rter m\u00e1s importantes para tomar la salida y conocer la costa de Tailandia si es que no venimos navegando desde Birmania o la vecina Langkawi en Malasia. Un dato a tener en cuenta y que ayuda a orientarse: ko quiere decir isla y a veces aparece escrito tambi\u00e9n como kho o koh&#8230;<\/p>\n<p>La zona es f\u00e1cilmente navegable si se tiene un poco de experiencia. La mejor \u00e9poca es la que va de noviembre a abril, cuando predominan los vientos del noreste. Despu\u00e9s ya son m\u00e1s frecuentes los chubascos y adem\u00e1s hace mucho calor con viento del suroeste. En verano en cualquier caso es magn\u00edfico navegar por la gran bah\u00eda de Phang Na, una zona preciosa y muy resguardada. Se encuentra a tan solo dos horas en velero de Phuket y solo se comunica con el mar abierto en el sur. Es un parque natural protegido y conocido sobre todo por las extra\u00f1as formaciones calc\u00e1reas que decoran la costa.<\/p>\n<p><img class=\"content-image\" style=\"width: 300px; height: 449px;\" src=\"https:\/\/yachtcharter-connection.com\/wp-content\/uploads\/converted_files\/18969\/18969-56222a4b1a9e3.jpg\" alt=\"Tailandia\" \/>Como sucede tambi\u00e9n en otras zonas tropicales, la naturaleza ofrece muchos atractivos paisaj\u00edsticos como son las cascadas y cataratas y la selva h\u00fameda. Encontramos numerosas calas y bah\u00edas donde fondear y en tierra se vive la vida en torno a los bares y restaurantes. Aqu\u00ed nos espera la deliciosa cocina tailandesa y esa gente que siempre tiene una sonrisa que ofrecer. Y para hacer unas fotos t\u00edpicas, las tradicionales casitas de madera construidas sobre puntales.<\/p>\n<p>La isla de Phuket es la m\u00e1s grande de Tailandia y s\u00f3lo se separa del continente por un peque\u00f1o estrecho. El turismo comenz\u00f3 aqu\u00ed hace ya tres d\u00e9cadas y la ciudad de Patong es un importante centro. Pero sus habitantes se dedican adem\u00e1s a la agricultura. Encontramos plantaciones de caucho, pi\u00f1as, pl\u00e1tanos y cocos de los que extraen la copra. Tambi\u00e9n pesca y cultivo de perlas. Las playas m\u00e1s hermosas las encontramos en el oeste; en el este tenemos un parque nacional con aut\u00e9ntica jungla. Cosas que uno no puede perderse en Phuket: las puestas de sol en el cabo sur, en Laem Phrompthep mirando al mar y a las islas que se encuentran enfrente. O la vista panor\u00e1mica que se obtiene desde el mirador 3-Bay View Point al sur de Kata con vista a las playas de Karon, Kata Noi y Kata Yai. Y el templo budista de Wat Chalong en el suroeste y el templo chino de Put Yaw en la Ciudad de Phuket.<\/p>\n<p>Phuket es la sede de varias empresas de Alquiler de barcos y dispone de marinas modernas.En las mismas marinas y en sus alrededores encontramos muchas tiendas, todo tipo de servicios de primera necesidad y, por supuesto, numerosos restaurantes. Partiendo de Phuket se suele navegar a vela en direcci\u00f3n Ko Phi Phi y las Islas Similan. A solo tres cuartos de hora de la bah\u00eda de Chalong se encuentra el archipi\u00e9lago de las Islas Raya. Palmeras, selva, poca gente y muchas playas paradisicas en la Ko Raya Yai. La Ko Raya Noi est\u00e1 invadida por la selva y no tiene playas, aunque s\u00ed rincones muy interesantes para bucear donde habitan numerosos peces. Otro lugar fant\u00e1stico para descubrir el mundo submarino es el que se encuentra delante de las nueve Islas Similan, al oeste de Phuket, que junto con otros dos islotes constituyen el parque natural Mu Ko Similan. El grupo de las Ko Phi Phi se ha hecho famoso por la pel\u00edcula \u201cThe Beach\u201c(La Playa), que se rod\u00f3 en la isla Ko Phi Leh. A este grupo de islas pertenecen tambi\u00e9n Ko Phi Phi Don, la isla principal, Ko Bida Nok, famosa por sus pe\u00f1ascos escarpados y muy atractiva para los buceadores, Ko Bida Nai, Ko Yung, una isla de pescadores, y Ko Mai Phai, la isla del bamb\u00fa.<\/p>\n<p>En la costa este de Tailandia, en el Golfo de Tailandia, nos esperan m\u00e1s de cincuenta islas. Encontramos una base ch\u00e1rter en Ko Chang, la \u201cIsla Elefante\u201d, denominada as\u00ed por su silueta.<\/p>\n<p>&nbsp;<\/p>\n<h3>Alquiler de yates en el archipi\u00e9lago de Malasia y Myanmar \/ Mergui archipi\u00e9lago:<\/h3>\n<p>Tambi\u00e9n hay barcos de alquiler con base en Langkawi en Malasia. Navegar &#8220;one-way&#8221; entre Tailandia \/ Phuket y Langkawi es posible en ambas direcciones. Explorar la hermosa costa de Myanmar (Burma &#8211; Birma), con el fascinante archipi\u00e9lago de Mergui, solo es posible a bordo de un yate con tripulaci\u00f3n. Por favor, preg\u00fantenos por ofertas..<\/p>\n<p><strong>Yates de alquiler Tailandia:<\/strong><\/p>\n<p><strong>Hay importantes flotas ch\u00e1rter de yates con veleros y catamaranes para charter sin tripulaci\u00f3n en Tailandia que no figuran en nuestro Yachtfinder. Solicite ofertas. Y, por supuesto, estaremos encantados de enviarle ofertas para los yates de alquiler de lujo m\u00e1s bellos con tripulaci\u00f3n en esta \u00e1rea tambi\u00e9n.<\/strong><\/p>\n<h2><strong>Alquiler de yates de lujo Tailandia:<br \/>\n<\/strong><\/h2>\n<p><strong>Tailandia tambi\u00e9n es un destino muy popular para las vacaciones en ch\u00e1rter a bordo de yates de lujo, superyates o catamaranes con tripulaci\u00f3n. Aqu\u00ed puede encontrar <span style=\"color: #0000ff;\"><a style=\"color: #0000ff;\" href=\"https:\/\/yachtcharter-connection.com\/es\/yates-de-lujo\/\">m\u00e1s informaci\u00f3n sobre charters de yates de lujo<\/a><\/span>. Estaremos encantados de organizar su charter de yate de lujo en Tailandia &#8211; \u00a1solicite ofertas!<\/strong><\/p>\n<p><strong><a href=\"https:\/\/yachtcharter-connection.com\/es\/yates-de-lujo-oceano-indico\/\">Yates de Lujo Oc\u00e9ano Indico<\/a><\/strong><\/p>\n<p>&nbsp;<\/p>\n<table class=\"RegionsAndSubregions\" style=\"border-collapse: collapse;\" border=\"0\" cellspacing=\"0\">\n<tbody>\n<tr>\n<td>\n<div class=\"SubregionRepeaterTitle\">\n<p><a href=\"https:\/\/yachtcharter-connection.com\/alquiler-barcos-tailandia-761\"> Tailandia <\/a><\/p>\n<\/div>\n<div class=\"SmallLinks\">\n<ul>\n<li><a class=\"SmallLinks\" title=\"\" href=\"https:\/\/yachtcharter-connection.com\/hua-hin-586\"> Hua Hin <\/a><\/li>\n<li><a class=\"SmallLinks\" title=\"\" href=\"https:\/\/yachtcharter-connection.com\/ko-chang-ao-salak-phed-820\"> Ko Chang \/ Ao Salak Phed <\/a><\/li>\n<li><a class=\"SmallLinks\" title=\"\" href=\"https:\/\/yachtcharter-connection.com\/phuket-ao-chalong-269\"> Phuket \/ Ao Chalong <\/a><\/li>\n<li><a class=\"SmallLinks\" title=\"\" href=\"https:\/\/yachtcharter-connection.com\/alquiler-barcos-phuket-ao-po-grand-marina\"> Phuket \/ Ao Po Grand Marina <\/a><\/li>\n<li><a class=\"SmallLinks\" title=\"\" href=\"https:\/\/yachtcharter-connection.com\/phuket-boat-lagoon-783\"> Phuket \/ Boat Lagoon <\/a><\/li>\n<li><a class=\"SmallLinks\" title=\"\" href=\"https:\/\/yachtcharter-connection.com\/phuket-laem-phrao-965\"> Phuket \/ Laem Phrao <\/a><\/li>\n<li><a class=\"SmallLinks\" title=\"\" href=\"https:\/\/yachtcharter-connection.com\/phuket-yacht-haven-marina-286\"> Phuket \/ Yacht Haven Marina <\/a><\/li>\n<\/ul>\n<\/div>\n<\/td>\n<\/tr>\n<\/tbody>\n<\/table>\n","protected":false},"excerpt":{"rendered":"<p>Alquiler de barcos Tailandia &nbsp; &nbsp; Tailandia se ha convertido en los \u00faltimos a\u00f1os en un \u00e1rea de navegaci\u00f3n muy apreciada para hacer traves\u00edas en ch\u00e1rter. All\u00ed se han construido muchas marinas y esto ha hecho que se tenga en cuenta tambi\u00e9n como lugar de regatas. Cada a\u00f1o se celebra<\/p>\n","protected":false},"author":11,"featured_media":0,"parent":182,"menu_order":0,"comment_status":"open","ping_status":"open","template":"","meta":[],"aioseo_notices":[],"_links":{"self":[{"href":"https:\/\/yachtcharter-connection.com\/es\/wp-json\/wp\/v2\/pages\/409"}],"collection":[{"href":"https:\/\/yachtcharter-connection.com\/es\/wp-json\/wp\/v2\/pages"}],"about":[{"href":"https:\/\/yachtcharter-connection.com\/es\/wp-json\/wp\/v2\/types\/page"}],"author":[{"embeddable":true,"href":"https:\/\/yachtcharter-connection.com\/es\/wp-json\/wp\/v2\/users\/11"}],"replies":[{"embeddable":true,"href":"https:\/\/yachtcharter-connection.com\/es\/wp-json\/wp\/v2\/comments?post=409"}],"version-history":[{"count":8,"href":"https:\/\/yachtcharter-connection.com\/es\/wp-json\/wp\/v2\/pages\/409\/revisions"}],"predecessor-version":[{"id":31278,"href":"https:\/\/yachtcharter-connection.com\/es\/wp-json\/wp\/v2\/pages\/409\/revisions\/31278"}],"up":[{"embeddable":true,"href":"https:\/\/yachtcharter-connection.com\/es\/wp-json\/wp\/v2\/pages\/182"}],"wp:attachment":[{"href":"https:\/\/yachtcharter-connection.com\/es\/wp-json\/wp\/v2\/media?parent=409"}],"curies":[{"name":"wp","href":"https:\/\/api.w.org\/{rel}","templated":true}]}}