{"id":410,"date":"2015-08-10T05:53:32","date_gmt":"2015-08-10T05:53:32","guid":{"rendered":"http:\/\/yachtcharter-connection.com.w01e47c6.kasserver.com\/alquiler-barcos-turquia\/"},"modified":"2025-03-02T16:07:37","modified_gmt":"2025-03-02T14:07:37","slug":"alquiler-barcos-turquia","status":"publish","type":"page","link":"https:\/\/yachtcharter-connection.com\/es\/paises\/alquiler-barcos-turquia\/","title":{"rendered":"Turqu\u00eda"},"content":{"rendered":"<h1><strong>Alquiler de barcos Turqu\u00eda<\/strong><\/h1>\n<p>&nbsp;<\/p>\n<p><iframe loading=\"lazy\" src=\"https:\/\/www.booking-manager.com\/wbm2\/page.html?companyid=662&amp;setlang=es&amp;bm_view=SearchResult&amp;filter_flexibility=in_year&amp;sortBy=11&amp;sortDirection=-1&amp;filter_country=TR\" width=\"100%\" height=\"1000\" frameborder=\"0\" scrolling=\"auto\"><span style=\"display: inline-block; width: 0px; overflow: hidden; line-height: 0;\" data-mce-type=\"bookmark\" class=\"mce_SELRES_start\">\ufeff<\/span><\/iframe><\/p>\n<p>&nbsp;<\/p>\n<p><img class=\"content-image\" style=\"width: 300px; height: 200px;\" src=\"https:\/\/yachtcharter-connection.com\/wp-content\/uploads\/converted_files\/18970\/18970-56222a4e152a9.jpg\" alt=\"Alquiler de barcos Turqu\u00eda - puerto de Marmaris\" \/>El destino de alquiler de barcos Turqu\u00eda es muy popular. En particular, el suroeste del pa\u00eds en un puesto destacado en la comunidad de del alquiler de barcos &#8211; hay una selecci\u00f3n excelente de yates de alquiler en Turqu\u00eda y el nivel de los precios sigue siendo moderado. El contraste entre Oriente y Occidente sigue siendo fascinante y la costa turca ofrece muchas delicias para los equipos de alquiler de barcos Turqu\u00eda.<\/p>\n<p>La infraestructura mar\u00edtima para yates de Turqu\u00eda ha mejorado considerablemente en los \u00faltimos a\u00f1os: Innumerables puertos deportivos modernos son disponibles para el turismo de ch\u00e1rter de yates Turqu\u00eda. Los navegantes a\u00fan se pueden encontrar calas solitarias de ensue\u00f1o que comparten con s\u00f3lo unos pocos otros yates y las cabras, as\u00ed como bah\u00edas aisladas con restaurantes. En muchos casos, los due\u00f1os de los restaurantes han instalado boyas de amarre o pantalanes a menudo suficientemente equipados con electricidad y agua para sus clientes que vienen en veleros de ch\u00e1rter. Estos amarres son por lo general de forma gratuita para los equipos de alquiler de barcos Turqu\u00eda. Sobre todo se aprecia pero no es obligatorio consumir algo en la taberna.<\/p>\n<p><img class=\"content-image\" style=\"width: 300px; height: 199px;\" src=\"https:\/\/yachtcharter-connection.com\/wp-content\/uploads\/converted_files\/18970\/18970-56222a4f83906.jpg\" alt=\"Alquiler de barcos Turqu\u00eda - Egeo\" \/>Esta zone de alquiler de barcos en Turqu\u00eda es ideal para los navegantes de ch\u00e1rter con menos experiencia, las familias y las personas, los que quieren navegar bastante reljad. Por un lado, siempre se descubrir\u00e1 un destino y lugar interesante, incluso en las distancias cortas, y los equipos de alquiler de barcos Turqu\u00eda tampoco se encontrar\u00e1n con muy fuertes vientos en los meses de verano. Los navegantes que tengan intenci\u00f3n de hacer excursiones en tierra descubrir\u00e1n mucho: aguas termales, cascadas o tumbas en las rocas o de la roca, accesibles a trav\u00e9s de un crucero por un r\u00edo. Las tumbas de roca en Myra, y otros aspectos destacados de la antig\u00fcedad como \u00c9feso, Xanthos o Kaunos se encuentran cerca de la costa y en la distancia para ir de excursi\u00f3n. Por supuesto tambi\u00e9n los ciudades como Bodrum, Marmaris, Fethiye o Orhaniye y los pueblos son muy interesantes &#8211; y la cocina turca es delicioso, se puede disfrutar de much\u00edsimas buenos restaurantes con precios moderados.<\/p>\n<h3>Ch\u00e1rter de yates en Turqu\u00eda &#8211; los puertos de partida<\/h3>\n<p>Los m\u00e1s populares puertos de partida para alquiler de barcos en Turqu\u00eda son <a href=\"https:\/\/yachtcharter-connection.com\/es\/regiones\/mediterraneo\/alquiler-barcos-costa-turca\/bodrum-506\/\">Bodrum<\/a>, cerca de Bodrum la <a href=\"https:\/\/yachtcharter-connection.com\/es\/regiones\/mediterraneo\/alquiler-barcos-costa-turca\/yalikavak-bodrum-peninsula-438\/\">Palmarina (Port Bodrum Marina) en Yalikavak<\/a> en la pen\u00ednsula de Bodrum, el centro del turismo de alquiler de yates en Turqu\u00eda<a href=\"https:\/\/yachtcharter-connection.com\/es\/regiones\/mediterraneo\/alquiler-barcos-costa-turca\/marmaris-672\/\"> Marmaris<\/a> y <a href=\"https:\/\/yachtcharter-connection.com\/es\/regiones\/mediterraneo\/alquiler-barcos-costa-turca\/orhaniye-116\/\">Orhaniye<\/a> cerca de Marmaris, <a href=\"https:\/\/yachtcharter-connection.com\/es\/regiones\/mediterraneo\/alquiler-barcos-costa-turca\/fethiye-152\/\">Fethiye<\/a> y <a href=\"https:\/\/yachtcharter-connection.com\/es\/regiones\/mediterraneo\/alquiler-barcos-costa-turca\/g%c3%b6cek-453\/\">G\u00f6cek<\/a> en el Golfo de Fethiye, y en la costa occidental <a href=\"https:\/\/yachtcharter-connection.com\/es\/regiones\/mediterraneo\/alquiler-barcos-costa-turca\/cesme-marina-alacati-658\/\">Cesme \/ Marina Alacati<\/a> y <a href=\"https:\/\/yachtcharter-connection.com\/es\/regiones\/mediterraneo\/alquiler-barcos-costa-turca\/izmir-teos-380\/\">Teos Marina en Sigacik<\/a> cerca de Izmir. La zona del alquiler de barcos Turqu\u00eda se extiende desde Cesme en la costa oeste hasta Antalya, en la Riviera Turca. La mayor\u00eda de los marineros sin embargo, navega en la zona de Bodrum, en el Golfo de G\u00f6kova, cerca de Marmaris y en el Golfo de Fethye. Tambi\u00e9n un corto traslado a las islas griegas de Kos, Rodas y Symi se ha hecho m\u00e1s f\u00e1cil para los equipos de alquiler de barcos Turqu\u00eda por las autoridades locales.<\/p>\n<h4>Alquiler de Barcos Turqu\u00eda &#8211; Informaci\u00f3n General:<\/h4>\n<p>Idioma: Turco<br \/>\nCapital: Ankara<\/p>\n<p>Moneda: Nueva Lira Turca (temente)<\/p>\n<p>Hora: Hora de Europa Oriental EET = MEZ 1 \/ UTC \/ GMT + 2 horas<br \/>\nen el verano de EESZ &#8211; horario de verano de Europa del Este<\/p>\n<p>Electricidad: 220 V<\/p>\n<p>Los aeropuertos m\u00e1s importantes para Alquiler de Barcos en Turqu\u00eda:<br \/>\n&#8211; Bodrum-Milas-BJV<br \/>\n&#8211; Dalaman &#8211; DLM<br \/>\n&#8211; Antalya &#8211; AYT<br \/>\n&#8211; Izmir &#8211; ADB<\/p>\n<p>&nbsp;<\/p>\n<p>&nbsp;<\/p>\n<table class=\"RegionsAndSubregions\" style=\"border-collapse: collapse;\" border=\"0\" cellspacing=\"0\">\n<tbody>\n<tr>\n<td>\n<div class=\"SubregionRepeaterTitle\">\n<h2><a href=\"https:\/\/yachtcharter-connection.com\/alquiler-barcos-costa-turca\"> Costa Turca <\/a><\/h2>\n<\/div>\n<div class=\"SmallLinks\">\n<ul>\n<li><a class=\"SmallLinks\" title=\"\" href=\"https:\/\/yachtcharter-connection.com\/antalya-402\"> Antalya <\/a><\/li>\n<li><a class=\"SmallLinks\" title=\"\" href=\"https:\/\/yachtcharter-connection.com\/bodrum-506\"> Bodrum <\/a><\/li>\n<li><a class=\"SmallLinks\" title=\"\" href=\"https:\/\/yachtcharter-connection.com\/bozburun-810\"> Bozburun <\/a><\/li>\n<li><a class=\"SmallLinks\" title=\"\" href=\"https:\/\/yachtcharter-connection.com\/cesme-marina-alacati-658\"> Cesme \/ Marina Ala\u00e7ati <\/a><\/li>\n<li><a class=\"SmallLinks\" title=\"\" href=\"https:\/\/yachtcharter-connection.com\/datca-682\"> Datca <\/a><\/li>\n<li><a class=\"SmallLinks\" title=\"\" href=\"https:\/\/yachtcharter-connection.com\/fethiye-152\"> Fethiye <\/a><\/li>\n<li><a class=\"SmallLinks\" title=\"\" href=\"https:\/\/yachtcharter-connection.com\/finike-782\"> Finike <\/a><\/li>\n<li><a class=\"SmallLinks\" title=\"\" href=\"https:\/\/yachtcharter-connection.com\/g%c3%b6cek-453\"> G\u00f6cek <\/a><\/li>\n<li><a class=\"SmallLinks\" title=\"\" href=\"https:\/\/yachtcharter-connection.com\/istanbul-643\"> Istanbul <\/a><\/li>\n<li><a class=\"SmallLinks\" title=\"\" href=\"https:\/\/yachtcharter-connection.com\/izmir-teos-380\"> Izmir \/ Teos <\/a><\/li>\n<li><a class=\"SmallLinks\" title=\"\" href=\"https:\/\/yachtcharter-connection.com\/kalkan-699\"> Kalkan <\/a><\/li>\n<li><a class=\"SmallLinks\" title=\"\" href=\"https:\/\/yachtcharter-connection.com\/karaca-s%c3%b6g%c3%bct-397\"> Karaca S\u00f6g\u00fct <\/a><\/li>\n<li><a class=\"SmallLinks\" title=\"\" href=\"https:\/\/yachtcharter-connection.com\/kas-282\"> Kas <\/a><\/li>\n<li><a class=\"SmallLinks\" title=\"\" href=\"https:\/\/yachtcharter-connection.com\/kemer-169\"> Kemer <\/a><\/li>\n<li><a class=\"SmallLinks\" title=\"\" href=\"https:\/\/yachtcharter-connection.com\/kusadasi-208\"> Kusadasi <\/a><\/li>\n<li><a class=\"SmallLinks\" title=\"\" href=\"https:\/\/yachtcharter-connection.com\/marmaris-672\"> Marmaris <\/a><\/li>\n<li><a class=\"SmallLinks\" title=\"\" href=\"https:\/\/yachtcharter-connection.com\/orhaniye-116\"> Orhaniye <\/a><\/li>\n<li><a class=\"SmallLinks\" title=\"\" href=\"https:\/\/yachtcharter-connection.com\/alquiler-barcos-turgutreis-bodrum-peninsula\"> Turgutreis \/ Bodrum Peninsula <\/a><\/li>\n<li><a class=\"SmallLinks\" title=\"\" href=\"https:\/\/yachtcharter-connection.com\/yalikavak-bodrum-peninsula-438\"> Yalikavak \/ Bodrum Peninsula <\/a><\/li>\n<\/ul>\n<\/div>\n<\/td>\n<td>\n<div class=\"SubregionRepeaterTitle\">\n<h2><a href=\"https:\/\/yachtcharter-connection.com\/alquiler-barcos-isla-chipre\"> Isla Chipre <\/a><\/h2>\n<\/div>\n<div class=\"SmallLinks\">\n<ul>\n<li><a class=\"SmallLinks\" title=\"\" href=\"https:\/\/yachtcharter-connection.com\/girne-255\"> Girne <\/a><\/li>\n<\/ul>\n<\/div>\n<\/td>\n<\/tr>\n<\/tbody>\n<\/table>\n","protected":false},"excerpt":{"rendered":"<p>Alquiler de barcos Turqu\u00eda &nbsp; \ufeff &nbsp; El destino de alquiler de barcos Turqu\u00eda es muy popular. En particular, el suroeste del pa\u00eds en un puesto destacado en la comunidad de del alquiler de barcos &#8211; hay una selecci\u00f3n excelente de yates de alquiler en Turqu\u00eda y el nivel de<\/p>\n","protected":false},"author":11,"featured_media":0,"parent":182,"menu_order":0,"comment_status":"open","ping_status":"open","template":"","meta":[],"aioseo_notices":[],"_links":{"self":[{"href":"https:\/\/yachtcharter-connection.com\/es\/wp-json\/wp\/v2\/pages\/410"}],"collection":[{"href":"https:\/\/yachtcharter-connection.com\/es\/wp-json\/wp\/v2\/pages"}],"about":[{"href":"https:\/\/yachtcharter-connection.com\/es\/wp-json\/wp\/v2\/types\/page"}],"author":[{"embeddable":true,"href":"https:\/\/yachtcharter-connection.com\/es\/wp-json\/wp\/v2\/users\/11"}],"replies":[{"embeddable":true,"href":"https:\/\/yachtcharter-connection.com\/es\/wp-json\/wp\/v2\/comments?post=410"}],"version-history":[{"count":7,"href":"https:\/\/yachtcharter-connection.com\/es\/wp-json\/wp\/v2\/pages\/410\/revisions"}],"predecessor-version":[{"id":31280,"href":"https:\/\/yachtcharter-connection.com\/es\/wp-json\/wp\/v2\/pages\/410\/revisions\/31280"}],"up":[{"embeddable":true,"href":"https:\/\/yachtcharter-connection.com\/es\/wp-json\/wp\/v2\/pages\/182"}],"wp:attachment":[{"href":"https:\/\/yachtcharter-connection.com\/es\/wp-json\/wp\/v2\/media?parent=410"}],"curies":[{"name":"wp","href":"https:\/\/api.w.org\/{rel}","templated":true}]}}