{"id":412,"date":"2014-06-28T17:28:17","date_gmt":"2014-06-28T17:28:17","guid":{"rendered":"http:\/\/yachtcharter-connection.com.w01e47c6.kasserver.com\/alquiler-barcos-estados-unidos\/"},"modified":"2018-11-29T18:15:45","modified_gmt":"2018-11-29T16:15:45","slug":"alquiler-barcos-estados-unidos","status":"publish","type":"page","link":"https:\/\/yachtcharter-connection.com\/es\/paises\/alquiler-barcos-estados-unidos\/","title":{"rendered":"Estados Unidos"},"content":{"rendered":"<h3>Alquiler de barcos Estados Unidos<\/h3>\n<p><img loading=\"lazy\" class=\"content-image\" src=\"https:\/\/yachtcharter-connection.com\/wp-content\/uploads\/converted_files\/18972\/18972-56222a699772a.jpg\" alt=\"Estados_Unidos_Miami_fondeadero\" width=\"300\" height=\"181\" \/>La verdad es que a los norteamericanos les apasiona la vela y el Alquiler de barcos; no en vano llevan una eternidad defendiendo vehementemente su \u201ccopa\u201c, la America\u2019s Cup. Y es cierto que el pa\u00eds ofrece una buena selecci\u00f3n de \u00e1reas para navegar. Sin embargo para los europeos no es todav\u00eda un destino de ch\u00e1rter de yates habitual. Aunque se puede llegar con el yate hasta el mism\u00edsimo coraz\u00f3n de la metr\u00f3polis Nueva York.<\/p>\n<p>Las \u00e1reas de navegaci\u00f3n y de ch\u00e1rter de yates m\u00e1s importantes son la costa este, con Nueva Inglaterra y Florida, y las Islas V\u00edrgenes de Estados Unidos. Aunque tambi\u00e9n la costa del Pac\u00edfico californiana, los Grandes Lagos e incluso Alaska, regiones muy atractivas para los navegantes que quieren vivir y atravesar en vela lugares algo diferentes.<\/p>\n<h4>Alquiler de barcos California<\/h4>\n<p>En California las zona de la Newport Beach y San Diego son conocidas por la America\u2019s Cup, pero se practica la vela en toda la costa. Hay una traves\u00eda corta, que tambi\u00e9n se puede realizar si estamos viajando por el pa\u00eds, que va de la Marina del Rey, el gigantesco puerto deportivo de Los \u00c1ngeles, a Catalina Island (Isla Santa Catalina). Aqu\u00ed los que viajan en ch\u00e1rter pueden fondear en la Bah\u00eda de Aval\u00f3n mientras disfrutan de un paseo a pie por esta isla de postal. Es propiedad de Wrigley, el magnate del chicle, quien tiene aqu\u00ed incluso bisontes. Pero no s\u00f3lo la costa del Pac\u00edfico es una \u00e1rea de navegaci\u00f3n; tambi\u00e9n los lagos de California, con el Tahoe a la cabeza, tienen mucho que ofrecer a los navegantes.<\/p>\n<h4>Alquiler de barcos Costa este de Estados Unidos: Florida y Nueva Inglaterra<\/h4>\n<p>En pleno verano se navega muy bien por Nueva Inglaterra, en el este de Estados Unidos, area muy buena para el turismo de Alquiler de barcos. Sobre todo Massachusetts, la Rhode Island y Connecticut ofrece una arquitectura muy personal, puertos pesqueros, marinas, una cocina excelente que incluye la famosa sopa de almejas clam chowder, la langosta y todas esas cosas que fascinan a los amantes del pescado. La gran meca de la vela se encuentra en la regi\u00f3n de Cabo Code, con la animada ciudad de Provincetown al sur de Boston. Tambi\u00e9n Newport y las islas Martha\u2019s Vineyard, Nantucket y Cuttyhunk, o la bah\u00eda de New Haven. Para Alquiler de barcos hay que dominar bien la navegaci\u00f3n en zona de mareas.<\/p>\n<p>En tierra encontramos casitas t\u00edpicas de madera, iglesias construidas tambi\u00e9n con madera y pintadas de blanco, fincas y mansiones de la acomodada nobleza americana. Por todas partes se hace visible la historia de Nueva Inglaterra que alcanza hasta los tiempos del Mayflower. Ante el honorable Newport Yachtclub se disput\u00f3 alguna vez la America\u2019s Cup. Por todas partes encontramos barcos de madera construidos seg\u00fan la vieja tradici\u00f3n de los astilleros norteamericanos. Pero los grandes navegantes se dan cita m\u00e1s al norte, en Camden. La gigantesca bah\u00eda de Marblehead junto al cabo Cape Ann, lugar de nacimiento del Boston Yacht Club, las Islas Shoals, el car\u00edsimo y distinguido Kennenbunkport o Portland ser\u00edan buenas paradas en la ruta que nos lleva a Maine. Y en el Tenants Harbor nos espera la famosa langosta de Maine, reci\u00e9n pescada.<\/p>\n<p>M\u00e1s al Sur, toda el \u00e1rea metropolitana de Nueva York con muchas islas alrededor y puertos deportivos en el centro de la ciudad es una zona de navegaci\u00f3n y alquiler de barcos espectacular. Maryland &#8211; en la frontera de Virginia &#8211; es fascinante, con la zona de alquiler de yates en la bah\u00eda de Chesapeake: hay una base de Alquiler de barcos muy buena con veleros en <a href=\"~\/Alquiler_barcos_estados_unidos\/annapolis.html\">Annapolis<\/a> en la <a href=\"~\/eeuu_nordeste\/Alquiler_barcos_maryland_chesapeake_bay.html\">Bahia de Chesapeake<\/a>, una grande base tambi\u00e9n en Newport, Rhode Island, entre Boston y Nueva York &#8211; y Carolina del Norte con Jacksonville y Amelia Island es muy conocida por las actividades de alquiler de yates tambi\u00e9n.<\/p>\n<p>El Sunshine State, que as\u00ed es como se conoce a Florida, situado en la costa sureste del pa\u00eds, disfruta de una larga temporada de Alquiler de barcos. El encanto tur\u00edstico de Florida reside popularmente en Disneyland o Seaworld en Orlando, en los Everglades y, por supuesto, en Miami con su distrito Art Dec\u00f3 en South Beach y el Ocean Drive, as\u00ed como la calle Ocho y su atm\u00f3sfera cubana. Y entre todos estos atractivos numerosas marinas nos ofrecen una infraestructura mar\u00edtima de primera calidad, perfecta para Alquiler de barcos. Pero no s\u00f3lo la costa atl\u00e1ntica del este es interesante, sino tambi\u00e9n la costa del Golfo de Florida: Tampa, Naples, Marco Island, Sarasota, St. Petersburg y Clearwater. Unos de los puntos m\u00e1s importantes cuando se realiza una traves\u00eda a vela por Florida son las Florida Keys, una serie de islas e islotes con arrecifes y playas de ensue\u00f1o que se engarzan como un collar de perlas avanzando en direcci\u00f3n sur. Despu\u00e9s de ver c\u00f3mo se pesca delante de Islamorada, caminar en Key West tras las huellas de Hemingway y disfrutar de la puesta de sol que se obtiene sobre el Sunset Key, no queda m\u00e1s remedio que convertirse en un fan de Florida.<\/p>\n<p>Pero este estado nos ofrece adem\u00e1s mucho encanto navegando por el interior. Por ejemplo si viajamos en yate a motor por el Intracoastal Waterway, con vistas a las mansiones de los ricos guapos y famosos, y mucha naturaleza. Florida puede ser tambi\u00e9n el punto de partida para navegar hacia las Bahamas o las Bermudas.<\/p>\n<p>Las bases de Alquiler de barcos de Florida est\u00e1n &#8211; entre otros &#8211; en Miami, Key West,<a href=\"~\/Alquiler_barcos_estados_unidos\/fort_lauderdale.html\"> Fort Lauderdale <\/a>y St. Petersburg \/ Palmetto.<\/p>\n<p><strong><a href=\"https:\/\/yachtcharter-connection.com\/es\/yates-de-lujo-en-florida\/\">Yates de Motor de Lujo en Florida<\/a><\/strong><\/p>\n<h4>Alquiler de barcos Islas V\u00edrgenes de los Estados Unidos<\/h4>\n<p>Las Islas V\u00edrgenes de los Estados Unidos son m\u00e1s de 50 islas que a menudo son destino de cruceros y en otras ocasiones destino ch\u00e1rter para muchos navegantes americanos. En yate por supuesto se llega a ellas r\u00e1pidamente y sin problemas partiendo de las Islas V\u00edrgenes Brit\u00e1nicas. Si le interesa esta zona, no dude en solicitarnos informaci\u00f3n sobre el viaje y los permisos necesarios. Los puertos de entrada son la capital Charlotte Amalie en Saint Thomas, Cruz Bay en Saint John y Christiansted en la Gallows Bay, en la isla m\u00e1s grande, St. Croix. Los ch\u00e1rteres siguen pegando fuerte en las islas y encontramos numerosas bases adem\u00e1s de trece marinas bien equipadas para Alquiler de barcos, algunas incluso con W-LAN. La Yacht Haven Grande Marina cuenta incluso con televisi\u00f3n por cable. Y hay muchos fondeaderos y boyas de amarre para el turismo de Alquiler de barcos; incluso un parque nacional con sistema de amarre. Las Islas V\u00edrgenes de los Estados Unidos tienen un paisaje espectacular, aunque est\u00e1n bastante concurridas y tienen fama de ser un para\u00edso\u2026 para hacer compras. Cuidado: son menos seguras que sus hermanas, las Islas V\u00edrgenes Brit\u00e1nicas. Conviene instalar un buen sistema antirrobo para el fueraborda.<\/p>\n<p><b>Si desea hacer un viaje en yate ch\u00e1rter por Estados Unidos y no encuentra en el buscador online la embarcaci\u00f3n que desea, no dude en ponerse en contacto con nosotros. Estaremos encantados de ayudarle a encontrar lo que busca.<br \/>\n<\/b><\/p>\n<table class=\"RegionsAndSubregions\" style=\"border-collapse: collapse;\" border=\"0\" cellspacing=\"0\">\n<tbody>\n<tr>\n<td>\n<div class=\"SubregionRepeaterTitle\">\n<h2><a href=\"https:\/\/yachtcharter-connection.com\/alquiler-barcos-florida\"> Florida <\/a><\/h2>\n<\/div>\n<div class=\"SmallLinks\">\n<ul>\n<li><a class=\"SmallLinks\" title=\"\" href=\"https:\/\/yachtcharter-connection.com\/fort-lauderdale-243\"> Fort Lauderdale <\/a><\/li>\n<li><a class=\"SmallLinks\" title=\"\" href=\"https:\/\/yachtcharter-connection.com\/fort-myers-178\"> Fort Myers <\/a><\/li>\n<li><a class=\"SmallLinks\" title=\"\" href=\"https:\/\/yachtcharter-connection.com\/jacksonville-amelia-islands-320\"> Jacksonville \/ Amelia Islands <\/a><\/li>\n<li><a class=\"SmallLinks\" title=\"\" href=\"https:\/\/yachtcharter-connection.com\/jupiter-750\"> Jupiter <\/a><\/li>\n<li><a class=\"SmallLinks\" title=\"\" href=\"https:\/\/yachtcharter-connection.com\/key-west-314\"> Key West <\/a><\/li>\n<li><a class=\"SmallLinks\" title=\"\" href=\"https:\/\/yachtcharter-connection.com\/keys-sebastian-217\"> Keys \/ Sebastian <\/a><\/li>\n<li><a class=\"SmallLinks\" title=\"\" href=\"https:\/\/yachtcharter-connection.com\/miami-360\"> Miami <\/a><\/li>\n<li><a class=\"SmallLinks\" title=\"\" href=\"https:\/\/yachtcharter-connection.com\/punta-gorda-burnt-store-marina-274\"> Punta Gorda \/ Burnt Store Marina <\/a><\/li>\n<li><a class=\"SmallLinks\" title=\"\" href=\"https:\/\/yachtcharter-connection.com\/riviera-beach-635\"> Riviera Beach <\/a><\/li>\n<li><a class=\"SmallLinks\" title=\"\" href=\"https:\/\/yachtcharter-connection.com\/saint-pete-beach-799\"> Saint Pete Beach <\/a><\/li>\n<li><a class=\"SmallLinks\" title=\"\" href=\"https:\/\/yachtcharter-connection.com\/saint-peter-471\"> Saint Peter <\/a><\/li>\n<li><a class=\"SmallLinks\" title=\"\" href=\"https:\/\/yachtcharter-connection.com\/saint-thomas-iv-850\"> Saint Thomas IV <\/a><\/li>\n<li><a class=\"SmallLinks\" title=\"\" href=\"https:\/\/yachtcharter-connection.com\/st-petersburg-palmetto-588\"> St. Petersburg \/ Palmetto <\/a><\/li>\n<li><a class=\"SmallLinks\" title=\"\" href=\"https:\/\/yachtcharter-connection.com\/tampa-780\"> Tampa <\/a><\/li>\n<\/ul>\n<\/div>\n<\/td>\n<td>\n<div class=\"SubregionRepeaterTitle\">\n<h2><a href=\"https:\/\/yachtcharter-connection.com\/alquiler-barcos-maryland-chesapeake-bay\"> Maryland \/ Chesapeake Bay <\/a><\/h2>\n<\/div>\n<div class=\"SmallLinks\">\n<ul>\n<li><a class=\"SmallLinks\" title=\"\" href=\"https:\/\/yachtcharter-connection.com\/annapolis-163\"> Annapolis <\/a><\/li>\n<\/ul>\n<\/div>\n<\/td>\n<\/tr>\n<\/tbody>\n<\/table>\n","protected":false},"excerpt":{"rendered":"<p>Alquiler de barcos Estados Unidos La verdad es que a los norteamericanos les apasiona la vela y el Alquiler de barcos; no en vano llevan una eternidad defendiendo vehementemente su \u201ccopa\u201c, la America\u2019s Cup. Y es cierto que el pa\u00eds ofrece una buena selecci\u00f3n de \u00e1reas para navegar. Sin embargo<\/p>\n","protected":false},"author":11,"featured_media":0,"parent":182,"menu_order":0,"comment_status":"open","ping_status":"open","template":"","meta":[],"aioseo_notices":[],"_links":{"self":[{"href":"https:\/\/yachtcharter-connection.com\/es\/wp-json\/wp\/v2\/pages\/412"}],"collection":[{"href":"https:\/\/yachtcharter-connection.com\/es\/wp-json\/wp\/v2\/pages"}],"about":[{"href":"https:\/\/yachtcharter-connection.com\/es\/wp-json\/wp\/v2\/types\/page"}],"author":[{"embeddable":true,"href":"https:\/\/yachtcharter-connection.com\/es\/wp-json\/wp\/v2\/users\/11"}],"replies":[{"embeddable":true,"href":"https:\/\/yachtcharter-connection.com\/es\/wp-json\/wp\/v2\/comments?post=412"}],"version-history":[{"count":2,"href":"https:\/\/yachtcharter-connection.com\/es\/wp-json\/wp\/v2\/pages\/412\/revisions"}],"predecessor-version":[{"id":26934,"href":"https:\/\/yachtcharter-connection.com\/es\/wp-json\/wp\/v2\/pages\/412\/revisions\/26934"}],"up":[{"embeddable":true,"href":"https:\/\/yachtcharter-connection.com\/es\/wp-json\/wp\/v2\/pages\/182"}],"wp:attachment":[{"href":"https:\/\/yachtcharter-connection.com\/es\/wp-json\/wp\/v2\/media?parent=412"}],"curies":[{"name":"wp","href":"https:\/\/api.w.org\/{rel}","templated":true}]}}