{"id":414,"date":"2014-06-28T16:17:57","date_gmt":"2014-06-28T16:17:57","guid":{"rendered":"http:\/\/yachtcharter-connection.com.w01e47c6.kasserver.com\/alquiler-barcos-netherlands-antilles\/"},"modified":"2016-10-29T19:00:16","modified_gmt":"2016-10-29T17:00:16","slug":"alquiler-barcos-netherlands-antilles","status":"publish","type":"page","link":"https:\/\/yachtcharter-connection.com\/es\/paises\/alquiler-barcos-netherlands-antilles\/","title":{"rendered":"Netherlands Antilles"},"content":{"rendered":"<h3>Alquiler de barcos Islas Antillas Holandeses \/ St. Martin &#8211; St. Maarten -San Mart\u00edn<\/h3>\n<p>\n<img loading=\"lazy\" class=\"content-image\"  width=\"300\" height=\"225\" src=\"https:\/\/yachtcharter-connection.com\/wp-content\/uploads\/converted_files\/23177\/23177-56222a7090637.jpg\" alt=\"\" \/>Saint-Martin o Sint Maarten. En el norte en franc\u00e9s, en el sur en holand\u00e9s, la Isla de San Mart\u00edn es en cualquier caso punto de partida para muchos recorridos en ch\u00e1rter. Junto con las islas Saba, San Eustaquio y, algo m\u00e1s al sur, las islas ABC, forma parte del conjunto de las Islas Antillas. San Mart\u00edn con muchas bases de Alquiler de barcos pertenece al departamento franc\u00e9s de <a href=\"~\/Alquiler_barcos_guadalupe.html\"><u><b>Guadalupe<\/b><\/u><\/a>.  Su divisi\u00f3n se refleja tambi\u00e9n en dos paisajes diferentes. La zona francesa de Grande-Terre es m\u00e1s monta\u00f1osa; su centro vital es Marigot, en la Bah\u00eda de Marigot. El sur, La zona holandesa, es m\u00e1s llana. En direcci\u00f3n hacia la costa, se encuentra una zona de lagos salados. Entre el gran lago de Great Salt Pond y la gran bah\u00eda  Groot Baai, nos encontramos con el centro holand\u00e9s,  Philipsburg, un para\u00edso donde adem\u00e1s podr\u00e1 realizar compras libres de impuestos. El puerto al que llegan los veleros est\u00e1  en el pict\u00f3rico marco de  Simsonbaai y, por supuesto, lo comparten ambas naciones. En la pr\u00e1ctica, la divisi\u00f3n apenas puede apreciarse. La infraestructura tur\u00edstica de la isla es impresionante; las instalaciones de los hoteles est\u00e1n muy cuidadas y, en la mayor\u00eda de los casos, construidas con un enorme respeto  hacia el incomparable marco que ofrecen las bah\u00edas. <\/p>\n<p>\nLos bases de Alquiler de barcos se encuentran en <a href=\"~\/Alquiler_barcos_guadalupe\/st_martin_marigot.html\"><u><b>Marigot<\/b><\/u><\/a> en la zona oeste, en <a href=\"~\/Alquiler_barcos_guadalupe\/st_martin_anse_marcel.html\"><u><b>Anse Marcel<\/b><\/u>,<\/a> y en Oyster Pond en la costa este. Al noreste de Marigot se abre  la Baie Grande Case que nos  ofrece un lugar en el que fondear y pasar el d\u00eda: una larga playa de arena,  buen fondo para echar el ancla, y en la costa casitas de colores y un buen n\u00famero de peque\u00f1os restaurantes con excelente comida de las Indias Occidentales y bares. Al lado, se puede fondear y pasar la noche al resguardo en  Anse Marcel, o atracar en la marina Port Lonivilliers, situada en la parte sur de la bah\u00eda. <\/p>\n<p>\nDespu\u00e9s de rodear el cabo norte de San Mart\u00edn, donde hay que tener cuidado con los arrecifes y las rocas, llegamos a la peque\u00f1a isla de Tintamarre. Se trata de una planicie delante de la cual podemos fondear y  disfrutar del ambiente playero. La Orient Bay est\u00e1 en la costa este y all\u00ed se encuentra la \u00fanica playa de la isla en la que se puede practicar el nudismo. En el restaurante incluso no es apropiado llevar ropa ni durante la comida. La playa de  Orient Bay es un lugar de ensue\u00f1o. Cada parte de la playa tiene su propio chiringuito y se puede fondear delante: en Bikini Beach, Waikiki Beach, Coco, Kakao y  Kontiki Beach. Por la noche cambiamos de amarre y nos vamos a  Oyster Pond. <\/p>\n<p>\nLa costa sur de San Mart\u00edn nos ofrece a\u00fan m\u00e1s calas en las que  tomar un ba\u00f1o. Y en Groot Baai encontramos el lugar ideal para hacer compras. Lo mejor es amarrar en la Bobby&rsquo;s Marina o en la  Great Bay Marina, en el noreste de la bah\u00eda, y despu\u00e9s ir a pie al centro de Philipsburg. Alrededor de las marinas se han abierto con el tiempo muchas tiendas peque\u00f1as y otras empresas de servicios. A algunas millas de aqu\u00ed en direcci\u00f3n oeste se encuentra la  bah\u00eda Simson Baai (o Simpson Bay). Por debajo de un puente de tren tenemos el paso al Grand Etang, al que tambi\u00e9n se puede acceder en yate. Este gran estanque es uno de los lugares del Caribe mejor protegidos contra los huracanes y en el encontramos varias marinas como la Island Water World Marina o el  Simpson Bay Yacht Club. Despu\u00e9s en la parte francesa encontramos una salida del Grand Etang, directamente al lado de Marigot.<\/p>\n<h3>Otras islas alrededor de San Mart\u00edn: Anguila, San Bartolom\u00e9, Saba, San Eustaquio, San Crist\u00f3bal y Nieves, Montserrat<\/h3>\n<p>\n<b>Anguila<\/b><\/p>\n<p>\nEn los alrededores de San Mart\u00edn encontramos numerosas rutas con destinos muy interesantes. La isla de Anguilla (en espa\u00f1ol Anguila) tiene forma alargada: catorce millas de largo por tres en las zonas m\u00e1s anchas. Su capital es  The Valley (El Valle) y est\u00e1 asociada con gran Breta\u00f1a. Salimos hacia la izquierda y, en general, se considera un lugar muy seguro. Atravesamos aguas color turquesa y playas de ensue\u00f1o. Y adem\u00e1s este peque\u00f1o para\u00edso todav\u00eda no ha sido sometido al turismo.  Una de las bah\u00edas m\u00e1s bonitas que vamos a encontrar en el sur es la   Rendezvous Bay, y podemos declarar la entrada al lado, en el Blowing Point Harbour. Tambi\u00e9n en la costa noroeste nos topamos con una id\u00edlica playa en la  Mead&rsquo;s Bay. Por otro lado tenemos tambi\u00e9n el arrecife de coral Dowling Shoal y la peque\u00f1a isla Sandy Island que es uno de esos lugares ideales que aparecen en las postales del caribe.  La bah\u00eda Road Bay est\u00e1 muy bien resguardada; el punto de encuentro de muchos yates es el puerto m\u00e1s importante del lugar, Port of Entry, y en Sandy Ground Village se puede encontrar a la tripulaci\u00f3n de otros yates en uno de los restaurantes que hay a la orilla del mar. La Crocus Bay est\u00e1 pegada a la Road Bay. Antes era el puerto principal de la isla, y ahora se recomienda como lugar para tomar un ba\u00f1o. Y si lo que nos gusta es el buceo, en el arrecife Seal Island Ref que, con los cayos de  Prickley Pear, se encuentra justamente delante de la bah\u00eda, podemos descubrir un fascinante mundo submarino. <\/p>\n<p><b>San Bartolom\u00e9 (St. Barth\u00e9lemy o St. Barths)<\/b><\/p>\n<p>Se dice que la isla de San Bartolom\u00e9 es el Saint Tropez del Caribe. Y aunque en realidad la arquitectura de la capital, Gustavia, muestra una importante influencia holandesa, hay en ella algo muy franc\u00e9s. Mundana, elegante, el sue\u00f1o de los amantes del lujo a la sombra de las palmeras, con piscina en la playa y servicio de c\u00f3ctel. En San Bartolom\u00e9 encontramos un buen n\u00famero de hoteles y resorts de lo m\u00e1s exclusivo. Las boutiques venden moda y arte, todo con cierta nobleza. La isla de San Bartolom\u00e9 es monta\u00f1osa, cuenta con hermosas calas y dispone de un aeropuerto muy peculiar. Los peque\u00f1os bimotores bajan por  la monta\u00f1a a vuelo raso; los pilotos tienen que pisar el freno a tope; la pista termina casi donde empieza el mar. Y en la carretera que va a Gustavia los letreros rezan algo as\u00ed como: &ldquo;Atenci\u00f3n, paso de aviones&rdquo;. Gustavia es desde luego una visita obligada, no s\u00f3lo para declarar la entrada,  sino tambi\u00e9n para dar una vuelta, hacer unas comprar y comer. En el muelle que hay delante de la administraci\u00f3n del puerto s\u00f3lo se puede amarrar por un tiempo limitado. Si no, es recomendable fondear en el puerto anterior, delante de Fort Oscar, en el  Anse Public o, incluso mejor, fondear en el  Anse de Corosson, delante  del pueblecito  pesquero del mismo nombre. Viniendo de la Isla de San Mart\u00edn, o volviendo hacia ella, se suele navegar hacia la Baie Columbier, situada en el noroeste. Se trata de una bell\u00edsima bah\u00eda donde se puede fondear y disfrutar de un agua verdaderamente cristalina. Pero la cala m\u00e1s bella de la costa norte es Baie de St. Jean, que tiene tambi\u00e9n un arrecife. El acceso a  Anse de Marigot que se encuentra m\u00e1s al este s\u00f3lo es recomendable en d\u00edas muy despejados. En el sur de la isla tenemos  la Anse de Saline. <\/p>\n<p>\n<b>Saba y San Eustaquio (Statia)<br \/>\n<\/b><\/p>\n<p>Saba es una isla peque\u00f1a, muy rocosa y toda ella muy engalanada. Sus casitas nos recuerdan su pasado holand\u00e9s. Se puede amarrar en el muelle de   Fort Baai en la costa sur. Desde all\u00ed se puede ir dando un paseo hasta la capital: The Bottom, ubicada en un valle muy verde con jardines muy cuidados. Para fondear los \u00fanicos lugares adecuados son  las bah\u00edas Ladder Baai y la  Well&rsquo;s Baai, situadas en la costa oeste.  Entre Fort Baai y Ladder Baai encontramos el Saba Marine Park, un para\u00edso donde practicar el buceo, con boyas de amarre en los puntos m\u00e1s hermosos.  Statia fue conocida por sus plantaciones de tabaco, despu\u00e9s por el algod\u00f3n, m\u00e1s tarde por el caf\u00e9, y como lugar de comercio de esclavos y mercanc\u00edas; pero en los \u00faltimos a\u00f1os ha empezado a construir una infraestructura tur\u00edstica. El  Quill es un volc\u00e1n extinguido en cuyo cr\u00e1ter se puede caminar a trav\u00e9s de la vegetaci\u00f3n de un bosque h\u00famedo tropical. Alcanza los 1.950 metros y es el punto m\u00e1s alto de la isla. La capital, Orangestad, se encuentra en la bah\u00eda Oranje Baai. Esta bah\u00eda es el \u00fanico punto interesante en el que se puede fondear; con el dinghy podemos amarrar en el muelle. Lugares que merece la pena visitar son la  Old Gin House, Fort Oranje, el  Historical Foundation Museum y la  Upper Town, donde observamos una  arquitectura que mezcla el estilo de las Indias Orientales con el de Nueva Inglaterra.  <\/p>\n<p>\n<b>San Crist\u00f3bal y Nieves (St.Kitts &#038; Nevis)<\/b><\/p>\n<p>\nSan Crist\u00f3bal, bautizada con su nombre por el propio Col\u00f3n, fue la primera colonia brit\u00e1nica del Caribe, y hoy en d\u00eda es un estado independiente perteneciente a la Commonwealth. Viniendo de San Mat\u00edn podemos hacer una paradita en el pintoresco pueblo de Sandy Point Village. Aqu\u00ed hay buenas posibilidades de fondear, casitas de colores llamativos, una iglesia con una torre amarilla, y un peque\u00f1o muelle. Pero la bah\u00eda m\u00e1s bonita para echar el ancla es la Basseterre Bay con su interminable playa.  En  Basseterre,  capital administrativa de San Crist\u00f3bal y Nieves, se puede declarar la entrada y en Charlestown, situada en la isla vecina de Nieves, la salida, o al rev\u00e9s. La ciudad de  Basseterre, que se extiende a lo largo de la bah\u00eda, es muy colorida, marcada por la vieja arquitectura colonial, y nos ofrece muchas posibilidades de abastecernos y muchos restaurantes donde disfrutar de la comida criolla. En el   Fisherman&rsquo;s Wharf, en la parte occidental de la bah\u00eda, podemos amarrar con el dinghy en el dique; en la zona oriental, donde se encuentra el puerto de San Crist\u00f3bal, St. Kitts Port, se puede repostar agua. Tambi\u00e9n merece la pena hacer un recorrido por la isla, saliendo de  Basseterre, para visitar las antiguas plantaciones. A s\u00f3lo dos millas en direcci\u00f3n sureste nos espera la primera playa de ensue\u00f1o con la que nos topamos, en la bah\u00eda de   Frigate Bay, donde podemos fondear y disfrutar tanto de los Beach Bars como de las instalaciones de un hotel de lujo. En la siguiente cala, la Whitehouse Bay, encontramos un lugar precioso para practicar el buceo, alrededor de un Trawler que se hundi\u00f3 sobre un arrecife de coral. <\/p>\n<p>La hermana peque\u00f1a, Nieves, se encuentra a tan solo dos millas de San Crist\u00f3bal. Col\u00f3n la bautiz\u00f3 as\u00ed en honor a Nuestra Se\u00f1ora de las Nieves, probablemente por el pico que corona la isla, el  Nevis Peak o Pico de las Nieves que, aunque  apenas cuenta con  1.000 metros de altitud, debi\u00f3 de recordarle a las altas monta\u00f1as de su Europa natal.  En cualquier caso, Nieves es mucho m\u00e1s monta\u00f1osa que San Crist\u00f3bal  y tiene una costa m\u00e1s escarpada, con gargantas y desfiladeros. Sus playas se cuentan entre las m\u00e1s bellas del Caribe, sobre todo las de la zona de Cades Bay y la  Pinney&rsquo;s Beach, en el norte de  Charlestown, donde encontramos palmeras bordeando las playas de arena blanca, y esas aguas turquesas&#8230; la t\u00edpica estampa romanticona del Caribe. Tambi\u00e9n la ciudad, Charlestown, es muy atractiva y pintoresca. Hay que darse una vuelta y pasar por el mercado, que est\u00e1 al lado del muelle en el que se puede recalar con el  dinghy.<\/p>\n<p>\n<b>Montserrat<\/b><\/p>\n<p>En  Montserrat el volc\u00e1n Soufri\u00e8re todav\u00eda est\u00e1 activo. Debido a su \u00faltima gran erupci\u00f3n, acaecida a finales de los 90, la poblaci\u00f3n tuvo que huir de la capital, Plymouth, situada en el sur de la isla, y la regi\u00f3n qued\u00f3 no s\u00f3lo deshabitada, sino tambi\u00e9n inf\u00e9rtil. Mucha gente abandon\u00f3 la isla, otros emigraron hacia el norte. Durante mucho tiempo la isla desapareci\u00f3 de las rutas pero se est\u00e1 volviendo a navegar hacia ella. Los yates echan el ancla delante del puerto de la Little Bay, en el extremo norte de la isla. Y ya hay planes para construir un puerto para yates y otros edificios alrededor del actual puerto. Ahora mismo de hecho ya hay incluso recorridos organizados para ver el volc\u00e1n activo desde un lugar seguro.  Y se est\u00e1n promocionando los atractivos de la isla como lugar para practicar el buceo.  Montserrat es una colonia de la corona brit\u00e1nica, pero en otro tiempo se asentaron aqu\u00ed los cat\u00f3licos irlandeses, que instalaron destiler\u00edas de licores y astilleros. Los actuales habitantes de la isla, muy hospitalarios, dan muestras de esa mezcla afro-irlandesa que se ha ido forjando aqu\u00ed a lo largo de generaciones. La gente de color con pelo pelirrojo y pecas no es ninguna rareza en el lugar. Y el d\u00eda de San Patricio se celebra por todo lo alto. <\/p>\n<p><br type=\"_moz\" \/><br \/>\n<\/p>\n<table  class=\"RegionsAndSubregions\" cellspacing=\"0\" border=\"0\" style=\"border-collapse:collapse;\">\n<tbody>\n<tr>\n<td>\n<div class=\"SubregionRepeaterTitle\">\n<h2><a href=\"https:\/\/yachtcharter-connection.com\/alquiler-barcos-leewards-y-windwards\"> Leewards y Windwards <\/h2>\n<\/div>\n<div class=\"SmallLinks\">\n<ul>\n<li><a class=\"SmallLinks\" href=\"https:\/\/yachtcharter-connection.com\/bonaire-280\" title=\"\"> Bonaire <\/a><\/li>\n<li><a class=\"SmallLinks\" href=\"https:\/\/yachtcharter-connection.com\/curacao-willemstad-392\" title=\"\"> Cura\u00e7ao \/ Willemstad <\/a><\/li>\n<li><a class=\"SmallLinks\" href=\"https:\/\/yachtcharter-connection.com\/st-martin-oyster-pond-499\" title=\"\"> St. Martin \/ Oyster Pond <\/a><\/li>\n<\/ul>\n<\/div>\n<\/td>\n<\/tr>\n<\/tbody>\n<\/table>\n","protected":false},"excerpt":{"rendered":"<p>Alquiler de barcos Islas Antillas Holandeses \/ St. Martin &#8211; St. Maarten -San Mart\u00edn Saint-Martin o Sint Maarten. En el norte en franc\u00e9s, en el sur en holand\u00e9s, la Isla de San Mart\u00edn es en cualquier caso punto de partida para muchos recorridos en ch\u00e1rter. Junto con las islas Saba,<\/p>\n","protected":false},"author":11,"featured_media":0,"parent":182,"menu_order":0,"comment_status":"open","ping_status":"open","template":"","meta":[],"aioseo_notices":[],"_links":{"self":[{"href":"https:\/\/yachtcharter-connection.com\/es\/wp-json\/wp\/v2\/pages\/414"}],"collection":[{"href":"https:\/\/yachtcharter-connection.com\/es\/wp-json\/wp\/v2\/pages"}],"about":[{"href":"https:\/\/yachtcharter-connection.com\/es\/wp-json\/wp\/v2\/types\/page"}],"author":[{"embeddable":true,"href":"https:\/\/yachtcharter-connection.com\/es\/wp-json\/wp\/v2\/users\/11"}],"replies":[{"embeddable":true,"href":"https:\/\/yachtcharter-connection.com\/es\/wp-json\/wp\/v2\/comments?post=414"}],"version-history":[{"count":1,"href":"https:\/\/yachtcharter-connection.com\/es\/wp-json\/wp\/v2\/pages\/414\/revisions"}],"predecessor-version":[{"id":12369,"href":"https:\/\/yachtcharter-connection.com\/es\/wp-json\/wp\/v2\/pages\/414\/revisions\/12369"}],"up":[{"embeddable":true,"href":"https:\/\/yachtcharter-connection.com\/es\/wp-json\/wp\/v2\/pages\/182"}],"wp:attachment":[{"href":"https:\/\/yachtcharter-connection.com\/es\/wp-json\/wp\/v2\/media?parent=414"}],"curies":[{"name":"wp","href":"https:\/\/api.w.org\/{rel}","templated":true}]}}