{"id":415,"date":"2011-03-14T05:08:23","date_gmt":"2011-03-14T05:08:23","guid":{"rendered":"http:\/\/yachtcharter-connection.com.w01e47c6.kasserver.com\/alquiler-barcos-austria\/"},"modified":"2017-07-11T02:45:22","modified_gmt":"2017-07-11T00:45:22","slug":"alquiler-barcos-austria","status":"publish","type":"page","link":"https:\/\/yachtcharter-connection.com\/es\/paises\/alquiler-barcos-austria\/","title":{"rendered":"Austria"},"content":{"rendered":"<h3>Alquiler de barcos Austria<\/h3>\n<p>\n<img loading=\"lazy\" class=\"content-image\"  height=\"204\" width=\"300\" src=\"https:\/\/yachtcharter-connection.com\/wp-content\/uploads\/converted_files\/23178\/23178-56222a75a62bc.jpg\" alt=\"Lago de Neusiedel - Austria\" \/>El pa\u00eds alpino ofrece varios regiones muy hermosas para navegantes. El lago Attersee es muy conocido para sus regatas con maravillosos barcos tradicionales de madera, el lago W\u00f6rthersee para eventos muy elegantes en verano. M\u00e1s relevante para navegar en ch\u00e1rter son el Lago Constanza y Lago Neusiedl, mientras que las bases de ch\u00e1rter al Lago Constanza est\u00e1n principalmente a la orilla alemana. <\/p>\n<p>El Lago Neusiedel, situada a la frontera de la puszta h\u00fangara, tiene su propio encanto verdadero &ndash; con amplia ca\u00f1a a las orillas, el agua caliente, el clima confiable continental con 300 d\u00edas soleadas por a\u00f1o: en verano, est\u00e1 bien posible para el lago para calentarse a 30 grados con 40 grados de temperatura atmosf\u00e9rica. Con una profundidad delgada de agua de 6 pies en la mayor\u00eda, los cruceros peque\u00f1os de orza son aconsejables para viajes.  <\/p>\n<p>Las ciudades con el encanto t\u00edpico del Burgenland esperan a los navegantes: Se puede disfrutar de la gente hospitalaria, d la gran cocina Pannoniana con influencias h\u00fangaras y regionales y de los platos de pescado deliciosos y del vino fant\u00e1stico del Burgenland.  <\/p>\n<p>Los yates de ch\u00e1rter se pueden encontrar en Rust y Weiden.<\/p>\n<table  class=\"RegionsAndSubregions\" cellspacing=\"0\" border=\"0\" style=\"border-collapse:collapse;\">\n<tbody>\n<tr>\n<td>\n<div class=\"SubregionRepeaterTitle\">\n<h2><a href=\"https:\/\/yachtcharter-connection.com\/alquiler-barcos-lago-di-neusiedel\"> Lago di Neusiedel <\/h2>\n<\/div>\n<div class=\"SmallLinks\">\n<ul>\n<li><a class=\"SmallLinks\" href=\"https:\/\/yachtcharter-connection.com\/rust-739\" title=\"\"> Rust <\/a><\/li>\n<li><a class=\"SmallLinks\" href=\"https:\/\/yachtcharter-connection.com\/weiden-719\" title=\"\"> Weiden <\/a><\/li>\n<\/ul>\n<\/div>\n<\/td>\n<\/tr>\n<\/tbody>\n<\/table>\n","protected":false},"excerpt":{"rendered":"<p>Alquiler de barcos Austria El pa\u00eds alpino ofrece varios regiones muy hermosas para navegantes. El lago Attersee es muy conocido para sus regatas con maravillosos barcos tradicionales de madera, el lago W\u00f6rthersee para eventos muy elegantes en verano. M\u00e1s relevante para navegar en ch\u00e1rter son el Lago Constanza y Lago<\/p>\n","protected":false},"author":11,"featured_media":0,"parent":182,"menu_order":0,"comment_status":"open","ping_status":"open","template":"","meta":[],"aioseo_notices":[],"_links":{"self":[{"href":"https:\/\/yachtcharter-connection.com\/es\/wp-json\/wp\/v2\/pages\/415"}],"collection":[{"href":"https:\/\/yachtcharter-connection.com\/es\/wp-json\/wp\/v2\/pages"}],"about":[{"href":"https:\/\/yachtcharter-connection.com\/es\/wp-json\/wp\/v2\/types\/page"}],"author":[{"embeddable":true,"href":"https:\/\/yachtcharter-connection.com\/es\/wp-json\/wp\/v2\/users\/11"}],"replies":[{"embeddable":true,"href":"https:\/\/yachtcharter-connection.com\/es\/wp-json\/wp\/v2\/comments?post=415"}],"version-history":[{"count":1,"href":"https:\/\/yachtcharter-connection.com\/es\/wp-json\/wp\/v2\/pages\/415\/revisions"}],"predecessor-version":[{"id":12373,"href":"https:\/\/yachtcharter-connection.com\/es\/wp-json\/wp\/v2\/pages\/415\/revisions\/12373"}],"up":[{"embeddable":true,"href":"https:\/\/yachtcharter-connection.com\/es\/wp-json\/wp\/v2\/pages\/182"}],"wp:attachment":[{"href":"https:\/\/yachtcharter-connection.com\/es\/wp-json\/wp\/v2\/media?parent=415"}],"curies":[{"name":"wp","href":"https:\/\/api.w.org\/{rel}","templated":true}]}}