{"id":416,"date":"2015-08-10T05:53:33","date_gmt":"2015-08-10T05:53:33","guid":{"rendered":"http:\/\/yachtcharter-connection.com.w01e47c6.kasserver.com\/alquiler-barcos-belgica\/"},"modified":"2017-07-11T03:01:12","modified_gmt":"2017-07-11T01:01:12","slug":"alquiler-barcos-belgica","status":"publish","type":"page","link":"https:\/\/yachtcharter-connection.com\/es\/paises\/alquiler-barcos-belgica\/","title":{"rendered":"B\u00e9lgica"},"content":{"rendered":"<h3>Alquiler de barcos B\u00e9lgica<\/h3>\n<p>\n<img loading=\"lazy\" class=\"content-image\"  width=\"300\" height=\"225\" src=\"https:\/\/yachtcharter-connection.com\/wp-content\/uploads\/converted_files\/23179\/23179-56222a771e7fd.jpg\" alt=\"Belgica_Flandes_Brugge\" \/>Las bases de Alquiler de barcos en B\u00e9lgica se sit\u00faan en Flandes del oeste, la \u00fanica provincia directamente situada al mar. <a href=\"~\/Alquiler_barcos_belgica\/zeebrugge.html\">Zeebrugge<\/a>, que est\u00e1 cercano a la ciudad hermosa de Brujas y localizada directamente al  mar, es un puerto moderno y juega un partes importante en la marina mercante. <a href=\"~\/Alquiler_barcos_belgica\/nieuwpoort.html\">Nieuwpoort<\/a> es un lugar tur\u00edstico a la playa , el centro tur\u00edstico m\u00e1s conocido, con puerto deportivo grande para m\u00e1s de 1000 yates. Para los tripuclaciones que viajen en ch\u00e1rter, la costa de B\u00e9lgica es un punto de partida para los viajes a <a href=\"~\/Alquiler_barcos_francia.html\">Francia<\/a>, <a href=\"~\/Alquiler_barcos_inglaterra.html\">Gran Breta\u00f1a<\/a>, <a href=\"~\/Alquiler_barcos_holanda.html\">Holanda<\/a> o a las islas de canal.<\/p>\n<p>Hay tambi\u00e9n bases de ch\u00e1rter al dentro del pais para navegar los lagos, los rios y los canales.<\/p>\n<p><strong>Yates de ch\u00e1rter en B\u00e9lgica<\/strong>: A lo largo de la costa belga, hay flotas de yates a vela con base de alquiler de barcos en Nieuwpoort y Zeebrugge. Preg\u00fantenos por ofertas.<\/p>\n<table  class=\"RegionsAndSubregions\" cellspacing=\"0\" border=\"0\" style=\"border-collapse:collapse;\">\n<tbody>\n<tr>\n<td>\n<div class=\"SubregionRepeaterTitle\">\n<h2><a href=\"https:\/\/yachtcharter-connection.com\/alquiler-barcos-belgium-flanders\"> Belgium \/ Flanders <\/h2>\n<\/div>\n<div class=\"SmallLinks\">\n<ul>\n<li><a class=\"SmallLinks\" href=\"https:\/\/yachtcharter-connection.com\/nieuwpoort-665\" title=\"\"> Nieuwpoort <\/a><\/li>\n<li><a class=\"SmallLinks\" href=\"https:\/\/yachtcharter-connection.com\/schelde-antwerpen-497\" title=\"\"> Schelde \/ Antwerpen <\/a><\/li>\n<\/ul>\n<\/div>\n<\/td>\n<td>\n<div class=\"SubregionRepeaterTitle\">\n<h2><a href=\"https:\/\/yachtcharter-connection.com\/alquiler-barcos-belgium-wallonia\"> Belgium \/ Wallonia <\/h2>\n<\/div>\n<div class=\"SmallLinks\">\n<ul>\n<li><a class=\"SmallLinks\" href=\"https:\/\/yachtcharter-connection.com\/namur-jambes-210\" title=\"\"> Namur\/Jambes <\/a><\/li>\n<\/ul>\n<\/div>\n<\/td>\n<\/tr>\n<tr>\n<td>\n<div class=\"SubregionRepeaterTitle\">\n<h2><a href=\"https:\/\/yachtcharter-connection.com\/alquiler-barcos-costa-belga\"> Costa Belga <\/h2>\n<\/div>\n<div class=\"SmallLinks\">\n<ul>\n<li><a class=\"SmallLinks\" href=\"https:\/\/yachtcharter-connection.com\/ostende-452\" title=\"\"> Ostende <\/a><\/li>\n<li><a class=\"SmallLinks\" href=\"https:\/\/yachtcharter-connection.com\/zeebrugge-156\" title=\"\"> Zeebrugge <\/a><\/li>\n<\/ul>\n<\/div>\n<\/td>\n<\/tr>\n<\/tbody>\n<\/table>\n","protected":false},"excerpt":{"rendered":"<p>Alquiler de barcos B\u00e9lgica Las bases de Alquiler de barcos en B\u00e9lgica se sit\u00faan en Flandes del oeste, la \u00fanica provincia directamente situada al mar. Zeebrugge, que est\u00e1 cercano a la ciudad hermosa de Brujas y localizada directamente al mar, es un puerto moderno y juega un partes importante en<\/p>\n","protected":false},"author":11,"featured_media":0,"parent":182,"menu_order":0,"comment_status":"open","ping_status":"open","template":"","meta":[],"aioseo_notices":[],"_links":{"self":[{"href":"https:\/\/yachtcharter-connection.com\/es\/wp-json\/wp\/v2\/pages\/416"}],"collection":[{"href":"https:\/\/yachtcharter-connection.com\/es\/wp-json\/wp\/v2\/pages"}],"about":[{"href":"https:\/\/yachtcharter-connection.com\/es\/wp-json\/wp\/v2\/types\/page"}],"author":[{"embeddable":true,"href":"https:\/\/yachtcharter-connection.com\/es\/wp-json\/wp\/v2\/users\/11"}],"replies":[{"embeddable":true,"href":"https:\/\/yachtcharter-connection.com\/es\/wp-json\/wp\/v2\/comments?post=416"}],"version-history":[{"count":1,"href":"https:\/\/yachtcharter-connection.com\/es\/wp-json\/wp\/v2\/pages\/416\/revisions"}],"predecessor-version":[{"id":12306,"href":"https:\/\/yachtcharter-connection.com\/es\/wp-json\/wp\/v2\/pages\/416\/revisions\/12306"}],"up":[{"embeddable":true,"href":"https:\/\/yachtcharter-connection.com\/es\/wp-json\/wp\/v2\/pages\/182"}],"wp:attachment":[{"href":"https:\/\/yachtcharter-connection.com\/es\/wp-json\/wp\/v2\/media?parent=416"}],"curies":[{"name":"wp","href":"https:\/\/api.w.org\/{rel}","templated":true}]}}