{"id":417,"date":"2015-08-10T05:53:33","date_gmt":"2015-08-10T05:53:33","guid":{"rendered":"http:\/\/yachtcharter-connection.com.w01e47c6.kasserver.com\/alquiler-barcos-bahamas\/"},"modified":"2018-11-29T18:23:51","modified_gmt":"2018-11-29T16:23:51","slug":"alquiler-barcos-bahamas","status":"publish","type":"page","link":"https:\/\/yachtcharter-connection.com\/es\/paises\/alquiler-barcos-bahamas\/","title":{"rendered":"Bahamas"},"content":{"rendered":"<h1><strong>Alquiler de barcos Bahamas<\/strong><\/h1>\n<p><a href=\"https:\/\/yachtcharter-connection.com\/wp-content\/uploads\/2015\/08\/Bahamas-Abacos.jpg\"><img loading=\"lazy\" class=\"alignleft size-full wp-image-25337\" src=\"https:\/\/yachtcharter-connection.com\/wp-content\/uploads\/2015\/08\/Bahamas-Abacos.jpg\" alt=\"Alquiler de barcos Bahamas\" width=\"423\" height=\"281\" srcset=\"https:\/\/yachtcharter-connection.com\/wp-content\/uploads\/2015\/08\/Bahamas-Abacos.jpg 423w, https:\/\/yachtcharter-connection.com\/wp-content\/uploads\/2015\/08\/Bahamas-Abacos-300x199.jpg 300w\" sizes=\"(max-width: 423px) 100vw, 423px\" \/><\/a><strong> Seguramente un poco brit\u00e1nicas, y sin duda bell\u00edsimas, el destino de alquiler de barcos de las Bahamas ofrece un \u00e1rea de navegaci\u00f3n \u00fanica entre el <a href=\"https:\/\/yachtcharter-connection.com\/es\/regiones\/caribe\/\" target=\"_blank\" rel=\"noopener\">Caribe<\/a> y el Atl\u00e1ntico muy atractiva casi todo el a\u00f1o.. Los dem\u00e1s barcos de alquiler hay en los Abacos, muchos yates de lujo y catamaranes con tripulaci\u00f3n viajan desde Nassau y navegan todos partes de las Bahamas incluyendo las fant\u00e1sticas islas Exumas.<\/strong><\/p>\n<p>En 600 millas n\u00e1uticas se diseminan m\u00e1s de 700 islas, de las cuales s\u00f3lo treinta est\u00e1n habitadas. Veintid\u00f3s parques naturales que protegen la tierra y el mar entre <a href=\"https:\/\/yachtcharter-connection.com\/es\/regiones\/eeuu-sudeste-florida-bahamas\/\">Florida<\/a> (al norte) y <a href=\"https:\/\/yachtcharter-connection.com\/es\/paises\/alquiler-barcos-cuba\/\">Cuba<\/a> (al sur). El elemento m\u00e1gico lo ponen m\u00e1s de 2.000 cayos y arrecifes de coral. Su nombre realmente procede del espa\u00f1ol \u201cbajamar\u201d, y es por este motivo precisamente que sus aguas son muy adecuadas para viajar en catamar\u00e1n. Los turistas de ch\u00e1rter de yates en Bahamas disfrutan mucho este hermoso mundo submarino.<\/p>\n<p>La isla con m\u00e1s habitantes es Nueva Providencia. Aqu\u00ed, en Nassau y en sus alrededores, residen unas 200.000 personas. La mayor isla es Andros, con unos 8.000 habitantes, y le sigue \u00c1baco, en el norte, que tiene sin embargo el doble de poblaci\u00f3n, despu\u00e9s, Gran Inagua, en el sur, y Gran Bahama en el norte del archipi\u00e9lago. La poblaci\u00f3n de las Bahamas vive esencialmente del turismo y es adem\u00e1s un centro financiero internacional. Otros sectores importantes son tambi\u00e9n el astillero y las salinas.<\/p>\n<h3><strong>Alquiler de yates Bahamas &#8211; los Abacos<\/strong><\/h3>\n<p>Es casi imposible recorrer el archipi\u00e9lago en un solo viaje en ch\u00e1rter. Los tripulaciones de alquiler de barcos en Bahamas apenas navegan todo el Archipi\u00e9lago de una sola vez. La mayor\u00eda de los bases de ch\u00e1rter de yates en Bahamas tienen su base de <a href=\"https:\/\/yachtcharter-connection.com\/es\/regiones\/eeuu-sudeste-florida-bahamas\/alquiler-barcos-bahamas-archipel\/great-abaco-marsh-harbour-931\/\">Marsh Harbour<\/a>, en Gran \u00c1baco, y los turistas de alquiler de barcos se adentran en el tranquilo Mar de \u00c1baco, con sus aguas protegidas por el cayo, que se extiende entre Gran \u00c1baco y Peque\u00f1o \u00c1baco. Los Abacos ofrecen una aera perfecta para unas vacaciones de alquiler de barcos en las Bahamas. Vientos alisios regulares, aguas claras y tranquilas, las \u00e1reas de snorkel, que ofrecen unas vistas estupendas, perfectas playas de arena blanca y peque\u00f1os pueblos con casas pintadas de colores son los ingredientes para un crucero de ch\u00e1rter en los Abacos de ensue\u00f1o.<\/p>\n<p>Las distancias entre las islas y los cayos de arena son cortas, encontramos una cala tras otra, en un lugar fascinante para practicar el buceo entre corales de todos los colores. Uno de los lugares m\u00e1s bellos para practicar este deporte es Marine Park, en Fowl Cay. Great Guana Cay, Gorda Cay, Green Turtle Cay, con su noble centro tur\u00edstico y un jard\u00edn de esculturas muy interesante, Elbow Cay (Cayo Codo), Man-o-War Cay, o la isla Mores Island tambi\u00e9n pueden ser lugares muy interesantes. Si lo que busca es el encanto de Nueva Inglaterra, tiene que pasarse por New Plymouth o Hope Town. El faro de Hope Town, de rayas rojas y blancas, a s\u00f3lo diez millas de Marsh Harbour es considerado un aut\u00e9ntico monumento.<\/p>\n<p>En las Bahamas tambi\u00e9n en invierno hace sol, pero de toda formas, hay quien considera que entre noviembre y febrero hace demasiado fr\u00edo para navegar, sobre todo si soplan frentes fr\u00edos procedentes del continente. La mejor \u00e9poca para Alquiler de barcos en las Bahamas desde luego es entre marzo y agosto, con un viento alisio constante. Despu\u00e9s empieza la temporada de huracanes, que dura hasta octubre o noviembre. Para llegar a las Bahamas, los dem\u00e1s de los turistas de alquiler de barcos en Bahamas viajan v\u00eda Miami.<\/p>\n<h2><strong>Barcos de alquiler Bahamas &#8211; Abacos:<\/strong><\/h2>\n<h4><strong>Hay importantes flotas de alquiler de veleros y catamaranes en las Bahamas que no se encuantran en nuestro Yachtfinder: por favor preg\u00fantenos por\u00a0 ofertas. Y, por supuesto, estaremos encantados de enviarle tambi\u00e9n ofertas para los yates de lujo con tripulaci\u00f3n m\u00e1s hermosos en esta \u00e1rea.<\/strong><\/h4>\n<h2>Yates de lujo de ch\u00e1rter y catamaranes Bahamas &#8211; Nassau, Exumas y m\u00e1s:<\/h2>\n<p><strong><a href=\"https:\/\/yachtcharter-connection.com\/wp-content\/uploads\/2015\/08\/Bahamas-luxury-yacht-charters.jpg\"><img loading=\"lazy\" class=\"alignleft size-full wp-image-25335\" src=\"https:\/\/yachtcharter-connection.com\/wp-content\/uploads\/2015\/08\/Bahamas-luxury-yacht-charters.jpg\" alt=\"Charter de yates Bahamas\" width=\"421\" height=\"285\" srcset=\"https:\/\/yachtcharter-connection.com\/wp-content\/uploads\/2015\/08\/Bahamas-luxury-yacht-charters.jpg 421w, https:\/\/yachtcharter-connection.com\/wp-content\/uploads\/2015\/08\/Bahamas-luxury-yacht-charters-300x203.jpg 300w\" sizes=\"(max-width: 421px) 100vw, 421px\" \/><\/a> Las Bahamas son una zona ideal para unas vacaciones a bordo de un yate de lujo de ch\u00e1rter, de un superyate o megayates o de un catamar\u00e1n de lujo. Aqu\u00ed puede leer m\u00e1s sobre el <a href=\"https:\/\/yachtcharter-connection.com\/es\/yates-de-lujo\/\" target=\"_blank\" rel=\"noopener\">ch\u00e1rter de yates de lujo<\/a>.\u00a0 Estaremos encantados de organizar sus vacaciones de alquiler de yates de lujo en las Bahamas. \u00a1Por favor, preguntenos por ofertas!<\/strong><\/p>\n<p><strong><a href=\"https:\/\/yachtcharter-connection.com\/es\/catamaranes-y-yates-a-vela-de-lujo-bahamas\/\">Catamaranes y Yates a Vela de Lujo Bahamas<\/a><\/strong><\/p>\n<p>&nbsp;<\/p>\n<table class=\"RegionsAndSubregions\" style=\"border-collapse: collapse;\" border=\"0\" cellspacing=\"0\">\n<tbody>\n<tr>\n<td>\n<div class=\"SubregionRepeaterTitle\">\n<h2><a href=\"https:\/\/yachtcharter-connection.com\/alquiler-barcos-bahamas-archipel\"> Bahamas Archipel <\/a><\/h2>\n<\/div>\n<div class=\"SmallLinks\">\n<ul>\n<li><a class=\"SmallLinks\" title=\"\" href=\"https:\/\/yachtcharter-connection.com\/great-abaco-marsh-harbour-931\"> Great Abaco \/ Marsh Harbour <\/a><\/li>\n<\/ul>\n<\/div>\n<\/td>\n<\/tr>\n<\/tbody>\n<\/table>\n","protected":false},"excerpt":{"rendered":"<p>Alquiler de barcos Bahamas Seguramente un poco brit\u00e1nicas, y sin duda bell\u00edsimas, el destino de alquiler de barcos de las Bahamas ofrece un \u00e1rea de navegaci\u00f3n \u00fanica entre el Caribe y el Atl\u00e1ntico muy atractiva casi todo el a\u00f1o.. Los dem\u00e1s barcos de alquiler hay en los Abacos, muchos yates<\/p>\n","protected":false},"author":11,"featured_media":0,"parent":182,"menu_order":0,"comment_status":"open","ping_status":"open","template":"","meta":[],"aioseo_notices":[],"_links":{"self":[{"href":"https:\/\/yachtcharter-connection.com\/es\/wp-json\/wp\/v2\/pages\/417"}],"collection":[{"href":"https:\/\/yachtcharter-connection.com\/es\/wp-json\/wp\/v2\/pages"}],"about":[{"href":"https:\/\/yachtcharter-connection.com\/es\/wp-json\/wp\/v2\/types\/page"}],"author":[{"embeddable":true,"href":"https:\/\/yachtcharter-connection.com\/es\/wp-json\/wp\/v2\/users\/11"}],"replies":[{"embeddable":true,"href":"https:\/\/yachtcharter-connection.com\/es\/wp-json\/wp\/v2\/comments?post=417"}],"version-history":[{"count":8,"href":"https:\/\/yachtcharter-connection.com\/es\/wp-json\/wp\/v2\/pages\/417\/revisions"}],"predecessor-version":[{"id":26937,"href":"https:\/\/yachtcharter-connection.com\/es\/wp-json\/wp\/v2\/pages\/417\/revisions\/26937"}],"up":[{"embeddable":true,"href":"https:\/\/yachtcharter-connection.com\/es\/wp-json\/wp\/v2\/pages\/182"}],"wp:attachment":[{"href":"https:\/\/yachtcharter-connection.com\/es\/wp-json\/wp\/v2\/media?parent=417"}],"curies":[{"name":"wp","href":"https:\/\/api.w.org\/{rel}","templated":true}]}}