{"id":418,"date":"2011-03-14T05:08:24","date_gmt":"2011-03-14T05:08:24","guid":{"rendered":"http:\/\/yachtcharter-connection.com.w01e47c6.kasserver.com\/alquiler-barcos-dinamarca\/"},"modified":"2016-10-29T19:00:04","modified_gmt":"2016-10-29T17:00:04","slug":"alquiler-barcos-dinamarca","status":"publish","type":"page","link":"https:\/\/yachtcharter-connection.com\/es\/paises\/alquiler-barcos-dinamarca\/","title":{"rendered":"Dinamarca"},"content":{"rendered":"<h3>Alquiler de barcos Dinamarca<\/h3>\n<p>\n<img loading=\"lazy\" class=\"content-image\"  width=\"300\" height=\"225\" src=\"https:\/\/yachtcharter-connection.com\/wp-content\/uploads\/converted_files\/23181\/23181-56222a871ac68.jpg\" alt=\"Dinamarca - Puerto de Copenhagen\" \/>Dinamarca es un destino de Alquiler de barcos mucho m\u00e1s solicitado de lo que puede parecer si tenemos en cuenta el n\u00famero de las bases de Alquiler de barcos de los yates ch\u00e1rter que se encuentran estacionados en este pa\u00eds. Tenemos  una base de Alquiler de barcos por ejemplo en <a href=\"~\/Alquiler_barcos_dinamarca\/aabenraa_denmark.html\">Abenr\u00e1<\/a>  (Aabenraa), en la regi\u00f3n de Nordsleswig, en el sur de la pen\u00ednsula de Jutlandia, a unos 30 kil\u00f3metros de la ciudad alemana de Flensburgo. Otra base de Alquiler de barcos est\u00e1 en el norte de Jutlandia, en Aalborg &#8211; y hay tambi\u00e9n yates de ch\u00e1rter en Skagen, la ciudad m\u00e1s norte del pa\u00eds, donde el M\u00e1r B\u00e1ltico y el M\u00e1r del Norte se encontrann. De hecho muchos navegantes toman su yate de ch\u00e1rter en <a href=\"~\/Alquiler_barcos_alemania.html\">Alemania<\/a>; en Flensburgo o en Kiel y desde all\u00ed navegan en direcci\u00f3n norte hacia las aguas del pa\u00eds vecino. En el turismo de Alquiler de barcos hay dos rutas cl\u00e1sicas en el mar dan\u00e9s que es parte del <a href=\"~\/mar_baltico.html\">Mar B\u00e1ltico:<\/a> la que circunda  la isla de Fionia (Fyn) y la que atraviesa la costa b\u00e1ltica por la zona del mar del sur de los daneses. <\/p>\n<p>En el \u00e1rea de Fionia, que abarca unas 200 millas, los navegantes que viajan en ch\u00e1rter descubren numerosas ciudades antiguas, nuevas marinas y un buen n\u00famero de lugares donde fondear.  Svendborg, Kerteminde con el puente del  Gran Belt, Samsoe, Middelfart y Sonderborg con un maravilloso casco antiguo. Se necesitan un par de  d\u00edas para rodear completamente la isla de Selandia (Sjaelland), m\u00e1s grande que la anterior. Pero tenemos una etapa que merece la pena: Copenhague, la capital de Dinamarca, que cuenta con muchas marinas modernas.  <\/p>\n<p>El recorrido por el sur es m\u00e1s c\u00f3modo y tiene etapas m\u00e1s peque\u00f1as. La zona est\u00e1 llena de peque\u00f1as islas con playas de fina arena y viejos pueblos pesqueros con mucho encanto. Lugares interesantes son por ejemplo Marstal en la isla Aeroe, donde se dise\u00f1an barcos de madera y se puede visitar el museo de la navegaci\u00f3n; pero tambi\u00e9n  Sonderborg, Fraborg que es un importante puerto pesquero y comercial, la id\u00edlica bah\u00eda de Alssund, Aeroskoebing y Langeland.<\/p>\n<p>No dude en contactarnos para una oferta de Alquiler de barcos en Dinamarca!<\/p>\n<p><\/p>\n<table  class=\"RegionsAndSubregions\" cellspacing=\"0\" border=\"0\" style=\"border-collapse:collapse;\">\n<tbody>\n<tr>\n<td>\n<div class=\"SubregionRepeaterTitle\">\n<h2><a href=\"https:\/\/yachtcharter-connection.com\/alquiler-barcos-baltico-del-sudoeste\"> B\u00e1ltico \/ del sudoeste <\/h2>\n<\/div>\n<div class=\"SmallLinks\">\n<ul>\n<li><a class=\"SmallLinks\" href=\"https:\/\/yachtcharter-connection.com\/aabenraa-denmark-823\" title=\"\"> Aabenraa Denmark <\/a><\/li>\n<\/ul>\n<\/div>\n<\/td>\n<td>\n<div class=\"SubregionRepeaterTitle\">\n<h2><a href=\"https:\/\/yachtcharter-connection.com\/alquiler-barcos-nordj%c3%bctland\"> Nordj\u00fctland <\/h2>\n<\/div>\n<div class=\"SmallLinks\">\n<ul>\n<li><a class=\"SmallLinks\" href=\"https:\/\/yachtcharter-connection.com\/aalborg-958\" title=\"\"> Aalborg <\/a><\/li>\n<\/ul>\n<\/div>\n<\/td>\n<\/tr>\n<tr>\n<td>\n<div class=\"SubregionRepeaterTitle\">\n<h2><a href=\"https:\/\/yachtcharter-connection.com\/alquiler-barcos-western-sweden-bohuslan\"> Western Sweden \/ Bohuslan <\/h2>\n<\/div>\n<div class=\"SmallLinks\">\n<ul>\n<li><a class=\"SmallLinks\" href=\"https:\/\/yachtcharter-connection.com\/skagen-294\" title=\"\"> Skagen <\/a><\/li>\n<\/ul>\n<\/div>\n<\/td>\n<\/tr>\n<\/tbody>\n<\/table>\n","protected":false},"excerpt":{"rendered":"<p>Alquiler de barcos Dinamarca Dinamarca es un destino de Alquiler de barcos mucho m\u00e1s solicitado de lo que puede parecer si tenemos en cuenta el n\u00famero de las bases de Alquiler de barcos de los yates ch\u00e1rter que se encuentran estacionados en este pa\u00eds. Tenemos una base de Alquiler de<\/p>\n","protected":false},"author":11,"featured_media":0,"parent":182,"menu_order":0,"comment_status":"open","ping_status":"open","template":"","meta":[],"aioseo_notices":[],"_links":{"self":[{"href":"https:\/\/yachtcharter-connection.com\/es\/wp-json\/wp\/v2\/pages\/418"}],"collection":[{"href":"https:\/\/yachtcharter-connection.com\/es\/wp-json\/wp\/v2\/pages"}],"about":[{"href":"https:\/\/yachtcharter-connection.com\/es\/wp-json\/wp\/v2\/types\/page"}],"author":[{"embeddable":true,"href":"https:\/\/yachtcharter-connection.com\/es\/wp-json\/wp\/v2\/users\/11"}],"replies":[{"embeddable":true,"href":"https:\/\/yachtcharter-connection.com\/es\/wp-json\/wp\/v2\/comments?post=418"}],"version-history":[{"count":1,"href":"https:\/\/yachtcharter-connection.com\/es\/wp-json\/wp\/v2\/pages\/418\/revisions"}],"predecessor-version":[{"id":12314,"href":"https:\/\/yachtcharter-connection.com\/es\/wp-json\/wp\/v2\/pages\/418\/revisions\/12314"}],"up":[{"embeddable":true,"href":"https:\/\/yachtcharter-connection.com\/es\/wp-json\/wp\/v2\/pages\/182"}],"wp:attachment":[{"href":"https:\/\/yachtcharter-connection.com\/es\/wp-json\/wp\/v2\/media?parent=418"}],"curies":[{"name":"wp","href":"https:\/\/api.w.org\/{rel}","templated":true}]}}