{"id":419,"date":"2011-03-14T05:08:24","date_gmt":"2011-03-14T03:08:24","guid":{"rendered":"http:\/\/yachtcharter-connection.com.w01e47c6.kasserver.com\/alquiler-barcos-inglaterra\/"},"modified":"2016-10-29T19:00:11","modified_gmt":"2016-10-29T17:00:11","slug":"alquiler-barcos-inglaterra","status":"publish","type":"page","link":"https:\/\/yachtcharter-connection.com\/es\/paises\/alquiler-barcos-inglaterra\/","title":{"rendered":"Inglaterra"},"content":{"rendered":"<h3>Alquiler de barcos Inglaterra \/ Gran Breta\u00f1a<\/h3>\n<p>\n<img loading=\"lazy\" class=\"content-image\"  height=\"200\" width=\"300\" src=\"https:\/\/yachtcharter-connection.com\/wp-content\/uploads\/converted_files\/23182\/23182-56222a8c8f38a.jpg\" alt=\"Inglaterra Cornwall\" \/>Con capitanes y bucaneros como  Sir Francis Drake o el almirante Nelson los brit\u00e1nicos han logrado conquistar muchas partes del mundo. Pero Gran Breta\u00f1a se conoce adem\u00e1s por ser la madre del deporte n\u00e1utico. El tercer emperador alem\u00e1n,  Guillermo II, ya navegaba a principios del siglo XX por esta zona con diferentes yates de carreras, a los que siempre llamaba &ldquo;Meteor&ldquo;, y compet\u00eda con la nobleza brit\u00e1nica en una \u00e9poca en la que el deporte n\u00e1utico y las regatas eran de lo m\u00e1s elitista. Y cuando nos encontramos en la isla de Wight en Cowes junto al gran ca\u00f1\u00f3n con el que el Royal Yacht Squadron sigue anunciando la salida de sus regatas, revivimos de nuevo la Historia.  En las regatas internacionales o cuando se intenta batir alg\u00fan r\u00e9cord el Reino Unido siempre anda a la cabeza. Pero como zona para navegar en yate ch\u00e1rter Gran Breta\u00f1a todav\u00eda juega un papel m\u00e1s bien secundario. Sin embargo la verdad es que  a los ingleses les encanta recibir visita. En muchos puertos peque\u00f1os disponen de boyas amarillas de amarre para los hu\u00e9spedes y en  los clubes n\u00e1uticos todo el mundo suele ser bienvenido. <\/p>\n<p>Solent es el \u00e1rea de navegaci\u00f3n preferida por los brit\u00e1nicos, seguida de la costa suroeste desde Cornualles (Cornwall)  hasta las preciosas Islas Sorlingas (Scilly), un lugar estupendo para navegar en verano. Hay que recordar que es importante saber moverse por zona de mareas para navegar en ch\u00e1rter por el Atl\u00e1ntico, en el Canal de la Mancha o el Mar Celta.  Es imprescindible conocer las tablas de mareas del Almirantazgo y planificar la ruta teniendo en cuenta la pleamar y la bajamar. <\/p>\n<p>Una base ch\u00e1rter importante es por ejemplo la de Port Solent, que es adem\u00e1s muy moderna. No lejos de  Port Solent encontramos  Beaulieu.  El &ldquo;Beaulieu Boat Jumble&ldquo;, en abril, tiene fama de ser el mercadillo n\u00e1utico m\u00e1s grande del mundo.  Se puede amarrar en el r\u00edo. Los puertos favoritos de los que practican la vela son Chichester Harbour, cerca de Plymouth, que est\u00e1 muy bien resguardado, y Lymington.  Las grandes marinas est\u00e1n en el sur y en el suroeste, en Southampton (Ocean Marina Village), Plymouth o Torquay en Devon. <\/p>\n<p>Devon y Cornualles cuentan con m\u00e1s de 350 kil\u00f3metros de l\u00ednea costera. Cornualles nos seduce por las islas Sorlingas, que est\u00e1n situadas enfrente, y por la belleza de sus paisajes. Cientos de playas, elegantes balnearios y antiguos pueblos pesqueros esperan ser descubiertos en sus alrededores.  En   Falmouth los pescadores de ostras operan en velero. Las Sorlingas son m\u00e1s de 50 islotes que, gracias a las corrientes del golfo, vienen a ser algo as\u00ed como el mar del sur ingl\u00e9s. R\u00e1fagas de flores en primavera y vegetaci\u00f3n en parte subtropical. En St. Mary&rsquo;s est\u00e1 bastante explotado el turismo, pero merece la pena ver el &ldquo;Abbey Gardens&ldquo; en la isla de Tresco.<\/p>\n<p>En la costa este tambi\u00e9n es posible ir pasando de isla en isla. Hasta las Islas del Canal. No hay que dejarse asustar por la amplitud de las mareas siempre que la diferencia no sea de m\u00e1s de doce metros.    Aunque el punto de partida para navegar por esta zona suele ser m\u00e1s bien la Breta\u00f1a Francesa ya que, aunque las islas pertenecen a Gran Breta\u00f1a, geogr\u00e1ficamente est\u00e1n m\u00e1s cerca de Francia. As\u00ed que en ellas se mezclan el encanto de lo franc\u00e9s con el de la vieja Inglaterra. Las m\u00e1s famosas de estas islas son Jersey y Guernsey. Otras como Alderney, Herm y Sark no son tan populares. Juntas comprenden 200 kil\u00f3metros cuadrados. En ellas habitan unas  140.000 personas que hablan ingl\u00e9s y franc\u00e9s. El clima es suave, la vegetaci\u00f3n subtropical. Los navegantes quedan fascinados con las calas, la amplitud de las playas de arena y el verdor que encuentran en Jersey, la isla m\u00e1s grande. A estos atractivos se une la vida nocturna y las pintorescas callejuelas de la animada ciudad de St. Helen. En  Guernsey es todo m\u00e1s tranquilo y el mayor atractivo para los navegantes suele ser el puerto de St. Peter.  Sark es un estado independiente; y hay que decir que cada isla emite su propia moneda que circula junto con la libra esterlina. <\/p>\n<p>Y para los que les gustan las aventuras m\u00e1s salvajes, siempre nos queda Escocia. All\u00ed ha habido incluso &ldquo;flotillas-whisky&rdquo; recorriendo las huellas de las famosas destiler\u00edas. En la regi\u00f3n de las Islas H\u00e9bridas podemos ir de isla en isla probando  whisky. Este archipi\u00e9lago est\u00e1 situado delante de la costa noroeste de Escocia. El ch\u00e1rter se puede tomar por ejemplo en la isla Skye.  Las islas Rum y  Mull, con la peque\u00f1a ciudad portuaria de  Tobermory, o Oban en el continente pueden ser nuestro destino. Pero tambi\u00e9n podemos navegar hasta las H\u00e9bridas Exteriores, como son Harras, Lewis, Barra o Uist.<\/p>\n<p>La costa sur de Gran Breta\u00f1a es tambi\u00e9n adecuada para navegar en familia; sin embargo la costa norte es mejor para tripulaciones m\u00e1s experimentadas. El nivel de los precios es relativamente alto, pero en comparaci\u00f3n con los viejos tiempos, cuando para los ingleses comer bien significaba verdurita a medio cocer y carne demasiado hecha, la oferta culinaria ha mejorado; es variada y en ocasiones podemos decir que incluso excelente. &iexcl;Ya cocinan bien hasta en algunos pubs peque\u00f1os! <\/p>\n<p>Inf\u00f3rmese sobre  nuestra oferta de ch\u00e1rteres para Gran Breta\u00f1a. <\/p>\n<p>\n<b>Parte meteorol\u00f3gico marino en la zona: <\/b><br \/>\nBBC Shipping Forecast, 243, 1062 kHz, 1.48, 06.20, 13.01, 18.54<br \/>\nHM Coastguard (guardacostas): canales 10,23, 73, 84, 96 &ndash; cada cuatro horas informaci\u00f3n en el canal 16.<br \/>\n<\/p>\n<table  class=\"RegionsAndSubregions\" cellspacing=\"0\" border=\"0\" style=\"border-collapse:collapse;\">\n<tbody>\n<tr>\n<td>\n<div class=\"SubregionRepeaterTitle\">\n<h2><a href=\"https:\/\/yachtcharter-connection.com\/alquiler-barcos-great-britain-highlands\"> Great Britain \/ Highlands <\/h2>\n<\/div>\n<div class=\"SmallLinks\">\n<ul>\n<li><a class=\"SmallLinks\" href=\"https:\/\/yachtcharter-connection.com\/laggan-756\" title=\"\"> Laggan <\/a><\/li>\n<\/ul>\n<\/div>\n<\/td>\n<td>\n<div class=\"SubregionRepeaterTitle\">\n<h2><a href=\"https:\/\/yachtcharter-connection.com\/alquiler-barcos-great-britain-norfolk\"> Great Britain \/ Norfolk <\/h2>\n<\/div>\n<div class=\"SmallLinks\">\n<ul>\n<li><a class=\"SmallLinks\" href=\"https:\/\/yachtcharter-connection.com\/wroxham-606\" title=\"\"> Wroxham <\/a><\/li>\n<\/ul>\n<\/div>\n<\/td>\n<\/tr>\n<tr>\n<td>\n<div class=\"SubregionRepeaterTitle\">\n<h2><a href=\"https:\/\/yachtcharter-connection.com\/alquiler-barcos-great-britain-themse\"> Great Britain \/ Themse <\/h2>\n<\/div>\n<div class=\"SmallLinks\">\n<ul>\n<li><a class=\"SmallLinks\" href=\"https:\/\/yachtcharter-connection.com\/benson-408\" title=\"\"> Benson <\/a><\/li>\n<\/ul>\n<\/div>\n<\/td>\n<\/tr>\n<\/tbody>\n<\/table>\n","protected":false},"excerpt":{"rendered":"<p>Alquiler de barcos Inglaterra \/ Gran Breta\u00f1a Con capitanes y bucaneros como Sir Francis Drake o el almirante Nelson los brit\u00e1nicos han logrado conquistar muchas partes del mundo. Pero Gran Breta\u00f1a se conoce adem\u00e1s por ser la madre del deporte n\u00e1utico. El tercer emperador alem\u00e1n, Guillermo II, ya navegaba a<\/p>\n","protected":false},"author":11,"featured_media":0,"parent":182,"menu_order":0,"comment_status":"open","ping_status":"closed","template":"","meta":[],"aioseo_notices":[],"_links":{"self":[{"href":"https:\/\/yachtcharter-connection.com\/es\/wp-json\/wp\/v2\/pages\/419"}],"collection":[{"href":"https:\/\/yachtcharter-connection.com\/es\/wp-json\/wp\/v2\/pages"}],"about":[{"href":"https:\/\/yachtcharter-connection.com\/es\/wp-json\/wp\/v2\/types\/page"}],"author":[{"embeddable":true,"href":"https:\/\/yachtcharter-connection.com\/es\/wp-json\/wp\/v2\/users\/11"}],"replies":[{"embeddable":true,"href":"https:\/\/yachtcharter-connection.com\/es\/wp-json\/wp\/v2\/comments?post=419"}],"version-history":[{"count":1,"href":"https:\/\/yachtcharter-connection.com\/es\/wp-json\/wp\/v2\/pages\/419\/revisions"}],"predecessor-version":[{"id":12320,"href":"https:\/\/yachtcharter-connection.com\/es\/wp-json\/wp\/v2\/pages\/419\/revisions\/12320"}],"up":[{"embeddable":true,"href":"https:\/\/yachtcharter-connection.com\/es\/wp-json\/wp\/v2\/pages\/182"}],"wp:attachment":[{"href":"https:\/\/yachtcharter-connection.com\/es\/wp-json\/wp\/v2\/media?parent=419"}],"curies":[{"name":"wp","href":"https:\/\/api.w.org\/{rel}","templated":true}]}}