{"id":420,"date":"2015-04-15T06:04:30","date_gmt":"2015-04-15T06:04:30","guid":{"rendered":"http:\/\/yachtcharter-connection.com.w01e47c6.kasserver.com\/alquiler-barcos-grenada\/"},"modified":"2017-07-11T04:17:42","modified_gmt":"2017-07-11T02:17:42","slug":"alquiler-barcos-grenada","status":"publish","type":"page","link":"https:\/\/yachtcharter-connection.com\/es\/paises\/alquiler-barcos-grenada\/","title":{"rendered":"Grenada"},"content":{"rendered":"<h3>Alquiler de barcos  Isla Granada \/ Grenada<\/h3>\n<p>\n<img loading=\"lazy\" class=\"content-image\"  height=\"244\" width=\"300\" alt=\"\" src=\"https:\/\/yachtcharter-connection.com\/wp-content\/uploads\/converted_files\/23183\/23183-56222a8dedfcf.jpg\" \/>Impresionantes cataratas, frondosa vegetaci\u00f3n, verdes y escarpadas monta\u00f1as volc\u00e1nicas, aromas ex\u00f3ticos, pueblos pintorescos y calas de ensue\u00f1o. Eso es Granada, tambi\u00e9n conocida en espa\u00f1ol con su nombre en ingl\u00e9s (Grenada) para evitar confusiones o con el sobrenombre de Isla de las Especias. Al estado de Granada, miembro de la Commonwealth brit\u00e1nica, adem\u00e1s de su capital St. George&rsquo;s pertenecen tambi\u00e9n la Peque\u00f1a Martinica, Carriacou y otras islas peque\u00f1as. <\/p>\n<p>A pesar de encontrarse casi  en zona de huracanes,  el lugar tiene una gran demanda para realizar rutas ch\u00e1rter. Ya las primeras empresas de ch\u00e1rter estacionaron aqu\u00ed algunos yates y siempre se est\u00e1n ampliando las marinas y construyendo otras nuevas que ofrecen el mayor confort. La primera edici\u00f3n de  la Grenada Classic Yacht Regatta se celebr\u00f3 en  febrero del 2008 y seguir\u00e1 celebr\u00e1ndose anualmente.  <\/p>\n<p>El turismo de Alquiler de barcos se concentran sobre todo en el suroeste y en el oeste de la isla de <a href=\"https:\/\/yachtcharter-connection.com\/wp-content\/uploads\/converted_files\/23183\/23183-56222a8f7cff3.jpg\">Grenada<\/a>. Puertos de entrada tenemos en la misma capital: la Spice Island Marina en Prickly Bay o la Grenada Marine en St. David&rsquo;s Bay. En Carriacou est\u00e1  Grenville y Hillsborough. Pero el centro donde se encuentran los yates deportivos es el St. George&rsquo;s Harbour. La ciudad tiene un delicioso aire colonial y es una de las m\u00e1s bellas del Caribe. El viejo barrio del puerto, el Carenage, nos encandila con sus peque\u00f1as casitas de colores pastel, sus construcciones de estilo colonial y la sede del parlamento, la York House. Muy pintorescos son tambi\u00e9n los mercados, sobre todo los de pescado y especias, donde podemos sentir el aroma de la nuez moscada, la canela o el clavo en el ambiente. Y por supuesto en los restaurantes del lugar ofrecen excelente comida criolla. St. George&rsquo;s es adem\u00e1s el mejor lugar para emprender recorridos para conocer la isla. <\/p>\n<p>Si queremos fondear podemos echar el ancla en la gran bah\u00eda de St. George&rsquo;s, especialmente en la laguna que se encuentra en el sur de \u00e9sta; en el Carenage est\u00e1 prohibido. Antes hab\u00eda menos alternativas, pero ahora existen marinas nuevas que ampl\u00edan la oferta para la navegaci\u00f3n ch\u00e1rter. Por ejemplo la marina del  Grenada Yacht Club, muy moderna, ofrece todos los servicios, incluso lavander\u00eda e Internet, y se encuentra directamente delante de la ciudad. En la marina Grenada Yacht Services, en el este del  Carenage, se encuentra la oficina de inmigraci\u00f3n. Junto a la laguna se ha creado el complejo vacacional   Port Louis Grenada donde encontramos hoteles, apartamentos y un nuevo puerto deportivo que ofrece amarres incluso para superyates de hasta 90 metros de eslora. <\/p>\n<p>En el suroeste de la capital se encuentra la playa para ba\u00f1istas m\u00e1s bonita de la isla, la  Grande Anse Bay. Pero est\u00e1 absolutamente prohibido anclar aqu\u00ed. En realidad en toda Granada est\u00e1 prohibido echar el ancla a menos de 200 metros de la orilla.  Despu\u00e9s de rodear el  Saline Point, el extremo suroeste de la isla y lugar en el que se encuentra el aeropuerto, encontramos una serie de calas hermos\u00edsimas. En ocasiones existen delante de ellas islotes o arrecifes; pero esto no dificulta la navegaci\u00f3n ya que est\u00e1n se\u00f1alizadas con balizas.  En la  True Blue Bay hay una marina con base ch\u00e1rter, un complejo hotelero y un restaurante. Aqu\u00ed encontramos boyas de amarre y podemos disfrutar de unas puestas de sol perfectas.  En la Prickly Bay, tambi\u00e9n llamada Lance aux Epines, y en la vecina  Mt. Hartmann Bay\/ Secret Harbour existen ya tres puertos para yates: Spice Island Marina, Prickly Bay Marina y Martin&rsquo;s Marina, que disponen de muchos amarres y de boyas de amarre.  El ambiente es fant\u00e1stico. Y detr\u00e1s de Hog Island, en la bah\u00eda de Clarkes Court Bay, nos espera la marina del mismo nombre que, por supuesto, cuenta con un Dockside Bar. En la  Egmont Bay est\u00e1 el  Le Phare Bleu, un complejo hotelero con marina propia creado por una empresa suiza.  Y por \u00faltimo, aunque no por ello menos importante, en el Sureste, en la Grenada Marine de la St. David&rsquo;s Bay, los que viajamos en yate podemos encontrar todo lo necesario tanto para el barco como para nosotros mismos; desde un buen amarre hasta un buen restaurante o un cibercaf\u00e9. <\/p>\n<p><b>Carriacou &ndash; Peque\u00f1a Martinica<\/b><\/p>\n<p>A los que navegan desde Granada hasta Carriacou les suele gustar hacer una parada y fondear en el Halifax Harbour, una gran cala situada en el oeste de Granada, con palmeras y \u00e1rboles que llegan hasta la misma orilla. Pero tambi\u00e9n hay otros lugares muy bonitos para fondear delante de Saline Island y de la Ile de Ronde. \u00c9stas y otras muchas islas pueblan la ruta que se extiende entre Granada y  Carriacou. <\/p>\n<p>Carriacou mantiene el nombre que le daban los ind\u00edgenas arahuacos y caribes: la tierra rodeada de arrecifes. De hecho los encontramos a lo largo de toda la costa este y en todo el sur de la isla. En la costa oeste encontramos m\u00e1s que nada playas de ensue\u00f1o. La isla tiene unos 6.000 habitantes que siempre han vivido esencialmente de lo que les otorgaba el mar y la madre tierra. Antes hab\u00eda grandes plantaciones de algod\u00f3n y ca\u00f1a de az\u00facar en Carricou; pero ahora se est\u00e1 explotando cada vez m\u00e1s el turismo n\u00e1utico. En el peque\u00f1o municipio de Windward todav\u00eda se construyen veleros siguiendo el m\u00e9todo tradicional heredado de colonos escoceses.  Y en verano podemos ver estas embarcaciones en acci\u00f3n en la Carriacou Regatta, una aut\u00e9ntica fiesta. La capital de la isla es Hillsborough, tambi\u00e9n el \u00fanico lugar en Carriacou donde podemos formalizar la entrada. Podemos amarrar el dinghy en el muelle. Frente a la bah\u00eda de Hillsborough se encuentra la isla de Sandy, un lugar id\u00edlico para fondear durante el  d\u00eda. Palmeras en una playa de cuento, aguas transparentes y un arrecife estupendo para bucear con esn\u00f3rquel. Por la noche se est\u00e1 mejor en la Tyrrell Bay, en el suroeste de la isla, donde encontramos dos puertos deportivos. Y en el norte hay una laguna con manglares, la Carenage, que es adem\u00e1s zona natural protegida. A la regi\u00f3n exterior s\u00f3lo est\u00e1 permitido el acceso en caso de  peligro de hurac\u00e1n. Otro puerto adecuado para amarrar el yate ch\u00e1rter es en Carriacou el Yacht Club de Hermitage. <\/p>\n<p>La Peque\u00f1a Martinica supone el l\u00edmite entre San Vicente y Las Granadinas, y tiene una larga tradici\u00f3n marina. Sus habitantes viven primordialmente de la pesca, los astilleros y los servicios n\u00e1uticos. Adem\u00e1s se ofrecen como tripulaci\u00f3n. Para los yates hay una peque\u00f1a marina que cuenta con todas las instalaciones necesarias. <\/p>\n<table  class=\"RegionsAndSubregions\" cellspacing=\"0\" border=\"0\" style=\"border-collapse:collapse;\">\n<tbody>\n<tr>\n<td>\n<div class=\"SubregionRepeaterTitle\">\n<h2><a href=\"https:\/\/yachtcharter-connection.com\/alquiler-barcos-leewards-y-windwards\"> Leewards y Windwards <\/h2>\n<\/div>\n<div class=\"SmallLinks\">\n<ul>\n<li><a class=\"SmallLinks\" href=\"https:\/\/yachtcharter-connection.com\/bequia-616\" title=\"\"> Bequia <\/a><\/li>\n<li><a class=\"SmallLinks\" href=\"https:\/\/yachtcharter-connection.com\/grenada-st-george-675\" title=\"\"> Grenada \/ St. George <\/a><\/li>\n<\/ul>\n<\/div>\n<\/td>\n<\/tr>\n<\/tbody>\n<\/table>\n","protected":false},"excerpt":{"rendered":"<p>Alquiler de barcos Isla Granada \/ Grenada Impresionantes cataratas, frondosa vegetaci\u00f3n, verdes y escarpadas monta\u00f1as volc\u00e1nicas, aromas ex\u00f3ticos, pueblos pintorescos y calas de ensue\u00f1o. Eso es Granada, tambi\u00e9n conocida en espa\u00f1ol con su nombre en ingl\u00e9s (Grenada) para evitar confusiones o con el sobrenombre de Isla de las Especias. Al<\/p>\n","protected":false},"author":11,"featured_media":0,"parent":182,"menu_order":0,"comment_status":"open","ping_status":"open","template":"","meta":[],"aioseo_notices":[],"_links":{"self":[{"href":"https:\/\/yachtcharter-connection.com\/es\/wp-json\/wp\/v2\/pages\/420"}],"collection":[{"href":"https:\/\/yachtcharter-connection.com\/es\/wp-json\/wp\/v2\/pages"}],"about":[{"href":"https:\/\/yachtcharter-connection.com\/es\/wp-json\/wp\/v2\/types\/page"}],"author":[{"embeddable":true,"href":"https:\/\/yachtcharter-connection.com\/es\/wp-json\/wp\/v2\/users\/11"}],"replies":[{"embeddable":true,"href":"https:\/\/yachtcharter-connection.com\/es\/wp-json\/wp\/v2\/comments?post=420"}],"version-history":[{"count":1,"href":"https:\/\/yachtcharter-connection.com\/es\/wp-json\/wp\/v2\/pages\/420\/revisions"}],"predecessor-version":[{"id":12329,"href":"https:\/\/yachtcharter-connection.com\/es\/wp-json\/wp\/v2\/pages\/420\/revisions\/12329"}],"up":[{"embeddable":true,"href":"https:\/\/yachtcharter-connection.com\/es\/wp-json\/wp\/v2\/pages\/182"}],"wp:attachment":[{"href":"https:\/\/yachtcharter-connection.com\/es\/wp-json\/wp\/v2\/media?parent=420"}],"curies":[{"name":"wp","href":"https:\/\/api.w.org\/{rel}","templated":true}]}}