{"id":421,"date":"2015-08-10T05:53:33","date_gmt":"2015-08-10T05:53:33","guid":{"rendered":"http:\/\/yachtcharter-connection.com.w01e47c6.kasserver.com\/alquiler-barcos-guadalupe\/"},"modified":"2017-07-11T03:51:20","modified_gmt":"2017-07-11T01:51:20","slug":"alquiler-barcos-guadalupe","status":"publish","type":"page","link":"https:\/\/yachtcharter-connection.com\/es\/paises\/alquiler-barcos-guadalupe\/","title":{"rendered":"Guadalupe"},"content":{"rendered":"<h3>{#keword#} Guadelupe<\/h3>\n<p>\n<img loading=\"lazy\" class=\"content-image\"  height=\"200\" width=\"300\" alt=\"\" src=\"https:\/\/yachtcharter-connection.com\/wp-content\/uploads\/converted_files\/23184\/23184-56222a90a1024.jpg\" \/>A vista de p\u00e1jaro, o simplemente mirando su silueta en el mapa, Guadalupe nos recuerda a una mariposa. Basse Terre es el nombre de lo que ser\u00eda el ala oeste, la parte monta\u00f1osa de la isla, con su costa escarpada de origen volc\u00e1nico. Grande Terre es una planicie con suelo calc\u00e1reo y coral\u00edfero, bellas costas con palmeras y enormes plantaciones de ca\u00f1a de az\u00facar. La Rivi\u00e8re Sal\u00e9e divide la isla en dos mitades y,  con prudencia, podemos  navegar por ella en nuestro yate ch\u00e1rter.  Antes de que Col\u00f3n bautizara la isla con el nombre que todav\u00eda la distingue, los ind\u00edgenas la llamaban Karukera, la isla de las bellas aguas. Y desde luego el apelativo sigue caracterizando hoy en d\u00eda a este Departamento Franc\u00e9s de Ultramar: costas con tonalidades que van del azul oscuro al verde turquesa y muchos r\u00edos, estanques y cascadas en el interior. <\/p>\n<p>Podemos tomar el yate ch\u00e1rter directamente en Guadalupe, aunque hay quien prefiere venir desde el Norte, desde  Antigua, o alquilar su embarcaci\u00f3n en el Sur, en la Martinica. En Guadalupe lo m\u00e1s habitual es tomar la embarcaci\u00f3n en la  Marina du Bas-du-Fort de <a href=\"~\/Alquiler_barcos_guadalupe\/guadeloupe_point_a_pitre.html\">Point-\u00e0-Pitre<\/a>, un puerto deportivo relativamente nuevo y perfectamente equipado para Alquiler de barcos.  Y ya poco despu\u00e9s de salir de puerto podemos fondear en el lago azul, le lagon bleu. Un par de millas despu\u00e9s en direcci\u00f3n sureste encontramos en la bah\u00eda de Le Goisier, detr\u00e1s de la isla del mismo nombre, una zona que los franceses han bautizado como Riviera de las Antillas Francesas, debido a sus hermosas playas. Es un lugar bien resguardado al abrigo de los arrecifes que se adecua muy bien para fondear durante el d\u00eda. Si continuamos en direcci\u00f3n este podemos visitar la Marina du St. Fran\u00e7ois que tiene numerosas boutiques, restaurantes y muchas posibilidades de comprar cualquier cosa que necesitemos a bordo.  <\/p>\n<p>Ante la costa sureste de la  isla, directamente al sur de Point-\u00e0-Pitre, se encuentran arrecifes de coral, pero lugares seguros para fondear no hay; es m\u00e1s recomendable darse un salto hasta las Islas de   los Santos.  De la costa oeste podemos decir que ofrece dos bah\u00edas bonitas y seguras. Caribe franc\u00e9s en estado puro encontramos en la Anse Deshaies; los navegantes que vienen desde Antigua suelen hacer aqu\u00ed su primera parada. Es un lugar de palmeras, un hermoso pueblecito con su iglesia, peque\u00f1as tiendas en las que venden  baguettes reci\u00e9n hechas y pescado fresco, buenos restaurantes y un muelle para dinghys que est\u00e1 muy bien. Partiendo de aqu\u00ed podemos emprender un paseo siguiendo el cauce del r\u00edo por la selva h\u00fameda tropical, donde disfrutaremos de cascadas que se re\u00fanen formando aut\u00e9nticas piscinas de agua dulce. Un poco m\u00e1s al sur se encuentra  la  Anse \u00e0 la Barque, y aqu\u00ed tambi\u00e9n encontramos alg\u00fan que otro lugar para echar el ancla. La capital de Guadalupe, Basse Terre, tiene dos puertos, pero est\u00e1n m\u00e1s bien pensados para ferris y cargueros y no tienen mucho encanto para amarrar el yate. S\u00ed encontramos una marina a dos millas escasas en direcci\u00f3n sureste: la Port de Rivi\u00e8re Sens, que adem\u00e1s tiene algunos buenos restaurantes.<\/p>\n<h4>\nOtras islas alrededor de Guadalupe: Islas de los Santos, Mar\u00eda Galante, Dominica<\/h4>\n<p>\nEl peque\u00f1o grupo de cinco islas de las Islas de los Santos (Iles des Saintes) es una aut\u00e9ntica joya caribe\u00f1a. Sobre todo la  Terre d&rsquo;en Haut, una de las dos islas m\u00e1s importantes, nos seduce con unas playas y unos rincones encantadores en los que se puede fondear. Un lugar especialmente pintoresco es el Bourg des Saintes en la  Anse du Bourg, muy solicitado por navegantes de todo el mundo y uno de los lugares m\u00e1s apreciados por los que practican la vela en Guadalupe. Los habitantes de la zona descienden de franceses normandos y eso se puede apreciar en su gusto por la buena mesa y la oferta culinaria que encontramos. Merece la pena darse un paseo por el antiguo Fort Napol\u00e9on. Si continuamos hacia el suroeste encontramos la  Anse \u00e0 Cointe, una pintoresca playa con un bosquecillo de palmeras. Se puede fondear en la peque\u00f1a Ilet de Cabrix situada justo delante. <\/p>\n<p>Molinos de viento y campos de ca\u00f1a de az\u00facar pueblan la imagen de la planicie que es la isla Mar\u00eda Galante. Podemos fondear delante de  Saint Louis y Grand Bourg. Para comprar alimentos en  Saint Louis hay un mont\u00f3n de tiendas peque\u00f1as.<\/p>\n<p>Manantiales de aguas sulfurosas, cascadas, arroyos y r\u00edos, altas monta\u00f1as y profundos desfiladeros, selva impenetrable, frondosa vegetaci\u00f3n compuesta de ficus, caoba, helechos, cedros, entre los que habitan papagayos y otros animales aut\u00f3ctonos. Eso es Dominica, un estado independiente miembro de la Commonwealth, un lugar virgen todav\u00eda, inexplorado, y una de las regiones m\u00e1s lluviosas del planeta. En una reserva vive todav\u00eda una tribu caribe\u00f1a y, aparte de algunas plantaciones de frutales, sus habitantes pr\u00e1cticamente no tienen fuentes de ingresos. Pero el turismo individual ha crecido mucho en los \u00faltimos a\u00f1os: la isla se ha convertido en un lugar muy apreciado por los aficionados al buceo y aqu\u00ed se han rodado algunas secuencias de &ldquo;Piratas del Caribe&ldquo;. El lugar m\u00e1s seguro para fondear en la isla es la bah\u00eda Prince Rupert Bay con el municipio de  Portsmouth en el noroeste de  Dominica. Este lugar es el puerto de entrada de las embarcaciones que vienen desde el norte y aqu\u00ed podemos hacer algunas compras en las peque\u00f1as tiendecitas de estilo caribe\u00f1o, instaladas en chozas de madera.  Hay comerciantes ambulantes que ofrecen recorridos por la isla o traves\u00edas en barco por el r\u00edo Indian.  Y si queremos disfrutar de una vista bonita tenemos que visitar el  Fort Shirliey en el Prince Rupert Point. Para fondear tenemos la Anse de Mai o la capital, la bell\u00edsima ciudad de Roseau. Marinas todav\u00eda no hay en Dominica, pero en los puntos en los que se puede fondear encontramos algunas boyas de amarre  y a veces tambi\u00e9n servicio de taxi acu\u00e1tico. <\/p>\n<h3>Alquiler de barcos St. Martin &#8211; St. Marten &#8211; San Mart\u00edn<\/h3>\n<p>\nLa zona francesa de la isla <a href=\"~\/Alquiler_barcos_netherlands_antilles.html\">St. Martin<\/a> pertenece al d\u00e9partamento franc\u00e9s de Guadelupe. La otra zona es parte de las <a href=\"~\/Alquiler_barcos_netherlands_antilles.html\">Islas Antillas holandeses<\/a>. Hay algunas bases de Alquiler de barcos con flotas grandes en San Mart\u00edn, en la bah\u00eda de <a href=\"~\/Alquiler_barcos_guadalupe\/st_martin_anse_marcel.html\">Anse Marcel<\/a>, en <a href=\"~\/Alquiler_barcos_guadalupe\/st_martin_marigot.html\">Marigot<\/a> y en <a href=\"~\/Alquiler_barcos_netherlands_antilles\/st_martin_oyster_pond.html\">Oyster Pond<\/a>.<br type=\"_moz\" \/><br \/>\n<\/p>\n<table  class=\"RegionsAndSubregions\" cellspacing=\"0\" border=\"0\" style=\"border-collapse:collapse;\">\n<tbody>\n<tr>\n<td>\n<div class=\"SubregionRepeaterTitle\">\n<h2><a href=\"https:\/\/yachtcharter-connection.com\/alquiler-barcos-leewards-y-windwards\"> Leewards y Windwards <\/h2>\n<\/div>\n<div class=\"SmallLinks\">\n<ul>\n<li><a class=\"SmallLinks\" href=\"https:\/\/yachtcharter-connection.com\/guadeloupe-point-a-pitre-439\" title=\"\"> Guadeloupe \/ Point-a-Pitre <\/a><\/li>\n<li><a class=\"SmallLinks\" href=\"https:\/\/yachtcharter-connection.com\/st-martin-anse-marcel-542\" title=\"\"> St. Martin \/ Anse Marcel <\/a><\/li>\n<li><a class=\"SmallLinks\" href=\"https:\/\/yachtcharter-connection.com\/st-martin-marigot-286\" title=\"\"> St. Martin \/ Marigot <\/a><\/li>\n<\/ul>\n<\/div>\n<\/td>\n<\/tr>\n<\/tbody>\n<\/table>\n","protected":false},"excerpt":{"rendered":"<p>{#keword#} Guadelupe A vista de p\u00e1jaro, o simplemente mirando su silueta en el mapa, Guadalupe nos recuerda a una mariposa. Basse Terre es el nombre de lo que ser\u00eda el ala oeste, la parte monta\u00f1osa de la isla, con su costa escarpada de origen volc\u00e1nico. Grande Terre es una planicie<\/p>\n","protected":false},"author":11,"featured_media":0,"parent":182,"menu_order":0,"comment_status":"open","ping_status":"open","template":"","meta":[],"aioseo_notices":[],"_links":{"self":[{"href":"https:\/\/yachtcharter-connection.com\/es\/wp-json\/wp\/v2\/pages\/421"}],"collection":[{"href":"https:\/\/yachtcharter-connection.com\/es\/wp-json\/wp\/v2\/pages"}],"about":[{"href":"https:\/\/yachtcharter-connection.com\/es\/wp-json\/wp\/v2\/types\/page"}],"author":[{"embeddable":true,"href":"https:\/\/yachtcharter-connection.com\/es\/wp-json\/wp\/v2\/users\/11"}],"replies":[{"embeddable":true,"href":"https:\/\/yachtcharter-connection.com\/es\/wp-json\/wp\/v2\/comments?post=421"}],"version-history":[{"count":1,"href":"https:\/\/yachtcharter-connection.com\/es\/wp-json\/wp\/v2\/pages\/421\/revisions"}],"predecessor-version":[{"id":12333,"href":"https:\/\/yachtcharter-connection.com\/es\/wp-json\/wp\/v2\/pages\/421\/revisions\/12333"}],"up":[{"embeddable":true,"href":"https:\/\/yachtcharter-connection.com\/es\/wp-json\/wp\/v2\/pages\/182"}],"wp:attachment":[{"href":"https:\/\/yachtcharter-connection.com\/es\/wp-json\/wp\/v2\/media?parent=421"}],"curies":[{"name":"wp","href":"https:\/\/api.w.org\/{rel}","templated":true}]}}