{"id":422,"date":"2015-08-10T05:53:33","date_gmt":"2015-08-10T05:53:33","guid":{"rendered":"http:\/\/yachtcharter-connection.com.w01e47c6.kasserver.com\/alquiler-barcos-hungria\/"},"modified":"2017-07-11T04:39:06","modified_gmt":"2017-07-11T02:39:06","slug":"alquiler-barcos-hungria","status":"publish","type":"page","link":"https:\/\/yachtcharter-connection.com\/es\/paises\/alquiler-barcos-hungria\/","title":{"rendered":"Hungr\u00eda"},"content":{"rendered":"<h3>Alquiler de barcos Hungr\u00eda &#8211; Balaton<\/h3>\n<p>\n<img loading=\"lazy\" class=\"content-image\"  width=\"300\" height=\"200\" src=\"https:\/\/yachtcharter-connection.com\/wp-content\/uploads\/converted_files\/23185\/23185-56222a98f40dd.jpg\" alt=\"Alquiler barcos Balaton - Hungria\" \/>El Lago <a href=\"~\/aguas_interiores\/Alquiler_barcos_balaton.html\">Balaton<\/a> es la regi\u00f3n  m\u00e1s interesante de Hungr\u00eda para navegar. Con una superficie de casi 600 kil\u00f3metros cuadrados \u00e9l es el lago m\u00e1s grande de Europa Central y Europa Occidental, muy plana con una profundidad m\u00e1xima de brevemente m\u00e1s de 12 metros, con  veranos calientes  gracias al clima continental. La regi\u00f3n alrededor del Balaton es conocida para infrastrucura excelente tur\u00edstico &#8211; y famosa de vin\u00edcola y la destiler\u00eda<br \/>\n<\/p>\n<table  class=\"RegionsAndSubregions\" cellspacing=\"0\" border=\"0\" style=\"border-collapse:collapse;\">\n<tbody>\n<tr>\n<td>\n<div class=\"SubregionRepeaterTitle\">\n<h2><a href=\"https:\/\/yachtcharter-connection.com\/alquiler-barcos-balaton\"> Balaton <\/h2>\n<\/div>\n<div class=\"SmallLinks\">\n<ul>\n<li><a class=\"SmallLinks\" href=\"https:\/\/yachtcharter-connection.com\/balatonkenese-915\" title=\"\"> Balatonkenese <\/a><\/li>\n<\/ul>\n<\/div>\n<\/td>\n<\/tr>\n<\/tbody>\n<\/table>\n","protected":false},"excerpt":{"rendered":"<p>Alquiler de barcos Hungr\u00eda &#8211; Balaton El Lago Balaton es la regi\u00f3n m\u00e1s interesante de Hungr\u00eda para navegar. Con una superficie de casi 600 kil\u00f3metros cuadrados \u00e9l es el lago m\u00e1s grande de Europa Central y Europa Occidental, muy plana con una profundidad m\u00e1xima de brevemente m\u00e1s de 12 metros,<\/p>\n","protected":false},"author":11,"featured_media":0,"parent":182,"menu_order":0,"comment_status":"open","ping_status":"open","template":"","meta":[],"aioseo_notices":[],"_links":{"self":[{"href":"https:\/\/yachtcharter-connection.com\/es\/wp-json\/wp\/v2\/pages\/422"}],"collection":[{"href":"https:\/\/yachtcharter-connection.com\/es\/wp-json\/wp\/v2\/pages"}],"about":[{"href":"https:\/\/yachtcharter-connection.com\/es\/wp-json\/wp\/v2\/types\/page"}],"author":[{"embeddable":true,"href":"https:\/\/yachtcharter-connection.com\/es\/wp-json\/wp\/v2\/users\/11"}],"replies":[{"embeddable":true,"href":"https:\/\/yachtcharter-connection.com\/es\/wp-json\/wp\/v2\/comments?post=422"}],"version-history":[{"count":1,"href":"https:\/\/yachtcharter-connection.com\/es\/wp-json\/wp\/v2\/pages\/422\/revisions"}],"predecessor-version":[{"id":12403,"href":"https:\/\/yachtcharter-connection.com\/es\/wp-json\/wp\/v2\/pages\/422\/revisions\/12403"}],"up":[{"embeddable":true,"href":"https:\/\/yachtcharter-connection.com\/es\/wp-json\/wp\/v2\/pages\/182"}],"wp:attachment":[{"href":"https:\/\/yachtcharter-connection.com\/es\/wp-json\/wp\/v2\/media?parent=422"}],"curies":[{"name":"wp","href":"https:\/\/api.w.org\/{rel}","templated":true}]}}